{"id":68305202,"date":"2024-08-06T12:40:26","date_gmt":"2024-08-06T10:40:26","guid":{"rendered":"https:\/\/kraftwerk-shop.cc\/?post_type=product&#038;p=68305202"},"modified":"2026-02-15T01:11:42","modified_gmt":"2026-02-15T00:11:42","slug":"magnaflow-19345-ford-mustang-v6-ecoboost-2","status":"publish","type":"product","link":"https:\/\/kraftwerk-shop.cc\/es\/produkt\/magnaflow-19345-ford-mustang-v6-ecoboost-2\/","title":{"rendered":"Eje trasero MagnaFlow Race Series Ford Mustang V6 3.7 \/ 2.3 EcoBoost"},"content":{"rendered":"<h1>Eje trasero MagnaFlow Race Series Ford Mustang V6 3.7 \/ 2.3 EcoBoost<\/h1>\n<p>&nbsp;<\/p>\n<p>Experimente el m\u00e1ximo rendimiento y un sonido potente con el sistema de escape de alto rendimiento MagnaFlow Race Series Axle-Back, dise\u00f1ado espec\u00edficamente para el Ford Mustang. Este sistema de escape de alto rendimiento es ideal para los entusiastas Mustang que buscan el m\u00e1ximo rendimiento y una nota de escape agresivo.<\/p>\n<p>&nbsp;<\/p>\n<p><strong>Propiedades:<\/strong><\/p>\n<ul>\n<li><strong>Materiales de alta calidad:<\/strong> Fabricado en robusto acero inoxidable para una m\u00e1xima durabilidad y resistencia a la corrosi\u00f3n.<\/li>\n<li><strong>Sonido agresivo:<\/strong> El sistema de escape Race Series ofrece un sonido profundo y rico que hace que su presencia sea inconfundible en la carretera y en el circuito.<\/li>\n<li><strong>Mayor rendimiento:<\/strong> Optimizado para aumentar el flujo de gases de escape, lo que se traduce en un mayor rendimiento y eficiencia del motor.<\/li>\n<li><strong>Instalaci\u00f3n sencilla:<\/strong> El dise\u00f1o Axle-Back permite un montaje sencillo, adecuado para los puntos de suspensi\u00f3n est\u00e1ndar del Ford Mustang.<\/li>\n<li><strong>Dise\u00f1o deportivo:<\/strong> Los tubos de escape pulidos con el logotipo MagnaFlow grabado dan a su Mustang un toque deportivo y elegante.<\/li>\n<\/ul>\n<p>&nbsp;<\/p>\n<p><strong>Datos t\u00e9cnicos:<\/strong><\/p>\n<ul>\n<li>Material: Acero inoxidable<\/li>\n<li>Acabado: Pulido<\/li>\n<li>Tipo de instalaci\u00f3n: Axle-Back<\/li>\n<li>Nivel sonoro: Agresivo<\/li>\n<\/ul>\n<p>&nbsp;<\/p>\n<p>Libere todo el potencial de su Ford Mustang con el sistema de escape de alto rendimiento MagnaFlow Race Series Axle-Back. Haga una declaraci\u00f3n en t\u00e9rminos de rendimiento y sonido y disfrute de la experiencia de conducci\u00f3n sin igual que s\u00f3lo un escape MagnaFlow puede ofrecer.<\/p>\n<p><img decoding=\"async\" class=\"alignnone size-medium wp-image-68256076\" src=\"https:\/\/kraftwerk-shop.cc\/wp-content\/uploads\/2021\/09\/19235-Charger-Race-300x128.jpg\" alt=\"MagnaFlow 19235 Charger\" width=\"300\" height=\"128\" \/><\/p>\n<p>&nbsp;<\/p>\n<p>&nbsp;<\/p>\n<p>Este sistema de escape MagnaFlow 19345 Race Series Axle-Back es compatible con los siguientes modelos:<\/p>\n<table width=\"449\">\n<tbody>\n<tr>\n<td width=\"115\"><strong>Marca<\/strong><\/td>\n<td width=\"145\"><strong>Modelo<\/strong><\/td>\n<td width=\"106\"><strong>Motor<\/strong><\/td>\n<td width=\"83\"><strong>A\u00f1o de construcci\u00f3n<\/strong><\/td>\n<\/tr>\n<tr>\n<td>Ford<\/td>\n<td>Mustang<\/td>\n<td>2.3 EcoBoost<\/td>\n<td>2015-2023<\/td>\n<\/tr>\n<tr>\n<td>Ford<\/td>\n<td>Mustang<\/td>\n<td>V6 3.7<\/td>\n<td>2015-2017<\/td>\n<\/tr>\n<\/tbody>\n<\/table>\n<p>&nbsp;<\/p>","protected":false},"excerpt":{"rendered":"<p>2015-2023<\/p>","protected":false},"featured_media":68305221,"comment_status":"open","ping_status":"closed","template":"","meta":{"_acf_changed":false},"product_brand":[18925],"product_cat":[4031,4032,3024],"product_tag":[7210,5226,249,250,251,252,419,420,2066,2373,4526,508,7211,1046,1035,1036,546,1037,5034,7213,1047,2210,3873,662,1043,1039,1042,917,2212,2934,532,529,441,20273,2211,2062,3872,1181,7212,547,1034,1038,233,198],"class_list":{"0":"post-68305202","1":"product","2":"type-product","3":"status-publish","4":"has-post-thumbnail","6":"product_brand-magnaflow","7":"product_cat-mustang-23-ecoboost-abgasanlage","8":"product_cat-mustang-37-abgasanlage","9":"product_cat-nicht-nach-eu","10":"product_tag-7210","11":"product_tag-2-3-ecoboost","12":"product_tag-249","13":"product_tag-250","14":"product_tag-251","15":"product_tag-252","16":"product_tag-419","17":"product_tag-420","18":"product_tag-2066","19":"product_tag-2373","20":"product_tag-4526","21":"product_tag-3-7","22":"product_tag-3-7-v6","23":"product_tag-abe","24":"product_tag-abgasanlage","25":"product_tag-abgassystem","26":"product_tag-auspuff","27":"product_tag-auspuffsystem","28":"product_tag-axle-back","29":"product_tag-axleback","30":"product_tag-cat-back","31":"product_tag-catback","32":"product_tag-ecoboost","33":"product_tag-edelstahl","34":"product_tag-endrohr","35":"product_tag-endschalldaempfer","36":"product_tag-endtopf","37":"product_tag-ford","38":"product_tag-gutachten","39":"product_tag-harder","40":"product_tag-kat","41":"product_tag-katalysator","42":"product_tag-kaufen","43":"product_tag-keintuev","44":"product_tag-klang","45":"product_tag-magnaflow","46":"product_tag-mustang","47":"product_tag-race","48":"product_tag-race-series","49":"product_tag-sportauspuff","50":"product_tag-sportauspuffanlage","51":"product_tag-sportendschalldaempfer","52":"product_tag-tuning","53":"product_tag-v6","54":"product_shipping_class-paket-xl","56":"first","57":"onbackorder","58":"taxable","59":"shipping-taxable","60":"purchasable","61":"product-type-simple"},"bundled_by":[],"bundle_stock_status":"onbackorder","bundle_stock_quantity":0,"bundle_virtual":false,"bundle_layout":"","bundle_add_to_cart_form_location":"","bundle_editable_in_cart":false,"bundle_sold_individually_context":"","bundle_item_grouping":"","bundle_min_size":"","bundle_max_size":"","bundle_price":[],"bundled_items":[],"bundle_sell_ids":[],"exclude_global_add_ons":[],"addons":[],"acf":[],"_links":{"self":[{"href":"https:\/\/kraftwerk-shop.cc\/es\/wp-json\/wp\/v2\/product\/68305202","targetHints":{"allow":["GET"]}}],"collection":[{"href":"https:\/\/kraftwerk-shop.cc\/es\/wp-json\/wp\/v2\/product"}],"about":[{"href":"https:\/\/kraftwerk-shop.cc\/es\/wp-json\/wp\/v2\/types\/product"}],"replies":[{"embeddable":true,"href":"https:\/\/kraftwerk-shop.cc\/es\/wp-json\/wp\/v2\/comments?post=68305202"}],"version-history":[{"count":0,"href":"https:\/\/kraftwerk-shop.cc\/es\/wp-json\/wp\/v2\/product\/68305202\/revisions"}],"wp:featuredmedia":[{"embeddable":true,"href":"https:\/\/kraftwerk-shop.cc\/es\/wp-json\/wp\/v2\/media\/68305221"}],"wp:attachment":[{"href":"https:\/\/kraftwerk-shop.cc\/es\/wp-json\/wp\/v2\/media?parent=68305202"}],"wp:term":[{"taxonomy":"product_brand","embeddable":true,"href":"https:\/\/kraftwerk-shop.cc\/es\/wp-json\/wp\/v2\/product_brand?post=68305202"},{"taxonomy":"product_cat","embeddable":true,"href":"https:\/\/kraftwerk-shop.cc\/es\/wp-json\/wp\/v2\/product_cat?post=68305202"},{"taxonomy":"product_tag","embeddable":true,"href":"https:\/\/kraftwerk-shop.cc\/es\/wp-json\/wp\/v2\/product_tag?post=68305202"}],"curies":[{"name":"wp","href":"https:\/\/api.w.org\/{rel}","templated":true}]}}