{"id":68305278,"date":"2024-08-08T21:57:52","date_gmt":"2024-08-08T19:57:52","guid":{"rendered":"https:\/\/kraftwerk-shop.cc\/?post_type=product&#038;p=68305278"},"modified":"2026-04-03T20:31:55","modified_gmt":"2026-04-03T18:31:55","slug":"correa-trapezoidal-mopar-chrysler-dodge-jeep-4627031aa","status":"publish","type":"product","link":"https:\/\/kraftwerk-shop.cc\/es\/produkt\/mopar-keilriemen-chrysler-dodge-jeep-4627031aa\/","title":{"rendered":"Correa trapezoidal Mopar Chrysler, Dodge, Jeep 5.7 &amp; 6.4 (4627031AA)"},"content":{"rendered":"<h1>Correas trapezoidales originales Mopar para Chrysler, Dodge y Jeep 5.7 y 6.4<\/h1>\n<p>&nbsp;<\/p>\n<p><strong>N\u00famero de pieza Mopar: <\/strong><span class=\"list-value sku-display\">4627031AA, 04627031AA<\/span><br \/>\n<strong>Reemplazado:<\/strong> <span class=\"list-value\">\u2014<\/span><\/p>\n<p><strong><br \/>\nAdecuado para:<\/strong><\/p>\n<table width=\"825\">\n<tbody>\n<tr>\n<td width=\"82\"><strong>A\u00f1o de construcci\u00f3n<\/strong><\/td>\n<td width=\"82\"><strong>Marca<\/strong><\/td>\n<td width=\"124\"><strong>Modelo<\/strong><\/td>\n<td width=\"333\"><strong>Versi\u00f3n<\/strong><\/td>\n<td width=\"204\"><strong>Motor<\/strong><\/td>\n<\/tr>\n<tr>\n<td width=\"82\">2015<\/td>\n<td width=\"82\">Dodge<\/td>\n<td width=\"124\">Durango<\/td>\n<td width=\"333\">Citadel, Limited, R\/T, Special Service<\/td>\n<td width=\"204\">5.7L<\/td>\n<\/tr>\n<tr>\n<td width=\"82\">2015<\/td>\n<td width=\"82\">Jeep<\/td>\n<td width=\"124\">Grand Cherokee<\/td>\n<td width=\"333\">Limited, Overland, SRT, Summit<\/td>\n<td width=\"204\">5.7L, 6.4L<\/td>\n<\/tr>\n<tr>\n<td width=\"82\">2014<\/td>\n<td width=\"82\">Chrysler<\/td>\n<td width=\"124\">300<\/td>\n<td width=\"333\">SRT8<\/td>\n<td width=\"204\">6.4L<\/td>\n<\/tr>\n<tr>\n<td width=\"82\">2014<\/td>\n<td width=\"82\">Dodge<\/td>\n<td width=\"124\">Charger<\/td>\n<td width=\"333\">SRT8<\/td>\n<td width=\"204\">6.4L<\/td>\n<\/tr>\n<tr>\n<td width=\"82\">2014<\/td>\n<td width=\"82\">Dodge<\/td>\n<td width=\"124\">Durango<\/td>\n<td width=\"333\">Citadel, Limited, R\/T, Special Service<\/td>\n<td width=\"204\">5.7L<\/td>\n<\/tr>\n<tr>\n<td width=\"82\">2014<\/td>\n<td width=\"82\">Jeep<\/td>\n<td width=\"124\">Grand Cherokee<\/td>\n<td width=\"333\">Limited, Overland, SRT, Summit<\/td>\n<td width=\"204\">5.7L, 6.4L<\/td>\n<\/tr>\n<tr>\n<td width=\"82\">2013<\/td>\n<td width=\"82\">Chrysler<\/td>\n<td width=\"124\">300<\/td>\n<td width=\"333\">SRT8, SRT8 Core<\/td>\n<td width=\"204\">6.4L<\/td>\n<\/tr>\n<tr>\n<td width=\"82\">2013<\/td>\n<td width=\"82\">Dodge<\/td>\n<td width=\"124\">Challenger<\/td>\n<td width=\"333\">SRT8<\/td>\n<td width=\"204\">6.4L<\/td>\n<\/tr>\n<tr>\n<td width=\"82\">2013<\/td>\n<td width=\"82\">Dodge<\/td>\n<td width=\"124\">Charger<\/td>\n<td width=\"333\">SRT8<\/td>\n<td width=\"204\">6.4L<\/td>\n<\/tr>\n<tr>\n<td width=\"82\">2013<\/td>\n<td width=\"82\">Dodge<\/td>\n<td width=\"124\">Durango<\/td>\n<td width=\"333\">Citadel, Crew, R\/T, Special Service<\/td>\n<td width=\"204\">5.7L<\/td>\n<\/tr>\n<tr>\n<td width=\"82\">2013<\/td>\n<td width=\"82\">Jeep<\/td>\n<td width=\"124\">Grand Cherokee<\/td>\n<td width=\"333\">Laredo, Limited, Overland, SRT8<\/td>\n<td width=\"204\">5.7L, 6.4L<\/td>\n<\/tr>\n<tr>\n<td width=\"82\">2012<\/td>\n<td width=\"82\">Chrysler<\/td>\n<td width=\"124\">300<\/td>\n<td width=\"333\">SRT8<\/td>\n<td width=\"204\">6.4L<\/td>\n<\/tr>\n<tr>\n<td width=\"82\">2012<\/td>\n<td width=\"82\">Dodge<\/td>\n<td width=\"124\">Challenger<\/td>\n<td width=\"333\">SRT8<\/td>\n<td width=\"204\">6.4L<\/td>\n<\/tr>\n<tr>\n<td width=\"82\">2012<\/td>\n<td width=\"82\">Dodge<\/td>\n<td width=\"124\">Charger<\/td>\n<td width=\"333\">SRT8<\/td>\n<td width=\"204\">6.4L<\/td>\n<\/tr>\n<tr>\n<td width=\"82\">2012<\/td>\n<td width=\"82\">Dodge<\/td>\n<td width=\"124\">Durango<\/td>\n<td width=\"333\">Citadel, Crew, R\/T, Special Service<\/td>\n<td width=\"204\">5.7L<\/td>\n<\/tr>\n<tr>\n<td width=\"82\">2012<\/td>\n<td width=\"82\">Jeep<\/td>\n<td width=\"124\">Grand Cherokee<\/td>\n<td width=\"333\">Laredo, Limited, Overland, Overland Summit, SRT8<\/td>\n<td width=\"204\">5.7L, 6.4L<\/td>\n<\/tr>\n<tr>\n<td width=\"82\">2011<\/td>\n<td width=\"82\">Dodge<\/td>\n<td width=\"124\">Challenger<\/td>\n<td width=\"333\">SRT8<\/td>\n<td width=\"204\">6.4L<\/td>\n<\/tr>\n<tr>\n<td width=\"82\">2011<\/td>\n<td width=\"82\">Dodge<\/td>\n<td width=\"124\">Durango<\/td>\n<td width=\"333\">Citadel, Crew, R\/T<\/td>\n<td width=\"204\">5.7L<\/td>\n<\/tr>\n<tr>\n<td width=\"82\">2011<\/td>\n<td width=\"82\">Jeep<\/td>\n<td width=\"124\">Grand Cherokee<\/td>\n<td width=\"333\">Laredo, Limited, Overland<\/td>\n<td width=\"204\">5.7L<\/td>\n<\/tr>\n<\/tbody>\n<\/table>\n<p>&nbsp;<\/p>\n<p>La correa trapezoidal es una larga correa de goma que corre a lo largo del motor de su veh\u00edculo y acciona muchos componentes importantes como el alternador, la bomba de la direcci\u00f3n asistida, el sistema de aire acondicionado y la bomba de agua.<\/p>\n<p>Para la mayor\u00eda de los veh\u00edculos, se recomienda hacer revisar la correa trapezoidal en cuanto el veh\u00edculo haya alcanzado los 60.000 kil\u00f3metros.<br \/>\nTambi\u00e9n es importante realizar inspecciones visuales y ac\u00fasticas de desgaste antes de alcanzar este kilometraje.<\/p>\n<p>En la mayor\u00eda de los veh\u00edculos, se recomienda sustituir la correa trapezoidal a los 90 kil\u00f3metros (independientemente de su aspecto) para reducir el riesgo de desgarro. Una correa trapezoidal rota puede ser peligrosa durante la conducci\u00f3n y causar graves da\u00f1os al motor.<\/p>\n<p>&nbsp;<\/p>\n<p><strong>S\u00edntomas de una correa trapezoidal defectuosa<\/strong><\/p>\n<ul>\n<li>Desprendimiento de costillas (una o m\u00e1s costillas se han desprendido del cuerpo del cintur\u00f3n).<\/li>\n<li>Desgaste de costillas o correas<\/li>\n<li>Grietas en la direcci\u00f3n longitudinal de la correa (grietas entre dos costillas)<\/li>\n<li>Correderas<\/li>\n<li>\"Salto de ranura\" (la correa no mantiene la posici\u00f3n correcta en la polea)<\/li>\n<li>Rotura de la correa (nota: identifique y rectifique el problema antes de instalar una correa nueva).<\/li>\n<li>Ruidos (se puede o\u00edr o sentir un chirrido, chirrido o estruendo desagradable mientras la correa de transmisi\u00f3n est\u00e1 en funcionamiento).<\/li>\n<\/ul>\n<p>Si se aprecia suciedad de aceite o refrigerante en la correa trapezoidal, \u00e9sta tambi\u00e9n debe sustituirse y deben eliminarse las fugas.<\/p>","protected":false},"excerpt":{"rendered":"<p>Pieza original Mopar<\/p>","protected":false},"featured_media":68305799,"comment_status":"open","ping_status":"closed","template":"","meta":{"_acf_changed":false},"product_brand":[16270],"product_cat":[7502,7526,7510,7511,7517,7520],"product_tag":[7244,7220,91,93,54,53,48,536,49,3853,3854,4432,95,56,50,4433,4425,736,7613,31,8813,9424,16271,16273,16275,16272,16274,7221],"class_list":{"0":"post-68305278","1":"product","2":"type-product","3":"status-publish","4":"has-post-thumbnail","6":"product_brand-mopar","7":"product_cat-300c-64-riemenantrieb","8":"product_cat-challenger-64-riemenantrieb","9":"product_cat-charger-64-riemenantrieb","10":"product_cat-durango-57-riemenantrieb","11":"product_cat-grand-cherokee-57-2011-2021-riemenantrieb","12":"product_cat-grand-cherokee-64-riemenantrieb","13":"product_tag-04627031aa","14":"product_tag-4627031aa","15":"product_tag-5-7","16":"product_tag-6-4","17":"product_tag-challenger","18":"product_tag-charger","19":"product_tag-chrysler","20":"product_tag-chrysler-300c","21":"product_tag-dodge","22":"product_tag-dodge-challenger","23":"product_tag-dodge-charger","24":"product_tag-dodge-durango","25":"product_tag-durango","26":"product_tag-grand-cherokee","27":"product_tag-jeep","28":"product_tag-jeep-commander","29":"product_tag-jeep-grand-cherokee","30":"product_tag-keilriemen","31":"product_tag-keilrippenriemen","32":"product_tag-mopar","33":"product_tag-mopar-autoteile","34":"product_tag-mopar-ersatzteile","35":"product_tag-mopar-ersatzteile-kaufen","36":"product_tag-mopar-performance-teile","37":"product_tag-mopar-teile-katalog","38":"product_tag-mopar-teile-online","39":"product_tag-mopar-tuningteile","40":"product_tag-mopar10","42":"first","43":"instock","44":"taxable","45":"shipping-taxable","46":"purchasable","47":"product-type-simple"},"bundled_by":[],"bundle_stock_status":"instock","bundle_stock_quantity":3,"bundle_virtual":false,"bundle_layout":"","bundle_add_to_cart_form_location":"","bundle_editable_in_cart":false,"bundle_sold_individually_context":"","bundle_item_grouping":"","bundle_min_size":"","bundle_max_size":"","bundle_price":[],"bundled_items":[],"bundle_sell_ids":[],"exclude_global_add_ons":[],"addons":[],"acf":[],"_links":{"self":[{"href":"https:\/\/kraftwerk-shop.cc\/es\/wp-json\/wp\/v2\/product\/68305278","targetHints":{"allow":["GET"]}}],"collection":[{"href":"https:\/\/kraftwerk-shop.cc\/es\/wp-json\/wp\/v2\/product"}],"about":[{"href":"https:\/\/kraftwerk-shop.cc\/es\/wp-json\/wp\/v2\/types\/product"}],"replies":[{"embeddable":true,"href":"https:\/\/kraftwerk-shop.cc\/es\/wp-json\/wp\/v2\/comments?post=68305278"}],"version-history":[{"count":0,"href":"https:\/\/kraftwerk-shop.cc\/es\/wp-json\/wp\/v2\/product\/68305278\/revisions"}],"wp:featuredmedia":[{"embeddable":true,"href":"https:\/\/kraftwerk-shop.cc\/es\/wp-json\/wp\/v2\/media\/68305799"}],"wp:attachment":[{"href":"https:\/\/kraftwerk-shop.cc\/es\/wp-json\/wp\/v2\/media?parent=68305278"}],"wp:term":[{"taxonomy":"product_brand","embeddable":true,"href":"https:\/\/kraftwerk-shop.cc\/es\/wp-json\/wp\/v2\/product_brand?post=68305278"},{"taxonomy":"product_cat","embeddable":true,"href":"https:\/\/kraftwerk-shop.cc\/es\/wp-json\/wp\/v2\/product_cat?post=68305278"},{"taxonomy":"product_tag","embeddable":true,"href":"https:\/\/kraftwerk-shop.cc\/es\/wp-json\/wp\/v2\/product_tag?post=68305278"}],"curies":[{"name":"wp","href":"https:\/\/api.w.org\/{rel}","templated":true}]}}