{"id":68306561,"date":"2024-08-31T15:59:58","date_gmt":"2024-08-31T13:59:58","guid":{"rendered":"https:\/\/kraftwerk-shop.cc\/?post_type=product&#038;p=68306561"},"modified":"2026-02-15T01:12:04","modified_gmt":"2026-02-15T00:12:04","slug":"tapa-mopar-para-unidad-de-control-del-motor-68334597ab","status":"publish","type":"product","link":"https:\/\/kraftwerk-shop.cc\/es\/produkt\/mopar-abdeckung-motorsteuergeraet-68334597ab\/","title":{"rendered":"Tapa de la unidad de control del motor Mopar (68334597AB)"},"content":{"rendered":"<h1>Cubierta original Mopar para la unidad de control del motor (<span class=\"list-value sku-display\">68334597AB<\/span>) para Dodge Durango de 2018 a 2025<\/h1>\n<p>&nbsp;<\/p>\n<p><span lang=\"DE\"><strong>N\u00famero de pieza Mopar:<\/strong> <span class=\"list-value sku-display\">68334597AB<\/span><br \/>\n<strong>Reemplazado: <\/strong> <span class=\"list-value\">68334597AA<\/span><\/span><\/p>\n<p>&nbsp;<\/p>\n<p><strong>Adecuado para:<\/strong><\/p>\n<table width=\"972\">\n<tbody>\n<tr>\n<td width=\"80\"><strong>A\u00f1o de construcci\u00f3n<\/strong><\/td>\n<td width=\"80\"><strong>Marca<\/strong><\/td>\n<td width=\"121\"><strong>Modelo<\/strong><\/td>\n<td width=\"493\"><strong>Versi\u00f3n<\/strong><\/td>\n<td width=\"198\"><strong>Motor<\/strong><\/td>\n<\/tr>\n<tr>\n<td width=\"80\">2025<\/td>\n<td width=\"80\">Dodge<\/td>\n<td width=\"121\">Durango<\/td>\n<td width=\"493\">R\/T, R\/T Plus, R\/T Premium, SRT Hellcat Hammerhead, SRT Hellcat Plus, SRT Hellcat Premium, SRT Hellcat Silver Bullet, Special Service<\/td>\n<td width=\"198\">3.6L, 5.7L, 6.2L<\/td>\n<\/tr>\n<tr>\n<td width=\"80\">2024<\/td>\n<td width=\"80\">Dodge<\/td>\n<td width=\"121\">Durango<\/td>\n<td width=\"493\">Citadel, GT, GT Plus, GT Premium, Pursuit, R\/T, R\/T Plus, R\/T Premium, SRT 392, SRT 392 Plus, SRT 392 Premium, SRT Hellcat, SRT Hellcat Plus, SRT Hellcat Premium, SXT, SXT Plus, Special Service<\/td>\n<td width=\"198\">3.6L, 5.7L, 6.2L, 6.4L<\/td>\n<\/tr>\n<tr>\n<td width=\"80\">2023<\/td>\n<td width=\"80\">Dodge<\/td>\n<td width=\"121\">Durango<\/td>\n<td width=\"493\">Citadel, GT, GT Plus, GT Premium, R\/T, R\/T Hemi Orange, R\/T Plus, R\/T Premium, SRT 392, SRT 392 Plus, SRT 392 Premium, SRT Hellcat, SRT Hellcat Plus, SRT Hellcat Premium, SXT, SXT Plus<\/td>\n<td width=\"198\">3.6L, 5.7L, 6.2L, 6.4L<\/td>\n<\/tr>\n<tr>\n<td width=\"80\">2022<\/td>\n<td width=\"80\">Dodge<\/td>\n<td width=\"121\">Durango<\/td>\n<td width=\"493\">Citadel, GT, GT Plus, R\/T, R\/T Plus, SRT 392, SXT<\/td>\n<td width=\"198\">3.6L, 5.7L, 6.4L<\/td>\n<\/tr>\n<tr>\n<td width=\"80\">2021<\/td>\n<td width=\"80\">Dodge<\/td>\n<td width=\"121\">Durango<\/td>\n<td width=\"493\">Citadel, GT, GT Plus, Pursuit, R\/T, SRT, SRT Hellcat, SXT, SXT Plus, Special Service<\/td>\n<td width=\"198\">3.6L, 5.7L, 6.2L, 6.4L<\/td>\n<\/tr>\n<tr>\n<td width=\"80\">2020<\/td>\n<td width=\"80\">Dodge<\/td>\n<td width=\"121\">Durango<\/td>\n<td width=\"493\">Citadel, GT, GT Plus, Pursuit, R\/T, SRT, SXT, SXT Plus, Special Service<\/td>\n<td width=\"198\">3.6L, 5.7L, 6.4L<\/td>\n<\/tr>\n<tr>\n<td width=\"80\">2019<\/td>\n<td width=\"80\">Dodge<\/td>\n<td width=\"121\">Durango<\/td>\n<td width=\"493\">Citadel, GT, Pursuit, R\/T, SRT, SXT, SXT Plus, Special Service<\/td>\n<td width=\"198\">3.6L, 5.7L, 6.4L<\/td>\n<\/tr>\n<tr>\n<td width=\"80\">2018<\/td>\n<td width=\"80\">Dodge<\/td>\n<td width=\"121\">Durango<\/td>\n<td width=\"493\">Citadel, GT, R\/T, SRT, SXT, SXT Plus, Special Service<\/td>\n<td width=\"198\">3.6L, 5.7L, 6.4L<\/td>\n<\/tr>\n<\/tbody>\n<\/table>\n<p>&nbsp;<\/p>\n<p>&nbsp;<\/p>\n<h4>\u00bfPor qu\u00e9 elegir recambios originales Mopar?<\/h4>\n<p><strong>Ajuste perfecto y calidad superior:<\/strong> Los recambios originales Mopar se fabrican siguiendo las estrictas especificaciones del fabricante, lo que significa que encajan perfectamente en su veh\u00edculo. Esto no solo garantiza una instalaci\u00f3n sencilla, sino tambi\u00e9n un funcionamiento y una seguridad \u00f3ptimos.<\/p>\n<p><strong>Fiabilidad y durabilidad:<\/strong> Mediante el uso de materiales de alta calidad y estrictos controles de calidad, los recambios Mopar garantizan que su veh\u00edculo funcione de forma fiable incluso en condiciones extremas. Est\u00e1n dise\u00f1ados para durar y maximizar el rendimiento de su veh\u00edculo.<\/p>\n<p>&nbsp;<\/p>","protected":false},"excerpt":{"rendered":"<p>Pieza original Mopar<\/p>\n<p>2018-2025<\/p>","protected":false},"featured_media":68306563,"comment_status":"open","ping_status":"closed","template":"","meta":{"_acf_changed":false},"product_brand":[16270],"product_cat":[7337,7342,7348,7352],"product_tag":[169,7583,101,7582,7581,864,863,49,95,100,31,8813,9424,16271,16273,16275,16272,16274,7221,620,96],"class_list":{"0":"post-68306561","1":"product","2":"type-product","3":"status-publish","4":"has-post-thumbnail","6":"product_brand-mopar","7":"product_cat-durango-36-elektrik-sonstiges","8":"product_cat-durango-57-elektrik-sonstiges","9":"product_cat-durango-hellcat-elektrik-sonstiges","10":"product_cat-durango-64-elektrik-sonstiges","11":"product_tag-3-6","12":"product_tag-5-7-6-4","13":"product_tag-6-2","14":"product_tag-68334597aa","15":"product_tag-68334597ab","16":"product_tag-abdeckung","17":"product_tag-cover","18":"product_tag-dodge","19":"product_tag-durango","20":"product_tag-hellcat","21":"product_tag-mopar","22":"product_tag-mopar-autoteile","23":"product_tag-mopar-ersatzteile","24":"product_tag-mopar-ersatzteile-kaufen","25":"product_tag-mopar-performance-teile","26":"product_tag-mopar-teile-katalog","27":"product_tag-mopar-teile-online","28":"product_tag-mopar-tuningteile","29":"product_tag-mopar10","30":"product_tag-motorsteuergeraet","31":"product_tag-srt","32":"product_shipping_class-deutschlandohne","34":"first","35":"instock","36":"taxable","37":"shipping-taxable","38":"purchasable","39":"product-type-simple"},"bundled_by":[],"bundle_stock_status":"instock","bundle_stock_quantity":1,"bundle_virtual":false,"bundle_layout":"","bundle_add_to_cart_form_location":"","bundle_editable_in_cart":false,"bundle_sold_individually_context":"","bundle_item_grouping":"","bundle_min_size":"","bundle_max_size":"","bundle_price":[],"bundled_items":[],"bundle_sell_ids":[],"exclude_global_add_ons":[],"addons":[],"acf":[],"_links":{"self":[{"href":"https:\/\/kraftwerk-shop.cc\/es\/wp-json\/wp\/v2\/product\/68306561","targetHints":{"allow":["GET"]}}],"collection":[{"href":"https:\/\/kraftwerk-shop.cc\/es\/wp-json\/wp\/v2\/product"}],"about":[{"href":"https:\/\/kraftwerk-shop.cc\/es\/wp-json\/wp\/v2\/types\/product"}],"replies":[{"embeddable":true,"href":"https:\/\/kraftwerk-shop.cc\/es\/wp-json\/wp\/v2\/comments?post=68306561"}],"version-history":[{"count":0,"href":"https:\/\/kraftwerk-shop.cc\/es\/wp-json\/wp\/v2\/product\/68306561\/revisions"}],"wp:featuredmedia":[{"embeddable":true,"href":"https:\/\/kraftwerk-shop.cc\/es\/wp-json\/wp\/v2\/media\/68306563"}],"wp:attachment":[{"href":"https:\/\/kraftwerk-shop.cc\/es\/wp-json\/wp\/v2\/media?parent=68306561"}],"wp:term":[{"taxonomy":"product_brand","embeddable":true,"href":"https:\/\/kraftwerk-shop.cc\/es\/wp-json\/wp\/v2\/product_brand?post=68306561"},{"taxonomy":"product_cat","embeddable":true,"href":"https:\/\/kraftwerk-shop.cc\/es\/wp-json\/wp\/v2\/product_cat?post=68306561"},{"taxonomy":"product_tag","embeddable":true,"href":"https:\/\/kraftwerk-shop.cc\/es\/wp-json\/wp\/v2\/product_tag?post=68306561"}],"curies":[{"name":"wp","href":"https:\/\/api.w.org\/{rel}","templated":true}]}}