{"id":68306584,"date":"2024-08-31T17:25:33","date_gmt":"2024-08-31T15:25:33","guid":{"rendered":"https:\/\/kraftwerk-shop.cc\/?post_type=product&#038;p=68306584"},"modified":"2026-02-15T01:12:08","modified_gmt":"2026-02-15T00:12:08","slug":"correa-trapezoidal-mopar-ram-trx-53011251aa","status":"publish","type":"product","link":"https:\/\/kraftwerk-shop.cc\/es\/produkt\/mopar-keilriemen-ram-trx-53011251aa\/","title":{"rendered":"Correa trapezoidal Mopar RAM TRX (53011251AA)"},"content":{"rendered":"<h1>Correa trapezoidal original Mopar <span class=\"list-value sku-display\">53011251AA<\/span> para RAM TRX<\/h1>\n<p><strong>N\u00famero de pieza Mopar:<\/strong> 53011251AA<br \/>\n<strong>Reemplazado:<\/strong> <span class=\"list-value\">\u2014<\/span><\/p>\n<p><strong><br \/>\nAdecuado para:<\/strong><\/p>\n<table width=\"921\">\n<tbody>\n<tr>\n<td width=\"83\"><strong>A\u00f1o de construcci\u00f3n<\/strong><\/td>\n<td width=\"83\"><strong>Marca<\/strong><\/td>\n<td width=\"186\"><strong>Modelo<\/strong><\/td>\n<td width=\"275\"><strong>Versi\u00f3n<\/strong><\/td>\n<td width=\"294\"><strong>Motor<\/strong><\/td>\n<\/tr>\n<tr>\n<td width=\"83\">2024<\/td>\n<td width=\"83\">Ram<\/td>\n<td width=\"186\">1500<\/td>\n<td width=\"275\">TRX<\/td>\n<td width=\"294\">6.2L<\/td>\n<\/tr>\n<tr>\n<td width=\"83\">2023<\/td>\n<td width=\"83\">Ram<\/td>\n<td width=\"186\">1500<\/td>\n<td width=\"275\">TRX<\/td>\n<td width=\"294\">6.2L<\/td>\n<\/tr>\n<tr>\n<td width=\"83\">2022<\/td>\n<td width=\"83\">Ram<\/td>\n<td width=\"186\">1500<\/td>\n<td width=\"275\">TRX<\/td>\n<td width=\"294\">6.2L<\/td>\n<\/tr>\n<tr>\n<td width=\"83\">2021<\/td>\n<td width=\"83\">Ram<\/td>\n<td width=\"186\">1500<\/td>\n<td width=\"275\">TRX<\/td>\n<td width=\"294\">6.2L<\/td>\n<\/tr>\n<\/tbody>\n<\/table>\n<p>&nbsp;<\/p>\n<p>La correa trapezoidal es una larga correa de goma que corre a lo largo del motor de su veh\u00edculo y acciona muchos componentes importantes como el alternador, la bomba de la direcci\u00f3n asistida, el sistema de aire acondicionado y la bomba de agua.<\/p>\n<p>Para la mayor\u00eda de los veh\u00edculos, se recomienda hacer revisar la correa trapezoidal en cuanto el veh\u00edculo haya alcanzado los 60.000 kil\u00f3metros.<br \/>\nTambi\u00e9n es importante realizar inspecciones visuales y ac\u00fasticas de desgaste antes de alcanzar este kilometraje.<\/p>\n<p>En la mayor\u00eda de los veh\u00edculos, se recomienda sustituir la correa trapezoidal a los 90 kil\u00f3metros (independientemente de su aspecto) para reducir el riesgo de desgarro. Una correa trapezoidal rota puede ser peligrosa durante la conducci\u00f3n y causar graves da\u00f1os al motor.<\/p>\n<p>&nbsp;<\/p>\n<p><strong>S\u00edntomas de una correa trapezoidal defectuosa<\/strong><\/p>\n<ul>\n<li>Desprendimiento de costillas (una o m\u00e1s costillas se han desprendido del cuerpo del cintur\u00f3n).<\/li>\n<li>Desgaste de costillas o correas<\/li>\n<li>Grietas en la direcci\u00f3n longitudinal de la correa (grietas entre dos costillas)<\/li>\n<li>Correderas<\/li>\n<li>\"Salto de ranura\" (la correa no mantiene la posici\u00f3n correcta en la polea)<\/li>\n<li>Rotura de la correa (nota: identifique y rectifique el problema antes de instalar una correa nueva).<\/li>\n<li>Ruidos (se puede o\u00edr o sentir un chirrido, chirrido o estruendo desagradable mientras la correa de transmisi\u00f3n est\u00e1 en funcionamiento).<\/li>\n<\/ul>\n<p>Si se aprecia suciedad de aceite o refrigerante en la correa trapezoidal, \u00e9sta tambi\u00e9n debe sustituirse y deben eliminarse las fugas.<\/p>","protected":false},"excerpt":{"rendered":"<p>Pieza original Mopar<\/p>","protected":false},"featured_media":68309766,"comment_status":"open","ping_status":"closed","template":"","meta":{"_acf_changed":false},"product_brand":[16270],"product_cat":[7525],"product_tag":[18595,475,7590,49,736,7613,31,8813,9424,16271,16273,16275,16272,16274,7221,86,2353],"class_list":{"0":"post-68306584","1":"product","2":"type-product","3":"status-publish","4":"has-post-thumbnail","6":"product_brand-mopar","7":"product_cat-trx-riemenantrieb","8":"product_tag-053011251aa","9":"product_tag-475","10":"product_tag-53011251aa","11":"product_tag-dodge","12":"product_tag-keilriemen","13":"product_tag-keilrippenriemen","14":"product_tag-mopar","15":"product_tag-mopar-autoteile","16":"product_tag-mopar-ersatzteile","17":"product_tag-mopar-ersatzteile-kaufen","18":"product_tag-mopar-performance-teile","19":"product_tag-mopar-teile-katalog","20":"product_tag-mopar-teile-online","21":"product_tag-mopar-tuningteile","22":"product_tag-mopar10","23":"product_tag-ram","24":"product_tag-trx","26":"first","27":"instock","28":"taxable","29":"shipping-taxable","30":"purchasable","31":"product-type-simple"},"bundled_by":[],"bundle_stock_status":"instock","bundle_stock_quantity":4,"bundle_virtual":false,"bundle_layout":"","bundle_add_to_cart_form_location":"","bundle_editable_in_cart":false,"bundle_sold_individually_context":"","bundle_item_grouping":"","bundle_min_size":"","bundle_max_size":"","bundle_price":[],"bundled_items":[],"bundle_sell_ids":[],"exclude_global_add_ons":[],"addons":[],"acf":[],"_links":{"self":[{"href":"https:\/\/kraftwerk-shop.cc\/es\/wp-json\/wp\/v2\/product\/68306584","targetHints":{"allow":["GET"]}}],"collection":[{"href":"https:\/\/kraftwerk-shop.cc\/es\/wp-json\/wp\/v2\/product"}],"about":[{"href":"https:\/\/kraftwerk-shop.cc\/es\/wp-json\/wp\/v2\/types\/product"}],"replies":[{"embeddable":true,"href":"https:\/\/kraftwerk-shop.cc\/es\/wp-json\/wp\/v2\/comments?post=68306584"}],"version-history":[{"count":0,"href":"https:\/\/kraftwerk-shop.cc\/es\/wp-json\/wp\/v2\/product\/68306584\/revisions"}],"wp:featuredmedia":[{"embeddable":true,"href":"https:\/\/kraftwerk-shop.cc\/es\/wp-json\/wp\/v2\/media\/68309766"}],"wp:attachment":[{"href":"https:\/\/kraftwerk-shop.cc\/es\/wp-json\/wp\/v2\/media?parent=68306584"}],"wp:term":[{"taxonomy":"product_brand","embeddable":true,"href":"https:\/\/kraftwerk-shop.cc\/es\/wp-json\/wp\/v2\/product_brand?post=68306584"},{"taxonomy":"product_cat","embeddable":true,"href":"https:\/\/kraftwerk-shop.cc\/es\/wp-json\/wp\/v2\/product_cat?post=68306584"},{"taxonomy":"product_tag","embeddable":true,"href":"https:\/\/kraftwerk-shop.cc\/es\/wp-json\/wp\/v2\/product_tag?post=68306584"}],"curies":[{"name":"wp","href":"https:\/\/api.w.org\/{rel}","templated":true}]}}