{"id":68306944,"date":"2024-09-06T15:49:28","date_gmt":"2024-09-06T13:49:28","guid":{"rendered":"https:\/\/kraftwerk-shop.cc\/?post_type=product&#038;p=68306944"},"modified":"2026-03-30T01:27:57","modified_gmt":"2026-03-29T23:27:57","slug":"mopar-idler-68483661aa","status":"publish","type":"product","link":"https:\/\/kraftwerk-shop.cc\/es\/produkt\/mopar-umlenkrolle-68483661aa\/","title":{"rendered":"Polea tensora Mopar (68483661AA)"},"content":{"rendered":"<h1>Polea tensora original Mopar (<span class=\"list-value sku-display\">68483661AA<\/span>) para Dodge Durango, Jeep Grand Cherokee, Wagoneer y RAM<\/h1>\n<p>&nbsp;<\/p>\n<p><span lang=\"DE\"><strong>N\u00famero de pieza Mopar:<\/strong> 68483661AA<br \/>\n<strong>Reemplazado: <\/strong><span class=\"list-value\">\u2014<br \/>\n<\/span><\/span><\/p>\n<p>&nbsp;<\/p>\n<p><strong>Adecuado para:<\/strong><\/p>\n<table width=\"972\">\n<tbody>\n<tr>\n<td width=\"80\"><strong>A\u00f1o de construcci\u00f3n<\/strong><\/td>\n<td width=\"80\"><strong>Marca<\/strong><\/td>\n<td width=\"121\"><strong>Modelo<\/strong><\/td>\n<td width=\"493\"><strong>Versi\u00f3n<\/strong><\/td>\n<td width=\"198\"><strong>Motor<\/strong><\/td>\n<\/tr>\n<tr>\n<td width=\"80\">2025<\/td>\n<td width=\"80\">Dodge<\/td>\n<td width=\"121\">Durango<\/td>\n<td width=\"493\">R\/T, R\/T Plus, R\/T Premium, SRT Hellcat Hammerhead, SRT Hellcat Plus, SRT Hellcat Premium, SRT Hellcat Silver Bullet, Special Service<\/td>\n<td width=\"198\">5.7L, 6.2L<\/td>\n<\/tr>\n<tr>\n<td width=\"80\">2024<\/td>\n<td width=\"80\">Dodge<\/td>\n<td width=\"121\">Durango<\/td>\n<td width=\"493\">Citadel, Pursuit, R\/T, R\/T Plus, R\/T Premium, SRT 392, SRT 392 Plus, SRT 392 Premium, SRT Hellcat, SRT Hellcat Plus, SRT Hellcat Premium, Special Service<\/td>\n<td width=\"198\">5.7L, 6.2L, 6.4L<\/td>\n<\/tr>\n<tr>\n<td width=\"80\">2024<\/td>\n<td width=\"80\">Jeep<\/td>\n<td width=\"121\">Grand Cherokee L<\/td>\n<td width=\"493\">Overland, Summit, Summit Reserve<\/td>\n<td width=\"198\">5.7L<\/td>\n<\/tr>\n<tr>\n<td width=\"80\">2024<\/td>\n<td width=\"80\">Ram<\/td>\n<td width=\"121\">1500<\/td>\n<td width=\"493\">Big Horn, Laramie, Limited, Limited Longhorn, Lone Star, Rebel, Tradesman<\/td>\n<td width=\"198\">5.7L<\/td>\n<\/tr>\n<tr>\n<td width=\"80\">2024<\/td>\n<td width=\"80\">Ram<\/td>\n<td width=\"121\">1500 Classic<\/td>\n<td width=\"493\">Tradesman, Warlock<\/td>\n<td width=\"198\">5.7L<\/td>\n<\/tr>\n<tr>\n<td width=\"80\">2023<\/td>\n<td width=\"80\">Dodge<\/td>\n<td width=\"121\">Durango<\/td>\n<td width=\"493\">Citadel, R\/T, R\/T Hemi Orange, R\/T Plus, R\/T Premium, SRT 392, SRT 392 Plus, SRT 392 Premium, SRT Hellcat, SRT Hellcat Plus, SRT Hellcat Premium<\/td>\n<td width=\"198\">5.7L, 6.2L, 6.4L<\/td>\n<\/tr>\n<tr>\n<td width=\"80\">2023<\/td>\n<td width=\"80\">Jeep<\/td>\n<td width=\"121\">Grand Cherokee<\/td>\n<td width=\"493\">Overland, Summit, Summit Reserve<\/td>\n<td width=\"198\">5.7L<\/td>\n<\/tr>\n<tr>\n<td width=\"80\">2023<\/td>\n<td width=\"80\">Jeep<\/td>\n<td width=\"121\">Grand Cherokee L<\/td>\n<td width=\"493\">Overland, Summit, Summit Reserve<\/td>\n<td width=\"198\">5.7L<\/td>\n<\/tr>\n<tr>\n<td width=\"80\">2023<\/td>\n<td width=\"80\">Jeep<\/td>\n<td width=\"121\">Grand Wagoneer<\/td>\n<td width=\"493\">Base, Obsidian, Series II, Series III, Series III Obsidian<\/td>\n<td width=\"198\">6.4L<\/td>\n<\/tr>\n<tr>\n<td width=\"80\">2023<\/td>\n<td width=\"80\">Ram<\/td>\n<td width=\"121\">1500<\/td>\n<td width=\"493\">Big Horn, Laramie, Limited, Limited Longhorn, Lone Star, Rebel, Tradesman<\/td>\n<td width=\"198\">3.0L V6 - Diesel, 5.7L<\/td>\n<\/tr>\n<tr>\n<td width=\"80\">2023<\/td>\n<td width=\"80\">Ram<\/td>\n<td width=\"121\">1500 Classic<\/td>\n<td width=\"493\">Tradesman, Warlock<\/td>\n<td width=\"198\">5.7L<\/td>\n<\/tr>\n<tr>\n<td width=\"80\">2022<\/td>\n<td width=\"80\">Dodge<\/td>\n<td width=\"121\">Durango<\/td>\n<td width=\"493\">Citadel, R\/T, R\/T Plus, SRT 392<\/td>\n<td width=\"198\">5.7L, 6.4L<\/td>\n<\/tr>\n<tr>\n<td width=\"80\">2022<\/td>\n<td width=\"80\">Jeep<\/td>\n<td width=\"121\">Grand Cherokee<\/td>\n<td width=\"493\">Overland, Summit, Summit Reserve, Trailhawk<\/td>\n<td width=\"198\">5.7L<\/td>\n<\/tr>\n<tr>\n<td width=\"80\">2022<\/td>\n<td width=\"80\">Jeep<\/td>\n<td width=\"121\">Grand Cherokee L<\/td>\n<td width=\"493\">Overland, Summit, Summit Reserve<\/td>\n<td width=\"198\">5.7L<\/td>\n<\/tr>\n<tr>\n<td width=\"80\">2022<\/td>\n<td width=\"80\">Jeep<\/td>\n<td width=\"121\">Grand Wagoneer<\/td>\n<td width=\"493\">Obsidian, Series I, Series II, Series III<\/td>\n<td width=\"198\">6.4L<\/td>\n<\/tr>\n<tr>\n<td width=\"80\">2022<\/td>\n<td width=\"80\">Ram<\/td>\n<td width=\"121\">1500<\/td>\n<td width=\"493\">Big Horn, Laramie, Limited, Limited Longhorn, Lone Star, Rebel, Tradesman<\/td>\n<td width=\"198\">3.0L V6 - Diesel, 5.7L<\/td>\n<\/tr>\n<tr>\n<td width=\"80\">2022<\/td>\n<td width=\"80\">Ram<\/td>\n<td width=\"121\">1500 Classic<\/td>\n<td width=\"493\">Express, SLT, Tradesman, Warlock<\/td>\n<td width=\"198\">5.7L<\/td>\n<\/tr>\n<tr>\n<td width=\"80\">2021<\/td>\n<td width=\"80\">Jeep<\/td>\n<td width=\"121\">Grand Cherokee L<\/td>\n<td width=\"493\">Overland, Summit, Summit Reserve<\/td>\n<td width=\"198\">5.7L<\/td>\n<\/tr>\n<tr>\n<td width=\"80\">2021<\/td>\n<td width=\"80\">Ram<\/td>\n<td width=\"121\">1500<\/td>\n<td width=\"493\">Big Horn, Laramie, Limited, Limited Longhorn, Lone Star, Rebel, Tradesman<\/td>\n<td width=\"198\">3.0L V6 - Diesel<\/td>\n<\/tr>\n<tr>\n<td width=\"80\">2020<\/td>\n<td width=\"80\">Ram<\/td>\n<td width=\"121\">1500<\/td>\n<td width=\"493\">Big Horn, Laramie, Laramie Longhorn, Limited, Lone Star, Rebel, Tradesman<\/td>\n<td width=\"198\">3.0L V6 - Diesel<\/td>\n<\/tr>\n<\/tbody>\n<\/table>\n<p>&nbsp;<\/p>\n<h4>\u00bfPor qu\u00e9 elegir recambios originales Mopar?<\/h4>\n<p><strong>Ajuste perfecto y calidad superior:<\/strong> Los recambios originales Mopar se fabrican siguiendo las estrictas especificaciones del fabricante, lo que significa que encajan perfectamente en su veh\u00edculo. Esto no solo garantiza una instalaci\u00f3n sencilla, sino tambi\u00e9n un funcionamiento y una seguridad \u00f3ptimos.<\/p>\n<p><strong>Fiabilidad y durabilidad:<\/strong> Mediante el uso de materiales de alta calidad y estrictos controles de calidad, los recambios Mopar garantizan que su veh\u00edculo funcione de forma fiable incluso en condiciones extremas. Est\u00e1n dise\u00f1ados para durar y maximizar el rendimiento de su veh\u00edculo.<\/p>\n<p>&nbsp;<\/p>\n<p>&nbsp;<\/p>\n<p>&nbsp;<\/p>","protected":false},"excerpt":{"rendered":"<p>Pieza original Mopar<\/p>","protected":false},"featured_media":68306947,"comment_status":"open","ping_status":"closed","template":"","meta":{"_acf_changed":false},"product_brand":[16270],"product_cat":[7511,7512,7513,7521,7523,7524],"product_tag":[91,101,93,7647,49,95,56,100,50,31,8813,9424,16271,16273,16275,16272,16274,7221,86,7599,5276],"class_list":{"0":"post-68306944","1":"product","2":"type-product","3":"status-publish","4":"has-post-thumbnail","6":"product_brand-mopar","7":"product_cat-durango-57-riemenantrieb","8":"product_cat-durango-hellcat-riemenantrieb","9":"product_cat-durango-64-riemenantrieb","10":"product_cat-wagoneer-64-riemenantrieb","11":"product_cat-1500-57-2009-2018-classic-riemenantrieb","12":"product_cat-1500-57-dt-riemenantrieb","13":"product_tag-5-7","14":"product_tag-6-2","15":"product_tag-6-4","16":"product_tag-68483661aa","17":"product_tag-dodge","18":"product_tag-durango","19":"product_tag-grand-cherokee","20":"product_tag-hellcat","21":"product_tag-jeep","22":"product_tag-mopar","23":"product_tag-mopar-autoteile","24":"product_tag-mopar-ersatzteile","25":"product_tag-mopar-ersatzteile-kaufen","26":"product_tag-mopar-performance-teile","27":"product_tag-mopar-teile-katalog","28":"product_tag-mopar-teile-online","29":"product_tag-mopar-tuningteile","30":"product_tag-mopar10","31":"product_tag-ram","32":"product_tag-umlenkrolle","33":"product_tag-wagoneer","35":"first","36":"instock","37":"taxable","38":"shipping-taxable","39":"purchasable","40":"product-type-simple"},"bundled_by":[],"bundle_stock_status":"instock","bundle_stock_quantity":2,"bundle_virtual":false,"bundle_layout":"","bundle_add_to_cart_form_location":"","bundle_editable_in_cart":false,"bundle_sold_individually_context":"","bundle_item_grouping":"","bundle_min_size":"","bundle_max_size":"","bundle_price":[],"bundled_items":[],"bundle_sell_ids":[],"exclude_global_add_ons":[],"addons":[],"acf":[],"_links":{"self":[{"href":"https:\/\/kraftwerk-shop.cc\/es\/wp-json\/wp\/v2\/product\/68306944","targetHints":{"allow":["GET"]}}],"collection":[{"href":"https:\/\/kraftwerk-shop.cc\/es\/wp-json\/wp\/v2\/product"}],"about":[{"href":"https:\/\/kraftwerk-shop.cc\/es\/wp-json\/wp\/v2\/types\/product"}],"replies":[{"embeddable":true,"href":"https:\/\/kraftwerk-shop.cc\/es\/wp-json\/wp\/v2\/comments?post=68306944"}],"version-history":[{"count":0,"href":"https:\/\/kraftwerk-shop.cc\/es\/wp-json\/wp\/v2\/product\/68306944\/revisions"}],"wp:featuredmedia":[{"embeddable":true,"href":"https:\/\/kraftwerk-shop.cc\/es\/wp-json\/wp\/v2\/media\/68306947"}],"wp:attachment":[{"href":"https:\/\/kraftwerk-shop.cc\/es\/wp-json\/wp\/v2\/media?parent=68306944"}],"wp:term":[{"taxonomy":"product_brand","embeddable":true,"href":"https:\/\/kraftwerk-shop.cc\/es\/wp-json\/wp\/v2\/product_brand?post=68306944"},{"taxonomy":"product_cat","embeddable":true,"href":"https:\/\/kraftwerk-shop.cc\/es\/wp-json\/wp\/v2\/product_cat?post=68306944"},{"taxonomy":"product_tag","embeddable":true,"href":"https:\/\/kraftwerk-shop.cc\/es\/wp-json\/wp\/v2\/product_tag?post=68306944"}],"curies":[{"name":"wp","href":"https:\/\/api.w.org\/{rel}","templated":true}]}}