{"id":68306979,"date":"2024-09-06T19:06:12","date_gmt":"2024-09-06T17:06:12","guid":{"rendered":"https:\/\/kraftwerk-shop.cc\/?post_type=product&#038;p=68306979"},"modified":"2026-02-15T01:12:40","modified_gmt":"2026-02-15T00:12:40","slug":"cable-alargador-obd","status":"publish","type":"product","link":"https:\/\/kraftwerk-shop.cc\/es\/produkt\/obd-verlaengerungskabel\/","title":{"rendered":"Cable de extensi\u00f3n OBD"},"content":{"rendered":"<h1>Cable de extensi\u00f3n OBD, para Tazer y BurnBox, 30 cm<\/h1>\n<p>&nbsp;<\/p>\n<p>Este cable de extensi\u00f3n OBD ofrece una forma sencilla y eficaz de guardar su Tazer o BurnBox de forma discreta y segura fuera de la vista.<br \/>\nEn comparaci\u00f3n con otros productos del mercado, que a menudo s\u00f3lo utilizan un n\u00famero limitado de hilos del conector OBDII, este cable contiene los 16 hilos necesarios para el correcto funcionamiento de un Tazer. Esto garantiza que su dispositivo siga siendo totalmente funcional y que pueda acceder a todas las funciones.<\/p>\n<p>&nbsp;<\/p>\n<p>&nbsp;<\/p>","protected":false},"excerpt":{"rendered":"<p>Cable de extensi\u00f3n OBD para Tazer y BurnBox, 30 cm Este cable de extensi\u00f3n OBD ofrece una forma sencilla y eficaz de conectar su Tazer o BurnBox al sistema OBD.<\/p>","protected":false},"featured_media":68306981,"comment_status":"open","ping_status":"closed","template":"","meta":{"_acf_changed":false},"product_brand":[17480],"product_cat":[1568,4984,1592,1673,1681,1697,1705,1608,5162,1632,1640,1649,1657,2718,1665,1737,1745,1753,1769,1777],"product_tag":[2996,54,53,49,3854,95,56,50,4425,36,451,438,463,442,656,657,464,470,2991,440,458],"class_list":{"0":"post-68306979","1":"product","2":"type-product","3":"status-publish","4":"has-post-thumbnail","6":"product_brand-z-automotive","7":"product_cat-300c-36-programmiergeraete","8":"product_cat-300c-57-2011-2023-programmiergeraete","9":"product_cat-300c-64-programmiergeraete","10":"product_cat-challenger-36-programmiergeraete","11":"product_cat-challenger-57-programmiergeraete","12":"product_cat-challenger-hellcat-programmiergeraete","13":"product_cat-challenger-64-programmiergeraete","14":"product_cat-charger-36-programmiergeraete","15":"product_cat-charger-57-2011-2023-programmiergeraete","16":"product_cat-charger-hellcat-programmiergeraete","17":"product_cat-charger-64-programmiergeraete","18":"product_cat-durango-36-programmiergeraete","19":"product_cat-durango-57-programmiergeraete","20":"product_cat-durango-hellcat-programmiergeraete","21":"product_cat-durango-64-programmiergeraete","22":"product_cat-grand-cherokee-30-diesel-programmiergeraete","23":"product_cat-grand-cherokee-36-programmiergeraete","24":"product_cat-grand-cherokee-57-2011-2021-programmiergeraete","25":"product_cat-trackhawk-programmiergeraete","26":"product_cat-grand-cherokee-64-programmiergeraete","27":"product_tag-burnbox","28":"product_tag-challenger","29":"product_tag-charger","30":"product_tag-dodge","31":"product_tag-dodge-charger","32":"product_tag-durango","33":"product_tag-grand-cherokee","34":"product_tag-jeep","35":"product_tag-jeep-grand-cherokee","36":"product_tag-kraftwerk","37":"product_tag-line-lock","38":"product_tag-obd","39":"product_tag-shop","40":"product_tag-tazer","41":"product_tag-verlaengerung","42":"product_tag-verlaengerungskabel","43":"product_tag-webshop","44":"product_tag-z-auto","45":"product_tag-zauto","46":"product_tag-zautotech","47":"product_tag-zuruecksetzen","49":"first","50":"instock","51":"taxable","52":"shipping-taxable","53":"purchasable","54":"product-type-simple"},"bundled_by":[],"bundle_stock_status":"instock","bundle_stock_quantity":4,"bundle_virtual":false,"bundle_layout":"","bundle_add_to_cart_form_location":"","bundle_editable_in_cart":false,"bundle_sold_individually_context":"","bundle_item_grouping":"","bundle_min_size":"","bundle_max_size":"","bundle_price":[],"bundled_items":[],"bundle_sell_ids":[],"exclude_global_add_ons":[],"addons":[],"acf":[],"_links":{"self":[{"href":"https:\/\/kraftwerk-shop.cc\/es\/wp-json\/wp\/v2\/product\/68306979","targetHints":{"allow":["GET"]}}],"collection":[{"href":"https:\/\/kraftwerk-shop.cc\/es\/wp-json\/wp\/v2\/product"}],"about":[{"href":"https:\/\/kraftwerk-shop.cc\/es\/wp-json\/wp\/v2\/types\/product"}],"replies":[{"embeddable":true,"href":"https:\/\/kraftwerk-shop.cc\/es\/wp-json\/wp\/v2\/comments?post=68306979"}],"version-history":[{"count":0,"href":"https:\/\/kraftwerk-shop.cc\/es\/wp-json\/wp\/v2\/product\/68306979\/revisions"}],"wp:featuredmedia":[{"embeddable":true,"href":"https:\/\/kraftwerk-shop.cc\/es\/wp-json\/wp\/v2\/media\/68306981"}],"wp:attachment":[{"href":"https:\/\/kraftwerk-shop.cc\/es\/wp-json\/wp\/v2\/media?parent=68306979"}],"wp:term":[{"taxonomy":"product_brand","embeddable":true,"href":"https:\/\/kraftwerk-shop.cc\/es\/wp-json\/wp\/v2\/product_brand?post=68306979"},{"taxonomy":"product_cat","embeddable":true,"href":"https:\/\/kraftwerk-shop.cc\/es\/wp-json\/wp\/v2\/product_cat?post=68306979"},{"taxonomy":"product_tag","embeddable":true,"href":"https:\/\/kraftwerk-shop.cc\/es\/wp-json\/wp\/v2\/product_tag?post=68306979"}],"curies":[{"name":"wp","href":"https:\/\/api.w.org\/{rel}","templated":true}]}}