{"id":68307161,"date":"2024-09-07T19:35:47","date_gmt":"2024-09-07T17:35:47","guid":{"rendered":"https:\/\/kraftwerk-shop.cc\/?post_type=product&#038;p=68307161"},"modified":"2026-03-23T11:58:23","modified_gmt":"2026-03-23T10:58:23","slug":"mopar-valvula-pcv-5038532aa","status":"publish","type":"product","link":"https:\/\/kraftwerk-shop.cc\/es\/produkt\/mopar-pcv-ventil-5038532aa\/","title":{"rendered":"V\u00e1lvula PCV Mopar (5038532AA)"},"content":{"rendered":"<h1>V\u00e1lvula PCV original Mopar (<span class=\"list-value sku-display\">5038532AA<\/span>) para Chrysler 300C, Dodge Challenger, Charger, Durango y Jeep Grand Cherokee 6,4<\/h1>\n<p>&nbsp;<\/p>\n<p><span lang=\"DE\"><strong>N\u00famero de pieza Mopar:<\/strong> <span class=\"list-value sku-display\">5038532AA<\/span><br \/>\n<strong>Reemplazado: <\/strong><span class=\"list-value\">\u2014<\/span><\/span><\/p>\n<p>&nbsp;<\/p>\n<p><strong>Adecuado para:<\/strong><\/p>\n<table width=\"921\">\n<tbody>\n<tr>\n<td width=\"83\"><strong>A\u00f1o de construcci\u00f3n<\/strong><\/td>\n<td width=\"83\"><strong>Marca<\/strong><\/td>\n<td width=\"186\"><strong>Modelo<\/strong><\/td>\n<td width=\"275\"><strong>Versi\u00f3n<\/strong><\/td>\n<td width=\"294\"><strong>Motor<\/strong><\/td>\n<\/tr>\n<tr>\n<td width=\"83\">2024<\/td>\n<td width=\"83\">Dodge<\/td>\n<td width=\"186\">Durango<\/td>\n<td width=\"275\">SRT 392, SRT 392 Plus, SRT 392 Premium<\/td>\n<td width=\"294\">6.4L<\/td>\n<\/tr>\n<tr>\n<td width=\"83\">2023<\/td>\n<td width=\"83\">Chrysler<\/td>\n<td width=\"186\">300<\/td>\n<td width=\"275\">C<\/td>\n<td width=\"294\">6.4L<\/td>\n<\/tr>\n<tr>\n<td width=\"83\">2023<\/td>\n<td width=\"83\">Dodge<\/td>\n<td width=\"186\">Challenger<\/td>\n<td width=\"275\">R\/T Scat Pack, R\/T Scat Pack Widebody<\/td>\n<td width=\"294\">6.4L<\/td>\n<\/tr>\n<tr>\n<td width=\"83\">2023<\/td>\n<td width=\"83\">Dodge<\/td>\n<td width=\"186\">Charger<\/td>\n<td width=\"275\">Scat Pack, Scat Pack Widebody<\/td>\n<td width=\"294\">6.4L<\/td>\n<\/tr>\n<tr>\n<td width=\"83\">2023<\/td>\n<td width=\"83\">Dodge<\/td>\n<td width=\"186\">Durango<\/td>\n<td width=\"275\">SRT 392, SRT 392 Plus, SRT 392 Premium<\/td>\n<td width=\"294\">6.4L<\/td>\n<\/tr>\n<tr>\n<td width=\"83\">2022<\/td>\n<td width=\"83\">Dodge<\/td>\n<td width=\"186\">Challenger<\/td>\n<td width=\"275\">R\/T Scat Pack, R\/T Scat Pack Widebody<\/td>\n<td width=\"294\">6.4L<\/td>\n<\/tr>\n<tr>\n<td width=\"83\">2022<\/td>\n<td width=\"83\">Dodge<\/td>\n<td width=\"186\">Charger<\/td>\n<td width=\"275\">Scat Pack, Scat Pack Widebody<\/td>\n<td width=\"294\">6.4L<\/td>\n<\/tr>\n<tr>\n<td width=\"83\">2022<\/td>\n<td width=\"83\">Dodge<\/td>\n<td width=\"186\">Durango<\/td>\n<td width=\"275\">SRT 392<\/td>\n<td width=\"294\">6.4L<\/td>\n<\/tr>\n<tr>\n<td width=\"83\">2022<\/td>\n<td width=\"83\">Jeep<\/td>\n<td width=\"186\">Wrangler<\/td>\n<td width=\"275\">Unlimited Rubicon 392<\/td>\n<td width=\"294\">6.4L<\/td>\n<\/tr>\n<tr>\n<td width=\"83\">2021<\/td>\n<td width=\"83\">Dodge<\/td>\n<td width=\"186\">Challenger<\/td>\n<td width=\"275\">R\/T Scat Pack, R\/T Scat Pack Widebody<\/td>\n<td width=\"294\">6.4L<\/td>\n<\/tr>\n<tr>\n<td width=\"83\">2021<\/td>\n<td width=\"83\">Dodge<\/td>\n<td width=\"186\">Charger<\/td>\n<td width=\"275\">Scat Pack<\/td>\n<td width=\"294\">6.4L<\/td>\n<\/tr>\n<tr>\n<td width=\"83\">2021<\/td>\n<td width=\"83\">Dodge<\/td>\n<td width=\"186\">Durango<\/td>\n<td width=\"275\">SRT<\/td>\n<td width=\"294\">6.4L<\/td>\n<\/tr>\n<tr>\n<td width=\"83\">2021<\/td>\n<td width=\"83\">Jeep<\/td>\n<td width=\"186\">Grand Cherokee<\/td>\n<td width=\"275\">SRT<\/td>\n<td width=\"294\">6.4L<\/td>\n<\/tr>\n<tr>\n<td width=\"83\">2021<\/td>\n<td width=\"83\">Jeep<\/td>\n<td width=\"186\">Wrangler<\/td>\n<td width=\"275\">Unlimited Rubicon 392<\/td>\n<td width=\"294\">6.4L<\/td>\n<\/tr>\n<tr>\n<td width=\"83\">2020<\/td>\n<td width=\"83\">Dodge<\/td>\n<td width=\"186\">Challenger<\/td>\n<td width=\"275\">R\/T Scat Pack, R\/T Scat Pack Widebody<\/td>\n<td width=\"294\">6.4L<\/td>\n<\/tr>\n<tr>\n<td width=\"83\">2020<\/td>\n<td width=\"83\">Dodge<\/td>\n<td width=\"186\">Charger<\/td>\n<td width=\"275\">Scat Pack<\/td>\n<td width=\"294\">6.4L<\/td>\n<\/tr>\n<tr>\n<td width=\"83\">2020<\/td>\n<td width=\"83\">Dodge<\/td>\n<td width=\"186\">Durango<\/td>\n<td width=\"275\">SRT<\/td>\n<td width=\"294\">6.4L<\/td>\n<\/tr>\n<tr>\n<td width=\"83\">2020<\/td>\n<td width=\"83\">Jeep<\/td>\n<td width=\"186\">Grand Cherokee<\/td>\n<td width=\"275\">SRT<\/td>\n<td width=\"294\">6.4L<\/td>\n<\/tr>\n<tr>\n<td width=\"83\">2019<\/td>\n<td width=\"83\">Dodge<\/td>\n<td width=\"186\">Challenger<\/td>\n<td width=\"275\">R\/T Scat Pack, R\/T Scat Pack Widebody<\/td>\n<td width=\"294\">6.4L<\/td>\n<\/tr>\n<tr>\n<td width=\"83\">2019<\/td>\n<td width=\"83\">Dodge<\/td>\n<td width=\"186\">Charger<\/td>\n<td width=\"275\">Scat Pack<\/td>\n<td width=\"294\">6.4L<\/td>\n<\/tr>\n<tr>\n<td width=\"83\">2019<\/td>\n<td width=\"83\">Dodge<\/td>\n<td width=\"186\">Durango<\/td>\n<td width=\"275\">SRT<\/td>\n<td width=\"294\">6.4L<\/td>\n<\/tr>\n<tr>\n<td width=\"83\">2019<\/td>\n<td width=\"83\">Jeep<\/td>\n<td width=\"186\">Grand Cherokee<\/td>\n<td width=\"275\">SRT<\/td>\n<td width=\"294\">6.4L<\/td>\n<\/tr>\n<tr>\n<td width=\"83\">2018<\/td>\n<td width=\"83\">Dodge<\/td>\n<td width=\"186\">Challenger<\/td>\n<td width=\"275\">R\/T Scat Pack, SRT 392, T\/A 392<\/td>\n<td width=\"294\">6.4L<\/td>\n<\/tr>\n<tr>\n<td width=\"83\">2018<\/td>\n<td width=\"83\">Dodge<\/td>\n<td width=\"186\">Charger<\/td>\n<td width=\"275\">Daytona 392, R\/T Scat Pack, SRT 392<\/td>\n<td width=\"294\">6.4L<\/td>\n<\/tr>\n<tr>\n<td width=\"83\">2018<\/td>\n<td width=\"83\">Dodge<\/td>\n<td width=\"186\">Durango<\/td>\n<td width=\"275\">SRT<\/td>\n<td width=\"294\">6.4L<\/td>\n<\/tr>\n<tr>\n<td width=\"83\">2018<\/td>\n<td width=\"83\">Jeep<\/td>\n<td width=\"186\">Grand Cherokee<\/td>\n<td width=\"275\">SRT<\/td>\n<td width=\"294\">6.4L<\/td>\n<\/tr>\n<tr>\n<td width=\"83\">2017<\/td>\n<td width=\"83\">Dodge<\/td>\n<td width=\"186\">Challenger<\/td>\n<td width=\"275\">R\/T Scat Pack, SRT 392, T\/A 392<\/td>\n<td width=\"294\">6.4L<\/td>\n<\/tr>\n<tr>\n<td width=\"83\">2017<\/td>\n<td width=\"83\">Dodge<\/td>\n<td width=\"186\">Charger<\/td>\n<td width=\"275\">Daytona 392, R\/T Scat Pack, SRT 392<\/td>\n<td width=\"294\">6.4L<\/td>\n<\/tr>\n<tr>\n<td width=\"83\">2017<\/td>\n<td width=\"83\">Jeep<\/td>\n<td width=\"186\">Grand Cherokee<\/td>\n<td width=\"275\">SRT<\/td>\n<td width=\"294\">6.4L<\/td>\n<\/tr>\n<tr>\n<td width=\"83\">2016<\/td>\n<td width=\"83\">Dodge<\/td>\n<td width=\"186\">Challenger<\/td>\n<td width=\"275\">392 Hemi Scat Pack Shaker, R\/T Scat Pack, SRT 392<\/td>\n<td width=\"294\">6.4L<\/td>\n<\/tr>\n<tr>\n<td width=\"83\">2016<\/td>\n<td width=\"83\">Dodge<\/td>\n<td width=\"186\">Charger<\/td>\n<td width=\"275\">R\/T Scat Pack, SRT 392<\/td>\n<td width=\"294\">6.4L<\/td>\n<\/tr>\n<tr>\n<td width=\"83\">2016<\/td>\n<td width=\"83\">Jeep<\/td>\n<td width=\"186\">Grand Cherokee<\/td>\n<td width=\"275\">SRT<\/td>\n<td width=\"294\">6.4L<\/td>\n<\/tr>\n<tr>\n<td width=\"83\">2015<\/td>\n<td width=\"83\">Dodge<\/td>\n<td width=\"186\">Challenger<\/td>\n<td width=\"275\">SRT 392, Scat Pack<\/td>\n<td width=\"294\">6.4L<\/td>\n<\/tr>\n<tr>\n<td width=\"83\">2015<\/td>\n<td width=\"83\">Dodge<\/td>\n<td width=\"186\">Charger<\/td>\n<td width=\"275\">R\/T Scat Pack, SRT 392<\/td>\n<td width=\"294\">6.4L<\/td>\n<\/tr>\n<tr>\n<td width=\"83\">2015<\/td>\n<td width=\"83\">Jeep<\/td>\n<td width=\"186\">Grand Cherokee<\/td>\n<td width=\"275\">SRT<\/td>\n<td width=\"294\">6.4L<\/td>\n<\/tr>\n<tr>\n<td width=\"83\">2014<\/td>\n<td width=\"83\">Chrysler<\/td>\n<td width=\"186\">300<\/td>\n<td width=\"275\">SRT8<\/td>\n<td width=\"294\">6.4L<\/td>\n<\/tr>\n<tr>\n<td width=\"83\">2014<\/td>\n<td width=\"83\">Dodge<\/td>\n<td width=\"186\">Charger<\/td>\n<td width=\"275\">SRT8<\/td>\n<td width=\"294\">6.4L<\/td>\n<\/tr>\n<tr>\n<td width=\"83\">2014<\/td>\n<td width=\"83\">Jeep<\/td>\n<td width=\"186\">Grand Cherokee<\/td>\n<td width=\"275\">SRT<\/td>\n<td width=\"294\">6.4L<\/td>\n<\/tr>\n<tr>\n<td width=\"83\">2013<\/td>\n<td width=\"83\">Chrysler<\/td>\n<td width=\"186\">300<\/td>\n<td width=\"275\">SRT8, SRT8 Core<\/td>\n<td width=\"294\">6.4L<\/td>\n<\/tr>\n<tr>\n<td width=\"83\">2013<\/td>\n<td width=\"83\">Dodge<\/td>\n<td width=\"186\">Challenger<\/td>\n<td width=\"275\">SRT8<\/td>\n<td width=\"294\">6.4L<\/td>\n<\/tr>\n<tr>\n<td width=\"83\">2013<\/td>\n<td width=\"83\">Dodge<\/td>\n<td width=\"186\">Charger<\/td>\n<td width=\"275\">SRT8<\/td>\n<td width=\"294\">6.4L<\/td>\n<\/tr>\n<tr>\n<td width=\"83\">2013<\/td>\n<td width=\"83\">Jeep<\/td>\n<td width=\"186\">Grand Cherokee<\/td>\n<td width=\"275\">SRT8<\/td>\n<td width=\"294\">6.4L<\/td>\n<\/tr>\n<tr>\n<td width=\"83\">2012<\/td>\n<td width=\"83\">Chrysler<\/td>\n<td width=\"186\">300<\/td>\n<td width=\"275\">SRT8<\/td>\n<td width=\"294\">6.4L<\/td>\n<\/tr>\n<tr>\n<td width=\"83\">2012<\/td>\n<td width=\"83\">Dodge<\/td>\n<td width=\"186\">Challenger<\/td>\n<td width=\"275\">SRT8<\/td>\n<td width=\"294\">6.4L<\/td>\n<\/tr>\n<tr>\n<td width=\"83\">2012<\/td>\n<td width=\"83\">Dodge<\/td>\n<td width=\"186\">Charger<\/td>\n<td width=\"275\">SRT8<\/td>\n<td width=\"294\">6.4L<\/td>\n<\/tr>\n<tr>\n<td width=\"83\">2012<\/td>\n<td width=\"83\">Jeep<\/td>\n<td width=\"186\">Grand Cherokee<\/td>\n<td width=\"275\">SRT8<\/td>\n<td width=\"294\">6.4L<\/td>\n<\/tr>\n<tr>\n<td width=\"83\">2011<\/td>\n<td width=\"83\">Dodge<\/td>\n<td width=\"186\">Challenger<\/td>\n<td width=\"275\">SRT8<\/td>\n<td width=\"294\">6.4L<\/td>\n<\/tr>\n<\/tbody>\n<\/table>\n<p>&nbsp;<\/p>\n<h4>\u00bfPor qu\u00e9 elegir recambios originales Mopar?<\/h4>\n<p><strong>Ajuste perfecto y calidad superior:<\/strong> Los recambios originales Mopar se fabrican siguiendo las estrictas especificaciones del fabricante, lo que significa que encajan perfectamente en su veh\u00edculo. Esto no solo garantiza una instalaci\u00f3n sencilla, sino tambi\u00e9n un funcionamiento y una seguridad \u00f3ptimos.<\/p>\n<p><strong>Fiabilidad y durabilidad:<\/strong> Mediante el uso de materiales de alta calidad y estrictos controles de calidad, los recambios Mopar garantizan que su veh\u00edculo funcione de forma fiable incluso en condiciones extremas. Est\u00e1n dise\u00f1ados para durar y maximizar el rendimiento de su veh\u00edculo.<\/p>\n<p>&nbsp;<\/p>","protected":false},"excerpt":{"rendered":"<p>Pieza original Mopar<\/p>","protected":false},"featured_media":68307378,"comment_status":"open","ping_status":"closed","template":"","meta":{"_acf_changed":false},"product_brand":[16270],"product_cat":[2517,2512,2516,2520,2518],"product_tag":[18558,52,7688,93,54,53,48,49,3853,95,155,56,50,3505,84,31,8813,9424,16271,16273,16275,16272,16274,7221,6432,7689,5142],"class_list":{"0":"post-68307161","1":"product","2":"type-product","3":"status-publish","4":"has-post-thumbnail","6":"product_brand-mopar","7":"product_cat-300c-64-ansaugung","8":"product_cat-challenger-64-ansaugung","9":"product_cat-charger-64-ansaugung","10":"product_cat-durango-64-ansaugung","11":"product_cat-grand-cherokee-64-ansaugung","12":"product_tag-05038532aa","13":"product_tag-300c","14":"product_tag-5038532aa","15":"product_tag-6-4","16":"product_tag-challenger","17":"product_tag-charger","18":"product_tag-chrysler","19":"product_tag-dodge","20":"product_tag-dodge-challenger","21":"product_tag-durango","22":"product_tag-entlueftung","23":"product_tag-grand-cherokee","24":"product_tag-jeep","25":"product_tag-kurbelgehaeuse","26":"product_tag-kurbelgehaeuseentlueftung","27":"product_tag-mopar","28":"product_tag-mopar-autoteile","29":"product_tag-mopar-ersatzteile","30":"product_tag-mopar-ersatzteile-kaufen","31":"product_tag-mopar-performance-teile","32":"product_tag-mopar-teile-katalog","33":"product_tag-mopar-teile-online","34":"product_tag-mopar-tuningteile","35":"product_tag-mopar10","36":"product_tag-pcv","37":"product_tag-pcv-ventil","38":"product_tag-ventil","40":"first","41":"instock","42":"taxable","43":"shipping-taxable","44":"purchasable","45":"product-type-simple"},"bundled_by":[],"bundle_stock_status":"instock","bundle_stock_quantity":1,"bundle_virtual":false,"bundle_layout":"","bundle_add_to_cart_form_location":"","bundle_editable_in_cart":false,"bundle_sold_individually_context":"","bundle_item_grouping":"","bundle_min_size":"","bundle_max_size":"","bundle_price":[],"bundled_items":[],"bundle_sell_ids":[],"exclude_global_add_ons":[],"addons":[],"acf":[],"_links":{"self":[{"href":"https:\/\/kraftwerk-shop.cc\/es\/wp-json\/wp\/v2\/product\/68307161","targetHints":{"allow":["GET"]}}],"collection":[{"href":"https:\/\/kraftwerk-shop.cc\/es\/wp-json\/wp\/v2\/product"}],"about":[{"href":"https:\/\/kraftwerk-shop.cc\/es\/wp-json\/wp\/v2\/types\/product"}],"replies":[{"embeddable":true,"href":"https:\/\/kraftwerk-shop.cc\/es\/wp-json\/wp\/v2\/comments?post=68307161"}],"version-history":[{"count":0,"href":"https:\/\/kraftwerk-shop.cc\/es\/wp-json\/wp\/v2\/product\/68307161\/revisions"}],"wp:featuredmedia":[{"embeddable":true,"href":"https:\/\/kraftwerk-shop.cc\/es\/wp-json\/wp\/v2\/media\/68307378"}],"wp:attachment":[{"href":"https:\/\/kraftwerk-shop.cc\/es\/wp-json\/wp\/v2\/media?parent=68307161"}],"wp:term":[{"taxonomy":"product_brand","embeddable":true,"href":"https:\/\/kraftwerk-shop.cc\/es\/wp-json\/wp\/v2\/product_brand?post=68307161"},{"taxonomy":"product_cat","embeddable":true,"href":"https:\/\/kraftwerk-shop.cc\/es\/wp-json\/wp\/v2\/product_cat?post=68307161"},{"taxonomy":"product_tag","embeddable":true,"href":"https:\/\/kraftwerk-shop.cc\/es\/wp-json\/wp\/v2\/product_tag?post=68307161"}],"curies":[{"name":"wp","href":"https:\/\/api.w.org\/{rel}","templated":true}]}}