{"id":68307268,"date":"2024-09-11T17:26:35","date_gmt":"2024-09-11T15:26:35","guid":{"rendered":"https:\/\/kraftwerk-shop.cc\/?post_type=product&#038;p=68307268"},"modified":"2026-03-12T15:40:50","modified_gmt":"2026-03-12T14:40:50","slug":"mopar-perno-prisionero-colector-de-escape-6510141aa","status":"publish","type":"product","link":"https:\/\/kraftwerk-shop.cc\/es\/produkt\/mopar-stehbolzen-abgaskruemmer-6510141aa\/","title":{"rendered":"Colector de escape con perno prisionero Mopar (6510141AA)"},"content":{"rendered":"<h1>Colector de escape con perno prisionero original Mopar (6510141AA) para Chrysler 300C, Dodge Challenger, Charger, Durango, Jeep Grand Cherokee, RAM 1500 y 2500<\/h1>\n<p>&nbsp;<\/p>\n<p><span lang=\"DE\"><strong>N\u00famero de pieza Mopar:<\/strong> 6510141AA<br \/>\n<strong>Reemplazado: <\/strong><span class=\"list-value\">\u2014<\/span><\/span><\/p>\n<p><span class=\"list-value description_body\"><strong>Tama\u00f1o:<\/strong> M8x1,25xM6x1x75,50<br \/>\n<\/span><\/p>\n<p>&nbsp;<\/p>\n<p><strong>Adecuado para:<\/strong><\/p>\n<table width=\"921\">\n<tbody>\n<tr>\n<td width=\"83\"><strong>A\u00f1o de construcci\u00f3n<\/strong><\/td>\n<td width=\"83\"><strong>Marca<\/strong><\/td>\n<td width=\"186\"><strong>Modelo<\/strong><\/td>\n<td width=\"275\"><strong>Versi\u00f3n<\/strong><\/td>\n<td width=\"294\"><strong>Motor<\/strong><\/td>\n<\/tr>\n<tr>\n<td width=\"83\">2023<\/td>\n<td width=\"83\">Chrysler<\/td>\n<td width=\"186\">300<\/td>\n<td width=\"275\">S<\/td>\n<td width=\"294\">5.7L<\/td>\n<\/tr>\n<tr>\n<td width=\"83\">2023<\/td>\n<td width=\"83\">Dodge<\/td>\n<td width=\"186\">Challenger<\/td>\n<td width=\"275\">R\/T<\/td>\n<td width=\"294\">5.7L<\/td>\n<\/tr>\n<tr>\n<td width=\"83\">2023<\/td>\n<td width=\"83\">Dodge<\/td>\n<td width=\"186\">Charger<\/td>\n<td width=\"275\">Pursuit, R\/T<\/td>\n<td width=\"294\">5.7L<\/td>\n<\/tr>\n<tr>\n<td width=\"83\">2022<\/td>\n<td width=\"83\">Chrysler<\/td>\n<td width=\"186\">300<\/td>\n<td width=\"275\">S<\/td>\n<td width=\"294\">5.7L<\/td>\n<\/tr>\n<tr>\n<td width=\"83\">2022<\/td>\n<td width=\"83\">Dodge<\/td>\n<td width=\"186\">Challenger<\/td>\n<td width=\"275\">R\/T<\/td>\n<td width=\"294\">5.7L<\/td>\n<\/tr>\n<tr>\n<td width=\"83\">2022<\/td>\n<td width=\"83\">Dodge<\/td>\n<td width=\"186\">Charger<\/td>\n<td width=\"275\">R\/T<\/td>\n<td width=\"294\">5.7L<\/td>\n<\/tr>\n<tr>\n<td width=\"83\">2021<\/td>\n<td width=\"83\">Chrysler<\/td>\n<td width=\"186\">300<\/td>\n<td width=\"275\">S<\/td>\n<td width=\"294\">5.7L<\/td>\n<\/tr>\n<tr>\n<td width=\"83\">2021<\/td>\n<td width=\"83\">Dodge<\/td>\n<td width=\"186\">Challenger<\/td>\n<td width=\"275\">R\/T<\/td>\n<td width=\"294\">5.7L<\/td>\n<\/tr>\n<tr>\n<td width=\"83\">2021<\/td>\n<td width=\"83\">Dodge<\/td>\n<td width=\"186\">Charger<\/td>\n<td width=\"275\">R\/T<\/td>\n<td width=\"294\">5.7L<\/td>\n<\/tr>\n<tr>\n<td width=\"83\">2020<\/td>\n<td width=\"83\">Chrysler<\/td>\n<td width=\"186\">300<\/td>\n<td width=\"275\">C, S<\/td>\n<td width=\"294\">5.7L<\/td>\n<\/tr>\n<tr>\n<td width=\"83\">2020<\/td>\n<td width=\"83\">Dodge<\/td>\n<td width=\"186\">Challenger<\/td>\n<td width=\"275\">R\/T<\/td>\n<td width=\"294\">5.7L<\/td>\n<\/tr>\n<tr>\n<td width=\"83\">2020<\/td>\n<td width=\"83\">Dodge<\/td>\n<td width=\"186\">Charger<\/td>\n<td width=\"275\">Pursuit, R\/T<\/td>\n<td width=\"294\">5.7L<\/td>\n<\/tr>\n<tr>\n<td width=\"83\">2020<\/td>\n<td width=\"83\">Ram<\/td>\n<td width=\"186\">2500<\/td>\n<td width=\"275\">Big Horn, Laramie, Laramie Longhorn, Limited, Lone Star, Power Wagon, Tradesman<\/td>\n<td width=\"294\">6.4L<\/td>\n<\/tr>\n<tr>\n<td width=\"83\">2020<\/td>\n<td width=\"83\">Ram<\/td>\n<td width=\"186\">3500<\/td>\n<td width=\"275\">Laramie Longhorn<\/td>\n<td width=\"294\">6.4L<\/td>\n<\/tr>\n<tr>\n<td width=\"83\">2019<\/td>\n<td width=\"83\">Chrysler<\/td>\n<td width=\"186\">300<\/td>\n<td width=\"275\">C, S<\/td>\n<td width=\"294\">5.7L<\/td>\n<\/tr>\n<tr>\n<td width=\"83\">2019<\/td>\n<td width=\"83\">Dodge<\/td>\n<td width=\"186\">Challenger<\/td>\n<td width=\"275\">R\/T<\/td>\n<td width=\"294\">5.7L<\/td>\n<\/tr>\n<tr>\n<td width=\"83\">2019<\/td>\n<td width=\"83\">Dodge<\/td>\n<td width=\"186\">Charger<\/td>\n<td width=\"275\">Pursuit, R\/T<\/td>\n<td width=\"294\">5.7L<\/td>\n<\/tr>\n<tr>\n<td width=\"83\">2019<\/td>\n<td width=\"83\">Ram<\/td>\n<td width=\"186\">1500 Classic<\/td>\n<td width=\"275\">Big Horn, Express, Lone Star, SLT, Special Service, Tradesman, Warlock<\/td>\n<td width=\"294\">5.7L<\/td>\n<\/tr>\n<tr>\n<td width=\"83\">2019<\/td>\n<td width=\"83\">Ram<\/td>\n<td width=\"186\">2500<\/td>\n<td width=\"275\">Big Horn, Laramie, Laramie Longhorn, Limited, Lone Star, Power Wagon, Tradesman<\/td>\n<td width=\"294\">6.4L<\/td>\n<\/tr>\n<tr>\n<td width=\"83\">2018<\/td>\n<td width=\"83\">Chrysler<\/td>\n<td width=\"186\">300<\/td>\n<td width=\"275\">C, S<\/td>\n<td width=\"294\">5.7L<\/td>\n<\/tr>\n<tr>\n<td width=\"83\">2018<\/td>\n<td width=\"83\">Dodge<\/td>\n<td width=\"186\">Challenger<\/td>\n<td width=\"275\">R\/T, T\/A<\/td>\n<td width=\"294\">5.7L<\/td>\n<\/tr>\n<tr>\n<td width=\"83\">2018<\/td>\n<td width=\"83\">Dodge<\/td>\n<td width=\"186\">Charger<\/td>\n<td width=\"275\">Daytona, Pursuit, R\/T<\/td>\n<td width=\"294\">5.7L<\/td>\n<\/tr>\n<tr>\n<td width=\"83\">2018<\/td>\n<td width=\"83\">Dodge<\/td>\n<td width=\"186\">Durango<\/td>\n<td width=\"275\">Citadel, GT, R\/T, SXT, Special Service<\/td>\n<td width=\"294\">5.7L<\/td>\n<\/tr>\n<tr>\n<td width=\"83\">2018<\/td>\n<td width=\"83\">Jeep<\/td>\n<td width=\"186\">Grand Cherokee<\/td>\n<td width=\"275\">High Altitude, Limited, Overland, Summit, Trailhawk<\/td>\n<td width=\"294\">5.7L<\/td>\n<\/tr>\n<tr>\n<td width=\"83\">2018<\/td>\n<td width=\"83\">Ram<\/td>\n<td width=\"186\">1500<\/td>\n<td width=\"275\">Big Horn, Express, Laramie, Laramie Longhorn, Limited, Lone Star, Rebel, SLT, Special Service, Sport, Tradesman<\/td>\n<td width=\"294\">5.7L<\/td>\n<\/tr>\n<tr>\n<td width=\"83\">2018<\/td>\n<td width=\"83\">Ram<\/td>\n<td width=\"186\">2500<\/td>\n<td width=\"275\">Big Horn, Laramie, Laramie Longhorn, Limited, Power Wagon, SLT, Tradesman<\/td>\n<td width=\"294\">5.7L V8 - GNC, 5.7L, 6.4L<\/td>\n<\/tr>\n<tr>\n<td width=\"83\">2018<\/td>\n<td width=\"83\">Ram<\/td>\n<td width=\"186\">3500<\/td>\n<td width=\"275\">Big Horn, Laramie, Laramie Longhorn, Limited, SLT, Tradesman<\/td>\n<td width=\"294\">5.7L, 6.4L<\/td>\n<\/tr>\n<tr>\n<td width=\"83\">2017<\/td>\n<td width=\"83\">Chrysler<\/td>\n<td width=\"186\">300<\/td>\n<td width=\"275\">C, C Platinum, S<\/td>\n<td width=\"294\">5.7L<\/td>\n<\/tr>\n<tr>\n<td width=\"83\">2017<\/td>\n<td width=\"83\">Dodge<\/td>\n<td width=\"186\">Challenger<\/td>\n<td width=\"275\">R\/T, T\/A<\/td>\n<td width=\"294\">5.7L<\/td>\n<\/tr>\n<tr>\n<td width=\"83\">2017<\/td>\n<td width=\"83\">Dodge<\/td>\n<td width=\"186\">Charger<\/td>\n<td width=\"275\">Daytona, Pursuit, R\/T<\/td>\n<td width=\"294\">5.7L<\/td>\n<\/tr>\n<tr>\n<td width=\"83\">2017<\/td>\n<td width=\"83\">Dodge<\/td>\n<td width=\"186\">Durango<\/td>\n<td width=\"275\">Citadel, R\/T, Special Service<\/td>\n<td width=\"294\">5.7L<\/td>\n<\/tr>\n<tr>\n<td width=\"83\">2017<\/td>\n<td width=\"83\">Jeep<\/td>\n<td width=\"186\">Grand Cherokee<\/td>\n<td width=\"275\">Limited, Overland, Summit, Trailhawk<\/td>\n<td width=\"294\">5.7L<\/td>\n<\/tr>\n<tr>\n<td width=\"83\">2017<\/td>\n<td width=\"83\">Ram<\/td>\n<td width=\"186\">1500<\/td>\n<td width=\"275\">Big Horn, Express, Laramie, Laramie Longhorn, Limited, Lone Star, Rebel, SLT, Special Service, Sport, Tradesman<\/td>\n<td width=\"294\">5.7L<\/td>\n<\/tr>\n<tr>\n<td width=\"83\">2017<\/td>\n<td width=\"83\">Ram<\/td>\n<td width=\"186\">2500<\/td>\n<td width=\"275\">Big Horn, Laramie, Laramie Longhorn, Limited, Power Wagon, SLT, Tradesman<\/td>\n<td width=\"294\">5.7L V8 - GNC, 5.7L, 6.4L<\/td>\n<\/tr>\n<tr>\n<td width=\"83\">2017<\/td>\n<td width=\"83\">Ram<\/td>\n<td width=\"186\">3500<\/td>\n<td width=\"275\">Big Horn, Laramie, Laramie Longhorn, Limited, Lone Star, SLT, Tradesman<\/td>\n<td width=\"294\">5.7L, 6.4L<\/td>\n<\/tr>\n<tr>\n<td width=\"83\">2016<\/td>\n<td width=\"83\">Chrysler<\/td>\n<td width=\"186\">300<\/td>\n<td width=\"275\">C, C Platinum, S<\/td>\n<td width=\"294\">5.7L<\/td>\n<\/tr>\n<tr>\n<td width=\"83\">2016<\/td>\n<td width=\"83\">Dodge<\/td>\n<td width=\"186\">Challenger<\/td>\n<td width=\"275\">R\/T, R\/T Plus, R\/T Plus Shaker, R\/T Shaker<\/td>\n<td width=\"294\">5.7L<\/td>\n<\/tr>\n<tr>\n<td width=\"83\">2016<\/td>\n<td width=\"83\">Dodge<\/td>\n<td width=\"186\">Charger<\/td>\n<td width=\"275\">Pursuit, R\/T, R\/T Road &amp; Track<\/td>\n<td width=\"294\">5.7L<\/td>\n<\/tr>\n<tr>\n<td width=\"83\">2016<\/td>\n<td width=\"83\">Dodge<\/td>\n<td width=\"186\">Durango<\/td>\n<td width=\"275\">Citadel, R\/T, Special Service<\/td>\n<td width=\"294\">5.7L<\/td>\n<\/tr>\n<tr>\n<td width=\"83\">2016<\/td>\n<td width=\"83\">Jeep<\/td>\n<td width=\"186\">Grand Cherokee<\/td>\n<td width=\"275\">Limited, Overland, Summit<\/td>\n<td width=\"294\">5.7L<\/td>\n<\/tr>\n<tr>\n<td width=\"83\">2016<\/td>\n<td width=\"83\">Ram<\/td>\n<td width=\"186\">1500<\/td>\n<td width=\"275\">Big Horn, Express, Laramie, Laramie Longhorn, Limited, Lone Star, Outdoorsman, Rebel, SLT, Special Service, Sport, Tradesman<\/td>\n<td width=\"294\">5.7L<\/td>\n<\/tr>\n<tr>\n<td width=\"83\">2016<\/td>\n<td width=\"83\">Ram<\/td>\n<td width=\"186\">2500<\/td>\n<td width=\"275\">Big Horn, Laramie, Laramie Longhorn, Limited, Outdoorsman, Power Wagon, SLT, Tradesman<\/td>\n<td width=\"294\">5.7L V8 - GNC, 5.7L, 6.4L<\/td>\n<\/tr>\n<tr>\n<td width=\"83\">2016<\/td>\n<td width=\"83\">Ram<\/td>\n<td width=\"186\">3500<\/td>\n<td width=\"275\">Big Horn, Laramie, Laramie Longhorn, Limited, SLT, Tradesman<\/td>\n<td width=\"294\">5.7L, 6.4L<\/td>\n<\/tr>\n<tr>\n<td width=\"83\">2015<\/td>\n<td width=\"83\">Chrysler<\/td>\n<td width=\"186\">300<\/td>\n<td width=\"275\">C, C Platinum, S<\/td>\n<td width=\"294\">5.7L<\/td>\n<\/tr>\n<tr>\n<td width=\"83\">2015<\/td>\n<td width=\"83\">Dodge<\/td>\n<td width=\"186\">Challenger<\/td>\n<td width=\"275\">R\/T, R\/T Plus<\/td>\n<td width=\"294\">5.7L<\/td>\n<\/tr>\n<tr>\n<td width=\"83\">2015<\/td>\n<td width=\"83\">Dodge<\/td>\n<td width=\"186\">Charger<\/td>\n<td width=\"275\">Pursuit, R\/T, R\/T Road &amp; Track<\/td>\n<td width=\"294\">5.7L<\/td>\n<\/tr>\n<tr>\n<td width=\"83\">2015<\/td>\n<td width=\"83\">Dodge<\/td>\n<td width=\"186\">Durango<\/td>\n<td width=\"275\">Citadel, Limited, R\/T, Special Service<\/td>\n<td width=\"294\">5.7L<\/td>\n<\/tr>\n<tr>\n<td width=\"83\">2015<\/td>\n<td width=\"83\">Jeep<\/td>\n<td width=\"186\">Grand Cherokee<\/td>\n<td width=\"275\">Limited, Overland, Summit<\/td>\n<td width=\"294\">5.7L<\/td>\n<\/tr>\n<tr>\n<td width=\"83\">2015<\/td>\n<td width=\"83\">Ram<\/td>\n<td width=\"186\">1500<\/td>\n<td width=\"275\">Big Horn, Express, Laramie, Laramie Limited, Laramie Longhorn, Limited, Lone Star, Outdoorsman, Rebel, SLT, Special Service, Sport, Tradesman<\/td>\n<td width=\"294\">5.7L<\/td>\n<\/tr>\n<tr>\n<td width=\"83\">2015<\/td>\n<td width=\"83\">Ram<\/td>\n<td width=\"186\">2500<\/td>\n<td width=\"275\">Big Horn, Laramie, Laramie Limited, Laramie Longhorn, Lone Star, Outdoorsman, Power Wagon, SLT, Tradesman<\/td>\n<td width=\"294\">5.7L V8 - GNC, 5.7L, 6.4L<\/td>\n<\/tr>\n<tr>\n<td width=\"83\">2015<\/td>\n<td width=\"83\">Ram<\/td>\n<td width=\"186\">3500<\/td>\n<td width=\"275\">Big Horn, Laramie, Laramie Limited, Laramie Longhorn, Lone Star, SLT, Tradesman<\/td>\n<td width=\"294\">5.7L, 6.4L<\/td>\n<\/tr>\n<tr>\n<td width=\"83\">2014<\/td>\n<td width=\"83\">Chrysler<\/td>\n<td width=\"186\">300<\/td>\n<td width=\"275\">C, C Luxury, S<\/td>\n<td width=\"294\">5.7L<\/td>\n<\/tr>\n<tr>\n<td width=\"83\">2014<\/td>\n<td width=\"83\">Dodge<\/td>\n<td width=\"186\">Challenger<\/td>\n<td width=\"275\">R\/T<\/td>\n<td width=\"294\">5.7L<\/td>\n<\/tr>\n<tr>\n<td width=\"83\">2014<\/td>\n<td width=\"83\">Dodge<\/td>\n<td width=\"186\">Charger<\/td>\n<td width=\"275\">Pursuit, R\/T<\/td>\n<td width=\"294\">5.7L<\/td>\n<\/tr>\n<tr>\n<td width=\"83\">2014<\/td>\n<td width=\"83\">Dodge<\/td>\n<td width=\"186\">Durango<\/td>\n<td width=\"275\">Citadel, Limited, R\/T, Special Service<\/td>\n<td width=\"294\">5.7L<\/td>\n<\/tr>\n<tr>\n<td width=\"83\">2014<\/td>\n<td width=\"83\">Jeep<\/td>\n<td width=\"186\">Grand Cherokee<\/td>\n<td width=\"275\">Limited, Overland, Summit<\/td>\n<td width=\"294\">5.7L<\/td>\n<\/tr>\n<tr>\n<td width=\"83\">2014<\/td>\n<td width=\"83\">Ram<\/td>\n<td width=\"186\">1500<\/td>\n<td width=\"275\">Big Horn, Express, HFE, Laramie, Laramie Limited, Laramie Longhorn, Lone Star, Outdoorsman, SLT, Special Service, Sport, Tradesman<\/td>\n<td width=\"294\">5.7L<\/td>\n<\/tr>\n<tr>\n<td width=\"83\">2014<\/td>\n<td width=\"83\">Ram<\/td>\n<td width=\"186\">2500<\/td>\n<td width=\"275\">Big Horn, Laramie, Laramie Limited, Laramie Longhorn, Lone Star, Outdoorsman, Power Wagon, SLT, Tradesman<\/td>\n<td width=\"294\">5.7L V8 - GNC, 5.7L, 6.4L<\/td>\n<\/tr>\n<tr>\n<td width=\"83\">2014<\/td>\n<td width=\"83\">Ram<\/td>\n<td width=\"186\">3500<\/td>\n<td width=\"275\">Big Horn, Laramie, Laramie Limited, Laramie Longhorn, Lone Star, SLT, Tradesman<\/td>\n<td width=\"294\">5.7L, 6.4L<\/td>\n<\/tr>\n<tr>\n<td width=\"83\">2013<\/td>\n<td width=\"83\">Chrysler<\/td>\n<td width=\"186\">300<\/td>\n<td width=\"275\">C, C Luxury, S<\/td>\n<td width=\"294\">5.7L<\/td>\n<\/tr>\n<tr>\n<td width=\"83\">2013<\/td>\n<td width=\"83\">Dodge<\/td>\n<td width=\"186\">Challenger<\/td>\n<td width=\"275\">R\/T<\/td>\n<td width=\"294\">5.7L<\/td>\n<\/tr>\n<tr>\n<td width=\"83\">2013<\/td>\n<td width=\"83\">Dodge<\/td>\n<td width=\"186\">Charger<\/td>\n<td width=\"275\">Pursuit, R\/T, SE<\/td>\n<td width=\"294\">5.7L<\/td>\n<\/tr>\n<tr>\n<td width=\"83\">2013<\/td>\n<td width=\"83\">Dodge<\/td>\n<td width=\"186\">Durango<\/td>\n<td width=\"275\">Citadel, Crew, R\/T, Special Service<\/td>\n<td width=\"294\">5.7L<\/td>\n<\/tr>\n<tr>\n<td width=\"83\">2013<\/td>\n<td width=\"83\">Jeep<\/td>\n<td width=\"186\">Grand Cherokee<\/td>\n<td width=\"275\">Laredo, Limited, Overland<\/td>\n<td width=\"294\">5.7L<\/td>\n<\/tr>\n<tr>\n<td width=\"83\">2013<\/td>\n<td width=\"83\">Ram<\/td>\n<td width=\"186\">1500<\/td>\n<td width=\"275\">Big Horn, Express, Laramie, Laramie Longhorn, Outdoorsman, R\/T, SLT, Sport, Tradesman<\/td>\n<td width=\"294\">5.7L<\/td>\n<\/tr>\n<tr>\n<td width=\"83\">2013<\/td>\n<td width=\"83\">Ram<\/td>\n<td width=\"186\">2500<\/td>\n<td width=\"275\">Big Horn, Laramie, Laramie Longhorn, Lone Star, Outdoorsman, Power Wagon, SLT, Tradesman<\/td>\n<td width=\"294\">5.7L V8 - GNC, 5.7L<\/td>\n<\/tr>\n<tr>\n<td width=\"83\">2013<\/td>\n<td width=\"83\">Ram<\/td>\n<td width=\"186\">3500<\/td>\n<td width=\"275\">Big Horn, Laramie, Laramie Longhorn, Lone Star, SLT, Tradesman<\/td>\n<td width=\"294\">5.7L<\/td>\n<\/tr>\n<tr>\n<td width=\"83\">2012<\/td>\n<td width=\"83\">Chrysler<\/td>\n<td width=\"186\">300<\/td>\n<td width=\"275\">C, C Luxury, S<\/td>\n<td width=\"294\">5.7L<\/td>\n<\/tr>\n<tr>\n<td width=\"83\">2012<\/td>\n<td width=\"83\">Dodge<\/td>\n<td width=\"186\">Challenger<\/td>\n<td width=\"275\">R\/T, R\/T Classic<\/td>\n<td width=\"294\">5.7L<\/td>\n<\/tr>\n<tr>\n<td width=\"83\">2012<\/td>\n<td width=\"83\">Dodge<\/td>\n<td width=\"186\">Charger<\/td>\n<td width=\"275\">Pursuit, R\/T, SE<\/td>\n<td width=\"294\">5.7L<\/td>\n<\/tr>\n<tr>\n<td width=\"83\">2012<\/td>\n<td width=\"83\">Dodge<\/td>\n<td width=\"186\">Durango<\/td>\n<td width=\"275\">Citadel, Crew, R\/T, Special Service<\/td>\n<td width=\"294\">5.7L<\/td>\n<\/tr>\n<tr>\n<td width=\"83\">2012<\/td>\n<td width=\"83\">Jeep<\/td>\n<td width=\"186\">Grand Cherokee<\/td>\n<td width=\"275\">Laredo, Limited, Overland, Overland Summit<\/td>\n<td width=\"294\">5.7L<\/td>\n<\/tr>\n<tr>\n<td width=\"83\">2012<\/td>\n<td width=\"83\">Ram<\/td>\n<td width=\"186\">1500<\/td>\n<td width=\"275\">Big Horn, Express, Laramie, Laramie Longhorn, Outdoorsman, SLT, ST, Sport, Tradesman, Tradesman HD<\/td>\n<td width=\"294\">5.7L<\/td>\n<\/tr>\n<tr>\n<td width=\"83\">2012<\/td>\n<td width=\"83\">Ram<\/td>\n<td width=\"186\">2500<\/td>\n<td width=\"275\">Laramie, Laramie Longhorn, Outdoorsman, Power Wagon, SLT, ST<\/td>\n<td width=\"294\">5.7L V8 - Bi-Fuel, 5.7L<\/td>\n<\/tr>\n<tr>\n<td width=\"83\">2012<\/td>\n<td width=\"83\">Ram<\/td>\n<td width=\"186\">3500<\/td>\n<td width=\"275\">Laramie, SLT, ST<\/td>\n<td width=\"294\">5.7L<\/td>\n<\/tr>\n<\/tbody>\n<\/table>\n<p>&nbsp;<\/p>\n<h4>\u00bfPor qu\u00e9 elegir recambios originales Mopar?<\/h4>\n<p><strong>Ajuste perfecto y calidad superior:<\/strong> Los recambios originales Mopar se fabrican siguiendo las estrictas especificaciones del fabricante, lo que significa que encajan perfectamente en su veh\u00edculo. Esto no solo garantiza una instalaci\u00f3n sencilla, sino tambi\u00e9n un funcionamiento y una seguridad \u00f3ptimos.<\/p>\n<p><strong>Fiabilidad y durabilidad:<\/strong> Mediante el uso de materiales de alta calidad y estrictos controles de calidad, los recambios Mopar garantizan que su veh\u00edculo funcione de forma fiable incluso en condiciones extremas. Est\u00e1n dise\u00f1ados para durar y maximizar el rendimiento de su veh\u00edculo.<\/p>\n<p>&nbsp;<\/p>\n<p>&nbsp;<\/p>","protected":false},"excerpt":{"rendered":"<p>Pieza original Mopar<\/p>","protected":false},"featured_media":68307288,"comment_status":"open","ping_status":"closed","template":"","meta":{"_acf_changed":false},"product_brand":[16270],"product_cat":[6619,6604,6610,6613,6631,6622,2917],"product_tag":[475,506,52,6761,1035,605,546,54,53,48,49,3853,95,56,50,550,31,8813,9424,16271,16273,16275,16272,16274,7221,86,3507,6333,5169],"class_list":{"0":"post-68307268","1":"product","2":"type-product","3":"status-publish","4":"has-post-thumbnail","6":"product_brand-mopar","7":"product_cat-300c-57-2011-2023-abgasanlage-dichtungen-hardware","8":"product_cat-challenger-57-abgasanlage-dichtungen-hardware","9":"product_cat-charger-57-2011-2023-abgasanlage-dichtungen-hardware","10":"product_cat-durango-57-abgasanlage-dichtungen-hardware","11":"product_cat-grand-cherokee-57-2011-2021-abgasanlage-dichtungen-hardware","12":"product_cat-1500-57-2009-2018-classic-abgasanlage-dichtungen-hardware","13":"product_cat-2500-3500-64-abgasanlage","14":"product_tag-475","15":"product_tag-506","16":"product_tag-300c","17":"product_tag-6510141aa","18":"product_tag-abgasanlage","19":"product_tag-abgaskruemmer","20":"product_tag-auspuff","21":"product_tag-challenger","22":"product_tag-charger","23":"product_tag-chrysler","24":"product_tag-dodge","25":"product_tag-dodge-challenger","26":"product_tag-durango","27":"product_tag-grand-cherokee","28":"product_tag-jeep","29":"product_tag-kruemmer","30":"product_tag-mopar","31":"product_tag-mopar-autoteile","32":"product_tag-mopar-ersatzteile","33":"product_tag-mopar-ersatzteile-kaufen","34":"product_tag-mopar-performance-teile","35":"product_tag-mopar-teile-katalog","36":"product_tag-mopar-teile-online","37":"product_tag-mopar-tuningteile","38":"product_tag-mopar10","39":"product_tag-ram","40":"product_tag-ram1500","41":"product_tag-ram-2500","42":"product_tag-stehbolzen","44":"first","45":"instock","46":"taxable","47":"shipping-taxable","48":"purchasable","49":"product-type-simple"},"bundled_by":[],"bundle_stock_status":"instock","bundle_stock_quantity":16,"bundle_virtual":false,"bundle_layout":"","bundle_add_to_cart_form_location":"","bundle_editable_in_cart":false,"bundle_sold_individually_context":"","bundle_item_grouping":"","bundle_min_size":"","bundle_max_size":"","bundle_price":[],"bundled_items":[],"bundle_sell_ids":[],"exclude_global_add_ons":[],"addons":[],"acf":[],"_links":{"self":[{"href":"https:\/\/kraftwerk-shop.cc\/es\/wp-json\/wp\/v2\/product\/68307268","targetHints":{"allow":["GET"]}}],"collection":[{"href":"https:\/\/kraftwerk-shop.cc\/es\/wp-json\/wp\/v2\/product"}],"about":[{"href":"https:\/\/kraftwerk-shop.cc\/es\/wp-json\/wp\/v2\/types\/product"}],"replies":[{"embeddable":true,"href":"https:\/\/kraftwerk-shop.cc\/es\/wp-json\/wp\/v2\/comments?post=68307268"}],"version-history":[{"count":0,"href":"https:\/\/kraftwerk-shop.cc\/es\/wp-json\/wp\/v2\/product\/68307268\/revisions"}],"wp:featuredmedia":[{"embeddable":true,"href":"https:\/\/kraftwerk-shop.cc\/es\/wp-json\/wp\/v2\/media\/68307288"}],"wp:attachment":[{"href":"https:\/\/kraftwerk-shop.cc\/es\/wp-json\/wp\/v2\/media?parent=68307268"}],"wp:term":[{"taxonomy":"product_brand","embeddable":true,"href":"https:\/\/kraftwerk-shop.cc\/es\/wp-json\/wp\/v2\/product_brand?post=68307268"},{"taxonomy":"product_cat","embeddable":true,"href":"https:\/\/kraftwerk-shop.cc\/es\/wp-json\/wp\/v2\/product_cat?post=68307268"},{"taxonomy":"product_tag","embeddable":true,"href":"https:\/\/kraftwerk-shop.cc\/es\/wp-json\/wp\/v2\/product_tag?post=68307268"}],"curies":[{"name":"wp","href":"https:\/\/api.w.org\/{rel}","templated":true}]}}