{"id":68307491,"date":"2024-09-15T15:15:18","date_gmt":"2024-09-15T13:15:18","guid":{"rendered":"https:\/\/kraftwerk-shop.cc\/?post_type=product&#038;p=68307491"},"modified":"2026-03-16T13:53:23","modified_gmt":"2026-03-16T12:53:23","slug":"correa-trapezoidal-continental-61-srt8","status":"publish","type":"product","link":"https:\/\/kraftwerk-shop.cc\/es\/produkt\/continental-keilriemen-61-srt8\/","title":{"rendered":"Continental Correa trapezoidal 6.1 SRT8"},"content":{"rendered":"<h1>Correa trapezoidal Continental para 300C, Challenger, Charger, Magnum y Grand Cherokee 6.1 SRT8<\/h1>\n<p><strong>N\u00fameros de comparaci\u00f3n Mopar:<\/strong> 5037542AA<\/p>\n<p><strong><br \/>\nAdecuado para:<\/strong><\/p>\n<table width=\"415\">\n<tbody>\n<tr>\n<td width=\"83\"><strong>A\u00f1o de construcci\u00f3n<\/strong><\/td>\n<td width=\"83\"><strong>Marca<\/strong><\/td>\n<td width=\"83\"><strong>Modelo<\/strong><\/td>\n<td width=\"83\"><strong>Versi\u00f3n<\/strong><\/td>\n<td width=\"83\"><strong>Motor<\/strong><\/td>\n<\/tr>\n<tr>\n<td width=\"83\">2010<\/td>\n<td width=\"83\">Chrysler<\/td>\n<td width=\"83\">300<\/td>\n<td width=\"83\">C SRT8<\/td>\n<td width=\"83\">6.1L<\/td>\n<\/tr>\n<tr>\n<td width=\"83\">2010<\/td>\n<td width=\"83\">Dodge<\/td>\n<td width=\"83\">Challenger<\/td>\n<td width=\"83\">SRT8<\/td>\n<td width=\"83\">6.1L<\/td>\n<\/tr>\n<tr>\n<td width=\"83\">2010<\/td>\n<td width=\"83\">Dodge<\/td>\n<td width=\"83\">Charger<\/td>\n<td width=\"83\">SRT8<\/td>\n<td width=\"83\">6.1L<\/td>\n<\/tr>\n<tr>\n<td width=\"83\">2010<\/td>\n<td width=\"83\">Jeep<\/td>\n<td width=\"83\">Commander<\/td>\n<td width=\"83\">Limited, Sport<\/td>\n<td width=\"83\">5.7L<\/td>\n<\/tr>\n<tr>\n<td width=\"83\">2010<\/td>\n<td width=\"83\">Jeep<\/td>\n<td width=\"83\">Grand Cherokee<\/td>\n<td width=\"83\">SRT8<\/td>\n<td width=\"83\">6.1L<\/td>\n<\/tr>\n<tr>\n<td width=\"83\">2009<\/td>\n<td width=\"83\">Chrysler<\/td>\n<td width=\"83\">300<\/td>\n<td width=\"83\">C SRT8<\/td>\n<td width=\"83\">6.1L<\/td>\n<\/tr>\n<tr>\n<td width=\"83\">2009<\/td>\n<td width=\"83\">Dodge<\/td>\n<td width=\"83\">Challenger<\/td>\n<td width=\"83\">SRT8<\/td>\n<td width=\"83\">6.1L<\/td>\n<\/tr>\n<tr>\n<td width=\"83\">2009<\/td>\n<td width=\"83\">Dodge<\/td>\n<td width=\"83\">Charger<\/td>\n<td width=\"83\">SRT8<\/td>\n<td width=\"83\">6.1L<\/td>\n<\/tr>\n<tr>\n<td width=\"83\">2009<\/td>\n<td width=\"83\">Jeep<\/td>\n<td width=\"83\">Grand Cherokee<\/td>\n<td width=\"83\">SRT8<\/td>\n<td width=\"83\">6.1L<\/td>\n<\/tr>\n<tr>\n<td width=\"83\">2008<\/td>\n<td width=\"83\">Chrysler<\/td>\n<td width=\"83\">300<\/td>\n<td width=\"83\">C SRT8<\/td>\n<td width=\"83\">6.1L<\/td>\n<\/tr>\n<tr>\n<td width=\"83\">2008<\/td>\n<td width=\"83\">Dodge<\/td>\n<td width=\"83\">Challenger<\/td>\n<td width=\"83\">SRT8<\/td>\n<td width=\"83\">6.1L<\/td>\n<\/tr>\n<tr>\n<td width=\"83\">2008<\/td>\n<td width=\"83\">Dodge<\/td>\n<td width=\"83\">Charger<\/td>\n<td width=\"83\">SRT8<\/td>\n<td width=\"83\">6.1L<\/td>\n<\/tr>\n<tr>\n<td width=\"83\">2008<\/td>\n<td width=\"83\">Dodge<\/td>\n<td width=\"83\">Magnum<\/td>\n<td width=\"83\">SRT8<\/td>\n<td width=\"83\">6.1L<\/td>\n<\/tr>\n<tr>\n<td width=\"83\">2008<\/td>\n<td width=\"83\">Jeep<\/td>\n<td width=\"83\">Grand Cherokee<\/td>\n<td width=\"83\">SRT8<\/td>\n<td width=\"83\">6.1L<\/td>\n<\/tr>\n<tr>\n<td width=\"83\">2007<\/td>\n<td width=\"83\">Chrysler<\/td>\n<td width=\"83\">300<\/td>\n<td width=\"83\">C SRT8<\/td>\n<td width=\"83\">6.1L<\/td>\n<\/tr>\n<tr>\n<td width=\"83\">2007<\/td>\n<td width=\"83\">Dodge<\/td>\n<td width=\"83\">Charger<\/td>\n<td width=\"83\">SRT8<\/td>\n<td width=\"83\">6.1L<\/td>\n<\/tr>\n<tr>\n<td width=\"83\">2007<\/td>\n<td width=\"83\">Dodge<\/td>\n<td width=\"83\">Magnum<\/td>\n<td width=\"83\">SRT8<\/td>\n<td width=\"83\">6.1L<\/td>\n<\/tr>\n<tr>\n<td width=\"83\">2007<\/td>\n<td width=\"83\">Jeep<\/td>\n<td width=\"83\">Grand Cherokee<\/td>\n<td width=\"83\">SRT8<\/td>\n<td width=\"83\">6.1L<\/td>\n<\/tr>\n<tr>\n<td width=\"83\">2006<\/td>\n<td width=\"83\">Dodge<\/td>\n<td width=\"83\">Charger<\/td>\n<td width=\"83\">SRT8<\/td>\n<td width=\"83\">6.1L<\/td>\n<\/tr>\n<tr>\n<td width=\"83\">2006<\/td>\n<td width=\"83\">Dodge<\/td>\n<td width=\"83\">Magnum<\/td>\n<td width=\"83\">SRT8<\/td>\n<td width=\"83\">6.1L<\/td>\n<\/tr>\n<tr>\n<td width=\"83\">2006<\/td>\n<td width=\"83\">Jeep<\/td>\n<td width=\"83\">Grand Cherokee<\/td>\n<td width=\"83\">SRT8<\/td>\n<td width=\"83\">6.1L<\/td>\n<\/tr>\n<\/tbody>\n<\/table>\n<p>&nbsp;<\/p>\n<p>La correa trapezoidal es una larga correa de goma que corre a lo largo del motor de su veh\u00edculo y acciona muchos componentes importantes como el alternador, la bomba de la direcci\u00f3n asistida, el sistema de aire acondicionado y la bomba de agua.<\/p>\n<p>Para la mayor\u00eda de los veh\u00edculos, se recomienda hacer revisar la correa trapezoidal en cuanto el veh\u00edculo haya alcanzado los 60.000 kil\u00f3metros.<br \/>\nTambi\u00e9n es importante realizar inspecciones visuales y ac\u00fasticas de desgaste antes de alcanzar este kilometraje.<\/p>\n<p>En la mayor\u00eda de los veh\u00edculos, se recomienda sustituir la correa trapezoidal a los 90 kil\u00f3metros (independientemente de su aspecto) para reducir el riesgo de desgarro. Una correa trapezoidal rota puede ser peligrosa durante la conducci\u00f3n y causar graves da\u00f1os al motor.<\/p>\n<p>&nbsp;<\/p>\n<p><strong>S\u00edntomas de una correa trapezoidal defectuosa<\/strong><\/p>\n<ul>\n<li>Desprendimiento de costillas (una o m\u00e1s costillas se han desprendido del cuerpo del cintur\u00f3n).<\/li>\n<li>Desgaste de costillas o correas<\/li>\n<li>Grietas en la direcci\u00f3n longitudinal de la correa (grietas entre dos costillas)<\/li>\n<li>Correderas<\/li>\n<li>\"Salto de ranura\" (la correa no mantiene la posici\u00f3n correcta en la polea)<\/li>\n<li>Rotura de la correa (nota: identifique y rectifique el problema antes de instalar una correa nueva).<\/li>\n<li>Ruidos (se puede o\u00edr o sentir un chirrido, chirrido o estruendo desagradable mientras la correa de transmisi\u00f3n est\u00e1 en funcionamiento).<\/li>\n<\/ul>\n<p>Si se aprecia suciedad de aceite o refrigerante en la correa trapezoidal, \u00e9sta tambi\u00e9n debe sustituirse y deben eliminarse las fugas.<\/p>\n<p>&nbsp;<\/p>\n<p>&nbsp;<\/p>","protected":false},"excerpt":{"rendered":"<p>Continental Keilriemen f\u00fcr 300C, Challenger, Charger, Magnum und Grand Cherokee 6.1 SRT8 Mopar Vergleichsnummern: 5037542AA Passend f\u00fcr: Baujahr Marke Modell<\/p>","protected":false},"featured_media":68307493,"comment_status":"open","ping_status":"closed","template":"","meta":{"_acf_changed":false},"product_brand":[],"product_cat":[7501,7504,7508,7514,7518],"product_tag":[18293,52,7740,4448,92,54,53,48,536,4435,49,3853,3854,4438,56,50,4425,736,7613,55,31,7221,1056,164],"class_list":{"0":"post-68307491","1":"product","2":"type-product","3":"status-publish","4":"has-post-thumbnail","6":"product_cat-300c-61-riemenantrieb","7":"product_cat-challenger-61-riemenantrieb","8":"product_cat-charger-61-riemenantrieb","9":"product_cat-magnum-61-riemenantrieb","10":"product_cat-grand-cherokee-61-riemenantrieb","11":"product_tag-05037542aa","12":"product_tag-300c","13":"product_tag-7740","14":"product_tag-5037542aa","15":"product_tag-6-1","16":"product_tag-challenger","17":"product_tag-charger","18":"product_tag-chrysler","19":"product_tag-chrysler-300c","20":"product_tag-continental","21":"product_tag-dodge","22":"product_tag-dodge-challenger","23":"product_tag-dodge-charger","24":"product_tag-dodge-magnum","25":"product_tag-grand-cherokee","26":"product_tag-jeep","27":"product_tag-jeep-grand-cherokee","28":"product_tag-keilriemen","29":"product_tag-keilrippenriemen","30":"product_tag-magnum","31":"product_tag-mopar","32":"product_tag-mopar10","33":"product_tag-srt-8","34":"product_tag-srt8","36":"first","37":"instock","38":"taxable","39":"shipping-taxable","40":"purchasable","41":"product-type-simple"},"bundled_by":[],"bundle_stock_status":"instock","bundle_stock_quantity":3,"bundle_virtual":false,"bundle_layout":"","bundle_add_to_cart_form_location":"","bundle_editable_in_cart":false,"bundle_sold_individually_context":"","bundle_item_grouping":"","bundle_min_size":"","bundle_max_size":"","bundle_price":[],"bundled_items":[],"bundle_sell_ids":[],"exclude_global_add_ons":[],"addons":[],"acf":[],"_links":{"self":[{"href":"https:\/\/kraftwerk-shop.cc\/es\/wp-json\/wp\/v2\/product\/68307491","targetHints":{"allow":["GET"]}}],"collection":[{"href":"https:\/\/kraftwerk-shop.cc\/es\/wp-json\/wp\/v2\/product"}],"about":[{"href":"https:\/\/kraftwerk-shop.cc\/es\/wp-json\/wp\/v2\/types\/product"}],"replies":[{"embeddable":true,"href":"https:\/\/kraftwerk-shop.cc\/es\/wp-json\/wp\/v2\/comments?post=68307491"}],"version-history":[{"count":0,"href":"https:\/\/kraftwerk-shop.cc\/es\/wp-json\/wp\/v2\/product\/68307491\/revisions"}],"wp:featuredmedia":[{"embeddable":true,"href":"https:\/\/kraftwerk-shop.cc\/es\/wp-json\/wp\/v2\/media\/68307493"}],"wp:attachment":[{"href":"https:\/\/kraftwerk-shop.cc\/es\/wp-json\/wp\/v2\/media?parent=68307491"}],"wp:term":[{"taxonomy":"product_brand","embeddable":true,"href":"https:\/\/kraftwerk-shop.cc\/es\/wp-json\/wp\/v2\/product_brand?post=68307491"},{"taxonomy":"product_cat","embeddable":true,"href":"https:\/\/kraftwerk-shop.cc\/es\/wp-json\/wp\/v2\/product_cat?post=68307491"},{"taxonomy":"product_tag","embeddable":true,"href":"https:\/\/kraftwerk-shop.cc\/es\/wp-json\/wp\/v2\/product_tag?post=68307491"}],"curies":[{"name":"wp","href":"https:\/\/api.w.org\/{rel}","templated":true}]}}