{"id":68307954,"date":"2024-09-29T15:17:53","date_gmt":"2024-09-29T13:17:53","guid":{"rendered":"https:\/\/kraftwerk-shop.cc\/?post_type=product&#038;p=68307954"},"modified":"2026-04-07T12:48:26","modified_gmt":"2026-04-07T10:48:26","slug":"dba-disco-de-freno-camaro-43238s","status":"publish","type":"product","link":"https:\/\/kraftwerk-shop.cc\/es\/produkt\/dba-bremsscheibe-camaro-43238s\/","title":{"rendered":"Disco de freno DBA Camaro (43238S)"},"content":{"rendered":"<h1>Disco de freno DBA <span class=\"fontstyle0\">43238S<\/span> para Chevrolet Camaro SS de 2016 a 2024 (eje delantero)<\/h1>\n<p>&nbsp;<\/p>\n<p><strong>N\u00fameros de pieza de GM para fines de comparaci\u00f3n:<\/strong> <span id=\"gm-part-number\">13528522, 13591198, 13578082, 13511494<\/span><\/p>\n<p>&nbsp;<\/p>\n<p>Los discos de freno de la SERIE 4000 de DBA son un reemplazo directo para los discos de freno de una pieza, dise\u00f1ados para conductores que buscan un rendimiento de frenado mejorado m\u00e1s all\u00e1 del nivel est\u00e1ndar del equipo original.<\/p>\n<p>Fundido a partir de hierro aleado con alto contenido en carbono y con un perfil de estabilidad t\u00e9rmica, la metalurgia DBA puede hacer frente repetidamente al aumento de la tensi\u00f3n y el calor generados durante las operaciones de frenado intensivo.<\/p>\n<p>Con la ventilaci\u00f3n Kangaroo Paw de DBA, que incorpora una serie de 144 elementos en forma de diamante y l\u00e1grima, DBA consigue hasta 30 % m\u00e1s de superficie y 20 % de eficiencia de refrigeraci\u00f3n mejorada (en comparaci\u00f3n con un dise\u00f1o de aleta recta convencional).<\/p>\n<p>La SERIE 4000 T3 es lo \u00faltimo en discos de freno de repuesto de una pieza con todas las ventajas de la serie 4000 y el conocido dise\u00f1o de ranura bidireccional T3 patentado por DBA.<\/p>\n<p>Bas\u00e1ndose en las bases de la ranura T2 de DBA, el dise\u00f1o de la ranura T3 cuenta con ranuras trisim\u00e9tricas mecanizadas con precisi\u00f3n CNC adicionales, lo que resulta en un pedal de freno a\u00fan m\u00e1s silencioso, m\u00e1s sensible y m\u00e1s suave.<br \/>\nLa ranura T3 aumenta el n\u00famero de puntos de salida por los que escapan el polvo y los gases de fricci\u00f3n de las pastillas de freno, aumentando a\u00fan m\u00e1s la uniformidad y la eficacia de cada frenada.<\/p>\n<p>&nbsp;<\/p>\n<p>&nbsp;<\/p>\n<p><strong>Adecuado para:<\/strong><\/p>\n<table width=\"576\">\n<tbody>\n<tr>\n<td width=\"83\"><strong>Marca<\/strong><\/td>\n<td width=\"205\"><strong>Modelo<\/strong><\/td>\n<td width=\"179\"><strong>Motor<\/strong><\/td>\n<td width=\"109\"><strong>A\u00f1o de construcci\u00f3n<\/strong><\/td>\n<\/tr>\n<tr>\n<td>Chevrolet<\/td>\n<td>Camaro<\/td>\n<td>6.2<\/td>\n<td>2016 - 2024<\/td>\n<\/tr>\n<\/tbody>\n<\/table>\n<p>&nbsp;<\/p>\n<p><strong>Datos:<\/strong><\/p>\n<table border=\"0\" width=\"487\" cellspacing=\"0\" cellpadding=\"0\">\n<colgroup>\n<col \/>\n<col \/> <\/colgroup>\n<tbody>\n<tr>\n<td style=\"height: 19px; width: 248px;\" height=\"19\">\n<div data-v-369d9bee=\"\" data-v-7bd94b2e=\"\">\n<div data-v-369d9bee=\"\">Di\u00e1metro (mm)<\/div>\n<\/div>\n<\/td>\n<td style=\"width: 239px;\">345<\/td>\n<\/tr>\n<tr>\n<td style=\"height: 19px;\" height=\"19\">\n<div data-v-369d9bee=\"\">Ventilaci\u00f3n<\/div>\n<\/td>\n<td>Pata de canguro<\/td>\n<\/tr>\n<tr>\n<td style=\"height: 19px;\" height=\"19\">\n<div data-v-369d9bee=\"\">N\u00famero de agujeros<\/div>\n<\/td>\n<td>5<\/td>\n<\/tr>\n<tr>\n<td style=\"height: 19px;\" height=\"19\">\n<div data-v-369d9bee=\"\">Di\u00e1metro interior (mm)<\/div>\n<\/td>\n<td>67,45<\/td>\n<\/tr>\n<tr>\n<td style=\"height: 19px;\" height=\"19\">\n<div data-v-369d9bee=\"\">Espesor (mm)<\/div>\n<\/td>\n<td>30<\/td>\n<\/tr>\n<tr>\n<td style=\"height: 19px;\" height=\"19\">\n<div data-v-369d9bee=\"\">Espesor m\u00ednimo (mm)<\/div>\n<\/td>\n<td>27<\/td>\n<\/tr>\n<tr>\n<td style=\"height: 19px;\" height=\"19\">Peso (KG)<\/td>\n<td>12,02<\/td>\n<\/tr>\n<\/tbody>\n<\/table>\n<p>&nbsp;<\/p>\n<p>Hay 3 marcas de color en el disco que sirven como indicador de la temperatura m\u00e1s alta alcanzada.<\/p>\n<p>El precio se refiere a un disco.<\/p>\n<p>&nbsp;<\/p>\n<p>&nbsp;<\/p>\n<table id=\"xoverview\" class=\"table\">\n<tbody>\n<tr>\n<td><strong>Funci\u00f3n<\/strong><\/td>\n<td><b>Descripci\u00f3n de la<\/b><\/td>\n<td><b>Ventaja<\/b><\/td>\n<\/tr>\n<tr>\n<td rowspan=\"3\"><img decoding=\"async\" class=\"icon\" title=\"T3\" src=\"https:\/\/3cerp.eu\/api\/file\/DBA_T3.png\" alt=\"T3\" width=\"79\" height=\"55\" \/><\/p>\n<p><strong>Ranura T3 48 ranuras de precisi\u00f3n fresadas con CNC<\/strong><\/td>\n<td>Las ranuras trisim\u00e9tricas amortiguan las vibraciones y el ruido<\/td>\n<td>Un tacto del pedal de freno m\u00e1s suave y con mayor capacidad de respuesta<\/td>\n<\/tr>\n<tr>\n<td>Mayor n\u00famero de puntos de salida para los gases de fricci\u00f3n de las pastillas de freno que escapan a trav\u00e9s del dise\u00f1o de ranura universal<\/td>\n<td>Aumenta la uniformidad y eficacia de cada frenada<\/td>\n<\/tr>\n<tr>\n<td><\/td>\n<td>No se necesitan discos de freno diferentes a izquierda y derecha<\/td>\n<\/tr>\n<tr>\n<td rowspan=\"2\"><img decoding=\"async\" class=\"icon\" title=\"KANGAROO_PAW\" src=\"https:\/\/3cerp.eu\/api\/file\/KANGAROO_PAW.jpg\" alt=\"KANGAROO_PAW\" width=\"80\" height=\"79\" \/><b><\/b><\/p>\n<p><b>Kangaroo Paw - Sistema de ventilaci\u00f3n de columna 144 Diamond y Tear Drop<br \/>\n<\/b><\/td>\n<td>La mayor superficie permite una mejor disipaci\u00f3n del calor.<\/td>\n<td>Minimiza el debilitamiento de los frenos y aumenta el efecto de frenado<\/td>\n<\/tr>\n<tr>\n<td>La mayor superficie permite una mejor disipaci\u00f3n del calor.<\/td>\n<td>Prolonga la vida \u00fatil de las pastillas y los discos de freno. Reduce los da\u00f1os mec\u00e1nicos y los costes asociados.<\/td>\n<\/tr>\n<tr>\n<td><img decoding=\"async\" class=\"icon\" title=\"DBA_XG150\" src=\"https:\/\/3cerp.eu\/api\/file\/DBA_XG150.png\" alt=\"DBA_XG150\" width=\"80\" height=\"45\" \/><b><\/b><\/p>\n<p><b>XG150 Hierro aleado con alto contenido en carbono<br \/>\n<\/b><\/td>\n<td>La mayor capacidad t\u00e9rmica permite al disco de freno soportar el calor extremo durante m\u00e1s tiempo<\/td>\n<td>Minimiza la deformaci\u00f3n y el agrietamiento y prolonga la vida \u00fatil del disco de freno<\/td>\n<\/tr>\n<tr>\n<td><img decoding=\"async\" class=\"icon\" title=\"DBA_TSP\" src=\"https:\/\/3cerp.eu\/api\/file\/DBA_TSP.png\" alt=\"DBA_TSP\" width=\"80\" height=\"35\" \/><b><\/b><\/p>\n<p><strong>Perfil de estabilidad t\u00e9rmica<\/strong><\/td>\n<td>Desarrollo especial adaptado al proceso DBA TSP<\/td>\n<td>Minimiza la deformaci\u00f3n y el agrietamiento y prolonga la vida \u00fatil del disco de freno<\/td>\n<\/tr>\n<tr>\n<td rowspan=\"2\"><strong><img decoding=\"async\" class=\"icon\" title=\"DBA_TTM\" src=\"https:\/\/3cerp.eu\/api\/file\/DBA_TTM.png\" alt=\"DBA_TTM\" width=\"80\" height=\"60\" \/><\/strong><\/p>\n<p><strong>Control termogr\u00e1fico de la temperatura<\/strong><\/td>\n<td>Las marcas t\u00e9rmicas cambian de color a determinados umbrales de temperatura<\/td>\n<td>Proporciona al conductor una visualizaci\u00f3n clara de las temperaturas m\u00e1ximas de frenado<\/td>\n<\/tr>\n<tr>\n<td>Si se superan los umbrales de temperatura, las marcas de color cambian de color permanentemente<\/td>\n<td>Permite al conductor controlar la fatiga de los discos de freno y decidir si sustituirlos, y ayuda a los concesionarios con las reclamaciones de garant\u00eda.<\/td>\n<\/tr>\n<tr>\n<td rowspan=\"2\"><strong><img decoding=\"async\" class=\"icon\" title=\"DBA_Pain_Protection\" src=\"https:\/\/3cerp.eu\/api\/file\/DBA_Pain_Protection.png\" alt=\"DBA_Pain_Protection\" width=\"80\" height=\"85\" \/><\/strong><\/p>\n<p><strong>Protecci\u00f3n de la pintura en superficies sin fricci\u00f3n<\/strong><\/td>\n<td>Reduce la corrosi\u00f3n<\/td>\n<td>Evita la antiest\u00e9tica formaci\u00f3n de \u00f3xido<\/td>\n<\/tr>\n<tr>\n<td>Mejora el aspecto<\/td>\n<td>Aumenta el valor del producto<\/td>\n<\/tr>\n<\/tbody>\n<\/table>","protected":false},"excerpt":{"rendered":"<p>Disco de freno de 345 mm<\/p>","protected":false},"featured_media":68308039,"comment_status":"open","ping_status":"closed","template":"","meta":{"_acf_changed":false},"product_brand":[18922],"product_cat":[3077],"product_tag":[7795,7792,7794,7793,980,7800,1049,795,589,796,591,191,189,190,789,692,797,291,4089,216,842,841,673],"class_list":{"0":"post-68307954","1":"product","2":"type-product","3":"status-publish","4":"has-post-thumbnail","6":"product_brand-dba","7":"product_cat-camaro-62-2016-bremsen-vorne","8":"product_tag-7795","9":"product_tag-7792","10":"product_tag-7794","11":"product_tag-7793","12":"product_tag-980","13":"product_tag-4000-series","14":"product_tag-1049","15":"product_tag-bremse","16":"product_tag-bremsen","17":"product_tag-bremsscheibe","18":"product_tag-bremsscheiben","19":"product_tag-camaro","20":"product_tag-chevrolet","21":"product_tag-chevy","22":"product_tag-dba","23":"product_tag-ersatzteil","24":"product_tag-sportbremsscheibe","25":"product_tag-ss","26":"product_tag-t3","27":"product_tag-upgrade","28":"product_tag-vorderachse","29":"product_tag-vorne","30":"product_tag-zubehoer","32":"first","33":"instock","34":"taxable","35":"shipping-taxable","36":"purchasable","37":"product-type-simple"},"bundled_by":[],"bundle_stock_status":"instock","bundle_stock_quantity":2,"bundle_virtual":false,"bundle_layout":"","bundle_add_to_cart_form_location":"","bundle_editable_in_cart":false,"bundle_sold_individually_context":"","bundle_item_grouping":"","bundle_min_size":"","bundle_max_size":"","bundle_price":[],"bundled_items":[],"bundle_sell_ids":[],"exclude_global_add_ons":[],"addons":[],"acf":[],"_links":{"self":[{"href":"https:\/\/kraftwerk-shop.cc\/es\/wp-json\/wp\/v2\/product\/68307954","targetHints":{"allow":["GET"]}}],"collection":[{"href":"https:\/\/kraftwerk-shop.cc\/es\/wp-json\/wp\/v2\/product"}],"about":[{"href":"https:\/\/kraftwerk-shop.cc\/es\/wp-json\/wp\/v2\/types\/product"}],"replies":[{"embeddable":true,"href":"https:\/\/kraftwerk-shop.cc\/es\/wp-json\/wp\/v2\/comments?post=68307954"}],"version-history":[{"count":0,"href":"https:\/\/kraftwerk-shop.cc\/es\/wp-json\/wp\/v2\/product\/68307954\/revisions"}],"wp:featuredmedia":[{"embeddable":true,"href":"https:\/\/kraftwerk-shop.cc\/es\/wp-json\/wp\/v2\/media\/68308039"}],"wp:attachment":[{"href":"https:\/\/kraftwerk-shop.cc\/es\/wp-json\/wp\/v2\/media?parent=68307954"}],"wp:term":[{"taxonomy":"product_brand","embeddable":true,"href":"https:\/\/kraftwerk-shop.cc\/es\/wp-json\/wp\/v2\/product_brand?post=68307954"},{"taxonomy":"product_cat","embeddable":true,"href":"https:\/\/kraftwerk-shop.cc\/es\/wp-json\/wp\/v2\/product_cat?post=68307954"},{"taxonomy":"product_tag","embeddable":true,"href":"https:\/\/kraftwerk-shop.cc\/es\/wp-json\/wp\/v2\/product_tag?post=68307954"}],"curies":[{"name":"wp","href":"https:\/\/api.w.org\/{rel}","templated":true}]}}