{"id":68307972,"date":"2024-09-29T15:17:29","date_gmt":"2024-09-29T13:17:29","guid":{"rendered":"https:\/\/kraftwerk-shop.cc\/?post_type=product&#038;p=68307972"},"modified":"2026-02-15T01:13:24","modified_gmt":"2026-02-15T00:13:24","slug":"pastillas-de-freno-dba-db15195sp-ram","status":"publish","type":"product","link":"https:\/\/kraftwerk-shop.cc\/es\/produkt\/dba-bremsbelaege-db15195sp-ram\/","title":{"rendered":"Pastillas de freno DBA DB15195SP RAM"},"content":{"rendered":"<h1>Pastillas de freno DBA Street Performance DB15195SP para RAM 3.0 EcoDiesel, 3.6, 5.7 y 6.2 TRX (eje delantero) a partir de 2019<\/h1>\n<p>&nbsp;<\/p>\n<p>Las pastillas de freno DBA Street Performance (DB15195SP) ofrecen un rendimiento de frenado excepcional y est\u00e1n especialmente desarrolladas para conductores exigentes que necesitan una potencia de frenado fiable y eficaz en la carretera. Estas pastillas de freno se caracterizan por un equilibrio perfecto entre comodidad, durabilidad y rendimiento, ideal para la conducci\u00f3n diaria y aplicaciones m\u00e1s deportivas.<\/p>\n<p>&nbsp;<\/p>\n<p><strong>Propiedades:<\/strong><\/p>\n<ul>\n<li>Materiales de alta calidad: Las pastillas est\u00e1n fabricadas con una mezcla especial de materiales de fricci\u00f3n que garantiza el m\u00e1ximo rendimiento en una amplia gama de condiciones.<\/li>\n<li>Poco polvo de frenos: Reduce la suciedad de las llantas y garantiza un veh\u00edculo m\u00e1s limpio.<\/li>\n<li>Desarrollo del ruido minimizado: gracias a las innovadoras tecnolog\u00edas de insonorizaci\u00f3n, el ruido de frenado se reduce al m\u00ednimo.<\/li>\n<li>Resistencia a altas temperaturas: estas pastillas soportan altas temperaturas, lo que reduce el riesgo de decoloraci\u00f3n y garantiza una potencia de frenado constante incluso en viajes exigentes.<\/li>\n<li>Larga vida \u00fatil: Los robustos materiales garantizan una mayor vida \u00fatil en comparaci\u00f3n con las pastillas de freno est\u00e1ndar.<\/li>\n<\/ul>\n<p>&nbsp;<\/p>\n<p><strong>Ideal para:<\/strong><\/p>\n<ul>\n<li>Uso de la carretera<\/li>\n<li>Veh\u00edculos de uso cotidiano<\/li>\n<li>Entusiastas de la conducci\u00f3n que valoran la seguridad y las prestaciones<\/li>\n<\/ul>\n<p>Con las pastillas de freno DBA Street Performance, obtendr\u00e1 una excelente combinaci\u00f3n de seguridad, comodidad y durabilidad para el uso diario.<br \/>\nDBA recomienda la combinaci\u00f3n con rotores ranurados T3 en las series 4000 y 5000 para un rendimiento \u00f3ptimo de frenado.<\/p>\n<p>&nbsp;<\/p>\n<p><strong>Especificaciones:<\/strong><\/p>\n<ul>\n<li>Material de fricci\u00f3n semimet\u00e1lico reforzado con fibra de carbono<\/li>\n<li>El coeficiente de fricci\u00f3n medio es de 0,45 entre temperaturas bajas y altas.<\/li>\n<li>\u00a0Excelente rendimiento a altas temperaturas<\/li>\n<li>Consistencia de frenado \u00f3ptima hasta 438\u2103 (820\u2109)<\/li>\n<\/ul>\n<p>&nbsp;<\/p>\n<p><strong>N\u00fameros de comparaci\u00f3n Mopar:<\/strong> <span class=\"list-value\">68520814AA<\/span>, <span class=\"list-value\">68520814AB<\/span>, 68520814AC, 68520814AC, 68412557AA, 68412557AB, 68412557AC, 68412557AD, 68412557AE<\/p>\n<p>&nbsp;<\/p>\n<p><strong>Adecuado para:<\/strong><\/p>\n<table width=\"596\">\n<tbody>\n<tr>\n<td width=\"114\"><strong>Marca<\/strong><\/td>\n<td width=\"121\"><strong>Modelo<\/strong><\/td>\n<td width=\"122\"><strong>Motor<\/strong><\/td>\n<td width=\"141\"><strong>A\u00f1o de construcci\u00f3n<\/strong><\/td>\n<td width=\"98\"><strong>C\u00f3digo de freno<\/strong><\/td>\n<\/tr>\n<tr>\n<td width=\"114\">RAM<\/td>\n<td width=\"121\">1500<\/td>\n<td width=\"122\">3.0 EcoDiesel<\/td>\n<td width=\"141\">2020-2023<\/td>\n<td>BNN<\/td>\n<\/tr>\n<tr>\n<td width=\"114\">RAM<\/td>\n<td width=\"121\">1500<\/td>\n<td width=\"122\">3.6<\/td>\n<td width=\"141\">2019-2024<\/td>\n<td>BNN<\/td>\n<\/tr>\n<tr>\n<td width=\"114\">RAM<\/td>\n<td width=\"121\">1500<\/td>\n<td width=\"122\">5.7<\/td>\n<td width=\"141\">2019-2024<\/td>\n<td>BNN<\/td>\n<\/tr>\n<tr>\n<td width=\"114\">RAM<\/td>\n<td width=\"121\">1500<\/td>\n<td width=\"122\">6.2 TRX<\/td>\n<td width=\"141\">2020-2024<\/td>\n<td>BNN<\/td>\n<\/tr>\n<\/tbody>\n<\/table>\n<p>&nbsp;<\/p>\n<p>El precio se refiere a 1 juego para el eje delantero completo.<\/p>\n<p>&nbsp;<\/p>\n<p>&nbsp;<\/p>\n<p>&nbsp;<\/p>","protected":false},"excerpt":{"rendered":"<p>2019-2024<\/p>","protected":false},"featured_media":68308065,"comment_status":"open","ping_status":"closed","template":"","meta":{"_acf_changed":false},"product_brand":[18922],"product_cat":[19406,19677,5012,4704],"product_tag":[475,4508,169,91,4721,4722,4723,4724,4725,6852,6773,4702,838,590,839,840,789,476,126,86,3507,4444,7807,4692,2353,842,841,673],"class_list":{"0":"post-68307972","1":"product","2":"type-product","3":"status-publish","4":"has-post-thumbnail","6":"product_brand-dba","7":"product_cat-1500-ecodiesel-2020-2023-bremsen-vorne","8":"product_cat-1500-36-dt-bremsen-vorne","9":"product_cat-1500-57-dt-bremsen-vorne","10":"product_cat-trx-bremsen-vorne","11":"product_tag-475","12":"product_tag-3-0-ecodiesel","13":"product_tag-3-6","14":"product_tag-5-7","15":"product_tag-68412557aa","16":"product_tag-68412557ab","17":"product_tag-68412557ac","18":"product_tag-68412557ad","19":"product_tag-68412557ae","20":"product_tag-68520814aa","21":"product_tag-68520814ab","22":"product_tag-68520814ac","23":"product_tag-bremsbelag","24":"product_tag-bremsbelaege","25":"product_tag-bremsklotz","26":"product_tag-bremskloetze","27":"product_tag-dba","28":"product_tag-dt","29":"product_tag-hemi","30":"product_tag-ram","31":"product_tag-ram1500","32":"product_tag-ram-trx","33":"product_tag-sportbelag","34":"product_tag-street-performance","35":"product_tag-trx","36":"product_tag-vorderachse","37":"product_tag-vorne","38":"product_tag-zubehoer","40":"first","41":"instock","42":"taxable","43":"shipping-taxable","44":"purchasable","45":"product-type-simple"},"bundled_by":[],"bundle_stock_status":"instock","bundle_stock_quantity":2,"bundle_virtual":false,"bundle_layout":"","bundle_add_to_cart_form_location":"","bundle_editable_in_cart":false,"bundle_sold_individually_context":"","bundle_item_grouping":"","bundle_min_size":"","bundle_max_size":"","bundle_price":[],"bundled_items":[],"bundle_sell_ids":[],"exclude_global_add_ons":[],"addons":[],"acf":[],"_links":{"self":[{"href":"https:\/\/kraftwerk-shop.cc\/es\/wp-json\/wp\/v2\/product\/68307972","targetHints":{"allow":["GET"]}}],"collection":[{"href":"https:\/\/kraftwerk-shop.cc\/es\/wp-json\/wp\/v2\/product"}],"about":[{"href":"https:\/\/kraftwerk-shop.cc\/es\/wp-json\/wp\/v2\/types\/product"}],"replies":[{"embeddable":true,"href":"https:\/\/kraftwerk-shop.cc\/es\/wp-json\/wp\/v2\/comments?post=68307972"}],"version-history":[{"count":0,"href":"https:\/\/kraftwerk-shop.cc\/es\/wp-json\/wp\/v2\/product\/68307972\/revisions"}],"wp:featuredmedia":[{"embeddable":true,"href":"https:\/\/kraftwerk-shop.cc\/es\/wp-json\/wp\/v2\/media\/68308065"}],"wp:attachment":[{"href":"https:\/\/kraftwerk-shop.cc\/es\/wp-json\/wp\/v2\/media?parent=68307972"}],"wp:term":[{"taxonomy":"product_brand","embeddable":true,"href":"https:\/\/kraftwerk-shop.cc\/es\/wp-json\/wp\/v2\/product_brand?post=68307972"},{"taxonomy":"product_cat","embeddable":true,"href":"https:\/\/kraftwerk-shop.cc\/es\/wp-json\/wp\/v2\/product_cat?post=68307972"},{"taxonomy":"product_tag","embeddable":true,"href":"https:\/\/kraftwerk-shop.cc\/es\/wp-json\/wp\/v2\/product_tag?post=68307972"}],"curies":[{"name":"wp","href":"https:\/\/api.w.org\/{rel}","templated":true}]}}