{"id":68307975,"date":"2024-09-29T15:17:24","date_gmt":"2024-09-29T13:17:24","guid":{"rendered":"https:\/\/kraftwerk-shop.cc\/?post_type=product&#038;p=68307975"},"modified":"2026-04-17T13:02:30","modified_gmt":"2026-04-17T11:02:30","slug":"pastillas-de-freno-dba-db15196sp-ram","status":"publish","type":"product","link":"https:\/\/kraftwerk-shop.cc\/es\/produkt\/dba-bremsbelaege-db15196sp-ram\/","title":{"rendered":"Pastillas de freno DBA DB15196SP RAM"},"content":{"rendered":"<h1>Pastillas de freno DBA Street Performance DB15196SP para RAM 3.0 EcoDiesel, 3.6, 5.7 y 6.2 TRX (eje trasero) a partir de 2019<\/h1>\n<p>&nbsp;<\/p>\n<p>Las pastillas de freno DBA Street Performance (DB15195SP) ofrecen un rendimiento de frenado excepcional y est\u00e1n especialmente desarrolladas para conductores exigentes que necesitan una potencia de frenado fiable y eficaz en la carretera. Estas pastillas de freno se caracterizan por un equilibrio perfecto entre comodidad, durabilidad y rendimiento, ideal para la conducci\u00f3n diaria y aplicaciones m\u00e1s deportivas.<\/p>\n<p>&nbsp;<\/p>\n<p><strong>Propiedades:<\/strong><\/p>\n<ul>\n<li>Materiales de alta calidad: Las pastillas est\u00e1n fabricadas con una mezcla especial de materiales de fricci\u00f3n que garantiza el m\u00e1ximo rendimiento en una amplia gama de condiciones.<\/li>\n<li>Poco polvo de frenos: Reduce la suciedad de las llantas y garantiza un veh\u00edculo m\u00e1s limpio.<\/li>\n<li>Desarrollo del ruido minimizado: gracias a las innovadoras tecnolog\u00edas de insonorizaci\u00f3n, el ruido de frenado se reduce al m\u00ednimo.<\/li>\n<li>Resistencia a altas temperaturas: estas pastillas soportan altas temperaturas, lo que reduce el riesgo de decoloraci\u00f3n y garantiza una potencia de frenado constante incluso en viajes exigentes.<\/li>\n<li>Larga vida \u00fatil: Los robustos materiales garantizan una mayor vida \u00fatil en comparaci\u00f3n con las pastillas de freno est\u00e1ndar.<\/li>\n<\/ul>\n<p>&nbsp;<\/p>\n<p><strong>Ideal para:<\/strong><\/p>\n<ul>\n<li>Uso de la carretera<\/li>\n<li>Veh\u00edculos de uso cotidiano<\/li>\n<li>Entusiastas de la conducci\u00f3n que valoran la seguridad y las prestaciones<\/li>\n<\/ul>\n<p>Con las pastillas de freno DBA Street Performance, obtendr\u00e1 una excelente combinaci\u00f3n de seguridad, comodidad y durabilidad para el uso diario.<br \/>\nDBA recomienda la combinaci\u00f3n con rotores ranurados T3 en las series 4000 y 5000 para un rendimiento \u00f3ptimo de frenado.<\/p>\n<p>&nbsp;<\/p>\n<p><strong>Especificaciones:<\/strong><\/p>\n<ul>\n<li>Material de fricci\u00f3n semimet\u00e1lico reforzado con fibra de carbono<\/li>\n<li>El coeficiente de fricci\u00f3n medio es de 0,45 entre temperaturas bajas y altas.<\/li>\n<li>\u00a0Excelente rendimiento a altas temperaturas<\/li>\n<li>Consistencia de frenado \u00f3ptima hasta 438\u2103 (820\u2109)<\/li>\n<\/ul>\n<p>&nbsp;<\/p>\n<p><strong>N\u00fameros de comparaci\u00f3n Mopar:<\/strong>\u00a0\u00a0<span class=\"list-value\">68412364AA, 68412364AB<\/span>, <span class=\"list-value\">68412364AC<\/span><\/p>\n<p>&nbsp;<\/p>\n<p><strong>Adecuado para:<\/strong><\/p>\n<table width=\"576\">\n<tbody>\n<tr>\n<td width=\"83\"><strong>Marca<\/strong><\/td>\n<td width=\"205\"><strong>Modelo<\/strong><\/td>\n<td width=\"179\"><strong>Motor<\/strong><\/td>\n<td width=\"109\"><strong>A\u00f1o de construcci\u00f3n<\/strong><\/td>\n<\/tr>\n<tr>\n<td width=\"83\">RAM<\/td>\n<td width=\"205\">1500<\/td>\n<td width=\"179\">3.0 EcoDiesel<\/td>\n<td width=\"109\">2020 - 2023<\/td>\n<\/tr>\n<tr>\n<td width=\"83\">RAM<\/td>\n<td width=\"205\">1500<\/td>\n<td width=\"179\">3.6<\/td>\n<td width=\"109\">2019 - 2024<\/td>\n<\/tr>\n<tr>\n<td width=\"83\">RAM<\/td>\n<td width=\"205\">1500<\/td>\n<td width=\"179\">5.7<\/td>\n<td width=\"109\">2019 - 2024<\/td>\n<\/tr>\n<tr>\n<td width=\"83\">RAM<\/td>\n<td width=\"205\">1500<\/td>\n<td width=\"179\">6.2 TRX<\/td>\n<td width=\"109\">2020 - 2024<\/td>\n<\/tr>\n<\/tbody>\n<\/table>\n<p>El precio se refiere a 1 juego para el eje trasero completo.<\/p>\n<p>&nbsp;<\/p>","protected":false},"excerpt":{"rendered":"<p>2019-2024<\/p>","protected":false},"featured_media":68308068,"comment_status":"open","ping_status":"closed","template":"","meta":{"_acf_changed":false},"product_brand":[18922],"product_cat":[19407,19678,5013,4705],"product_tag":[475,4508,169,91,4717,4718,4716,838,590,839,840,7801,789,476,126,798,799,86,3507,4444,7807,4692,2353,673],"class_list":{"0":"post-68307975","1":"product","2":"type-product","3":"status-publish","4":"has-post-thumbnail","6":"product_brand-dba","7":"product_cat-1500-ecodiesel-2020-2023-bremsen-hinten","8":"product_cat-1500-36-dt-bremsen-hinten","9":"product_cat-1500-57-dt-bremsen-hinten","10":"product_cat-trx-bremsen-hinten","11":"product_tag-475","12":"product_tag-3-0-ecodiesel","13":"product_tag-3-6","14":"product_tag-5-7","15":"product_tag-68412364aa","16":"product_tag-68412364ab","17":"product_tag-68412364ac","18":"product_tag-bremsbelag","19":"product_tag-bremsbelaege","20":"product_tag-bremsklotz","21":"product_tag-bremskloetze","22":"product_tag-db15196sp","23":"product_tag-dba","24":"product_tag-dt","25":"product_tag-hemi","26":"product_tag-hinten","27":"product_tag-hinterachse","28":"product_tag-ram","29":"product_tag-ram1500","30":"product_tag-ram-trx","31":"product_tag-sportbelag","32":"product_tag-street-performance","33":"product_tag-trx","34":"product_tag-zubehoer","35":"product_shipping_class-deutschlandohne","37":"first","38":"instock","39":"taxable","40":"shipping-taxable","41":"purchasable","42":"product-type-simple"},"bundled_by":[],"bundle_stock_status":"instock","bundle_stock_quantity":1,"bundle_virtual":false,"bundle_layout":"","bundle_add_to_cart_form_location":"","bundle_editable_in_cart":false,"bundle_sold_individually_context":"","bundle_item_grouping":"","bundle_min_size":"","bundle_max_size":"","bundle_price":[],"bundled_items":[],"bundle_sell_ids":[],"exclude_global_add_ons":[],"addons":[],"acf":[],"_links":{"self":[{"href":"https:\/\/kraftwerk-shop.cc\/es\/wp-json\/wp\/v2\/product\/68307975","targetHints":{"allow":["GET"]}}],"collection":[{"href":"https:\/\/kraftwerk-shop.cc\/es\/wp-json\/wp\/v2\/product"}],"about":[{"href":"https:\/\/kraftwerk-shop.cc\/es\/wp-json\/wp\/v2\/types\/product"}],"replies":[{"embeddable":true,"href":"https:\/\/kraftwerk-shop.cc\/es\/wp-json\/wp\/v2\/comments?post=68307975"}],"version-history":[{"count":0,"href":"https:\/\/kraftwerk-shop.cc\/es\/wp-json\/wp\/v2\/product\/68307975\/revisions"}],"wp:featuredmedia":[{"embeddable":true,"href":"https:\/\/kraftwerk-shop.cc\/es\/wp-json\/wp\/v2\/media\/68308068"}],"wp:attachment":[{"href":"https:\/\/kraftwerk-shop.cc\/es\/wp-json\/wp\/v2\/media?parent=68307975"}],"wp:term":[{"taxonomy":"product_brand","embeddable":true,"href":"https:\/\/kraftwerk-shop.cc\/es\/wp-json\/wp\/v2\/product_brand?post=68307975"},{"taxonomy":"product_cat","embeddable":true,"href":"https:\/\/kraftwerk-shop.cc\/es\/wp-json\/wp\/v2\/product_cat?post=68307975"},{"taxonomy":"product_tag","embeddable":true,"href":"https:\/\/kraftwerk-shop.cc\/es\/wp-json\/wp\/v2\/product_tag?post=68307975"}],"curies":[{"name":"wp","href":"https:\/\/api.w.org\/{rel}","templated":true}]}}