{"id":68307981,"date":"2024-09-29T15:17:16","date_gmt":"2024-09-29T13:17:16","guid":{"rendered":"https:\/\/kraftwerk-shop.cc\/?post_type=product&#038;p=68307981"},"modified":"2026-03-30T02:14:38","modified_gmt":"2026-03-30T00:14:38","slug":"pastillas-de-freno-dba-db7991xp-ram","status":"publish","type":"product","link":"https:\/\/kraftwerk-shop.cc\/es\/produkt\/dba-bremsbelaege-db7991xp-ram\/","title":{"rendered":"Pastillas de freno DBA DB7991XP RAM"},"content":{"rendered":"<h1>Pastillas de freno DBA <span class=\"fontstyle0\">DB7991XP <\/span>para RAM 1500 3.0 Ecodiesel, 3.6 y 5.7 de 2006 a 2018 y RAM Classic a partir de 2019 (eje delantero)<\/h1>\n<p>&nbsp;<\/p>\n<p>Las pastillas de freno Xtreme Performance de DBA han sido desarrolladas para conductores que esperan un alto agarre inicial y resistencia a la fricci\u00f3n desde bajas a altas temperaturas.<br \/>\nLa serie XP est\u00e1 dise\u00f1ada para aplicaciones pesadas en las que se requiere un mayor nivel de fricci\u00f3n para frenar con seguridad en condiciones extremas.<\/p>\n<p>DBA recomienda la combinaci\u00f3n con rotores ranurados T3 en las series 4000 y 5000 para un rendimiento \u00f3ptimo de frenado.<br \/>\nEspecificaciones:<\/p>\n<ul>\n<li>Material de fricci\u00f3n semimet\u00e1lico reforzado con fibra de carbono<\/li>\n<li>El coeficiente de fricci\u00f3n medio es de 0,45 entre temperaturas bajas y altas.<\/li>\n<li>\u00a0Excelente rendimiento a altas temperaturas<\/li>\n<li>Consistencia de frenado \u00f3ptima hasta 550<span style=\"font-family: cambria math,serif;\">\u2103<\/span> (1022<span style=\"font-family: cambria math,serif;\">\u2109<\/span>)<\/li>\n<\/ul>\n<p>&nbsp;<\/p>\n<p><strong>N\u00fameros de comparaci\u00f3n Mopar:<\/strong> 68334862AA, <span class=\"list-value sku-display\">68334862AB<\/span>, 05143350AA, 0<span class=\"list-value\">5143350AB, 05143350AC, 5143350AA, 5143350AB, 5143350AC<\/span><\/p>\n<p>&nbsp;<\/p>\n<p><strong>Adecuado para:<\/strong><\/p>\n<table width=\"498\">\n<tbody>\n<tr>\n<td width=\"114\"><strong>Marca<\/strong><\/td>\n<td width=\"121\"><strong>Modelo<\/strong><\/td>\n<td width=\"122\"><strong>Motor<\/strong><\/td>\n<td width=\"141\"><strong>A\u00f1o de construcci\u00f3n<\/strong><\/td>\n<\/tr>\n<tr>\n<td width=\"114\">RAM<\/td>\n<td width=\"121\">1500<\/td>\n<td width=\"122\">3.0 EcoDiesel<\/td>\n<td width=\"141\">2014-2018<\/td>\n<\/tr>\n<tr>\n<td width=\"114\">RAM<\/td>\n<td>1500 Classic<\/td>\n<td width=\"122\">3.0 EcoDiesel<\/td>\n<td>2019<\/td>\n<\/tr>\n<tr>\n<td width=\"114\">RAM<\/td>\n<td width=\"121\">1500<\/td>\n<td width=\"122\">3.6<\/td>\n<td width=\"141\">2013-2018<\/td>\n<\/tr>\n<tr>\n<td width=\"114\">RAM<\/td>\n<td>1500 Classic<\/td>\n<td width=\"122\">3.6<\/td>\n<td>2019-2024<\/td>\n<\/tr>\n<tr>\n<td width=\"114\">RAM<\/td>\n<td width=\"121\">1500<\/td>\n<td width=\"122\">5.7<\/td>\n<td width=\"141\">2006-2018<\/td>\n<\/tr>\n<tr>\n<td width=\"114\">RAM<\/td>\n<td>1500 Classic<\/td>\n<td width=\"122\">5.7<\/td>\n<td>2019-2024<\/td>\n<\/tr>\n<\/tbody>\n<\/table>\n<p>&nbsp;<\/p>\n<p>El precio se refiere a 1 juego para el eje delantero completo.<\/p>\n<p>&nbsp;<\/p>\n<p>&nbsp;<\/p>","protected":false},"excerpt":{"rendered":"<p>2006 - 2018 &amp; Cl\u00e1sica 2019 - 2024<\/p>","protected":false},"featured_media":68308071,"comment_status":"open","ping_status":"closed","template":"","meta":{"_acf_changed":false},"product_brand":[18922],"product_cat":[4237,4754,7753,3515],"product_tag":[7802,7803,3508,475,4508,169,91,7804,6770,6771,3512,6772,838,590,839,840,2219,789,4965,7809,4251,477,126,86,3507,7807,842,841,7808,673],"class_list":{"0":"post-68307981","1":"product","2":"type-product","3":"status-publish","4":"has-post-thumbnail","6":"product_brand-dba","7":"product_cat-1500-ecodiesel-bremsen-vorne","8":"product_cat-1500-36-bremsen-vorne","9":"product_cat-1500-57-2003-2008-bremsen-vorne","10":"product_cat-1500-57-2009-2018-classic-bremsen-vorne","11":"product_tag-05143350aa","12":"product_tag-05143350ab","13":"product_tag-05143350ac","14":"product_tag-475","15":"product_tag-3-0-ecodiesel","16":"product_tag-3-6","17":"product_tag-5-7","18":"product_tag-5143350aa","19":"product_tag-5143350ab","20":"product_tag-5143350ac","21":"product_tag-68334862aa","22":"product_tag-68334862ab","23":"product_tag-bremsbelag","24":"product_tag-bremsbelaege","25":"product_tag-bremsklotz","26":"product_tag-bremskloetze","27":"product_tag-classic","28":"product_tag-dba","29":"product_tag-dodge-ram","30":"product_tag-dodge-ram-1500","31":"product_tag-dr","32":"product_tag-ds","33":"product_tag-hemi","34":"product_tag-ram","35":"product_tag-ram1500","36":"product_tag-sportbelag","37":"product_tag-vorderachse","38":"product_tag-vorne","39":"product_tag-xtreme-performance","40":"product_tag-zubehoer","42":"first","43":"instock","44":"taxable","45":"shipping-taxable","46":"purchasable","47":"product-type-simple"},"bundled_by":[],"bundle_stock_status":"instock","bundle_stock_quantity":2,"bundle_virtual":false,"bundle_layout":"","bundle_add_to_cart_form_location":"","bundle_editable_in_cart":false,"bundle_sold_individually_context":"","bundle_item_grouping":"","bundle_min_size":"","bundle_max_size":"","bundle_price":[],"bundled_items":[],"bundle_sell_ids":[],"exclude_global_add_ons":[],"addons":[],"acf":[],"_links":{"self":[{"href":"https:\/\/kraftwerk-shop.cc\/es\/wp-json\/wp\/v2\/product\/68307981","targetHints":{"allow":["GET"]}}],"collection":[{"href":"https:\/\/kraftwerk-shop.cc\/es\/wp-json\/wp\/v2\/product"}],"about":[{"href":"https:\/\/kraftwerk-shop.cc\/es\/wp-json\/wp\/v2\/types\/product"}],"replies":[{"embeddable":true,"href":"https:\/\/kraftwerk-shop.cc\/es\/wp-json\/wp\/v2\/comments?post=68307981"}],"version-history":[{"count":0,"href":"https:\/\/kraftwerk-shop.cc\/es\/wp-json\/wp\/v2\/product\/68307981\/revisions"}],"wp:featuredmedia":[{"embeddable":true,"href":"https:\/\/kraftwerk-shop.cc\/es\/wp-json\/wp\/v2\/media\/68308071"}],"wp:attachment":[{"href":"https:\/\/kraftwerk-shop.cc\/es\/wp-json\/wp\/v2\/media?parent=68307981"}],"wp:term":[{"taxonomy":"product_brand","embeddable":true,"href":"https:\/\/kraftwerk-shop.cc\/es\/wp-json\/wp\/v2\/product_brand?post=68307981"},{"taxonomy":"product_cat","embeddable":true,"href":"https:\/\/kraftwerk-shop.cc\/es\/wp-json\/wp\/v2\/product_cat?post=68307981"},{"taxonomy":"product_tag","embeddable":true,"href":"https:\/\/kraftwerk-shop.cc\/es\/wp-json\/wp\/v2\/product_tag?post=68307981"}],"curies":[{"name":"wp","href":"https:\/\/api.w.org\/{rel}","templated":true}]}}