{"id":68308451,"date":"2024-10-05T22:34:11","date_gmt":"2024-10-05T20:34:11","guid":{"rendered":"https:\/\/kraftwerk-shop.cc\/?post_type=product&#038;p=68308451"},"modified":"2026-02-15T01:14:00","modified_gmt":"2026-02-15T00:14:00","slug":"jba-colectores-ceramica-1965sjs","status":"publish","type":"product","link":"https:\/\/kraftwerk-shop.cc\/es\/produkt\/jba-shorty-kruemmer-silver-ceramic-1965sjs\/","title":{"rendered":"Colector JBA Shorty Silver Ceramic 6.1 &amp; 6.4"},"content":{"rendered":"<h1>JBA Colector corto 1965SJS para Chrysler 300C, Dodge Challenger, Charger y Magnum 6.1 y 6.4 de 2005 a 2014, recubierto de cer\u00e1mica plateada<\/h1>\n<p>&nbsp;<\/p>\n<p>Los colectores JBA Shorty son una de las mejores mejoras de rendimiento disponibles para su Chrysler 300C, Dodge Challenger, Charger y Magnum 6.1 y 6.4.<br \/>\nLos colectores JBA Shorty son significativamente menos restrictivos que los colectores est\u00e1ndar de su veh\u00edculo y aumentan el rendimiento y la eficiencia del motor.<br \/>\nEl dise\u00f1o shorty original de JBA es una evoluci\u00f3n del antiguo colector longtube.<br \/>\nLos nuevos colectores cortos proporcionan los aumentos de alto rendimiento que otros fabricantes s\u00f3lo consiguen con colectores de tubo largo.<br \/>\nEst\u00e1n fabricados en robusto acero inoxidable y pueden soportar tanto las tensiones de las carreras como las de la conducci\u00f3n diaria.<\/p>\n<p>Con gran capacidad de carga y tecnolog\u00eda innovadora, como el colector JBA Firecone, los colectores Shorty de JBA son capaces de producir m\u00e1s potencia que cualquier otro colector Shorty del mercado.<\/p>\n<p>Cada sistema incluye materiales de fijaci\u00f3n de alta calidad e instrucciones detalladas para una instalaci\u00f3n profesional sin fugas.<\/p>\n<p>&nbsp;<\/p>\n<ul>\n<li>Tubos primarios de acero inoxidable doblados de 1 5\/8\u2033.<br \/>\n- mejor flujo, durabilidad, mejor comportamiento de respuesta<\/li>\n<li>Innovador colector JBA Firecone<br \/>\n- Tecnolog\u00eda probada en competici\u00f3n para obtener el m\u00e1ximo rendimiento<\/li>\n<li>Conexiones de f\u00e1brica<br \/>\n- Instalaci\u00f3n m\u00e1s sencilla<\/li>\n<li>C\u00fapulas de colector extragruesas<br \/>\n- Sin alabeos como con los colectores de calidad inferior, sin fugas<\/li>\n<li>Insignia JBA<br \/>\n- aut\u00e9ntica calidad JBA<\/li>\n<li>Bridas mecanizadas de 3\/8\u2033 de grosor<br \/>\n- Resiste la deformaci\u00f3n, evita las fugas y facilita la instalaci\u00f3n<\/li>\n<li>Aperturas de escape sobredimensionadas<br \/>\n- Mayor caudal, permite ajustar la apertura de la culata<\/li>\n<li>Est\u00e9tica mejorada<br \/>\n- El revestimiento cer\u00e1mico metalizado confiere al compartimento del motor un aspecto limpio y de alta calidad.<\/li>\n<li>Temperatura de funcionamiento del refrigerador<br \/>\n- el revestimiento especial reduce el desarrollo de calor y protege los componentes circundantes<\/li>\n<\/ul>\n<p>&nbsp;<\/p>\n<p><strong>Adecuado para:<\/strong><\/p>\n<table width=\"637\">\n<tbody>\n<tr>\n<td width=\"115\"><strong>Marca<\/strong><\/td>\n<td width=\"145\"><strong>Modelo<\/strong><\/td>\n<td width=\"214\"><strong>Motor<\/strong><\/td>\n<td width=\"163\"><strong>A\u00f1o de construcci\u00f3n<\/strong><\/td>\n<\/tr>\n<tr>\n<td>Chrysler<\/td>\n<td>300C<\/td>\n<td>6.1<\/td>\n<td>2005-2010<\/td>\n<\/tr>\n<tr>\n<td width=\"115\">Chrysler<\/td>\n<td width=\"145\">300C<\/td>\n<td>6.4<\/td>\n<td width=\"163\">2012-2014<\/td>\n<\/tr>\n<tr>\n<td>Dodge<\/td>\n<td>Challenger<\/td>\n<td>6.1<\/td>\n<td>2008-2010<\/td>\n<\/tr>\n<tr>\n<td width=\"115\">Dodge<\/td>\n<td width=\"145\">Challenger<\/td>\n<td>6.4<\/td>\n<td width=\"163\">2011-2014<\/td>\n<\/tr>\n<tr>\n<td>Dodge<\/td>\n<td>Charger<\/td>\n<td>6.1<\/td>\n<td>2005-2010<\/td>\n<\/tr>\n<tr>\n<td width=\"115\">Dodge<\/td>\n<td width=\"145\">Charger<\/td>\n<td>6.4<\/td>\n<td width=\"163\">2011-2014<\/td>\n<\/tr>\n<tr>\n<td>Dodge<\/td>\n<td>Magnum<\/td>\n<td>6.1<\/td>\n<td>2006-2008<\/td>\n<\/tr>\n<\/tbody>\n<\/table>\n<p>&nbsp;<\/p>\n<p><strong>Acerca de JBA Performance Exhaust<\/strong><\/p>\n<p>JBA Performance Exhaust es una marca de renombre en el campo de los sistemas de escape de alto rendimiento que se ha hecho un nombre gracias a la calidad, la innovaci\u00f3n y un rendimiento excepcional. Desde sus inicios, JBA siempre ha tenido como objetivo proporcionar a los entusiastas de los veh\u00edculos componentes de escape de alta calidad que mejoren tanto el rendimiento como la eficiencia.<\/p>\n<p><strong>Historia y desarrollo:<\/strong><\/p>\n<p>JBA Performance Exhaust se fund\u00f3 en la d\u00e9cada de 1980 y se ha consolidado r\u00e1pidamente como proveedor l\u00edder de sistemas de escape en la industria del autom\u00f3vil. La empresa es conocida por sus desarrollos pioneros en colectores de escape y sistemas de escape, dise\u00f1ados espec\u00edficamente para maximizar el rendimiento del motor y minimizar las emisiones.<\/p>\n<p><strong>Gama de productos:<\/strong><\/p>\n<p>La gama de productos JBA incluye una variedad de componentes de escape, incluyendo colectores, convertidores catal\u00edticos y sistemas de escape completos. Todos los productos se caracterizan por su mano de obra y materiales de alta calidad, como el acero inoxidable y revestimientos especiales, que garantizan la durabilidad y un rendimiento \u00f3ptimo.<\/p>\n<p><strong>Innovaciones:<\/strong><\/p>\n<p>JBA es conocida por su innovaci\u00f3n y excelencia tecnol\u00f3gica. La empresa ha registrado numerosas patentes por sus dise\u00f1os \u00fanicos y t\u00e9cnicas de fabricaci\u00f3n que mejoran el rendimiento y la eficiencia de los veh\u00edculos. Un ejemplo de ello es el colector \"Shorty\" de JBA, reconocido por su facilidad de instalaci\u00f3n y su extraordinaria mejora del rendimiento.<\/p>\n<p><strong>normas de calidad:<\/strong><\/p>\n<p>El compromiso de JBA con la calidad no tiene rival. Cada producto se somete a rigurosos controles de calidad y pruebas para garantizar que cumple con los m\u00e1s altos est\u00e1ndares. Este compromiso con la calidad ha hecho de JBA una marca de confianza entre los profesionales del motor y los entusiastas del autom\u00f3vil.<\/p>\n<p>&nbsp;<\/p>","protected":false},"excerpt":{"rendered":"<p>2005-2014<\/p>","protected":false},"featured_media":68308453,"comment_status":"open","ping_status":"closed","template":"","meta":{"_acf_changed":false},"product_brand":[17175],"product_cat":[6639,6583,6642,6521,6645,6559,6648],"product_tag":[7885,52,92,93,1035,546,3045,3626,54,53,48,49,3853,2786,543,126,3625,3630,20273,1166,550,55,186,86,3368,3340,7886,7878,547,96,1056,164],"class_list":{"0":"post-68308451","1":"product","2":"type-product","3":"status-publish","4":"has-post-thumbnail","6":"product_brand-jba","7":"product_cat-300c-61-abgaskruemmer-katalysatoren","8":"product_cat-300c-64-abgaskruemmer-katalysatoren","9":"product_cat-challenger-61-abgaskruemmer-katalysatoren","10":"product_cat-challenger-64-abgaskruemmer-katalysatoren","11":"product_cat-charger-61-abgaskruemmer-katalysatoren","12":"product_cat-charger-64-abgaskruemmer-katalysatoren","13":"product_cat-magnum-61-abgaskruemmer-katalysatoren","14":"product_tag-1965sjs","15":"product_tag-300c","16":"product_tag-6-1","17":"product_tag-6-4","18":"product_tag-abgasanlage","19":"product_tag-auspuff","20":"product_tag-beschichtet","21":"product_tag-cat4ward","22":"product_tag-challenger","23":"product_tag-charger","24":"product_tag-chrysler","25":"product_tag-dodge","26":"product_tag-dodge-challenger","27":"product_tag-exhaust","28":"product_tag-faecherkruemmer","29":"product_tag-hemi","30":"product_tag-jba","31":"product_tag-jbaperformance","32":"product_tag-keintuev","33":"product_tag-keramik","34":"product_tag-kruemmer","35":"product_tag-magnum","36":"product_tag-performance","37":"product_tag-ram","38":"product_tag-shorties","39":"product_tag-shorty","40":"product_tag-silber","41":"product_tag-silberkeramik","42":"product_tag-sportauspuff","43":"product_tag-srt","44":"product_tag-srt-8","45":"product_tag-srt8","46":"product_shipping_class-paket-l","48":"first","49":"onbackorder","50":"taxable","51":"shipping-taxable","52":"purchasable","53":"product-type-simple"},"bundled_by":[],"bundle_stock_status":"onbackorder","bundle_stock_quantity":0,"bundle_virtual":false,"bundle_layout":"","bundle_add_to_cart_form_location":"","bundle_editable_in_cart":false,"bundle_sold_individually_context":"","bundle_item_grouping":"","bundle_min_size":"","bundle_max_size":"","bundle_price":[],"bundled_items":[],"bundle_sell_ids":[],"exclude_global_add_ons":[],"addons":[],"acf":[],"_links":{"self":[{"href":"https:\/\/kraftwerk-shop.cc\/es\/wp-json\/wp\/v2\/product\/68308451","targetHints":{"allow":["GET"]}}],"collection":[{"href":"https:\/\/kraftwerk-shop.cc\/es\/wp-json\/wp\/v2\/product"}],"about":[{"href":"https:\/\/kraftwerk-shop.cc\/es\/wp-json\/wp\/v2\/types\/product"}],"replies":[{"embeddable":true,"href":"https:\/\/kraftwerk-shop.cc\/es\/wp-json\/wp\/v2\/comments?post=68308451"}],"version-history":[{"count":0,"href":"https:\/\/kraftwerk-shop.cc\/es\/wp-json\/wp\/v2\/product\/68308451\/revisions"}],"wp:featuredmedia":[{"embeddable":true,"href":"https:\/\/kraftwerk-shop.cc\/es\/wp-json\/wp\/v2\/media\/68308453"}],"wp:attachment":[{"href":"https:\/\/kraftwerk-shop.cc\/es\/wp-json\/wp\/v2\/media?parent=68308451"}],"wp:term":[{"taxonomy":"product_brand","embeddable":true,"href":"https:\/\/kraftwerk-shop.cc\/es\/wp-json\/wp\/v2\/product_brand?post=68308451"},{"taxonomy":"product_cat","embeddable":true,"href":"https:\/\/kraftwerk-shop.cc\/es\/wp-json\/wp\/v2\/product_cat?post=68308451"},{"taxonomy":"product_tag","embeddable":true,"href":"https:\/\/kraftwerk-shop.cc\/es\/wp-json\/wp\/v2\/product_tag?post=68308451"}],"curies":[{"name":"wp","href":"https:\/\/api.w.org\/{rel}","templated":true}]}}