{"id":68308459,"date":"2024-10-05T23:05:46","date_gmt":"2024-10-05T21:05:46","guid":{"rendered":"https:\/\/kraftwerk-shop.cc\/?post_type=product&#038;p=68308459"},"modified":"2026-02-15T01:13:59","modified_gmt":"2026-02-15T00:13:59","slug":"jba-colectores-durango-1962s","status":"publish","type":"product","link":"https:\/\/kraftwerk-shop.cc\/es\/produkt\/jba-shorty-kruemmer-durango-1962s\/","title":{"rendered":"JBA Shorty colector Durango 5.7"},"content":{"rendered":"<h1>JBA Shorty colector 1962S para Dodge Durango 5.7 de 2004 a 2008<\/h1>\n<p>&nbsp;<\/p>\n<p>Los colectores JBA Shorty son una de las mejores mejoras de rendimiento disponibles para su Dodge Durango 5.7.<br \/>\nLos colectores JBA Shorty son significativamente menos restrictivos que los colectores est\u00e1ndar de su veh\u00edculo y aumentan el rendimiento y la eficiencia del motor.<br \/>\nEl dise\u00f1o shorty original de JBA es una evoluci\u00f3n del antiguo colector longtube.<br \/>\nLos nuevos colectores cortos proporcionan los aumentos de alto rendimiento que otros fabricantes s\u00f3lo consiguen con colectores de tubo largo.<br \/>\nEst\u00e1n fabricados en robusto acero inoxidable y pueden soportar tanto las tensiones de las carreras como las de la conducci\u00f3n diaria.<\/p>\n<p>Con gran capacidad de carga y tecnolog\u00eda innovadora, como el colector JBA Firecone, los colectores Shorty de JBA son capaces de producir m\u00e1s potencia que cualquier otro colector Shorty del mercado.<\/p>\n<p>Cada sistema incluye materiales de fijaci\u00f3n de alta calidad e instrucciones detalladas para una instalaci\u00f3n profesional sin fugas.<\/p>\n<p>&nbsp;<\/p>\n<ul>\n<li>Tubos primarios de acero inoxidable doblados de 1 5\/8\u2033.<br \/>\n- mejor flujo, durabilidad, mejor comportamiento de respuesta<\/li>\n<li>Innovador colector JBA Firecone<br \/>\n- Tecnolog\u00eda probada en competici\u00f3n para obtener el m\u00e1ximo rendimiento<\/li>\n<li>Conexiones de f\u00e1brica<br \/>\n- Instalaci\u00f3n m\u00e1s sencilla<\/li>\n<li>C\u00fapulas de colector extragruesas<br \/>\n- Sin alabeos como con los colectores de calidad inferior, sin fugas<\/li>\n<li>Insignia JBA<br \/>\n- aut\u00e9ntica calidad JBA<\/li>\n<li>Bridas mecanizadas de 3\/8\u2033 de grosor<br \/>\n- Resiste la deformaci\u00f3n, evita las fugas y facilita la instalaci\u00f3n<\/li>\n<li>Aperturas de escape sobredimensionadas<br \/>\n- Mayor caudal, permite ajustar la apertura de la culata<\/li>\n<li>La instalaci\u00f3n requiere la soldadura\/modificaci\u00f3n del sistema de escape<\/li>\n<\/ul>\n<p>&nbsp;<\/p>\n<p><strong>Adecuado para:<\/strong><\/p>\n<table width=\"637\">\n<tbody>\n<tr>\n<td width=\"115\"><strong>Marca<\/strong><\/td>\n<td width=\"145\"><strong>Modelo<\/strong><\/td>\n<td width=\"214\"><strong>Motor<\/strong><\/td>\n<td width=\"163\"><strong>A\u00f1o de construcci\u00f3n<\/strong><\/td>\n<\/tr>\n<tr>\n<td>Dodge<\/td>\n<td>Durango<\/td>\n<td>5.7<\/td>\n<td>2004-2008<\/td>\n<\/tr>\n<\/tbody>\n<\/table>\n<p>&nbsp;<\/p>\n<p>&nbsp;<\/p>\n<p><strong>Acerca de JBA Performance Exhaust<\/strong><\/p>\n<p>JBA Performance Exhaust es una marca de renombre en el campo de los sistemas de escape de alto rendimiento que se ha hecho un nombre gracias a la calidad, la innovaci\u00f3n y un rendimiento excepcional. Desde sus inicios, JBA siempre ha tenido como objetivo proporcionar a los entusiastas de los veh\u00edculos componentes de escape de alta calidad que mejoren tanto el rendimiento como la eficiencia.<\/p>\n<p><strong>Historia y desarrollo:<\/strong><\/p>\n<p>JBA Performance Exhaust se fund\u00f3 en la d\u00e9cada de 1980 y se ha consolidado r\u00e1pidamente como proveedor l\u00edder de sistemas de escape en la industria del autom\u00f3vil. La empresa es conocida por sus desarrollos pioneros en colectores de escape y sistemas de escape, dise\u00f1ados espec\u00edficamente para maximizar el rendimiento del motor y minimizar las emisiones.<\/p>\n<p><strong>Gama de productos:<\/strong><\/p>\n<p>La gama de productos JBA incluye una variedad de componentes de escape, incluyendo colectores, convertidores catal\u00edticos y sistemas de escape completos. Todos los productos se caracterizan por su mano de obra y materiales de alta calidad, como el acero inoxidable y revestimientos especiales, que garantizan la durabilidad y un rendimiento \u00f3ptimo.<\/p>\n<p><strong>Innovaciones:<\/strong><\/p>\n<p>JBA es conocida por su innovaci\u00f3n y excelencia tecnol\u00f3gica. La empresa ha registrado numerosas patentes por sus dise\u00f1os \u00fanicos y t\u00e9cnicas de fabricaci\u00f3n que mejoran el rendimiento y la eficiencia de los veh\u00edculos. Un ejemplo de ello es el colector \"Shorty\" de JBA, reconocido por su facilidad de instalaci\u00f3n y su extraordinaria mejora del rendimiento.<\/p>\n<p><strong>normas de calidad:<\/strong><\/p>\n<p>El compromiso de JBA con la calidad no tiene rival. Cada producto se somete a rigurosos controles de calidad y pruebas para garantizar que cumple con los m\u00e1s altos est\u00e1ndares. Este compromiso con la calidad ha hecho de JBA una marca de confianza entre los profesionales del motor y los entusiastas del autom\u00f3vil.<\/p>\n<p>&nbsp;<\/p>","protected":false},"excerpt":{"rendered":"<p>2004-2008<\/p>","protected":false},"featured_media":68308461,"comment_status":"open","ping_status":"closed","template":"","meta":{"_acf_changed":false},"product_brand":[17175],"product_cat":[6612],"product_tag":[7888,91,1035,546,3626,49,95,2786,543,126,3625,3630,20273,550,186,3368,3340,547],"class_list":{"0":"post-68308459","1":"product","2":"type-product","3":"status-publish","4":"has-post-thumbnail","6":"product_brand-jba","7":"product_cat-durango-57-abgaskruemmer-katalysatoren","8":"product_tag-1962s","9":"product_tag-5-7","10":"product_tag-abgasanlage","11":"product_tag-auspuff","12":"product_tag-cat4ward","13":"product_tag-dodge","14":"product_tag-durango","15":"product_tag-exhaust","16":"product_tag-faecherkruemmer","17":"product_tag-hemi","18":"product_tag-jba","19":"product_tag-jbaperformance","20":"product_tag-keintuev","21":"product_tag-kruemmer","22":"product_tag-performance","23":"product_tag-shorties","24":"product_tag-shorty","25":"product_tag-sportauspuff","26":"product_shipping_class-paket-l","28":"first","29":"onbackorder","30":"taxable","31":"shipping-taxable","32":"purchasable","33":"product-type-simple"},"bundled_by":[],"bundle_stock_status":"onbackorder","bundle_stock_quantity":0,"bundle_virtual":false,"bundle_layout":"","bundle_add_to_cart_form_location":"","bundle_editable_in_cart":false,"bundle_sold_individually_context":"","bundle_item_grouping":"","bundle_min_size":"","bundle_max_size":"","bundle_price":[],"bundled_items":[],"bundle_sell_ids":[],"exclude_global_add_ons":[],"addons":[],"acf":[],"_links":{"self":[{"href":"https:\/\/kraftwerk-shop.cc\/es\/wp-json\/wp\/v2\/product\/68308459","targetHints":{"allow":["GET"]}}],"collection":[{"href":"https:\/\/kraftwerk-shop.cc\/es\/wp-json\/wp\/v2\/product"}],"about":[{"href":"https:\/\/kraftwerk-shop.cc\/es\/wp-json\/wp\/v2\/types\/product"}],"replies":[{"embeddable":true,"href":"https:\/\/kraftwerk-shop.cc\/es\/wp-json\/wp\/v2\/comments?post=68308459"}],"version-history":[{"count":0,"href":"https:\/\/kraftwerk-shop.cc\/es\/wp-json\/wp\/v2\/product\/68308459\/revisions"}],"wp:featuredmedia":[{"embeddable":true,"href":"https:\/\/kraftwerk-shop.cc\/es\/wp-json\/wp\/v2\/media\/68308461"}],"wp:attachment":[{"href":"https:\/\/kraftwerk-shop.cc\/es\/wp-json\/wp\/v2\/media?parent=68308459"}],"wp:term":[{"taxonomy":"product_brand","embeddable":true,"href":"https:\/\/kraftwerk-shop.cc\/es\/wp-json\/wp\/v2\/product_brand?post=68308459"},{"taxonomy":"product_cat","embeddable":true,"href":"https:\/\/kraftwerk-shop.cc\/es\/wp-json\/wp\/v2\/product_cat?post=68308459"},{"taxonomy":"product_tag","embeddable":true,"href":"https:\/\/kraftwerk-shop.cc\/es\/wp-json\/wp\/v2\/product_tag?post=68308459"}],"curies":[{"name":"wp","href":"https:\/\/api.w.org\/{rel}","templated":true}]}}