{"id":68308480,"date":"2024-10-06T16:15:17","date_gmt":"2024-10-06T14:15:17","guid":{"rendered":"https:\/\/kraftwerk-shop.cc\/?post_type=product&#038;p=68308480"},"modified":"2026-02-15T01:14:07","modified_gmt":"2026-02-15T00:14:07","slug":"kooks-2170h430-colector-corvette-c7","status":"publish","type":"product","link":"https:\/\/kraftwerk-shop.cc\/es\/produkt\/kooks-2170h430-faecherkruemmer-corvette-c7\/","title":{"rendered":"Colector Kooks 1 7\/8\u2033 con catalizadores Green Corvette C7"},"content":{"rendered":"<h1>Colector Kooks 1-7\/8\u2033 x 3\u2033 con catalizadores Green para C7 Chevrolet Corvette<\/h1>\n<p>&nbsp;<\/p>\n<p>Los colectores mejoran el rendimiento de su Corvette C7 dirigiendo el flujo de gases de escape de forma m\u00e1s eficiente. Gracias a su forma especial, permiten un mejor desarrollo de los gases de escape y reducen la contrapresi\u00f3n, lo que se traduce en un mayor rendimiento del motor.<\/p>\n<p>Los colectores Kooks est\u00e1n fabricados en robusto acero inoxidable T304, lo que les confiere una larga vida \u00fatil. Son m\u00e1s resistentes a la corrosi\u00f3n y a las altas temperaturas que los colectores convencionales.<\/p>\n<p>Los catalizadores GREEN son catalizadores de alto rendimiento con un alto contenido en platino y cuentan con la homologaci\u00f3n de la EPA.<\/p>\n<p>Esta combinaci\u00f3n de colectores y catalizadores deportivos puede utilizarse directamente con el sistema de escape original o con sistemas de escape accesorios id\u00e9nticos a las conexiones originales.<\/p>\n<p>Incluye 1-7\/8\u2033 x 3\u2033 colector longtube de acero inoxidable y 3\u2033 x 2-3\/4\u2033(OEM) GREEN Catted Stainless X-Pipe. Se adapta a 2-3\/4 \"sistemas de escape de estilo OEM.<\/p>\n<p>&nbsp;<\/p>\n<p><strong>Colector de ventilador Kooks<\/strong><\/p>\n<ul>\n<li>Mejorar el caudal de gases de escape<\/li>\n<li>Mejora el sonido de tu veh\u00edculo<\/li>\n<li>Minimizar la contrapresi\u00f3n en el sistema de escape<\/li>\n<li>Aumentar el rendimiento del motor<\/li>\n<\/ul>\n<p>&nbsp;<\/p>\n<p><strong>Adecuado para:<\/strong><\/p>\n<table width=\"374\">\n<tbody>\n<tr>\n<td width=\"374\">2019 Chevrolet Corvette Stingray V8 6.2<\/td>\n<\/tr>\n<tr>\n<td>2019 Chevrolet Corvette Z06 V8 6.2<\/td>\n<\/tr>\n<tr>\n<td>2019 Chevrolet Corvette Grand Sport V8 6.2<\/td>\n<\/tr>\n<tr>\n<td>2019 Chevrolet Corvette ZR1 V8 6.2<\/td>\n<\/tr>\n<tr>\n<td>2018 Chevrolet Corvette Stingray V8 6.2<\/td>\n<\/tr>\n<tr>\n<td>2018 Chevrolet Corvette Z06 V8 6.2<\/td>\n<\/tr>\n<tr>\n<td>2018 Chevrolet Corvette Grand Sport V8 6.2<\/td>\n<\/tr>\n<tr>\n<td>2017 Chevrolet Corvette Stingray V8 6.2<\/td>\n<\/tr>\n<tr>\n<td>2017 Chevrolet Corvette Z06 V8 6.2<\/td>\n<\/tr>\n<tr>\n<td>2017 Chevrolet Corvette Grand Sport V8 6.2<\/td>\n<\/tr>\n<tr>\n<td>2016 Chevrolet Corvette Stingray V8 6.2<\/td>\n<\/tr>\n<tr>\n<td>2016 Chevrolet Corvette Z51 V8 6.2<\/td>\n<\/tr>\n<tr>\n<td>2016 Chevrolet Corvette Z06 V8 6.2<\/td>\n<\/tr>\n<tr>\n<td>2015 Chevrolet Corvette Stingray V8 6.2<\/td>\n<\/tr>\n<tr>\n<td>2015 Chevrolet Corvette Z51 V8 6.2<\/td>\n<\/tr>\n<tr>\n<td>2015 Chevrolet Corvette Z06 V8 6.2<\/td>\n<\/tr>\n<tr>\n<td>2014 Chevrolet Corvette Stingray V8 6.2<\/td>\n<\/tr>\n<tr>\n<td>2014 Chevrolet Corvette Z51 V8 6.2<\/td>\n<\/tr>\n<\/tbody>\n<\/table>\n<p>&nbsp;<\/p>\n<p><strong>Acerca de Kooks<\/strong><\/p>\n<p>Los colectores de escape y sistemas de escape Kooks han sido l\u00edderes del mercado durante m\u00e1s de 50 a\u00f1os. Desde 1962, Kooks se enorgullece de ofrecer los mejores colectores y sistemas de escape completos para sus aplicaciones de calle, competici\u00f3n y todoterreno. Los veh\u00edculos con colectores y sistemas de escape Kooks han ganado cientos de campeonatos y establecido innumerables r\u00e9cords en la NHRA, IHRA, NMCA, NMRA, NASCAR, NASA, SCCA y muchas otras organizaciones de carreras.<br \/>\nTodos los productos Kooks est\u00e1n hechos a mano en EE.UU. y Kooks se enorgullece de seguir siendo independiente.<br \/>\nNo lo olvides: \"Get Kookin with KOOKS\".<\/p>\n<p>&nbsp;<\/p>","protected":false},"excerpt":{"rendered":"<p>1-7\/8\u2033 x 3\u2033<\/p>","protected":false},"featured_media":68308488,"comment_status":"open","ping_status":"closed","template":"","meta":{"_acf_changed":false},"product_brand":[17172],"product_cat":[3125,3024],"product_tag":[7893,546,3087,281,7892,543,4379,6960,549,20273,544,2447,36,550,545,527,553,3583,283,4005],"class_list":{"0":"post-68308480","1":"product","2":"type-product","3":"status-publish","4":"has-post-thumbnail","6":"product_brand-kooks","7":"product_cat-corvette-c7-abgasanlage","8":"product_cat-nicht-nach-eu","9":"product_tag-2170h430","10":"product_tag-auspuff","11":"product_tag-c7","12":"product_tag-corvette","13":"product_tag-corvette-c7","14":"product_tag-faecherkruemmer","15":"product_tag-grand-sport","16":"product_tag-green-katalysatoren","17":"product_tag-header","18":"product_tag-keintuev","19":"product_tag-kooks","20":"product_tag-kooks-headers","21":"product_tag-kraftwerk","22":"product_tag-kruemmer","23":"product_tag-longtube","24":"product_tag-sportkat","25":"product_tag-sportkatalysator","26":"product_tag-stingray","27":"product_tag-z06","28":"product_tag-z51","29":"product_shipping_class-paket-xl","31":"first","32":"onbackorder","33":"taxable","34":"shipping-taxable","35":"purchasable","36":"product-type-simple"},"bundled_by":[],"bundle_stock_status":"onbackorder","bundle_stock_quantity":0,"bundle_virtual":false,"bundle_layout":"","bundle_add_to_cart_form_location":"","bundle_editable_in_cart":false,"bundle_sold_individually_context":"","bundle_item_grouping":"","bundle_min_size":"","bundle_max_size":"","bundle_price":[],"bundled_items":[],"bundle_sell_ids":[],"exclude_global_add_ons":[],"addons":[],"acf":[],"_links":{"self":[{"href":"https:\/\/kraftwerk-shop.cc\/es\/wp-json\/wp\/v2\/product\/68308480","targetHints":{"allow":["GET"]}}],"collection":[{"href":"https:\/\/kraftwerk-shop.cc\/es\/wp-json\/wp\/v2\/product"}],"about":[{"href":"https:\/\/kraftwerk-shop.cc\/es\/wp-json\/wp\/v2\/types\/product"}],"replies":[{"embeddable":true,"href":"https:\/\/kraftwerk-shop.cc\/es\/wp-json\/wp\/v2\/comments?post=68308480"}],"version-history":[{"count":0,"href":"https:\/\/kraftwerk-shop.cc\/es\/wp-json\/wp\/v2\/product\/68308480\/revisions"}],"wp:featuredmedia":[{"embeddable":true,"href":"https:\/\/kraftwerk-shop.cc\/es\/wp-json\/wp\/v2\/media\/68308488"}],"wp:attachment":[{"href":"https:\/\/kraftwerk-shop.cc\/es\/wp-json\/wp\/v2\/media?parent=68308480"}],"wp:term":[{"taxonomy":"product_brand","embeddable":true,"href":"https:\/\/kraftwerk-shop.cc\/es\/wp-json\/wp\/v2\/product_brand?post=68308480"},{"taxonomy":"product_cat","embeddable":true,"href":"https:\/\/kraftwerk-shop.cc\/es\/wp-json\/wp\/v2\/product_cat?post=68308480"},{"taxonomy":"product_tag","embeddable":true,"href":"https:\/\/kraftwerk-shop.cc\/es\/wp-json\/wp\/v2\/product_tag?post=68308480"}],"curies":[{"name":"wp","href":"https:\/\/api.w.org\/{rel}","templated":true}]}}