{"id":68308783,"date":"2024-10-13T15:33:13","date_gmt":"2024-10-13T13:33:13","guid":{"rendered":"https:\/\/kraftwerk-shop.cc\/?post_type=product&#038;p=68308783"},"modified":"2026-03-24T14:28:01","modified_gmt":"2026-03-24T13:28:01","slug":"mopar-sonda-lambda-68090640ab","status":"publish","type":"product","link":"https:\/\/kraftwerk-shop.cc\/es\/produkt\/mopar-lambdasonde-68090640ab\/","title":{"rendered":"Sonda lambda Mopar (68090640AB)"},"content":{"rendered":"<h1>Sonda lambda original Mopar (<span class=\"list-value sku-display\">68090640AB<\/span>) para Dodge Viper y RAM 1500, 2500 y 3500 de 2012 a 2024<\/h1>\n<p>&nbsp;<\/p>\n<p><span lang=\"DE\"><strong>N\u00famero de pieza Mopar:<\/strong> <span class=\"list-value sku-display\">68090640AB<\/span><br \/>\n<strong>Reemplazado: <\/strong><span class=\"list-value\">68090640AA<\/span><br \/>\n<\/span><\/p>\n<p><strong>Posici\u00f3n de instalaci\u00f3n: <\/strong>Delantero izquierdo, delantero derecho, trasero izquierdo, trasero derecho<strong><br \/>\n<\/strong><\/p>\n<p>&nbsp;<\/p>\n<p><strong>Adecuado para:<\/strong><\/p>\n<table width=\"921\">\n<tbody>\n<tr>\n<td width=\"83\"><strong>A\u00f1o de construcci\u00f3n<\/strong><\/td>\n<td width=\"83\"><strong>Marca<\/strong><\/td>\n<td width=\"186\"><strong>Modelo<\/strong><\/td>\n<td width=\"275\"><strong>Versi\u00f3n<\/strong><\/td>\n<td width=\"294\"><strong>Motor<\/strong><\/td>\n<\/tr>\n<tr>\n<td width=\"83\">2024<\/td>\n<td width=\"83\">Ram<\/td>\n<td width=\"186\">1500 Classic<\/td>\n<td width=\"275\">Tradesman, Warlock<\/td>\n<td width=\"294\">5.7L<\/td>\n<\/tr>\n<tr>\n<td width=\"83\">2024<\/td>\n<td width=\"83\">Ram<\/td>\n<td width=\"186\">2500<\/td>\n<td width=\"275\">Big Horn, Laramie, Limited, Limited Longhorn, Lone Star, Power Wagon, Rebel, Tradesman<\/td>\n<td width=\"294\">6.4L<\/td>\n<\/tr>\n<tr>\n<td width=\"83\">2024<\/td>\n<td width=\"83\">Ram<\/td>\n<td width=\"186\">3500<\/td>\n<td width=\"275\">Big Horn, Laramie, Limited, Limited Longhorn, Tradesman<\/td>\n<td width=\"294\">6.4L<\/td>\n<\/tr>\n<tr>\n<td width=\"83\">2023<\/td>\n<td width=\"83\">Ram<\/td>\n<td width=\"186\">1500 Classic<\/td>\n<td width=\"275\">Tradesman, Warlock<\/td>\n<td width=\"294\">5.7L<\/td>\n<\/tr>\n<tr>\n<td width=\"83\">2023<\/td>\n<td width=\"83\">Ram<\/td>\n<td width=\"186\">2500<\/td>\n<td width=\"275\">Big Horn, Laramie, Limited, Limited Longhorn, Lone Star, Power Wagon, Rebel, Tradesman<\/td>\n<td width=\"294\">6.4L<\/td>\n<\/tr>\n<tr>\n<td width=\"83\">2023<\/td>\n<td width=\"83\">Ram<\/td>\n<td width=\"186\">3500<\/td>\n<td width=\"275\">Big Horn, Laramie, Limited, Limited Longhorn, Tradesman<\/td>\n<td width=\"294\">6.4L<\/td>\n<\/tr>\n<tr>\n<td width=\"83\">2022<\/td>\n<td width=\"83\">Ram<\/td>\n<td width=\"186\">1500 Classic<\/td>\n<td width=\"275\">Express, SLT, Tradesman, Warlock<\/td>\n<td width=\"294\">5.7L<\/td>\n<\/tr>\n<tr>\n<td width=\"83\">2022<\/td>\n<td width=\"83\">Ram<\/td>\n<td width=\"186\">2500<\/td>\n<td width=\"275\">Big Horn, Laramie, Limited, Limited Longhorn, Lone Star, Power Wagon, Tradesman<\/td>\n<td width=\"294\">6.4L<\/td>\n<\/tr>\n<tr>\n<td width=\"83\">2022<\/td>\n<td width=\"83\">Ram<\/td>\n<td width=\"186\">3500<\/td>\n<td width=\"275\">Big Horn, Laramie, Limited, Limited Longhorn, Lone Star, Tradesman<\/td>\n<td width=\"294\">6.4L<\/td>\n<\/tr>\n<tr>\n<td width=\"83\">2021<\/td>\n<td width=\"83\">Ram<\/td>\n<td width=\"186\">1500 Classic<\/td>\n<td width=\"275\">Express, SLT, Tradesman, Warlock<\/td>\n<td width=\"294\">5.7L<\/td>\n<\/tr>\n<tr>\n<td width=\"83\">2021<\/td>\n<td width=\"83\">Ram<\/td>\n<td width=\"186\">2500<\/td>\n<td width=\"275\">Big Horn, Laramie, Limited, Limited Longhorn, Lone Star, Power Wagon, Tradesman<\/td>\n<td width=\"294\">6.4L<\/td>\n<\/tr>\n<tr>\n<td width=\"83\">2021<\/td>\n<td width=\"83\">Ram<\/td>\n<td width=\"186\">3500<\/td>\n<td width=\"275\">Big Horn, Laramie, Limited, Limited Longhorn, Lone Star, Tradesman<\/td>\n<td width=\"294\">6.4L<\/td>\n<\/tr>\n<tr>\n<td width=\"83\">2020<\/td>\n<td width=\"83\">Ram<\/td>\n<td width=\"186\">1500 Classic<\/td>\n<td width=\"275\">Express, SLT, Special Service, Tradesman, Warlock<\/td>\n<td width=\"294\">5.7L<\/td>\n<\/tr>\n<tr>\n<td width=\"83\">2020<\/td>\n<td width=\"83\">Ram<\/td>\n<td width=\"186\">3500<\/td>\n<td width=\"275\">Laramie, Limited, SLT, Tradesman<\/td>\n<td width=\"294\">6.4L<\/td>\n<\/tr>\n<tr>\n<td width=\"83\">2019<\/td>\n<td width=\"83\">Ram<\/td>\n<td width=\"186\">1500 Classic<\/td>\n<td width=\"275\">Big Horn, Express, Lone Star, SLT, Special Service, Tradesman, Warlock<\/td>\n<td width=\"294\">5.7L<\/td>\n<\/tr>\n<tr>\n<td width=\"83\">2019<\/td>\n<td width=\"83\">Ram<\/td>\n<td width=\"186\">3500<\/td>\n<td width=\"275\">Laramie, Limited, SLT, Tradesman<\/td>\n<td width=\"294\">6.4L<\/td>\n<\/tr>\n<tr>\n<td width=\"83\">2018<\/td>\n<td width=\"83\">Ram<\/td>\n<td width=\"186\">1500<\/td>\n<td width=\"275\">Big Horn, Express, Laramie, Laramie Longhorn, Limited, Lone Star, Rebel, SLT, Special Service, Sport, Tradesman<\/td>\n<td width=\"294\">5.7L<\/td>\n<\/tr>\n<tr>\n<td width=\"83\">2018<\/td>\n<td width=\"83\">Ram<\/td>\n<td width=\"186\">2500<\/td>\n<td width=\"275\">Big Horn, Laramie, Laramie Longhorn, Limited, Power Wagon, SLT, Tradesman<\/td>\n<td width=\"294\">5.7L V8 - GNC, 5.7L, 6.4L<\/td>\n<\/tr>\n<tr>\n<td width=\"83\">2018<\/td>\n<td width=\"83\">Ram<\/td>\n<td width=\"186\">3500<\/td>\n<td width=\"275\">Big Horn, Laramie, Laramie Longhorn, Limited, SLT, Tradesman<\/td>\n<td width=\"294\">5.7L, 6.4L<\/td>\n<\/tr>\n<tr>\n<td width=\"83\">2017<\/td>\n<td width=\"83\">Dodge<\/td>\n<td width=\"186\">Viper<\/td>\n<td width=\"275\">ACR, GTS, SRT<\/td>\n<td width=\"294\">8.4L V10 - Gas<\/td>\n<\/tr>\n<tr>\n<td width=\"83\">2017<\/td>\n<td width=\"83\">Ram<\/td>\n<td width=\"186\">1500<\/td>\n<td width=\"275\">Big Horn, Express, Laramie, Laramie Longhorn, Limited, Lone Star, Rebel, SLT, Special Service, Sport, Tradesman<\/td>\n<td width=\"294\">5.7L<\/td>\n<\/tr>\n<tr>\n<td width=\"83\">2017<\/td>\n<td width=\"83\">Ram<\/td>\n<td width=\"186\">2500<\/td>\n<td width=\"275\">Big Horn, Laramie, Laramie Longhorn, Limited, Power Wagon, SLT, Tradesman<\/td>\n<td width=\"294\">5.7L V8 - GNC, 5.7L, 6.4L<\/td>\n<\/tr>\n<tr>\n<td width=\"83\">2017<\/td>\n<td width=\"83\">Ram<\/td>\n<td width=\"186\">3500<\/td>\n<td width=\"275\">Big Horn, Laramie, Laramie Longhorn, Limited, Lone Star, SLT, Tradesman<\/td>\n<td width=\"294\">5.7L, 6.4L<\/td>\n<\/tr>\n<tr>\n<td width=\"83\">2016<\/td>\n<td width=\"83\">Dodge<\/td>\n<td width=\"186\">Dart<\/td>\n<td width=\"275\">SE, SXT Sport<\/td>\n<td width=\"294\">2.0L<\/td>\n<\/tr>\n<tr>\n<td width=\"83\">2016<\/td>\n<td width=\"83\">Dodge<\/td>\n<td width=\"186\">Viper<\/td>\n<td width=\"275\">ACR, GTC, GTS, SRT<\/td>\n<td width=\"294\">8.4L V10 - Gas<\/td>\n<\/tr>\n<tr>\n<td width=\"83\">2016<\/td>\n<td width=\"83\">Ram<\/td>\n<td width=\"186\">1500<\/td>\n<td width=\"275\">Big Horn, Express, Laramie, Laramie Longhorn, Limited, Lone Star, Outdoorsman, Rebel, SLT, Special Service, Sport, Tradesman<\/td>\n<td width=\"294\">5.7L<\/td>\n<\/tr>\n<tr>\n<td width=\"83\">2016<\/td>\n<td width=\"83\">Ram<\/td>\n<td width=\"186\">2500<\/td>\n<td width=\"275\">Big Horn, Laramie, Laramie Longhorn, Limited, Outdoorsman, Power Wagon, SLT, Tradesman<\/td>\n<td width=\"294\">5.7L V8 - GNC, 5.7L, 6.4L<\/td>\n<\/tr>\n<tr>\n<td width=\"83\">2016<\/td>\n<td width=\"83\">Ram<\/td>\n<td width=\"186\">3500<\/td>\n<td width=\"275\">Big Horn, Laramie, Laramie Longhorn, Limited, SLT, Tradesman<\/td>\n<td width=\"294\">5.7L, 6.4L<\/td>\n<\/tr>\n<tr>\n<td width=\"83\">2015<\/td>\n<td width=\"83\">Dodge<\/td>\n<td width=\"186\">Dart<\/td>\n<td width=\"275\">SE<\/td>\n<td width=\"294\">2.0L<\/td>\n<\/tr>\n<tr>\n<td width=\"83\">2015<\/td>\n<td width=\"83\">Dodge<\/td>\n<td width=\"186\">Viper<\/td>\n<td width=\"275\">Base, GT, GTS<\/td>\n<td width=\"294\">8.4L V10 - Gas<\/td>\n<\/tr>\n<tr>\n<td width=\"83\">2015<\/td>\n<td width=\"83\">Ram<\/td>\n<td width=\"186\">1500<\/td>\n<td width=\"275\">Big Horn, Express, Laramie, Laramie Limited, Laramie Longhorn, Limited, Lone Star, Outdoorsman, Rebel, SLT, Special Service, Sport, Tradesman<\/td>\n<td width=\"294\">5.7L<\/td>\n<\/tr>\n<tr>\n<td width=\"83\">2015<\/td>\n<td width=\"83\">Ram<\/td>\n<td width=\"186\">2500<\/td>\n<td width=\"275\">Big Horn, Laramie, Laramie Limited, Laramie Longhorn, Lone Star, Outdoorsman, Power Wagon, SLT, Tradesman<\/td>\n<td width=\"294\">5.7L V8 - GNC, 5.7L, 6.4L<\/td>\n<\/tr>\n<tr>\n<td width=\"83\">2015<\/td>\n<td width=\"83\">Ram<\/td>\n<td width=\"186\">3500<\/td>\n<td width=\"275\">Big Horn, Laramie, Laramie Limited, Laramie Longhorn, Lone Star, SLT, Tradesman<\/td>\n<td width=\"294\">5.7L, 6.4L<\/td>\n<\/tr>\n<tr>\n<td width=\"83\">2014<\/td>\n<td width=\"83\">Dodge<\/td>\n<td width=\"186\">Dart<\/td>\n<td width=\"275\">SE<\/td>\n<td width=\"294\">2.0L<\/td>\n<\/tr>\n<tr>\n<td width=\"83\">2014<\/td>\n<td width=\"83\">Ram<\/td>\n<td width=\"186\">1500<\/td>\n<td width=\"275\">Big Horn, Express, HFE, Laramie, Laramie Limited, Laramie Longhorn, Lone Star, Outdoorsman, SLT, Special Service, Sport, Tradesman<\/td>\n<td width=\"294\">5.7L<\/td>\n<\/tr>\n<tr>\n<td width=\"83\">2014<\/td>\n<td width=\"83\">Ram<\/td>\n<td width=\"186\">2500<\/td>\n<td width=\"275\">Big Horn, Laramie, Laramie Limited, Laramie Longhorn, Lone Star, Outdoorsman, Power Wagon, SLT, Tradesman<\/td>\n<td width=\"294\">5.7L V8 - GNC, 5.7L, 6.4L<\/td>\n<\/tr>\n<tr>\n<td width=\"83\">2014<\/td>\n<td width=\"83\">Ram<\/td>\n<td width=\"186\">3500<\/td>\n<td width=\"275\">Big Horn, Laramie, Laramie Limited, Laramie Longhorn, Lone Star, SLT, Tradesman<\/td>\n<td width=\"294\">5.7L, 6.4L<\/td>\n<\/tr>\n<tr>\n<td width=\"83\">2014<\/td>\n<td width=\"83\">SRT<\/td>\n<td width=\"186\">Viper<\/td>\n<td width=\"275\">Base, GTS<\/td>\n<td width=\"294\">8.4L V10 - Gas<\/td>\n<\/tr>\n<tr>\n<td width=\"83\">2013<\/td>\n<td width=\"83\">Dodge<\/td>\n<td width=\"186\">Dart<\/td>\n<td width=\"275\">Limited, Rallye, SE, SXT<\/td>\n<td width=\"294\">2.0L<\/td>\n<\/tr>\n<tr>\n<td width=\"83\">2013<\/td>\n<td width=\"83\">Ram<\/td>\n<td width=\"186\">1500<\/td>\n<td width=\"275\">Big Horn, Express, Laramie, Laramie Longhorn, Outdoorsman, R\/T, SLT, Sport, Tradesman<\/td>\n<td width=\"294\">5.7L<\/td>\n<\/tr>\n<tr>\n<td width=\"83\">2013<\/td>\n<td width=\"83\">Ram<\/td>\n<td width=\"186\">2500<\/td>\n<td width=\"275\">Big Horn, Laramie, Laramie Longhorn, Lone Star, Outdoorsman, Power Wagon, SLT, Tradesman<\/td>\n<td width=\"294\">5.7L V8 - GNC, 5.7L<\/td>\n<\/tr>\n<tr>\n<td width=\"83\">2013<\/td>\n<td width=\"83\">Ram<\/td>\n<td width=\"186\">3500<\/td>\n<td width=\"275\">Big Horn, Laramie, Laramie Longhorn, Lone Star, SLT, Tradesman<\/td>\n<td width=\"294\">5.7L<\/td>\n<\/tr>\n<tr>\n<td width=\"83\">2013<\/td>\n<td width=\"83\">SRT<\/td>\n<td width=\"186\">Viper<\/td>\n<td width=\"275\">Base, GTS<\/td>\n<td width=\"294\">8.4L V10 - Gas<\/td>\n<\/tr>\n<tr>\n<td width=\"83\">2012<\/td>\n<td width=\"83\">Ram<\/td>\n<td width=\"186\">1500<\/td>\n<td width=\"275\">Big Horn, Express, Laramie, Laramie Longhorn, Outdoorsman, SLT, ST, Sport, Tradesman, Tradesman HD<\/td>\n<td width=\"294\">5.7L<\/td>\n<\/tr>\n<tr>\n<td width=\"83\">2012<\/td>\n<td width=\"83\">Ram<\/td>\n<td width=\"186\">2500<\/td>\n<td width=\"275\">Laramie, Laramie Longhorn, Outdoorsman, Power Wagon, SLT, ST<\/td>\n<td width=\"294\">5.7L V8 - Bi-Fuel, 5.7L<\/td>\n<\/tr>\n<tr>\n<td width=\"83\">2012<\/td>\n<td width=\"83\">Ram<\/td>\n<td width=\"186\">3500<\/td>\n<td width=\"275\">Laramie, SLT, ST<\/td>\n<td width=\"294\">5.7L<\/td>\n<\/tr>\n<\/tbody>\n<\/table>\n<p>&nbsp;<\/p>\n<p>La sonda Lambda es un componente importante de los sistemas de escape modernos que se utiliza para controlar y regular la mezcla de combustible y aire en los motores de combusti\u00f3n con el fin de garantizar una combusti\u00f3n lo m\u00e1s eficiente y respetuosa posible con el medio ambiente.<\/p>\n<p>La sonda Lambda mide el contenido de ox\u00edgeno en el flujo de gases de escape del motor. Con ella se puede determinar si la mezcla de combustible y aire es \"rica\" (demasiado combustible, poco aire) o \"pobre\" (demasiado aire, poco combustible). El objetivo es lograr una relaci\u00f3n de mezcla ideal en la que la proporci\u00f3n de ox\u00edgeno en el sistema de escape y la cantidad de combustible inyectado se ajusten de forma \u00f3ptima.<\/p>\n<p>El sensor genera una tensi\u00f3n el\u00e9ctrica que var\u00eda en funci\u00f3n del contenido de ox\u00edgeno en los gases de escape. Esta tensi\u00f3n se transmite a la unidad de control del motor, que ajusta entonces la cantidad de inyecci\u00f3n y el suministro de aire para optimizar la relaci\u00f3n.<\/p>\n<p>Si la sonda Lambda est\u00e1 defectuosa o funciona incorrectamente, puede provocar varios problemas:<\/p>\n<ul>\n<li>Mayor consumo de combustible<\/li>\n<li>P\u00e9rdida de potencia del motor<\/li>\n<li>Aumento de las emisiones contaminantes<\/li>\n<li>Indicaci\u00f3n de error en el ordenador de a bordo<\/li>\n<\/ul>\n<p>Un s\u00edntoma com\u00fan de un defecto es una mezcla permanentemente incorrecta, demasiado rica o demasiado pobre. Los veh\u00edculos modernos suelen reconocer autom\u00e1ticamente los problemas de la sonda Lambda y los muestran a trav\u00e9s del testigo de advertencia del motor.<\/p>\n<p>Los c\u00f3digos de aver\u00eda m\u00e1s comunes de una sonda Lambda defectuosa son: P0036, P0054, P0056, P0060, P0137, P0138, P013A, P013B, P014A, P014B, P0157, P0158, P0160, P0161, P0420, P0430, P2270, P2271, P2272, P2273, P2096, P2097, P2098, P2099<\/p>\n<p>&nbsp;<\/p>\n<h4>\u00bfPor qu\u00e9 elegir recambios originales Mopar?<\/h4>\n<p><strong>Ajuste perfecto y calidad superior:<\/strong> Los recambios originales Mopar se fabrican siguiendo las estrictas especificaciones del fabricante, lo que significa que encajan perfectamente en su veh\u00edculo. Esto no solo garantiza una instalaci\u00f3n sencilla, sino tambi\u00e9n un funcionamiento y una seguridad \u00f3ptimos.<\/p>\n<p><strong>Fiabilidad y durabilidad:<\/strong> Mediante el uso de materiales de alta calidad y estrictos controles de calidad, los recambios Mopar garantizan que su veh\u00edculo funcione de forma fiable incluso en condiciones extremas. Est\u00e1n dise\u00f1ados para durar y maximizar el rendimiento de su veh\u00edculo.<\/p>","protected":false},"excerpt":{"rendered":"<p>Pieza original Mopar<\/p>\n<p>2012 - 2024<\/p>","protected":false},"featured_media":68308785,"comment_status":"open","ping_status":"closed","template":"","meta":{"_acf_changed":false},"product_brand":[16270],"product_cat":[8053,7441,7456],"product_tag":[7935,7934,1035,546,521,7924,7125,7124,7901,520,7900,31,8813,9424,16271,16273,16275,16272,16274,7221,7899,34,2425,7902,7903,7904,7905,7906,7907,7908,7909,7910,7911,7912,7913,7914,7915,522,523,7920,7921,7922,7923,7916,7917,7918,7919,713,3550,7132,7133],"class_list":{"0":"post-68308783","1":"product","2":"type-product","3":"status-publish","4":"has-post-thumbnail","6":"product_brand-mopar","7":"product_cat-viper-84-elektrik","8":"product_cat-1500-57-2009-2018-classic-sensoren","9":"product_cat-2500-3500-64-sensoren","10":"product_tag-68090640aa","11":"product_tag-68090640ab","12":"product_tag-abgasanlage","13":"product_tag-auspuff","14":"product_tag-fehlercode","15":"product_tag-fehlerspeicher","16":"product_tag-hinten-links","17":"product_tag-hinten-rechts","18":"product_tag-kraftstoffverbrauch","19":"product_tag-lambdasonde","20":"product_tag-lambdasonden","21":"product_tag-mopar","22":"product_tag-mopar-autoteile","23":"product_tag-mopar-ersatzteile","24":"product_tag-mopar-ersatzteile-kaufen","25":"product_tag-mopar-performance-teile","26":"product_tag-mopar-teile-katalog","27":"product_tag-mopar-teile-online","28":"product_tag-mopar-tuningteile","29":"product_tag-mopar10","30":"product_tag-o2-sensor","31":"product_tag-original","32":"product_tag-originalteil","33":"product_tag-p0036","34":"product_tag-p0054","35":"product_tag-p0056","36":"product_tag-p0060","37":"product_tag-p0137","38":"product_tag-p0138","39":"product_tag-p013a","40":"product_tag-p013b","41":"product_tag-p014a","42":"product_tag-p014b","43":"product_tag-p0157","44":"product_tag-p0158","45":"product_tag-p0160","46":"product_tag-p0161","47":"product_tag-p0420","48":"product_tag-p0430","49":"product_tag-p2096","50":"product_tag-p2097","51":"product_tag-p2098","52":"product_tag-p2099","53":"product_tag-p2270","54":"product_tag-p2271","55":"product_tag-p2272","56":"product_tag-p2273","57":"product_tag-sensor","58":"product_tag-sonde","59":"product_tag-vorne-links","60":"product_tag-vorne-rechts","62":"first","63":"instock","64":"taxable","65":"shipping-taxable","66":"purchasable","67":"product-type-simple"},"bundled_by":[],"bundle_stock_status":"instock","bundle_stock_quantity":2,"bundle_virtual":false,"bundle_layout":"","bundle_add_to_cart_form_location":"","bundle_editable_in_cart":false,"bundle_sold_individually_context":"","bundle_item_grouping":"","bundle_min_size":"","bundle_max_size":"","bundle_price":[],"bundled_items":[],"bundle_sell_ids":[],"exclude_global_add_ons":[],"addons":[],"acf":[],"_links":{"self":[{"href":"https:\/\/kraftwerk-shop.cc\/es\/wp-json\/wp\/v2\/product\/68308783","targetHints":{"allow":["GET"]}}],"collection":[{"href":"https:\/\/kraftwerk-shop.cc\/es\/wp-json\/wp\/v2\/product"}],"about":[{"href":"https:\/\/kraftwerk-shop.cc\/es\/wp-json\/wp\/v2\/types\/product"}],"replies":[{"embeddable":true,"href":"https:\/\/kraftwerk-shop.cc\/es\/wp-json\/wp\/v2\/comments?post=68308783"}],"version-history":[{"count":0,"href":"https:\/\/kraftwerk-shop.cc\/es\/wp-json\/wp\/v2\/product\/68308783\/revisions"}],"wp:featuredmedia":[{"embeddable":true,"href":"https:\/\/kraftwerk-shop.cc\/es\/wp-json\/wp\/v2\/media\/68308785"}],"wp:attachment":[{"href":"https:\/\/kraftwerk-shop.cc\/es\/wp-json\/wp\/v2\/media?parent=68308783"}],"wp:term":[{"taxonomy":"product_brand","embeddable":true,"href":"https:\/\/kraftwerk-shop.cc\/es\/wp-json\/wp\/v2\/product_brand?post=68308783"},{"taxonomy":"product_cat","embeddable":true,"href":"https:\/\/kraftwerk-shop.cc\/es\/wp-json\/wp\/v2\/product_cat?post=68308783"},{"taxonomy":"product_tag","embeddable":true,"href":"https:\/\/kraftwerk-shop.cc\/es\/wp-json\/wp\/v2\/product_tag?post=68308783"}],"curies":[{"name":"wp","href":"https:\/\/api.w.org\/{rel}","templated":true}]}}