{"id":68308803,"date":"2024-10-13T15:33:05","date_gmt":"2024-10-13T13:33:05","guid":{"rendered":"https:\/\/kraftwerk-shop.cc\/?post_type=product&#038;p=68308803"},"modified":"2026-04-01T16:57:27","modified_gmt":"2026-04-01T14:57:27","slug":"mopar-sonda-lambda-68290528aa","status":"publish","type":"product","link":"https:\/\/kraftwerk-shop.cc\/es\/produkt\/mopar-lambdasonde-68290528aa\/","title":{"rendered":"Sonda lambda Mopar (68290528AA)"},"content":{"rendered":"<h1>Sonda lambda original Mopar (68290528AA) para Jeep y RAM de 2019 a 2025.<\/h1>\n<p>&nbsp;<\/p>\n<p><span lang=\"DE\"><strong>N\u00famero de pieza Mopar:<\/strong> 68290528AA<br \/>\n<strong>Reemplazado: <\/strong>\u2014<br \/>\n<\/span><\/p>\n<p><strong>Posici\u00f3n de instalaci\u00f3n: <\/strong>Delantero izquierdo, delantero derecho, trasero izquierdo, trasero derecho<strong><br \/>\n<\/strong><\/p>\n<p>&nbsp;<\/p>\n<p><strong>Adecuado para:<\/strong><\/p>\n<table width=\"921\">\n<tbody>\n<tr>\n<td width=\"83\"><strong>A\u00f1o de construcci\u00f3n<\/strong><\/td>\n<td width=\"83\"><strong>Marca<\/strong><\/td>\n<td width=\"186\"><strong>Modelo<\/strong><\/td>\n<td width=\"275\"><strong>Versi\u00f3n<\/strong><\/td>\n<td width=\"294\"><strong>Motor<\/strong><\/td>\n<\/tr>\n<tr>\n<td width=\"83\">2025<\/td>\n<td width=\"83\">Dodge<\/td>\n<td width=\"186\">Hornet<\/td>\n<td width=\"275\">GT, GT Plus<\/td>\n<td width=\"294\">2.0L<\/td>\n<\/tr>\n<tr>\n<td width=\"83\">2025<\/td>\n<td width=\"83\">Jeep<\/td>\n<td width=\"186\">Compass<\/td>\n<td width=\"275\">Latitude, Limited, Sport, Trailhawk<\/td>\n<td width=\"294\">2.0L<\/td>\n<\/tr>\n<tr>\n<td width=\"83\">2025<\/td>\n<td width=\"83\">Ram<\/td>\n<td width=\"186\">1500<\/td>\n<td width=\"275\">Big Horn, Lone Star, Tradesman, Tradesman HFE<\/td>\n<td width=\"294\">3.6L V6 - El\u00e9ctrico\/Gasolina<\/td>\n<\/tr>\n<tr>\n<td width=\"83\">2024<\/td>\n<td width=\"83\">Dodge<\/td>\n<td width=\"186\">Hornet<\/td>\n<td width=\"275\">GT, GT Plus<\/td>\n<td width=\"294\">2.0L<\/td>\n<\/tr>\n<tr>\n<td width=\"83\">2024<\/td>\n<td width=\"83\">Jeep<\/td>\n<td width=\"186\">Compass<\/td>\n<td width=\"275\">Latitude, Latitude Lux, Limited, Sport, Trailhawk<\/td>\n<td width=\"294\">2.0L<\/td>\n<\/tr>\n<tr>\n<td width=\"83\">2024<\/td>\n<td width=\"83\">Jeep<\/td>\n<td width=\"186\">Grand Cherokee L<\/td>\n<td width=\"275\">Overland, Summit, Summit Reserve<\/td>\n<td width=\"294\">5.7L<\/td>\n<\/tr>\n<tr>\n<td width=\"83\">2024<\/td>\n<td width=\"83\">Ram<\/td>\n<td width=\"186\">1500<\/td>\n<td width=\"275\">Big Horn, Laramie, Limited, Limited Longhorn, Lone Star, Rebel, Tradesman<\/td>\n<td width=\"294\">3.6L V6 - El\u00e9ctrico\/Gas, 5.7L V8 - El\u00e9ctrico\/Gas, 5.7L<\/td>\n<\/tr>\n<tr>\n<td width=\"83\">2023<\/td>\n<td width=\"83\">Dodge<\/td>\n<td width=\"186\">Hornet<\/td>\n<td width=\"275\">GT, GT Plus<\/td>\n<td width=\"294\">2.0L<\/td>\n<\/tr>\n<tr>\n<td width=\"83\">2023<\/td>\n<td width=\"83\">Jeep<\/td>\n<td width=\"186\">Compass<\/td>\n<td width=\"275\">Altitude, High Altitude, Latitude, Latitude Lux, Limited, Rojo, Sport, Trailhawk<\/td>\n<td width=\"294\">2.0L<\/td>\n<\/tr>\n<tr>\n<td width=\"83\">2023<\/td>\n<td width=\"83\">Jeep<\/td>\n<td width=\"186\">Grand Cherokee<\/td>\n<td width=\"275\">Overland, Summit, Summit Reserve<\/td>\n<td width=\"294\">5.7L<\/td>\n<\/tr>\n<tr>\n<td width=\"83\">2023<\/td>\n<td width=\"83\">Jeep<\/td>\n<td width=\"186\">Grand Cherokee L<\/td>\n<td width=\"275\">Overland, Summit, Summit Reserve<\/td>\n<td width=\"294\">5.7L<\/td>\n<\/tr>\n<tr>\n<td width=\"83\">2023<\/td>\n<td width=\"83\">Jeep<\/td>\n<td width=\"186\">Grand Wagoneer<\/td>\n<td width=\"275\">Base, Obsidian, Series II, Series III, Series III Obsidian<\/td>\n<td width=\"294\">6.4L<\/td>\n<\/tr>\n<tr>\n<td width=\"83\">2023<\/td>\n<td width=\"83\">Jeep<\/td>\n<td width=\"186\">Wagoneer<\/td>\n<td width=\"275\">Base<\/td>\n<td width=\"294\">5.7L V8 - El\u00e9ctrico\/Gasolina<\/td>\n<\/tr>\n<tr>\n<td width=\"83\">2023<\/td>\n<td width=\"83\">Ram<\/td>\n<td width=\"186\">1500<\/td>\n<td width=\"275\">Big Horn, Laramie, Limited, Limited Longhorn, Lone Star, Rebel, Tradesman<\/td>\n<td width=\"294\">3.6L V6 - El\u00e9ctrico\/Gas, 5.7L V8 - El\u00e9ctrico\/Gas, 5.7L<\/td>\n<\/tr>\n<tr>\n<td width=\"83\">2022<\/td>\n<td width=\"83\">Jeep<\/td>\n<td width=\"186\">Grand Cherokee<\/td>\n<td width=\"275\">Overland, Summit, Summit Reserve, Trailhawk<\/td>\n<td width=\"294\">5.7L<\/td>\n<\/tr>\n<tr>\n<td width=\"83\">2022<\/td>\n<td width=\"83\">Jeep<\/td>\n<td width=\"186\">Grand Cherokee L<\/td>\n<td width=\"275\">Overland, Summit, Summit Reserve<\/td>\n<td width=\"294\">5.7L<\/td>\n<\/tr>\n<tr>\n<td width=\"83\">2022<\/td>\n<td width=\"83\">Jeep<\/td>\n<td width=\"186\">Grand Wagoneer<\/td>\n<td width=\"275\">Obsidian, Series I, Series II, Series III<\/td>\n<td width=\"294\">6.4L<\/td>\n<\/tr>\n<tr>\n<td width=\"83\">2022<\/td>\n<td width=\"83\">Jeep<\/td>\n<td width=\"186\">Wagoneer<\/td>\n<td width=\"275\">Serie II, Serie III<\/td>\n<td width=\"294\">5.7L V8 - El\u00e9ctrico\/Gasolina<\/td>\n<\/tr>\n<tr>\n<td width=\"83\">2022<\/td>\n<td width=\"83\">Jeep<\/td>\n<td width=\"186\">Wrangler<\/td>\n<td width=\"275\">Unlimited Rubicon 392<\/td>\n<td width=\"294\">6.4L<\/td>\n<\/tr>\n<tr>\n<td width=\"83\">2022<\/td>\n<td width=\"83\">Ram<\/td>\n<td width=\"186\">1500<\/td>\n<td width=\"275\">Big Horn, Laramie, Limited, Limited Longhorn, Lone Star, Rebel, Tradesman<\/td>\n<td width=\"294\">3.6L V6 - El\u00e9ctrico\/Gas, 5.7L V8 - El\u00e9ctrico\/Gas, 5.7L<\/td>\n<\/tr>\n<tr>\n<td width=\"83\">2021<\/td>\n<td width=\"83\">Jeep<\/td>\n<td width=\"186\">Grand Cherokee L<\/td>\n<td width=\"275\">Overland, Summit, Summit Reserve<\/td>\n<td width=\"294\">5.7L<\/td>\n<\/tr>\n<tr>\n<td width=\"83\">2021<\/td>\n<td width=\"83\">Jeep<\/td>\n<td width=\"186\">Wrangler<\/td>\n<td width=\"275\">Unlimited Rubicon 392<\/td>\n<td width=\"294\">6.4L<\/td>\n<\/tr>\n<tr>\n<td width=\"83\">2021<\/td>\n<td width=\"83\">Ram<\/td>\n<td width=\"186\">1500<\/td>\n<td width=\"275\">Big Horn, HFE, Laramie, Limited, Limited Longhorn, Lone Star, Rebel, Tradesman<\/td>\n<td width=\"294\">3.6L V6 - El\u00e9ctrico\/Gas, 5.7L V8 - El\u00e9ctrico\/Gas, 5.7L<\/td>\n<\/tr>\n<tr>\n<td width=\"83\">2020<\/td>\n<td width=\"83\">Ram<\/td>\n<td width=\"186\">1500<\/td>\n<td width=\"275\">Big Horn, Laramie, Laramie Longhorn, Limited, Lone Star, Rebel, Tradesman<\/td>\n<td width=\"294\">3.6L V6 - El\u00e9ctrico\/Gas, 5.7L V8 - El\u00e9ctrico\/Gas, 5.7L<\/td>\n<\/tr>\n<tr>\n<td width=\"83\">2019<\/td>\n<td width=\"83\">Ram<\/td>\n<td width=\"186\">1500<\/td>\n<td width=\"275\">Big Horn, Laramie, Laramie Longhorn, Limited, Lone Star, Rebel, Tradesman<\/td>\n<td width=\"294\">3.6L V6 - El\u00e9ctrico\/Gas, 5.7L V8 - El\u00e9ctrico\/Gas, 5.7L<\/td>\n<\/tr>\n<\/tbody>\n<\/table>\n<p>&nbsp;<\/p>\n<p>La sonda Lambda es un componente importante de los sistemas de escape modernos que se utiliza para controlar y regular la mezcla de combustible y aire en los motores de combusti\u00f3n con el fin de garantizar una combusti\u00f3n lo m\u00e1s eficiente y respetuosa posible con el medio ambiente.<\/p>\n<p>La sonda Lambda mide el contenido de ox\u00edgeno en el flujo de gases de escape del motor. Con ella se puede determinar si la mezcla de combustible y aire es \"rica\" (demasiado combustible, poco aire) o \"pobre\" (demasiado aire, poco combustible). El objetivo es lograr una relaci\u00f3n de mezcla ideal en la que la proporci\u00f3n de ox\u00edgeno en el sistema de escape y la cantidad de combustible inyectado se ajusten de forma \u00f3ptima.<\/p>\n<p>El sensor genera una tensi\u00f3n el\u00e9ctrica que var\u00eda en funci\u00f3n del contenido de ox\u00edgeno en los gases de escape. Esta tensi\u00f3n se transmite a la unidad de control del motor, que ajusta entonces la cantidad de inyecci\u00f3n y el suministro de aire para optimizar la relaci\u00f3n.<\/p>\n<p>Si la sonda Lambda est\u00e1 defectuosa o funciona incorrectamente, puede provocar varios problemas:<\/p>\n<ul>\n<li>Mayor consumo de combustible<\/li>\n<li>P\u00e9rdida de potencia del motor<\/li>\n<li>Aumento de las emisiones contaminantes<\/li>\n<li>Indicaci\u00f3n de error en el ordenador de a bordo<\/li>\n<\/ul>\n<p>Un s\u00edntoma com\u00fan de un defecto es una mezcla permanentemente incorrecta, demasiado rica o demasiado pobre. Los veh\u00edculos modernos suelen reconocer autom\u00e1ticamente los problemas de la sonda Lambda y los muestran a trav\u00e9s del testigo de advertencia del motor.<\/p>\n<p>Los c\u00f3digos de aver\u00eda m\u00e1s comunes de una sonda Lambda defectuosa son: P0036, P0054, P0056, P0060, P0137, P0138, P013A, P013B, P014A, P014B, P0157, P0158, P0160, P0161, P0420, P0430, P2270, P2271, P2272, P2273, P2096, P2097, P2098, P2099<\/p>\n<p>&nbsp;<\/p>\n<h4>\u00bfPor qu\u00e9 elegir recambios originales Mopar?<\/h4>\n<p><strong>Ajuste perfecto y calidad superior:<\/strong> Los recambios originales Mopar se fabrican siguiendo las estrictas especificaciones del fabricante, lo que significa que encajan perfectamente en su veh\u00edculo. Esto no solo garantiza una instalaci\u00f3n sencilla, sino tambi\u00e9n un funcionamiento y una seguridad \u00f3ptimos.<\/p>\n<p><strong>Fiabilidad y durabilidad:<\/strong> Mediante el uso de materiales de alta calidad y estrictos controles de calidad, los recambios Mopar garantizan que su veh\u00edculo funcione de forma fiable incluso en condiciones extremas. Est\u00e1n dise\u00f1ados para durar y maximizar el rendimiento de su veh\u00edculo.<\/p>","protected":false},"excerpt":{"rendered":"<p>Pieza original Mopar<\/p>\n<p>2019-2025<\/p>","protected":false},"featured_media":68308805,"comment_status":"open","ping_status":"closed","template":"","meta":{"_acf_changed":false},"product_brand":[16270],"product_cat":[7416,7426,19681,7446],"product_tag":[475,7940,1035,546,677,49,521,7924,56,6545,7125,7124,7941,50,7901,520,7900,31,8813,9424,16271,16273,16275,16272,16274,7221,7899,34,2425,7902,7903,7904,7905,7906,7907,7908,7909,7910,7911,7912,7913,7914,7915,522,523,7920,7921,7922,7923,7916,7917,7918,7919,86,713,3550,7132,7133,5276,175],"class_list":{"0":"post-68308803","1":"product","2":"type-product","3":"status-publish","4":"has-post-thumbnail","6":"product_brand-mopar","7":"product_cat-wagoneer-64-sensoren","8":"product_cat-wrangler-64-sensoren","9":"product_cat-1500-36-dt-sensoren","10":"product_cat-1500-57-dt-sensoren","11":"product_tag-475","12":"product_tag-68290528aa","13":"product_tag-abgasanlage","14":"product_tag-auspuff","15":"product_tag-compass","16":"product_tag-dodge","17":"product_tag-fehlercode","18":"product_tag-fehlerspeicher","19":"product_tag-grand-cherokee","20":"product_tag-grand-wagoneer","21":"product_tag-hinten-links","22":"product_tag-hinten-rechts","23":"product_tag-hornet","24":"product_tag-jeep","25":"product_tag-kraftstoffverbrauch","26":"product_tag-lambdasonde","27":"product_tag-lambdasonden","28":"product_tag-mopar","29":"product_tag-mopar-autoteile","30":"product_tag-mopar-ersatzteile","31":"product_tag-mopar-ersatzteile-kaufen","32":"product_tag-mopar-performance-teile","33":"product_tag-mopar-teile-katalog","34":"product_tag-mopar-teile-online","35":"product_tag-mopar-tuningteile","36":"product_tag-mopar10","37":"product_tag-o2-sensor","38":"product_tag-original","39":"product_tag-originalteil","40":"product_tag-p0036","41":"product_tag-p0054","42":"product_tag-p0056","43":"product_tag-p0060","44":"product_tag-p0137","45":"product_tag-p0138","46":"product_tag-p013a","47":"product_tag-p013b","48":"product_tag-p014a","49":"product_tag-p014b","50":"product_tag-p0157","51":"product_tag-p0158","52":"product_tag-p0160","53":"product_tag-p0161","54":"product_tag-p0420","55":"product_tag-p0430","56":"product_tag-p2096","57":"product_tag-p2097","58":"product_tag-p2098","59":"product_tag-p2099","60":"product_tag-p2270","61":"product_tag-p2271","62":"product_tag-p2272","63":"product_tag-p2273","64":"product_tag-ram","65":"product_tag-sensor","66":"product_tag-sonde","67":"product_tag-vorne-links","68":"product_tag-vorne-rechts","69":"product_tag-wagoneer","70":"product_tag-wrangler","72":"first","73":"instock","74":"taxable","75":"shipping-taxable","76":"purchasable","77":"product-type-simple"},"bundled_by":[],"bundle_stock_status":"instock","bundle_stock_quantity":5,"bundle_virtual":false,"bundle_layout":"","bundle_add_to_cart_form_location":"","bundle_editable_in_cart":false,"bundle_sold_individually_context":"","bundle_item_grouping":"","bundle_min_size":"","bundle_max_size":"","bundle_price":[],"bundled_items":[],"bundle_sell_ids":[],"exclude_global_add_ons":[],"addons":[],"acf":[],"_links":{"self":[{"href":"https:\/\/kraftwerk-shop.cc\/es\/wp-json\/wp\/v2\/product\/68308803","targetHints":{"allow":["GET"]}}],"collection":[{"href":"https:\/\/kraftwerk-shop.cc\/es\/wp-json\/wp\/v2\/product"}],"about":[{"href":"https:\/\/kraftwerk-shop.cc\/es\/wp-json\/wp\/v2\/types\/product"}],"replies":[{"embeddable":true,"href":"https:\/\/kraftwerk-shop.cc\/es\/wp-json\/wp\/v2\/comments?post=68308803"}],"version-history":[{"count":0,"href":"https:\/\/kraftwerk-shop.cc\/es\/wp-json\/wp\/v2\/product\/68308803\/revisions"}],"wp:featuredmedia":[{"embeddable":true,"href":"https:\/\/kraftwerk-shop.cc\/es\/wp-json\/wp\/v2\/media\/68308805"}],"wp:attachment":[{"href":"https:\/\/kraftwerk-shop.cc\/es\/wp-json\/wp\/v2\/media?parent=68308803"}],"wp:term":[{"taxonomy":"product_brand","embeddable":true,"href":"https:\/\/kraftwerk-shop.cc\/es\/wp-json\/wp\/v2\/product_brand?post=68308803"},{"taxonomy":"product_cat","embeddable":true,"href":"https:\/\/kraftwerk-shop.cc\/es\/wp-json\/wp\/v2\/product_cat?post=68308803"},{"taxonomy":"product_tag","embeddable":true,"href":"https:\/\/kraftwerk-shop.cc\/es\/wp-json\/wp\/v2\/product_tag?post=68308803"}],"curies":[{"name":"wp","href":"https:\/\/api.w.org\/{rel}","templated":true}]}}