{"id":68308850,"date":"2024-10-13T22:42:09","date_gmt":"2024-10-13T20:42:09","guid":{"rendered":"https:\/\/kraftwerk-shop.cc\/?post_type=product&#038;p=68308850"},"modified":"2026-02-15T01:14:12","modified_gmt":"2026-02-15T00:14:12","slug":"dba-anillo-de-friccion52910-1xs-hellcat","status":"publish","type":"product","link":"https:\/\/kraftwerk-shop.cc\/es\/produkt\/dba-reibring52910-1xs-hellcat\/","title":{"rendered":"Anillo de fricci\u00f3n DBA para Dodge Challenger\/ Charger 6.4 &amp; Hellcat"},"content":{"rendered":"<h1>DBA anillo de fricci\u00f3n 52910.1XS para el disco de freno de 2 piezas 390 mm de Chrysler 300C, Dodge Charger y Challenger SRT y Hellcat 2015 - 2020 con 6 pistones Brembo, ranurado y perforado<\/h1>\n<p>&nbsp;<\/p>\n<p><strong>N\u00fameros de comparaci\u00f3n Mopar:<\/strong> 68184587AA, 68184587AB, 68184587AC, 68184587AD, 68184587AE<\/p>\n<p>Gracias al dise\u00f1o de dos piezas de los discos de freno originales, es posible seguir utilizando el tarro del disco original.<br \/>\nHay tres marcas de color en el anillo que sirven como indicador de la temperatura m\u00e1s alta alcanzada.<\/p>\n<p>&nbsp;<\/p>\n<p><strong>Adecuado para:<br \/>\n<\/strong><\/p>\n<table width=\"0\">\n<tbody>\n<tr>\n<td width=\"143\">Chrysler<\/td>\n<td width=\"160\">300C<\/td>\n<td width=\"64\">6.4 SRT<\/td>\n<td width=\"312\">2015 - 2020 con discos de freno de 390 mm<\/td>\n<\/tr>\n<tr>\n<td width=\"143\">Dodge<\/td>\n<td width=\"160\">Challenger<\/td>\n<td width=\"64\">6.4 SRT<\/td>\n<td width=\"312\">2015 - 2020 con discos de freno de 390 mm<\/td>\n<\/tr>\n<tr>\n<td width=\"143\">Dodge<\/td>\n<td width=\"160\">Challenger Hellcat<\/td>\n<td width=\"64\">6.2<\/td>\n<td width=\"312\">2015-2020<\/td>\n<\/tr>\n<tr>\n<td width=\"143\">Dodge<\/td>\n<td width=\"160\">Charger<\/td>\n<td width=\"64\">6.4 SRT<\/td>\n<td width=\"312\">2015 - 2020 con discos de freno de 390 mm<\/td>\n<\/tr>\n<tr>\n<td width=\"143\">Dodge<\/td>\n<td width=\"160\">Charger Hellcat<\/td>\n<td width=\"64\">6.2<\/td>\n<td width=\"312\">2015-2020<\/td>\n<\/tr>\n<\/tbody>\n<\/table>\n<p>&nbsp;<\/p>\n<p><strong>Volumen de suministro:<\/strong><\/p>\n<ul>\n<li>1 Anillo de fricci\u00f3n<\/li>\n<\/ul>\n<p>Se necesitan 2 piezas para el eje delantero.<\/p>\n<p>&nbsp;<\/p>\n<table id=\"xoverview\" class=\"table\">\n<tbody>\n<tr>\n<td><strong>Funci\u00f3n<\/strong><\/td>\n<td><b>Descripci\u00f3n de la<\/b><\/td>\n<td><b>Ventaja<\/b><\/td>\n<\/tr>\n<tr>\n<td rowspan=\"3\"><img decoding=\"async\" class=\"icon\" title=\"T3\" src=\"https:\/\/3cerp.eu\/api\/file\/DBA_T3.png\" alt=\"T3\" width=\"79\" height=\"55\" \/><\/p>\n<p><strong>Ranura T3 48 ranuras de precisi\u00f3n fresadas con CNC<\/strong><\/td>\n<td>Las ranuras trisim\u00e9tricas amortiguan las vibraciones y el ruido<\/td>\n<td>Un tacto del pedal de freno m\u00e1s suave y con mayor capacidad de respuesta<\/td>\n<\/tr>\n<tr>\n<td>Mayor n\u00famero de puntos de salida para los gases de fricci\u00f3n de las pastillas de freno que escapan a trav\u00e9s del dise\u00f1o de ranura universal<\/td>\n<td>Aumenta la uniformidad y eficacia de cada frenada<\/td>\n<\/tr>\n<tr>\n<td><\/td>\n<td>No se necesitan discos de freno diferentes a izquierda y derecha<\/td>\n<\/tr>\n<tr>\n<td rowspan=\"2\"><img decoding=\"async\" class=\"icon\" title=\"KANGAROO_PAW\" src=\"https:\/\/3cerp.eu\/api\/file\/KANGAROO_PAW.jpg\" alt=\"KANGAROO_PAW\" width=\"80\" height=\"79\" \/><b><\/b><\/p>\n<p><b>Kangaroo Paw - Sistema de ventilaci\u00f3n de columna 144 Diamond y Tear Drop<br \/>\n<\/b><\/td>\n<td>La mayor superficie permite una mejor disipaci\u00f3n del calor.<\/td>\n<td>Minimiza el debilitamiento de los frenos y aumenta el efecto de frenado<\/td>\n<\/tr>\n<tr>\n<td>La mayor superficie permite una mejor disipaci\u00f3n del calor.<\/td>\n<td>Prolonga la vida \u00fatil de las pastillas y los discos de freno. Reduce los da\u00f1os mec\u00e1nicos y los costes asociados.<\/td>\n<\/tr>\n<tr>\n<td><img decoding=\"async\" class=\"icon\" title=\"DBA_XG150\" src=\"https:\/\/3cerp.eu\/api\/file\/DBA_XG150.png\" alt=\"DBA_XG150\" width=\"80\" height=\"45\" \/><b><\/b><\/p>\n<p><b>XG150 Hierro aleado con alto contenido en carbono<br \/>\n<\/b><\/td>\n<td>La mayor capacidad t\u00e9rmica permite al disco de freno soportar el calor extremo durante m\u00e1s tiempo<\/td>\n<td>Minimiza la deformaci\u00f3n y el agrietamiento y prolonga la vida \u00fatil del disco de freno<\/td>\n<\/tr>\n<tr>\n<td><img decoding=\"async\" class=\"icon\" title=\"DBA_TSP\" src=\"https:\/\/3cerp.eu\/api\/file\/DBA_TSP.png\" alt=\"DBA_TSP\" width=\"80\" height=\"35\" \/><b><\/b><\/p>\n<p><strong>Perfil de estabilidad t\u00e9rmica<\/strong><\/td>\n<td>Desarrollo especial adaptado al proceso DBA TSP<\/td>\n<td>Minimiza la deformaci\u00f3n y el agrietamiento y prolonga la vida \u00fatil del disco de freno<\/td>\n<\/tr>\n<tr>\n<td rowspan=\"2\"><strong><img decoding=\"async\" class=\"icon\" title=\"DBA_TTM\" src=\"https:\/\/3cerp.eu\/api\/file\/DBA_TTM.png\" alt=\"DBA_TTM\" width=\"80\" height=\"60\" \/><\/strong><\/p>\n<p><strong>Control termogr\u00e1fico de la temperatura<\/strong><\/td>\n<td>Las marcas t\u00e9rmicas cambian de color a determinados umbrales de temperatura<\/td>\n<td>Proporciona al conductor una visualizaci\u00f3n clara de las temperaturas m\u00e1ximas de frenado<\/td>\n<\/tr>\n<tr>\n<td>Si se superan los umbrales de temperatura, las marcas de color cambian de color permanentemente<\/td>\n<td>Permite al conductor controlar la fatiga de los discos de freno y decidir si sustituirlos, y ayuda a los concesionarios con las reclamaciones de garant\u00eda.<\/td>\n<\/tr>\n<tr>\n<td rowspan=\"2\"><strong><img decoding=\"async\" class=\"icon\" title=\"DBA_Pain_Protection\" src=\"https:\/\/3cerp.eu\/api\/file\/DBA_Pain_Protection.png\" alt=\"DBA_Pain_Protection\" width=\"80\" height=\"85\" \/><\/strong><\/p>\n<p><strong>Protecci\u00f3n de la pintura en superficies sin fricci\u00f3n<\/strong><\/td>\n<td>Reduce la corrosi\u00f3n<\/td>\n<td>Evita la antiest\u00e9tica formaci\u00f3n de \u00f3xido<\/td>\n<\/tr>\n<tr>\n<td>Mejora el aspecto<\/td>\n<td>Aumenta el valor del producto<\/td>\n<\/tr>\n<\/tbody>\n<\/table>","protected":false},"excerpt":{"rendered":"<p>Adecuado para discos de freno de 390 mm (2015 - 2020)<br \/>\nranurado y perforado<\/p>","protected":false},"featured_media":68308852,"comment_status":"open","ping_status":"closed","template":"","meta":{"_acf_changed":false},"product_brand":[18922],"product_cat":[17737,17693,17689,17761,17765],"product_tag":[249,250,251,252,419,420,217,852,6474,7954,853,854,2324,936,938,937,939,832,795,796,3946,10802,54,53,536,789,429,49,3853,3854,204,100,441,36,31,96,841,2328,673],"class_list":{"0":"post-68308850","1":"product","2":"type-product","3":"status-publish","4":"has-post-thumbnail","6":"product_brand-dba","7":"product_cat-300c-64-bremsscheiben-vorne","8":"product_cat-challenger-hellcat-bremsscheiben-vorne","9":"product_cat-challenger-64-bremsscheiben-vorne","10":"product_cat-charger-hellcat-bremsscheiben-vorne","11":"product_cat-charger-64-bremsscheiben-vorne","12":"product_tag-249","13":"product_tag-250","14":"product_tag-251","15":"product_tag-252","16":"product_tag-419","17":"product_tag-420","18":"product_tag-217","19":"product_tag-852","20":"product_tag-52910-1s","21":"product_tag-52910-1xs","22":"product_tag-52910s","23":"product_tag-6-kolben","24":"product_tag-68184587aa","25":"product_tag-68184587ab","26":"product_tag-68184587ac","27":"product_tag-68184587ad","28":"product_tag-68184587ae","29":"product_tag-brembo","30":"product_tag-bremse","31":"product_tag-bremsscheibe","32":"product_tag-bremsscheiben-fuer-dodge-challenger","33":"product_tag-bremsscheiben-fuer-dodge-challenger-6-4","34":"product_tag-challenger","35":"product_tag-charger","36":"product_tag-chrysler-300c","37":"product_tag-dba","38":"product_tag-deutschland","39":"product_tag-dodge","40":"product_tag-dodge-challenger","41":"product_tag-dodge-charger","42":"product_tag-ersatz","43":"product_tag-hellcat","44":"product_tag-kaufen","45":"product_tag-kraftwerk","46":"product_tag-mopar","47":"product_tag-srt","48":"product_tag-vorne","49":"product_tag-vorne-390-mm","50":"product_tag-zubehoer","51":"product_shipping_class-deutschlandohne","53":"first","54":"instock","55":"taxable","56":"shipping-taxable","57":"purchasable","58":"product-type-simple"},"bundled_by":[],"bundle_stock_status":"instock","bundle_stock_quantity":4,"bundle_virtual":false,"bundle_layout":"","bundle_add_to_cart_form_location":"","bundle_editable_in_cart":false,"bundle_sold_individually_context":"","bundle_item_grouping":"","bundle_min_size":"","bundle_max_size":"","bundle_price":[],"bundled_items":[],"bundle_sell_ids":[],"exclude_global_add_ons":[],"addons":[],"acf":[],"_links":{"self":[{"href":"https:\/\/kraftwerk-shop.cc\/es\/wp-json\/wp\/v2\/product\/68308850","targetHints":{"allow":["GET"]}}],"collection":[{"href":"https:\/\/kraftwerk-shop.cc\/es\/wp-json\/wp\/v2\/product"}],"about":[{"href":"https:\/\/kraftwerk-shop.cc\/es\/wp-json\/wp\/v2\/types\/product"}],"replies":[{"embeddable":true,"href":"https:\/\/kraftwerk-shop.cc\/es\/wp-json\/wp\/v2\/comments?post=68308850"}],"version-history":[{"count":0,"href":"https:\/\/kraftwerk-shop.cc\/es\/wp-json\/wp\/v2\/product\/68308850\/revisions"}],"wp:featuredmedia":[{"embeddable":true,"href":"https:\/\/kraftwerk-shop.cc\/es\/wp-json\/wp\/v2\/media\/68308852"}],"wp:attachment":[{"href":"https:\/\/kraftwerk-shop.cc\/es\/wp-json\/wp\/v2\/media?parent=68308850"}],"wp:term":[{"taxonomy":"product_brand","embeddable":true,"href":"https:\/\/kraftwerk-shop.cc\/es\/wp-json\/wp\/v2\/product_brand?post=68308850"},{"taxonomy":"product_cat","embeddable":true,"href":"https:\/\/kraftwerk-shop.cc\/es\/wp-json\/wp\/v2\/product_cat?post=68308850"},{"taxonomy":"product_tag","embeddable":true,"href":"https:\/\/kraftwerk-shop.cc\/es\/wp-json\/wp\/v2\/product_tag?post=68308850"}],"curies":[{"name":"wp","href":"https:\/\/api.w.org\/{rel}","templated":true}]}}