{"id":68309184,"date":"2024-10-19T18:07:24","date_gmt":"2024-10-19T16:07:24","guid":{"rendered":"https:\/\/kraftwerk-shop.cc\/?post_type=product&#038;p=68309184"},"modified":"2026-03-27T12:46:41","modified_gmt":"2026-03-27T11:46:41","slug":"actualizar-bomba-de-agua-durango-ram-57","status":"publish","type":"product","link":"https:\/\/kraftwerk-shop.cc\/es\/produkt\/upgrade-wasserpumpe-durango-ram-57\/","title":{"rendered":"Actualizaci\u00f3n de la bomba de agua de refrigeraci\u00f3n Durango &amp; RAM 5.7"},"content":{"rendered":"<h1>Actualizar la bomba de agua de refrigeraci\u00f3n para Dodge Durango, RAM 1500, 2500 y 3500 5.7 de 2003 a 2008<\/h1>\n<p>&nbsp;<\/p>\n<p><strong>N\u00fameros de comparaci\u00f3n Mopar:<\/strong> <span class=\"list-value\">53021380AK, 53021380AL, 53021380AM, 53021380BB<\/span>, <span class=\"list-value sku-display\">68382494AA<\/span><\/p>\n<p>&nbsp;<\/p>\n<p><strong>Propiedades<\/strong><\/p>\n<ul>\n<li>Rodamientos cementados<\/li>\n<li>Superficies precisas mecanizadas por CNC<\/li>\n<li>Rueda met\u00e1lica (la pieza original de Mopar utiliza una fr\u00e1gil rueda de pl\u00e1stico)<\/li>\n<li>Incluida la junta de la bomba de agua<\/li>\n<\/ul>\n<p>&nbsp;<\/p>\n<p><strong>Ventajas de los rodamientos cementados<\/strong><\/p>\n<p>Esta bomba de agua de refrigeraci\u00f3n utiliza cojinetes endurecidos desarrollados seg\u00fan las especificaciones del fabricante original para satisfacer los requisitos espec\u00edficos de par radial y carga axial de cada aplicaci\u00f3n.<br \/>\nEstos cojinetes cementados de alta calidad tienen una mayor capacidad de carga y son robustos por fuera pero flexibles por dentro. Esto los hace ideales para resistir desequilibrios o vibraciones en el sistema de refrigeraci\u00f3n.<\/p>\n<p>&nbsp;<\/p>\n<ul>\n<li>Larga vida \u00fatil<\/li>\n<li>Gran capacidad de carga<\/li>\n<li>Resistente por fuera y flexible por dentro<\/li>\n<li>Resiste desequilibrios o vibraciones en el sistema de refrigeraci\u00f3n<\/li>\n<\/ul>\n<p>&nbsp;<\/p>\n<p><strong>Ventajas de las superficies de precisi\u00f3n fresadas con CNC<\/strong><\/p>\n<p>La bomba de agua se fabrica seg\u00fan las especificaciones de la pieza de fundici\u00f3n original y todas las superficies de montaje se fresan mediante CNC.<br \/>\nEsto facilita la instalaci\u00f3n y garantiza un sellado preciso de todas las superficies unidas. Una conexi\u00f3n estanca garantiza una larga vida \u00fatil de los componentes y la m\u00e1xima eficiencia.<\/p>\n<p>&nbsp;<\/p>\n<ul>\n<li>Precisi\u00f3n de ajuste garantizada con componentes a juego<\/li>\n<li>Evita fugas<\/li>\n<li>Inspeccionado y comprobado conforme a las normas ISO9001:2015<\/li>\n<\/ul>\n<p>&nbsp;<\/p>\n<p><strong>Ventajas de los rodetes met\u00e1licos<\/strong><\/p>\n<p>Los impulsores met\u00e1licos son muy superiores a los de pl\u00e1stico. Al utilizar impulsores met\u00e1licos, una bomba de agua puede soportar pares m\u00e1s elevados y temperaturas m\u00e1s altas.<br \/>\nEsto no s\u00f3lo ayuda a mejorar el rendimiento, sino que tambi\u00e9n evita fallos en los componentes causados por ruedas rotas o deformadas.<\/p>\n<p>&nbsp;<\/p>\n<ul>\n<li>Soporta altas temperaturas<\/li>\n<li>Resistente a los productos qu\u00edmicos<\/li>\n<li>Potente a altas velocidades<\/li>\n<li>No se deforma<\/li>\n<li>Soporta elevadas fuerzas de torsi\u00f3n<\/li>\n<li>No se astilla<\/li>\n<li>Sin grietas durante el ajuste a presi\u00f3n<\/li>\n<li>Extremadamente duradero<\/li>\n<li>Soporta tolerancias en motores con alto kilometraje<\/li>\n<\/ul>\n<p>&nbsp;<\/p>\n<p>&nbsp;<\/p>\n<p><strong>Adecuado para:<\/strong><\/p>\n<table width=\"921\">\n<tbody>\n<tr>\n<td width=\"83\"><strong>A\u00f1o de construcci\u00f3n<\/strong><\/td>\n<td width=\"83\"><strong>Marca<\/strong><\/td>\n<td width=\"186\"><strong>Modelo<\/strong><\/td>\n<td width=\"275\"><strong>Versi\u00f3n<\/strong><\/td>\n<td width=\"294\"><strong>Motor<\/strong><\/td>\n<\/tr>\n<tr>\n<td width=\"83\">2008<\/td>\n<td width=\"83\">Chrysler<\/td>\n<td width=\"186\">Aspen<\/td>\n<td width=\"275\">Limited<\/td>\n<td width=\"294\">5.7L<\/td>\n<\/tr>\n<tr>\n<td width=\"83\">2008<\/td>\n<td width=\"83\">Dodge<\/td>\n<td width=\"186\">Durango<\/td>\n<td width=\"275\">Adventurer, Limited, SLT<\/td>\n<td width=\"294\">5.7L<\/td>\n<\/tr>\n<tr>\n<td width=\"83\">2008<\/td>\n<td width=\"83\">Dodge<\/td>\n<td width=\"186\">Ram 1500<\/td>\n<td width=\"275\">Laramie, SLT, ST<\/td>\n<td width=\"294\">4.7L V8 - Flex, 4.7L, 5.7L<\/td>\n<\/tr>\n<tr>\n<td width=\"83\">2008<\/td>\n<td width=\"83\">Dodge<\/td>\n<td width=\"186\">Ram 2500<\/td>\n<td width=\"275\">Laramie, Power Wagon, SLT, ST, SXT<\/td>\n<td width=\"294\">5.7L<\/td>\n<\/tr>\n<tr>\n<td width=\"83\">2008<\/td>\n<td width=\"83\">Dodge<\/td>\n<td width=\"186\">Ram 3500<\/td>\n<td width=\"275\">Laramie, SLT, ST<\/td>\n<td width=\"294\">5.7L<\/td>\n<\/tr>\n<tr>\n<td width=\"83\">2007<\/td>\n<td width=\"83\">Chrysler<\/td>\n<td width=\"186\">Aspen<\/td>\n<td width=\"275\">Limited<\/td>\n<td width=\"294\">5.7L<\/td>\n<\/tr>\n<tr>\n<td width=\"83\">2007<\/td>\n<td width=\"83\">Dodge<\/td>\n<td width=\"186\">Durango<\/td>\n<td width=\"275\">Adventurer, Limited, SLT, SXT<\/td>\n<td width=\"294\">5.7L<\/td>\n<\/tr>\n<tr>\n<td width=\"83\">2007<\/td>\n<td width=\"83\">Dodge<\/td>\n<td width=\"186\">Ram 1500<\/td>\n<td width=\"275\">Laramie, SLT, ST, Sport, TRX4<\/td>\n<td width=\"294\">5.7L<\/td>\n<\/tr>\n<tr>\n<td width=\"83\">2007<\/td>\n<td width=\"83\">Dodge<\/td>\n<td width=\"186\">Ram 2500<\/td>\n<td width=\"275\">Laramie, Power Wagon, SLT, ST, Sport, TRX4<\/td>\n<td width=\"294\">5.7L<\/td>\n<\/tr>\n<tr>\n<td width=\"83\">2007<\/td>\n<td width=\"83\">Dodge<\/td>\n<td width=\"186\">Ram 3500<\/td>\n<td width=\"275\">Laramie, SLT, ST, Sport<\/td>\n<td width=\"294\">5.7L<\/td>\n<\/tr>\n<tr>\n<td width=\"83\">2006<\/td>\n<td width=\"83\">Dodge<\/td>\n<td width=\"186\">Durango<\/td>\n<td width=\"275\">Limited, SLT<\/td>\n<td width=\"294\">5.7L<\/td>\n<\/tr>\n<tr>\n<td width=\"83\">2006<\/td>\n<td width=\"83\">Dodge<\/td>\n<td width=\"186\">Ram 1500<\/td>\n<td width=\"275\">Laramie, SLT, ST<\/td>\n<td width=\"294\">5.7L<\/td>\n<\/tr>\n<tr>\n<td width=\"83\">2006<\/td>\n<td width=\"83\">Dodge<\/td>\n<td width=\"186\">Ram 2500<\/td>\n<td width=\"275\">Laramie, SLT, ST<\/td>\n<td width=\"294\">5.7L<\/td>\n<\/tr>\n<tr>\n<td width=\"83\">2006<\/td>\n<td width=\"83\">Dodge<\/td>\n<td width=\"186\">Ram 3500<\/td>\n<td width=\"275\">Laramie, SLT, ST<\/td>\n<td width=\"294\">5.7L<\/td>\n<\/tr>\n<tr>\n<td width=\"83\">2005<\/td>\n<td width=\"83\">Dodge<\/td>\n<td width=\"186\">Durango<\/td>\n<td width=\"275\">Limited, SLT<\/td>\n<td width=\"294\">5.7L<\/td>\n<\/tr>\n<tr>\n<td width=\"83\">2005<\/td>\n<td width=\"83\">Dodge<\/td>\n<td width=\"186\">Ram 1500<\/td>\n<td width=\"275\">SLT, ST<\/td>\n<td width=\"294\">5.7L<\/td>\n<\/tr>\n<tr>\n<td width=\"83\">2005<\/td>\n<td width=\"83\">Dodge<\/td>\n<td width=\"186\">Ram 2500<\/td>\n<td width=\"275\">SLT, ST<\/td>\n<td width=\"294\">5.7L<\/td>\n<\/tr>\n<tr>\n<td width=\"83\">2005<\/td>\n<td width=\"83\">Dodge<\/td>\n<td width=\"186\">Ram 3500<\/td>\n<td width=\"275\">SLT, ST<\/td>\n<td width=\"294\">5.7L<\/td>\n<\/tr>\n<tr>\n<td width=\"83\">2004<\/td>\n<td width=\"83\">Dodge<\/td>\n<td width=\"186\">Durango<\/td>\n<td width=\"275\">Limited, SLT<\/td>\n<td width=\"294\">5.7L<\/td>\n<\/tr>\n<tr>\n<td width=\"83\">2004<\/td>\n<td width=\"83\">Dodge<\/td>\n<td width=\"186\">Ram 1500<\/td>\n<td width=\"275\">SLT, ST<\/td>\n<td width=\"294\">5.7L<\/td>\n<\/tr>\n<tr>\n<td width=\"83\">2004<\/td>\n<td width=\"83\">Dodge<\/td>\n<td width=\"186\">Ram 2500<\/td>\n<td width=\"275\">SLT, ST<\/td>\n<td width=\"294\">5.7L<\/td>\n<\/tr>\n<tr>\n<td width=\"83\">2004<\/td>\n<td width=\"83\">Dodge<\/td>\n<td width=\"186\">Ram 3500<\/td>\n<td width=\"275\">SLT, ST<\/td>\n<td width=\"294\">5.7L<\/td>\n<\/tr>\n<tr>\n<td width=\"83\">2003<\/td>\n<td width=\"83\">Dodge<\/td>\n<td width=\"186\">Ram 1500<\/td>\n<td width=\"275\">SLT, ST<\/td>\n<td width=\"294\">5.7L<\/td>\n<\/tr>\n<tr>\n<td width=\"83\">2003<\/td>\n<td width=\"83\">Dodge<\/td>\n<td width=\"186\">Ram 2500<\/td>\n<td width=\"275\">SLT, ST<\/td>\n<td width=\"294\">5.7L<\/td>\n<\/tr>\n<tr>\n<td width=\"83\">2003<\/td>\n<td width=\"83\">Dodge<\/td>\n<td width=\"186\">Ram 3500<\/td>\n<td width=\"275\">SLT, ST<\/td>\n<td width=\"294\">5.7L<\/td>\n<\/tr>\n<\/tbody>\n<\/table>\n<p>&nbsp;<\/p>\n<p>&nbsp;<\/p>","protected":false},"excerpt":{"rendered":"<p>2003-2008<\/p>","protected":false},"featured_media":68309186,"comment_status":"open","ping_status":"closed","template":"","meta":{"_acf_changed":false},"product_brand":[],"product_cat":[2533,7762],"product_tag":[18663,18664,18665,18666,91,7993,7994,7995,7996,7992,49,95,5255,86,216,6430,5254,673],"class_list":{"0":"post-68309184","1":"product","2":"type-product","3":"status-publish","4":"has-post-thumbnail","6":"product_cat-durango-57-kuehlung","7":"product_cat-1500-57-2003-2008-kuehlung","8":"product_tag-053021380ak","9":"product_tag-053021380al","10":"product_tag-053021380am","11":"product_tag-053021380bb","12":"product_tag-5-7","13":"product_tag-53021380ak","14":"product_tag-53021380al","15":"product_tag-53021380am","16":"product_tag-53021380bb","17":"product_tag-68382494aa","18":"product_tag-dodge","19":"product_tag-durango","20":"product_tag-kuehlwasserpumpe","21":"product_tag-ram","22":"product_tag-upgrade","23":"product_tag-usmotor","24":"product_tag-wasserpumpe","25":"product_tag-zubehoer","27":"first","28":"instock","29":"taxable","30":"shipping-taxable","31":"purchasable","32":"product-type-simple"},"bundled_by":[],"bundle_stock_status":"instock","bundle_stock_quantity":2,"bundle_virtual":false,"bundle_layout":"","bundle_add_to_cart_form_location":"","bundle_editable_in_cart":false,"bundle_sold_individually_context":"","bundle_item_grouping":"","bundle_min_size":"","bundle_max_size":"","bundle_price":[],"bundled_items":[],"bundle_sell_ids":[],"exclude_global_add_ons":[],"addons":[],"acf":[],"_links":{"self":[{"href":"https:\/\/kraftwerk-shop.cc\/es\/wp-json\/wp\/v2\/product\/68309184","targetHints":{"allow":["GET"]}}],"collection":[{"href":"https:\/\/kraftwerk-shop.cc\/es\/wp-json\/wp\/v2\/product"}],"about":[{"href":"https:\/\/kraftwerk-shop.cc\/es\/wp-json\/wp\/v2\/types\/product"}],"replies":[{"embeddable":true,"href":"https:\/\/kraftwerk-shop.cc\/es\/wp-json\/wp\/v2\/comments?post=68309184"}],"version-history":[{"count":0,"href":"https:\/\/kraftwerk-shop.cc\/es\/wp-json\/wp\/v2\/product\/68309184\/revisions"}],"wp:featuredmedia":[{"embeddable":true,"href":"https:\/\/kraftwerk-shop.cc\/es\/wp-json\/wp\/v2\/media\/68309186"}],"wp:attachment":[{"href":"https:\/\/kraftwerk-shop.cc\/es\/wp-json\/wp\/v2\/media?parent=68309184"}],"wp:term":[{"taxonomy":"product_brand","embeddable":true,"href":"https:\/\/kraftwerk-shop.cc\/es\/wp-json\/wp\/v2\/product_brand?post=68309184"},{"taxonomy":"product_cat","embeddable":true,"href":"https:\/\/kraftwerk-shop.cc\/es\/wp-json\/wp\/v2\/product_cat?post=68309184"},{"taxonomy":"product_tag","embeddable":true,"href":"https:\/\/kraftwerk-shop.cc\/es\/wp-json\/wp\/v2\/product_tag?post=68309184"}],"curies":[{"name":"wp","href":"https:\/\/api.w.org\/{rel}","templated":true}]}}