{"id":68309238,"date":"2024-10-21T13:58:36","date_gmt":"2024-10-21T11:58:36","guid":{"rendered":"https:\/\/kraftwerk-shop.cc\/?post_type=product&#038;p=68309238"},"modified":"2026-02-27T10:36:01","modified_gmt":"2026-02-27T09:36:01","slug":"ventilacion-tapa-valvulas-mustang-gt350","status":"publish","type":"product","link":"https:\/\/kraftwerk-shop.cc\/es\/produkt\/ventildeckelentlueftung-mustang-gt350\/","title":{"rendered":"Ventilaci\u00f3n de la tapa de v\u00e1lvulas Ford Mustang Shelby GT350"},"content":{"rendered":"<h1>Respiradero de la tapa de la v\u00e1lvula abierta para Ford Mustang Shelby GT350<\/h1>\n<p>&nbsp;<\/p>\n<p>Este respiradero de la tapa de la v\u00e1lvula se instala en lugar del tap\u00f3n de llenado de aceite; no se requieren modificaciones en el veh\u00edculo.<\/p>\n<p>La espiral mecanizada con precisi\u00f3n de la base de la carcasa encaja exactamente en el tubo de llenado, y la junta se mantiene en su sitio gracias a la junta t\u00f3rica suministrada.<\/p>\n<p>En los motores turboalimentados, la presi\u00f3n de la combusti\u00f3n entra inevitablemente en el c\u00e1rter, y esta presi\u00f3n contribuye a la p\u00e9rdida de potencia, al aumento de la temperatura del aceite y al fallo prematuro de las juntas del motor.<br \/>\nEl purgador de aire sirve como respiradero de alto caudal para que la presi\u00f3n resultante pueda escapar f\u00e1cilmente a la atm\u00f3sfera.<\/p>\n<p>Este respiradero est\u00e1 equipado con una v\u00e1lvula antirretorno APV patentada para que la presi\u00f3n interna pueda pasar, pero no se pueda aspirar aire exterior en el tracto de admisi\u00f3n del motor a trav\u00e9s del respiradero.<br \/>\nEsta ventilaci\u00f3n reduce la eficacia del sistema PCV del veh\u00edculo y no cumple la normativa sobre emisiones.<br \/>\nLa puesta a punto de su motor no se ver\u00e1 afectada por la instalaci\u00f3n de este respiradero.<\/p>\n<p>Este respiradero de tapa de v\u00e1lvula est\u00e1 fresado mediante CNC a partir de aluminio y micromecanizado en la superficie exterior.<br \/>\nEl filtro es una unidad reutilizable de alta calidad fabricada en EE.UU. por S &amp; B Filters.<\/p>\n<p>&nbsp;<\/p>\n<p><strong>Adecuado para:<\/strong><\/p>\n<table width=\"449\">\n<tbody>\n<tr>\n<td width=\"115\"><strong>Marca<\/strong><\/td>\n<td width=\"145\"><strong>Modelo<\/strong><\/td>\n<td width=\"106\"><strong>Motor<\/strong><\/td>\n<td width=\"83\"><strong>A\u00f1o de construcci\u00f3n<\/strong><\/td>\n<\/tr>\n<tr>\n<td width=\"115\">Ford<\/td>\n<td width=\"145\">Mustang Shelby GT350<\/td>\n<td width=\"106\">5.2<\/td>\n<td width=\"83\">2016 - 2019<\/td>\n<\/tr>\n<\/tbody>\n<\/table>\n<p>&nbsp;<\/p>","protected":false},"excerpt":{"rendered":"<p>Offene Ventildeckelentl\u00fcftung f\u00fcr Ford Mustang Shelby GT350 &nbsp; Diese Ventildeckelentl\u00fcftung wird anstelle des \u00d6leinf\u00fclldeckels eingebaut, es sind keine Ver\u00e4nderungen am<\/p>","protected":false},"featured_media":68309240,"comment_status":"open","ping_status":"closed","template":"","meta":{"_acf_changed":false},"product_brand":[19068],"product_cat":[8017],"product_tag":[8012,4606,155,917,3959,3505,84,3872,8011,3958,194,153,154,156],"class_list":{"0":"post-68309238","1":"product","2":"type-product","3":"status-publish","4":"has-post-thumbnail","6":"product_brand-kraftwerk","7":"product_cat-shelby-gt350-motor","8":"product_tag-1-0101-8-fb","9":"product_tag-5-2","10":"product_tag-entlueftung","11":"product_tag-ford","12":"product_tag-gt350","13":"product_tag-kurbelgehaeuse","14":"product_tag-kurbelgehaeuseentlueftung","15":"product_tag-mustang","16":"product_tag-oeleinfuelldeckel","17":"product_tag-shelby","18":"product_tag-v8","19":"product_tag-valve-cover-breather","20":"product_tag-ventildeckel","21":"product_tag-ventildeckelentlueftung","23":"first","24":"outofstock","25":"taxable","26":"shipping-taxable","27":"purchasable","28":"product-type-simple"},"bundled_by":[],"bundle_stock_status":"outofstock","bundle_stock_quantity":0,"bundle_virtual":false,"bundle_layout":"","bundle_add_to_cart_form_location":"","bundle_editable_in_cart":false,"bundle_sold_individually_context":"","bundle_item_grouping":"","bundle_min_size":"","bundle_max_size":"","bundle_price":[],"bundled_items":[],"bundle_sell_ids":[],"exclude_global_add_ons":[],"addons":[],"acf":[],"_links":{"self":[{"href":"https:\/\/kraftwerk-shop.cc\/es\/wp-json\/wp\/v2\/product\/68309238","targetHints":{"allow":["GET"]}}],"collection":[{"href":"https:\/\/kraftwerk-shop.cc\/es\/wp-json\/wp\/v2\/product"}],"about":[{"href":"https:\/\/kraftwerk-shop.cc\/es\/wp-json\/wp\/v2\/types\/product"}],"replies":[{"embeddable":true,"href":"https:\/\/kraftwerk-shop.cc\/es\/wp-json\/wp\/v2\/comments?post=68309238"}],"version-history":[{"count":0,"href":"https:\/\/kraftwerk-shop.cc\/es\/wp-json\/wp\/v2\/product\/68309238\/revisions"}],"wp:featuredmedia":[{"embeddable":true,"href":"https:\/\/kraftwerk-shop.cc\/es\/wp-json\/wp\/v2\/media\/68309240"}],"wp:attachment":[{"href":"https:\/\/kraftwerk-shop.cc\/es\/wp-json\/wp\/v2\/media?parent=68309238"}],"wp:term":[{"taxonomy":"product_brand","embeddable":true,"href":"https:\/\/kraftwerk-shop.cc\/es\/wp-json\/wp\/v2\/product_brand?post=68309238"},{"taxonomy":"product_cat","embeddable":true,"href":"https:\/\/kraftwerk-shop.cc\/es\/wp-json\/wp\/v2\/product_cat?post=68309238"},{"taxonomy":"product_tag","embeddable":true,"href":"https:\/\/kraftwerk-shop.cc\/es\/wp-json\/wp\/v2\/product_tag?post=68309238"}],"curies":[{"name":"wp","href":"https:\/\/api.w.org\/{rel}","templated":true}]}}