{"id":68309901,"date":"2024-11-12T14:28:18","date_gmt":"2024-11-12T13:28:18","guid":{"rendered":"https:\/\/kraftwerk-shop.cc\/?post_type=product&#038;p=68309901"},"modified":"2026-02-15T01:15:15","modified_gmt":"2026-02-15T00:15:15","slug":"awe-sistema-de-escape-ford-mustang-gt-bullitt","status":"publish","type":"product","link":"https:\/\/kraftwerk-shop.cc\/es\/produkt\/awe-sportauspuff-ford-mustang-gt-bullitt\/","title":{"rendered":"AWE sistema de escape Ford Mustang GT \/ Bullitt"},"content":{"rendered":"<h1>Sistema de escape AWE para Ford Mustang GT &amp; Bullitt<\/h1>\n<p>Este sistema de escape AWE de alta calidad ha sido especialmente desarrollado para el Ford Mustang GT (S550) y ofrece a los aficionados del Mustang una experiencia sonora excepcional y un rendimiento mejorado. Los sistemas AWE son conocidos por proporcionar el equilibrio perfecto entre volumen y sonido, lo que permite un sonido potente que sigue siendo agradable y no demasiado retumbante.<\/p>\n<p><strong>Caracter\u00edsticas del producto<\/strong><\/p>\n<p><strong>Sonido \u00fanico:<\/strong> AWE se enorgullece de su caracter\u00edstico sonido profundo y agresivo, desarrollado espec\u00edficamente para el Ford Mustang GT. El sonido enfatiza el rugido natural del motor y se ve reforzado por el enrutamiento del tubo especialmente dise\u00f1ado.<\/p>\n<p><strong>Mayor rendimiento:<\/strong> Adem\u00e1s de mejorar el sonido, el sistema de escape tambi\u00e9n mejora el rendimiento del veh\u00edculo al reducir la contrapresi\u00f3n del escape. Esto puede suponer tanto una mejora de la respuesta del acelerador como un ligero aumento de las prestaciones.<\/p>\n<p><strong>Calidad de procesamiento:<\/strong> Fabricado en acero inoxidable de alta calidad, el sistema AWE es sin\u00f3nimo de durabilidad y resistencia a la corrosi\u00f3n.<\/p>\n<p><strong>Precisi\u00f3n de ajuste:<\/strong> El sistema de escape se adapta con precisi\u00f3n al Ford Mustang GT (S550) 2018+ y es f\u00e1cil de montar. No requiere modificaciones y es compatible con la mayor\u00eda de los accesorios del mercado de accesorios.<\/p>\n<p><strong>Varias opciones de tubo de escape:<\/strong> Para dar un toque individual, los tubos de escape est\u00e1n disponibles en varios acabados, como acero inoxidable pulido y revestimientos negros. Esto permite personalizar el aspecto para adaptarlo a las preferencias personales.<\/p>\n<p><strong>Nota: <\/strong>Los veh\u00edculos con el sistema de escape opcional \"Active Valve Performance\" tambi\u00e9n deben tener el<em> <strong><a href=\"https:\/\/kraftwerk-shop.cc\/es\/producto\/awe-1310-11022-soporte-de-aleta-de-escape\/\">Soporte AWE<\/a><\/strong><\/em> para las aletas de escape (actuadores) se pueden comprar para evitar una luz de control del motor.<strong>\u00a0<\/strong><\/p>\n<p><strong>Sistema de escape Touring Edition<br \/>\n<\/strong>El Touring Edition es un sistema de escape completo de acero inoxidable de 3 pulgadas que ofrece un rendimiento \u00f3ptimo sin zumbidos en toda la gama de revoluciones. Con un tubo en H dise\u00f1ado con precisi\u00f3n y la soluci\u00f3n de cancelaci\u00f3n de zumbidos patentada por AWE, 180 Technology\u00ae, el sistema de escape Touring Edition ofrece un sonido de motor profundo y rico.<\/p>\n<p>Sonido perfecto, gracias a AWE 180 Technology\u00ae.<\/p>\n<p>Cuando los gases de escape salen del motor y fluyen hacia un resonador equipado con AWE 180 Technology\u00ae, se canalizan a trav\u00e9s de aberturas estrat\u00e9gicamente situadas hacia c\u00e1maras de reflexi\u00f3n. Las ondas sonoras transportadas por los gases de escape rebotan en las paredes de las c\u00e1maras de reflexi\u00f3n. Al controlar el tama\u00f1o y la posici\u00f3n de las aberturas y las c\u00e1maras, tambi\u00e9n controlamos el momento en que las ondas sonoras salen de las c\u00e1maras. El momento espec\u00edfico en el que las ondas sonoras reflejadas vuelven a entrar en la corriente principal de escape crea una onda sonora que est\u00e1 ciento ochenta grados desfasada, anulando las frecuencias problem\u00e1ticas.<\/p>\n<p>&nbsp;<\/p>\n<p><iframe loading=\"lazy\" title=\"AWE 3015-42102, 3015-43106 Escape deportivo cat-back Touring Edition para Ford S550 Mustang GT \/ Bullitt\" src=\"https:\/\/www.youtube.com\/embed\/U5CGa62xlM8\" width=\"882\" height=\"496\" frameborder=\"0\" allowfullscreen=\"allowfullscreen\"><\/iframe><\/p>\n<p>&nbsp;<\/p>\n<p><strong>Sistema de escape Track Edition<br \/>\n<\/strong>Para aquellos a los que les gusta lo rudo y robusto, la Track Edition es justo lo que necesitan. La Track Edition tiene el mismo tubo de escape en H integrado y la misma tecnolog\u00eda de precisi\u00f3n que la Touring Edition, pero sin la tecnolog\u00eda 180 Technology\u00ae patentada por AWE para la supresi\u00f3n de zumbidos.<\/p>\n<p>Los resonadores 180 Technology\u00ae de la parte trasera se sustituyen por las secciones rectas de la Track Edition. Como resultado, esta versi\u00f3n es conocida por volverse (realmente) agresiva al acelerar y desacelerar en el rango medio y puede ser demasiado ruidosa para muchos. Est\u00e1s avisado.<\/p>\n<p>&nbsp;<\/p>\n<p><iframe loading=\"lazy\" title=\"AWE 3020-42064, 3020-43072 Escape deportivo cat-back Track Edition para Ford S550 Mustang GT \/ Bullitt\" src=\"https:\/\/www.youtube.com\/embed\/6lvHno7RpxY\" width=\"882\" height=\"496\" frameborder=\"0\" allowfullscreen=\"allowfullscreen\"><\/iframe><\/p>\n<p>&nbsp;<\/p>\n<p><strong>Kits de conversi\u00f3n<\/strong><\/p>\n<p>AWE ha facilitado la conversi\u00f3n entre las ediciones Track y Touring en caso de que decida cambiar el volumen m\u00e1s adelante.<br \/>\nPara ello, p\u00f3ngase directamente en contacto con nosotros.<\/p>\n<p><strong>Opciones de tubo de escape:<\/strong><\/p>\n<p>Los sistemas de escape Touring Edition y Track Edition est\u00e1n disponibles con tubos de escape de doble pared de 5 pulgadas en negro diamante o plata cromada.<\/p>\n<p><strong>\u00bfQu\u00e9 incluye el volumen de suministro?<br \/>\n<\/strong>Sistema de escape Touring o Track Edition completo y todas las piezas necesarias para su instalaci\u00f3n.<\/p>\n<p><strong>Adecuado para:<\/strong><\/p>\n<table width=\"449\">\n<tbody>\n<tr>\n<td width=\"115\"><strong>Marca<\/strong><\/td>\n<td width=\"145\"><strong>Modelo<\/strong><\/td>\n<td width=\"106\"><strong>Motor<\/strong><\/td>\n<td width=\"83\"><strong>A\u00f1o de construcci\u00f3n<\/strong><\/td>\n<\/tr>\n<tr>\n<td>Ford<\/td>\n<td>Mustang GT<\/td>\n<td>5.0<\/td>\n<td>2018 - 2023<\/td>\n<\/tr>\n<tr>\n<td>Ford<\/td>\n<td>Mustang Bullitt<\/td>\n<td>5.0<\/td>\n<td>2019-2020<\/td>\n<\/tr>\n<\/tbody>\n<\/table>\n<p>&nbsp;<\/p>","protected":false},"excerpt":{"rendered":"<p>2018-2023<\/p>","protected":false},"featured_media":68309921,"comment_status":"open","ping_status":"closed","template":"","meta":{"_acf_changed":false},"product_brand":[],"product_cat":[3024,4033],"product_tag":[252,419,420,2066,2373,4526,8288,8289,8286,8287,1035,1036,546,2909,3971,3954,1047,2210,917,7055,784,3962,2934,20273,1040,2899,547,1034,1038,1057,2439],"class_list":{"0":"post-68309901","1":"product","2":"type-product","3":"status-publish","4":"has-post-thumbnail","6":"product_cat-nicht-nach-eu","7":"product_cat-mustang-50-gt-abgasanlage","8":"product_tag-252","9":"product_tag-419","10":"product_tag-420","11":"product_tag-2066","12":"product_tag-2373","13":"product_tag-4526","14":"product_tag-3015-42102","15":"product_tag-3015-43106","16":"product_tag-3020-42064","17":"product_tag-3020-43072","18":"product_tag-abgasanlage","19":"product_tag-abgassystem","20":"product_tag-auspuff","21":"product_tag-awe","22":"product_tag-awe-exhaust","23":"product_tag-bullitt","24":"product_tag-cat-back","25":"product_tag-catback","26":"product_tag-ford","27":"product_tag-ford-mustang","28":"product_tag-gt","29":"product_tag-gt-5-0","30":"product_tag-harder","31":"product_tag-keintuev","32":"product_tag-laut","33":"product_tag-schalldaempfer","34":"product_tag-sportauspuff","35":"product_tag-sportauspuffanlage","36":"product_tag-sportendschalldaempfer","37":"product_tag-touring","38":"product_tag-track","39":"product_shipping_class-spedition-1","41":"first","42":"onbackorder","43":"taxable","44":"shipping-taxable","45":"purchasable","46":"product-type-variable"},"bundled_by":[],"bundle_stock_status":"onbackorder","bundle_stock_quantity":0,"bundle_virtual":false,"bundle_layout":"","bundle_add_to_cart_form_location":"","bundle_editable_in_cart":false,"bundle_sold_individually_context":"","bundle_item_grouping":"","bundle_min_size":"","bundle_max_size":"","bundle_price":[],"bundled_items":[],"bundle_sell_ids":[],"exclude_global_add_ons":[],"addons":[],"acf":[],"_links":{"self":[{"href":"https:\/\/kraftwerk-shop.cc\/es\/wp-json\/wp\/v2\/product\/68309901","targetHints":{"allow":["GET"]}}],"collection":[{"href":"https:\/\/kraftwerk-shop.cc\/es\/wp-json\/wp\/v2\/product"}],"about":[{"href":"https:\/\/kraftwerk-shop.cc\/es\/wp-json\/wp\/v2\/types\/product"}],"replies":[{"embeddable":true,"href":"https:\/\/kraftwerk-shop.cc\/es\/wp-json\/wp\/v2\/comments?post=68309901"}],"version-history":[{"count":0,"href":"https:\/\/kraftwerk-shop.cc\/es\/wp-json\/wp\/v2\/product\/68309901\/revisions"}],"wp:featuredmedia":[{"embeddable":true,"href":"https:\/\/kraftwerk-shop.cc\/es\/wp-json\/wp\/v2\/media\/68309921"}],"wp:attachment":[{"href":"https:\/\/kraftwerk-shop.cc\/es\/wp-json\/wp\/v2\/media?parent=68309901"}],"wp:term":[{"taxonomy":"product_brand","embeddable":true,"href":"https:\/\/kraftwerk-shop.cc\/es\/wp-json\/wp\/v2\/product_brand?post=68309901"},{"taxonomy":"product_cat","embeddable":true,"href":"https:\/\/kraftwerk-shop.cc\/es\/wp-json\/wp\/v2\/product_cat?post=68309901"},{"taxonomy":"product_tag","embeddable":true,"href":"https:\/\/kraftwerk-shop.cc\/es\/wp-json\/wp\/v2\/product_tag?post=68309901"}],"curies":[{"name":"wp","href":"https:\/\/api.w.org\/{rel}","templated":true}]}}