{"id":68310378,"date":"2024-11-23T00:43:51","date_gmt":"2024-11-22T23:43:51","guid":{"rendered":"https:\/\/kraftwerk-shop.cc\/?post_type=product&#038;p=68310378"},"modified":"2026-02-15T01:15:20","modified_gmt":"2026-02-15T00:15:20","slug":"hawk-superduty-pastillas-de-freno-ram-930p-786","status":"publish","type":"product","link":"https:\/\/kraftwerk-shop.cc\/es\/produkt\/hawk-superduty-bremsbelaege-ram-930p-786\/","title":{"rendered":"Hawk Performance Pastillas de freno SuperDuty RAM 2500 \/ 3500 6.4 &amp; 6.7"},"content":{"rendered":"<h1>Hawk Performance SuperDuty 930P.786 Pastillas de freno para RAM 2500 y 3500 6.4 y 6.7 (eje delantero) de 2019 a 2024<\/h1>\n<p>&nbsp;<\/p>\n<p><strong>Hawk Performance Super Duty<br \/>\n<\/strong><\/p>\n<p>Durante m\u00e1s de 25 a\u00f1os, Hawk Performance ha desarrollado pastillas de freno para algunos de los camiones m\u00e1s grandes del mundo. Los productos son utilizados por empresas de equipos originales y posventa que prestan servicio a los mercados de la miner\u00eda, la construcci\u00f3n, el ej\u00e9rcito y los veh\u00edculos comerciales.<br \/>\nEl compuesto Hawk SuperDuty utiliza la misma tecnolog\u00eda de fricci\u00f3n de alto rendimiento para uso pesado. El exclusivo material de ferrocarbono de las pastillas de freno SuperDuty garantiza una resistencia extremadamente alta a la decoloraci\u00f3n y un desgaste m\u00ednimo de los discos y las pastillas de freno a altas temperaturas.<\/p>\n<p>&nbsp;<\/p>\n<p><strong>Recomendaci\u00f3n<\/strong><\/p>\n<p>El compuesto de freno SuperDuty de Hawk es una gran opci\u00f3n para veh\u00edculos pesados que est\u00e1n remolcando o buscando el mejor rendimiento de frenado para su veh\u00edculo. El SuperDuty crea un poco de polvo de freno, pero detendr\u00e1 su carga grande y pesada sin ning\u00fan problema. Los veh\u00edculos con sistemas de frenos de tama\u00f1o insuficiente tambi\u00e9n se beneficiar\u00e1n del compuesto SuperDuty si las pastillas de freno OEM se sobrecalientan constantemente.<br \/>\nSi su principal preocupaci\u00f3n es la tracci\u00f3n, elija el SuperDuty.<\/p>\n<p>&nbsp;<\/p>\n<p><strong>Hawk SuperDuty Propiedades del compuesto:<\/strong><\/p>\n<ul>\n<li>Tecnolog\u00eda para uso en tr\u00e1fico rodado pesado y en el ej\u00e9rcito<\/li>\n<li>Coeficiente de fricci\u00f3n extremadamente alto y gran resistencia a la decoloraci\u00f3n<\/li>\n<li>Recomendado para camionetas muy cargadas o que arrastren remolques<\/li>\n<li>Baja generaci\u00f3n de polvo<\/li>\n<li>Excelente vida \u00fatil de las pastillas y los discos de freno<\/li>\n<li>37-400\u00b0C Temperatura de funcionamiento<\/li>\n<li>37-260\u00b0C Temperatura \u00f3ptima<\/li>\n<\/ul>\n<p>&nbsp;<\/p>\n<p><strong>N\u00famero de equipo original (s\u00f3lo a efectos comparativos):<\/strong> <span class=\"list-value\">68461656AA, 68461656AB<\/span>, <span class=\"list-value\">68461656AC<br \/>\n<\/span><br \/>\nAutorizaci\u00f3n: no<\/p>\n<p>Lugar de montaje: Eje delantero<\/p>\n<p>&nbsp;<\/p>\n<p><strong>Adecuado para:<\/strong><\/p>\n<table style=\"height: 201px;\" width=\"690\">\n<tbody>\n<tr>\n<td width=\"131\"><strong>Marca<\/strong><\/td>\n<td width=\"141\"><strong>Modelo<\/strong><\/td>\n<td width=\"224\"><strong>Motor<\/strong><\/td>\n<td width=\"83\"><strong>A\u00f1o de construcci\u00f3n<\/strong><\/td>\n<\/tr>\n<tr>\n<td>RAM<\/td>\n<td>2500<\/td>\n<td>6.4<\/td>\n<td>2019-2024<\/td>\n<\/tr>\n<tr>\n<td>RAM<\/td>\n<td>2500<\/td>\n<td>6.7 Diesel<\/td>\n<td>2019-2024<\/td>\n<\/tr>\n<tr>\n<td>RAM<\/td>\n<td>3500<\/td>\n<td>6.4<\/td>\n<td>2019-2024<\/td>\n<\/tr>\n<tr>\n<td>RAM<\/td>\n<td>3500<\/td>\n<td>6.7<\/td>\n<td>2019-2024<\/td>\n<\/tr>\n<\/tbody>\n<\/table>\n<p>&nbsp;<\/p>\n<p><strong>Volumen de suministro: <\/strong><\/p>\n<p>- 1 juego de pastillas de freno (930P.786) para el eje delantero<\/p>\n<p>&nbsp;<\/p>","protected":false},"excerpt":{"rendered":"<p>2019-2024<\/p>","protected":false},"featured_media":68310383,"comment_status":"open","ping_status":"closed","template":"","meta":{"_acf_changed":false},"product_brand":[17621],"product_cat":[8362,8364],"product_tag":[506,507,93,7200,8354,8355,8356,8350,1046,590,9814,9815,9794,9795,9797,9817,9803,9799,9811,9809,9789,9808,9800,9816,9804,9796,9790,9791,9798,9806,9818,9813,9801,9802,9819,9805,9792,9793,9807,9812,9810,795,840,7201,1070,6834,7614,9785,9715,36,9786,9787,86,9650,9651,9788,3518,970,592,6837,9784,2139,842,841,673,2135,2137],"class_list":{"0":"post-68310378","1":"product","2":"type-product","3":"status-publish","4":"has-post-thumbnail","6":"product_brand-hawk-performance","7":"product_cat-2500-3500-64-bremsen-vorne","8":"product_cat-67-cummins-bremsen-vorne","9":"product_tag-506","10":"product_tag-507","11":"product_tag-6-4","12":"product_tag-6-7","13":"product_tag-68461656aa","14":"product_tag-68461656ab","15":"product_tag-68461656ac","16":"product_tag-930p-786","17":"product_tag-abe","18":"product_tag-bremsbelaege","19":"product_tag-bremsbelaege-angebote","20":"product_tag-bremsbelaege-bewertungen","21":"product_tag-bremsbelaege-empfehlung","22":"product_tag-bremsbelaege-erfahrungen","23":"product_tag-bremsbelaege-ersatz","24":"product_tag-bremsbelaege-garantie","25":"product_tag-bremsbelaege-geraeuschentwicklung","26":"product_tag-bremsbelaege-haltbarkeit","27":"product_tag-bremsbelaege-hersteller","28":"product_tag-bremsbelaege-installation","29":"product_tag-bremsbelaege-kaufen","30":"product_tag-bremsbelaege-kompatibilitaet","31":"product_tag-bremsbelaege-leistung","32":"product_tag-bremsbelaege-lieferzeit","33":"product_tag-bremsbelaege-material","34":"product_tag-bremsbelaege-montage","35":"product_tag-bremsbelaege-online","36":"product_tag-bremsbelaege-preis","37":"product_tag-bremsbelaege-qualitaet","38":"product_tag-bremsbelaege-reibwert","39":"product_tag-bremsbelaege-rueckgabe","40":"product_tag-bremsbelaege-shop","41":"product_tag-bremsbelaege-sicherheit","42":"product_tag-bremsbelaege-staubentwicklung","43":"product_tag-bremsbelaege-support","44":"product_tag-bremsbelaege-temperaturbestaendigkeit","45":"product_tag-bremsbelaege-test","46":"product_tag-bremsbelaege-vergleich","47":"product_tag-bremsbelaege-verschleiss","48":"product_tag-bremsbelaege-vertrieb","49":"product_tag-bremsbelaege-wartung","50":"product_tag-bremse","51":"product_tag-bremskloetze","52":"product_tag-cummins","53":"product_tag-hawk","54":"product_tag-hawk-performance","55":"product_tag-hawk10","56":"product_tag-hb930p-786","57":"product_tag-hochleistungsbremsen","58":"product_tag-kraftwerk","59":"product_tag-lkw-bremsbelaege","60":"product_tag-offroad-bremsen","61":"product_tag-ram","62":"product_tag-ram-2500-bremsbelaege","63":"product_tag-ram-3500-bremsbelaege","64":"product_tag-schwerlast-bremsbelaege","65":"product_tag-sportbremsbelag","66":"product_tag-sportbremsbelaege","67":"product_tag-sportbremse","68":"product_tag-super-duty","69":"product_tag-superduty-bremsbelaege","70":"product_tag-tuev","71":"product_tag-vorderachse","72":"product_tag-vorne","73":"product_tag-zubehoer","74":"product_tag-zubehoerbremsbelaege","75":"product_tag-zulassung","77":"first","78":"instock","79":"taxable","80":"shipping-taxable","81":"purchasable","82":"product-type-simple"},"bundled_by":[],"bundle_stock_status":"instock","bundle_stock_quantity":1,"bundle_virtual":false,"bundle_layout":"","bundle_add_to_cart_form_location":"","bundle_editable_in_cart":false,"bundle_sold_individually_context":"","bundle_item_grouping":"","bundle_min_size":"","bundle_max_size":"","bundle_price":[],"bundled_items":[],"bundle_sell_ids":[],"exclude_global_add_ons":[],"addons":[],"acf":[],"_links":{"self":[{"href":"https:\/\/kraftwerk-shop.cc\/es\/wp-json\/wp\/v2\/product\/68310378","targetHints":{"allow":["GET"]}}],"collection":[{"href":"https:\/\/kraftwerk-shop.cc\/es\/wp-json\/wp\/v2\/product"}],"about":[{"href":"https:\/\/kraftwerk-shop.cc\/es\/wp-json\/wp\/v2\/types\/product"}],"replies":[{"embeddable":true,"href":"https:\/\/kraftwerk-shop.cc\/es\/wp-json\/wp\/v2\/comments?post=68310378"}],"version-history":[{"count":0,"href":"https:\/\/kraftwerk-shop.cc\/es\/wp-json\/wp\/v2\/product\/68310378\/revisions"}],"wp:featuredmedia":[{"embeddable":true,"href":"https:\/\/kraftwerk-shop.cc\/es\/wp-json\/wp\/v2\/media\/68310383"}],"wp:attachment":[{"href":"https:\/\/kraftwerk-shop.cc\/es\/wp-json\/wp\/v2\/media?parent=68310378"}],"wp:term":[{"taxonomy":"product_brand","embeddable":true,"href":"https:\/\/kraftwerk-shop.cc\/es\/wp-json\/wp\/v2\/product_brand?post=68310378"},{"taxonomy":"product_cat","embeddable":true,"href":"https:\/\/kraftwerk-shop.cc\/es\/wp-json\/wp\/v2\/product_cat?post=68310378"},{"taxonomy":"product_tag","embeddable":true,"href":"https:\/\/kraftwerk-shop.cc\/es\/wp-json\/wp\/v2\/product_tag?post=68310378"}],"curies":[{"name":"wp","href":"https:\/\/api.w.org\/{rel}","templated":true}]}}