{"id":68310422,"date":"2024-11-23T23:43:04","date_gmt":"2024-11-23T22:43:04","guid":{"rendered":"https:\/\/kraftwerk-shop.cc\/?post_type=product&#038;p=68310422"},"modified":"2026-02-15T01:15:14","modified_gmt":"2026-02-15T00:15:14","slug":"hawk-lts-pastillas-de-freno-ram-2500-3500-633y-790","status":"publish","type":"product","link":"https:\/\/kraftwerk-shop.cc\/es\/produkt\/hawk-lts-bremsbelaege-ram-2500-3500-633y-790\/","title":{"rendered":"Hawk Performance Pastillas de freno LTS RAM 2500 \/ 3500 5.7, 6.4 &amp; 6.7"},"content":{"rendered":"<h1>Hawk Performance LTS 633Y.790 Pastillas de freno para RAM 2500 &amp; 3500 5.7, 6.4 y 6.7 (eje delantero) de 2009 a 2018<\/h1>\n<p>&nbsp;<\/p>\n<p><strong>Hawk Performance LTS<\/strong><\/p>\n<p>Sabemos que las pastillas de freno convencionales para coches ya no son suficientes para los camiones de hoy en d\u00eda.<br \/>\nNuestro compuesto para pastillas de freno LTS (Light Truck and SUV) mejora dr\u00e1sticamente la potencia de frenado y la resistencia al desvanecimiento de su veh\u00edculo. Tambi\u00e9n supera a la competencia en t\u00e9rminos de desgaste de discos y pastillas de freno.<br \/>\nEl compuesto LTS ofrece un rendimiento de frenado superior y una mayor vida \u00fatil de las pastillas sin generar excesivo ruido ni polvo.<br \/>\nEl material de fricci\u00f3n de ferro-carbono LTS desarrollado por expertos en pastillas de freno para camiones es la elecci\u00f3n \u00f3ptima de pastilla para su RAM.<br \/>\nEspere 20-40% m\u00e1s potencia de frenado en comparaci\u00f3n con las pastillas de recambio convencionales.<\/p>\n<p>&nbsp;<\/p>\n<p><strong>Recomendaci\u00f3n<\/strong><\/p>\n<p>El Hawk LTS es una buena elecci\u00f3n para el RAM si su principal objetivo es aumentar el rendimiento de frenado en lugar de minimizar el polvo de freno.<br \/>\nEl compuesto LTS es relativamente limpio, pero produce algo de polvo de freno en comparaci\u00f3n con el Hawk Ceramic.<br \/>\nEl rendimiento del LTS es mejor que el del Hawk Ceramic y el HPS, pero no tan bueno como el del SuperDuty.<br \/>\nPara remolques frecuentes, se recomienda el Hawk SuperDuty en lugar del LTS, ya que el compuesto SuperDuty tiene un rango de temperatura mucho mayor para hacer frente a las altas temperaturas que se alcanzan durante el remolque.<br \/>\nSi no remolca a menudo, el LTS es la mejor opci\u00f3n.<\/p>\n<p>&nbsp;<\/p>\n<p><strong>Hawk LTS Propiedades del compuesto:<\/strong><\/p>\n<ul>\n<li>Mordida inicial fuerte y equilibrada, caliente o fr\u00eda<\/li>\n<li>Excelente resistencia a la suciedad<\/li>\n<li>Mezcla de ferrocarbono<\/li>\n<li>Baja generaci\u00f3n de polvo<\/li>\n<li>Excelente vida \u00fatil de las pastillas y los discos de freno<\/li>\n<li>37-370\u00b0C Temperatura de funcionamiento<\/li>\n<li>37-370\u00b0C Temperatura \u00f3ptima<\/li>\n<\/ul>\n<p>&nbsp;<\/p>\n<p><strong>N\u00famero de equipo original (s\u00f3lo a efectos comparativos):<\/strong> <span class=\"list-value\"><span class=\"list-value sku-display\">68049148AA<br \/>\n<\/span><\/span><br \/>\nAutorizaci\u00f3n: no<\/p>\n<p>Lugar de montaje: Eje delantero<\/p>\n<p>&nbsp;<\/p>\n<p><strong>Adecuado para:<\/strong><\/p>\n<table width=\"877\">\n<tbody>\n<tr>\n<td width=\"83\"><strong>A\u00f1o de construcci\u00f3n<\/strong><\/td>\n<td width=\"83\"><strong>Marca<\/strong><\/td>\n<td width=\"142\"><strong>Modelo<\/strong><\/td>\n<td width=\"275\"><strong>Versi\u00f3n<\/strong><\/td>\n<td width=\"294\"><strong>Motor<\/strong><\/td>\n<\/tr>\n<tr>\n<td width=\"83\">2018<\/td>\n<td width=\"83\">Ram<\/td>\n<td width=\"142\">2500<\/td>\n<td width=\"275\">Big Horn, Laramie, Laramie Longhorn, Limited, Power Wagon, SLT, Tradesman<\/td>\n<td width=\"294\">5.7L, 6.4L, 6.7L<\/td>\n<\/tr>\n<tr>\n<td width=\"83\">2018<\/td>\n<td width=\"83\">Ram<\/td>\n<td width=\"142\">3500<\/td>\n<td width=\"275\">Big Horn, Laramie, Laramie Longhorn, Limited, SLT, Tradesman<\/td>\n<td width=\"294\">5.7L, 6.4L, 6.7L<\/td>\n<\/tr>\n<tr>\n<td width=\"83\">2017<\/td>\n<td width=\"83\">Ram<\/td>\n<td width=\"142\">2500<\/td>\n<td width=\"275\">Big Horn, Laramie, Laramie Longhorn, Limited, Power Wagon, SLT, Tradesman<\/td>\n<td width=\"294\">5.7L, 6.4L, 6.7L<\/td>\n<\/tr>\n<tr>\n<td width=\"83\">2017<\/td>\n<td width=\"83\">Ram<\/td>\n<td width=\"142\">3500<\/td>\n<td width=\"275\">Big Horn, Laramie, Laramie Longhorn, Limited, Lone Star, SLT, Tradesman<\/td>\n<td width=\"294\">5.7L, 6.4L, 6.7L<\/td>\n<\/tr>\n<tr>\n<td width=\"83\">2016<\/td>\n<td width=\"83\">Ram<\/td>\n<td width=\"142\">2500<\/td>\n<td width=\"275\">Big Horn, Laramie, Laramie Longhorn, Limited, Outdoorsman, Power Wagon, SLT, Tradesman<\/td>\n<td width=\"294\">5.7L, 6.4L, 6.7L<\/td>\n<\/tr>\n<tr>\n<td width=\"83\">2016<\/td>\n<td width=\"83\">Ram<\/td>\n<td width=\"142\">3500<\/td>\n<td width=\"275\">Big Horn, Laramie, Laramie Longhorn, Limited, SLT, Tradesman<\/td>\n<td width=\"294\">5.7L, 6.4L, 6.7L<\/td>\n<\/tr>\n<tr>\n<td width=\"83\">2015<\/td>\n<td width=\"83\">Ram<\/td>\n<td width=\"142\">2500<\/td>\n<td width=\"275\">Big Horn, Laramie, Laramie Limited, Laramie Longhorn, Lone Star, Outdoorsman, Power Wagon, SLT, Tradesman<\/td>\n<td width=\"294\">5.7L, 6.4L, 6.7L<\/td>\n<\/tr>\n<tr>\n<td width=\"83\">2015<\/td>\n<td width=\"83\">Ram<\/td>\n<td width=\"142\">3500<\/td>\n<td width=\"275\">Big Horn, Laramie, Laramie Limited, Laramie Longhorn, Lone Star, SLT, Tradesman<\/td>\n<td width=\"294\">5.7L, 6.4L, 6.7L<\/td>\n<\/tr>\n<tr>\n<td width=\"83\">2014<\/td>\n<td width=\"83\">Ram<\/td>\n<td width=\"142\">2500<\/td>\n<td width=\"275\">Big Horn, Laramie, Laramie Limited, Laramie Longhorn, Lone Star, Outdoorsman, Power Wagon, SLT, Tradesman<\/td>\n<td width=\"294\">5.7L, 6.4L, 6.7L<\/td>\n<\/tr>\n<tr>\n<td width=\"83\">2014<\/td>\n<td width=\"83\">Ram<\/td>\n<td width=\"142\">3500<\/td>\n<td width=\"275\">Big Horn, Laramie, Laramie Limited, Laramie Longhorn, Lone Star, SLT, Tradesman<\/td>\n<td width=\"294\">5.7L, 6.4L, 6.7L<\/td>\n<\/tr>\n<tr>\n<td width=\"83\">2013<\/td>\n<td width=\"83\">Ram<\/td>\n<td width=\"142\">2500<\/td>\n<td width=\"275\">Big Horn, Laramie, Laramie Longhorn, Lone Star, Outdoorsman, Power Wagon, SLT, Tradesman<\/td>\n<td width=\"294\">5.7L, 6.7L<\/td>\n<\/tr>\n<tr>\n<td width=\"83\">2013<\/td>\n<td width=\"83\">Ram<\/td>\n<td width=\"142\">3500<\/td>\n<td width=\"275\">Big Horn, Laramie, Laramie Longhorn, Lone Star, SLT, Tradesman<\/td>\n<td width=\"294\">5.7L, 6.7L<\/td>\n<\/tr>\n<tr>\n<td width=\"83\">2012<\/td>\n<td width=\"83\">Ram<\/td>\n<td width=\"142\">2500<\/td>\n<td width=\"275\">Laramie, Laramie Longhorn, Outdoorsman, Power Wagon, SLT, ST<\/td>\n<td width=\"294\">5.7L V8 - Bi-Fuel, 5.7L, 6.7L<\/td>\n<\/tr>\n<tr>\n<td width=\"83\">2012<\/td>\n<td width=\"83\">Ram<\/td>\n<td width=\"142\">3500<\/td>\n<td width=\"275\">Laramie, Laramie Longhorn, SLT, ST<\/td>\n<td width=\"294\">5.7L, 6.7L<\/td>\n<\/tr>\n<tr>\n<td width=\"83\">2011<\/td>\n<td width=\"83\">Ram<\/td>\n<td width=\"142\">2500<\/td>\n<td width=\"275\">Laramie, Laramie Longhorn, Power Wagon, SLT, ST<\/td>\n<td width=\"294\">5.7L, 6.7L<\/td>\n<\/tr>\n<tr>\n<td width=\"83\">2011<\/td>\n<td width=\"83\">Ram<\/td>\n<td width=\"142\">3500<\/td>\n<td width=\"275\">Laramie, Laramie Longhorn, SLT, ST<\/td>\n<td width=\"294\">5.7L, 6.7L<\/td>\n<\/tr>\n<tr>\n<td width=\"83\">2010<\/td>\n<td width=\"83\">Dodge<\/td>\n<td width=\"142\">Ram 2500<\/td>\n<td width=\"275\">Laramie, Power Wagon, SLT, ST, TRX<\/td>\n<td width=\"294\">5.7L, 6.7L<\/td>\n<\/tr>\n<tr>\n<td width=\"83\">2010<\/td>\n<td width=\"83\">Dodge<\/td>\n<td width=\"142\">Ram 3500<\/td>\n<td width=\"275\">Laramie, SLT, ST<\/td>\n<td width=\"294\">6.7L<\/td>\n<\/tr>\n<tr>\n<td width=\"83\">2009<\/td>\n<td width=\"83\">Dodge<\/td>\n<td width=\"142\">Ram 2500<\/td>\n<td width=\"275\">Laramie, Power Wagon, SLT, ST, SXT<\/td>\n<td width=\"294\">5.7L, 5.9L, 6.7L<\/td>\n<\/tr>\n<tr>\n<td width=\"83\">2009<\/td>\n<td width=\"83\">Dodge<\/td>\n<td width=\"142\">Ram 3500<\/td>\n<td width=\"275\">Laramie, SLT, ST, SXT<\/td>\n<td width=\"294\">5.7L, 6.7L<\/td>\n<\/tr>\n<\/tbody>\n<\/table>\n<p>&nbsp;<\/p>\n<p><strong>Volumen de suministro: <\/strong><\/p>\n<p>- 1 juego de pastillas de freno (633Y.790) para el eje delantero<\/p>\n<p>&nbsp;<\/p>","protected":false},"excerpt":{"rendered":"<p>2009-2018<\/p>","protected":false},"featured_media":68310424,"comment_status":"open","ping_status":"closed","template":"","meta":{"_acf_changed":false},"product_brand":[17621],"product_cat":[9943,8362,8364],"product_tag":[506,507,91,93,7200,8370,8367,1046,590,9814,9794,9834,9839,9809,9789,9831,9840,9823,9798,9838,9792,9807,9810,9856,795,840,7201,1070,9843,9857,9847,9841,9853,6834,9851,7614,9863,9715,9855,36,9828,9830,9821,6835,9845,9850,9822,86,9650,9849,9651,9722,9864,9848,9852,9788,3518,970,592,9829,2139,842,841,673,2135,2137],"class_list":{"0":"post-68310422","1":"product","2":"type-product","3":"status-publish","4":"has-post-thumbnail","6":"product_brand-hawk-performance","7":"product_cat-2500-3500-57-bremsen-vorne","8":"product_cat-2500-3500-64-bremsen-vorne","9":"product_cat-67-cummins-bremsen-vorne","10":"product_tag-506","11":"product_tag-507","12":"product_tag-5-7","13":"product_tag-6-4","14":"product_tag-6-7","15":"product_tag-633y-790","16":"product_tag-68049148aa","17":"product_tag-abe","18":"product_tag-bremsbelaege","19":"product_tag-bremsbelaege-angebote","20":"product_tag-bremsbelaege-empfehlung","21":"product_tag-bremsbelaege-fuer-anhaengerbetrieb","22":"product_tag-bremsbelaege-fuer-schwere-lasten","23":"product_tag-bremsbelaege-installation","24":"product_tag-bremsbelaege-kaufen","25":"product_tag-bremsbelaege-mit-hoher-reibung","26":"product_tag-bremsbelaege-performance","27":"product_tag-bremsbelaege-preisvergleich","28":"product_tag-bremsbelaege-qualitaet","29":"product_tag-bremsbelaege-staubarm","30":"product_tag-bremsbelaege-test","31":"product_tag-bremsbelaege-verschleiss","32":"product_tag-bremsbelaege-wartung","33":"product_tag-bremsbelaege-zubehoer","34":"product_tag-bremse","35":"product_tag-bremskloetze","36":"product_tag-cummins","37":"product_tag-hawk","38":"product_tag-hawk-bremsbelaege-haendler","39":"product_tag-hawk-bremsbelaege-online-shop","40":"product_tag-hawk-bremsen","41":"product_tag-hawk-ersatzteile","42":"product_tag-hawk-heavy-duty-bremsbelaege","43":"product_tag-hawk-performance","44":"product_tag-hawk-performance-bremsbelaege","45":"product_tag-hawk10","46":"product_tag-hb633y-790","47":"product_tag-hochleistungsbremsen","48":"product_tag-hochwertige-bremsbelaege","49":"product_tag-kraftwerk","50":"product_tag-langlebige-bremsbelaege","51":"product_tag-leise-bremsbelaege","52":"product_tag-lkw-bremsen","53":"product_tag-lts","54":"product_tag-lts-bremsbelaege","55":"product_tag-nutzfahrzeug-bremsen","56":"product_tag-offroad-bremsbelaege","57":"product_tag-ram","58":"product_tag-ram-2500-bremsbelaege","59":"product_tag-ram-2500-ersatzteile","60":"product_tag-ram-3500-bremsbelaege","61":"product_tag-ram-3500-ersatzteile","62":"product_tag-ram-633y-790-bremsbelaege","63":"product_tag-ram-bremsbelaege","64":"product_tag-ram-lts-bremsbelaege","65":"product_tag-schwerlast-bremsbelaege","66":"product_tag-sportbremsbelag","67":"product_tag-sportbremsbelaege","68":"product_tag-sportbremse","69":"product_tag-temperaturbestaendige-bremsbelaege","70":"product_tag-tuev","71":"product_tag-vorderachse","72":"product_tag-vorne","73":"product_tag-zubehoer","74":"product_tag-zubehoerbremsbelaege","75":"product_tag-zulassung","77":"first","78":"instock","79":"taxable","80":"shipping-taxable","81":"purchasable","82":"product-type-simple"},"bundled_by":[],"bundle_stock_status":"instock","bundle_stock_quantity":1,"bundle_virtual":false,"bundle_layout":"","bundle_add_to_cart_form_location":"","bundle_editable_in_cart":false,"bundle_sold_individually_context":"","bundle_item_grouping":"","bundle_min_size":"","bundle_max_size":"","bundle_price":[],"bundled_items":[],"bundle_sell_ids":[],"exclude_global_add_ons":[],"addons":[],"acf":[],"_links":{"self":[{"href":"https:\/\/kraftwerk-shop.cc\/es\/wp-json\/wp\/v2\/product\/68310422","targetHints":{"allow":["GET"]}}],"collection":[{"href":"https:\/\/kraftwerk-shop.cc\/es\/wp-json\/wp\/v2\/product"}],"about":[{"href":"https:\/\/kraftwerk-shop.cc\/es\/wp-json\/wp\/v2\/types\/product"}],"replies":[{"embeddable":true,"href":"https:\/\/kraftwerk-shop.cc\/es\/wp-json\/wp\/v2\/comments?post=68310422"}],"version-history":[{"count":0,"href":"https:\/\/kraftwerk-shop.cc\/es\/wp-json\/wp\/v2\/product\/68310422\/revisions"}],"wp:featuredmedia":[{"embeddable":true,"href":"https:\/\/kraftwerk-shop.cc\/es\/wp-json\/wp\/v2\/media\/68310424"}],"wp:attachment":[{"href":"https:\/\/kraftwerk-shop.cc\/es\/wp-json\/wp\/v2\/media?parent=68310422"}],"wp:term":[{"taxonomy":"product_brand","embeddable":true,"href":"https:\/\/kraftwerk-shop.cc\/es\/wp-json\/wp\/v2\/product_brand?post=68310422"},{"taxonomy":"product_cat","embeddable":true,"href":"https:\/\/kraftwerk-shop.cc\/es\/wp-json\/wp\/v2\/product_cat?post=68310422"},{"taxonomy":"product_tag","embeddable":true,"href":"https:\/\/kraftwerk-shop.cc\/es\/wp-json\/wp\/v2\/product_tag?post=68310422"}],"curies":[{"name":"wp","href":"https:\/\/api.w.org\/{rel}","templated":true}]}}