{"id":68312284,"date":"2024-12-07T00:34:25","date_gmt":"2024-12-06T23:34:25","guid":{"rendered":"https:\/\/kraftwerk-shop.cc\/?post_type=product&#038;p=68312284"},"modified":"2026-02-15T01:15:41","modified_gmt":"2026-02-15T00:15:41","slug":"valvula-de-ventilacion-de-deposito-mopar-68083928aa","status":"publish","type":"product","link":"https:\/\/kraftwerk-shop.cc\/es\/produkt\/mopar-tankentlueftungsventil-68083928aa\/","title":{"rendered":"V\u00e1lvula de ventilaci\u00f3n del dep\u00f3sito Mopar (68083928AA)"},"content":{"rendered":"<h1>V\u00e1lvula de ventilaci\u00f3n del dep\u00f3sito original Mopar (68083928AA) para Chrysler 300C, Dodge Charger y Challenger de 2012 a 2013.<\/h1>\n<h3><\/h3>\n<p><span lang=\"DE\"><strong>N\u00famero de pieza Mopar:<\/strong> 68083928AA<br \/>\n<strong>Reemplazado: <\/strong>\u2014<\/span><\/p>\n<p>&nbsp;<\/p>\n<p><strong>Adecuado para:<\/strong><\/p>\n<table width=\"877\">\n<tbody>\n<tr>\n<td width=\"83\"><strong>A\u00f1o de construcci\u00f3n<\/strong><\/td>\n<td width=\"83\"><strong>Marca<\/strong><\/td>\n<td width=\"142\"><strong>Modelo<\/strong><\/td>\n<td width=\"275\"><strong>Versi\u00f3n<\/strong><\/td>\n<td width=\"294\"><strong>Motor<\/strong><\/td>\n<\/tr>\n<tr>\n<td width=\"83\">2013<\/td>\n<td width=\"83\">Chrysler<\/td>\n<td width=\"142\">300<\/td>\n<td width=\"275\">Base, C, C Luxury, S, SRT8, SRT8 Core<\/td>\n<td width=\"294\">3.6L V6 - Flex, 3.6L, 5.7L, 6.4L<\/td>\n<\/tr>\n<tr>\n<td width=\"83\">2013<\/td>\n<td width=\"83\">Dodge<\/td>\n<td width=\"142\">Challenger<\/td>\n<td width=\"275\">R\/T, SRT8, SXT<\/td>\n<td width=\"294\">3.6L, 5.7L, 6.4L<\/td>\n<\/tr>\n<tr>\n<td width=\"83\">2013<\/td>\n<td width=\"83\">Dodge<\/td>\n<td width=\"142\">Charger<\/td>\n<td width=\"275\">Pursuit, R\/T, SE, SRT8, SXT<\/td>\n<td width=\"294\">3.6L V6 - Flex, 3.6L, 5.7L, 6.4L<\/td>\n<\/tr>\n<tr>\n<td width=\"83\">2012<\/td>\n<td width=\"83\">Chrysler<\/td>\n<td width=\"142\">300<\/td>\n<td width=\"275\">Base, C, C Luxury, Limited, S, SRT8<\/td>\n<td width=\"294\">3.6L V6 - Flex, 3.6L, 5.7L, 6.4L<\/td>\n<\/tr>\n<tr>\n<td width=\"83\">2012<\/td>\n<td width=\"83\">Dodge<\/td>\n<td width=\"142\">Challenger<\/td>\n<td width=\"275\">R\/T, R\/T Classic, SRT8, SXT, SXT Plus<\/td>\n<td width=\"294\">3.6L, 5.7L, 6.4L<\/td>\n<\/tr>\n<tr>\n<td width=\"83\">2012<\/td>\n<td width=\"83\">Dodge<\/td>\n<td width=\"142\">Charger<\/td>\n<td width=\"275\">Pursuit, R\/T, SE, SRT8, SXT, SXT Plus<\/td>\n<td width=\"294\">3.6L V6 - Flex, 3.6L, 5.7L, 6.4L<\/td>\n<\/tr>\n<\/tbody>\n<\/table>\n<p>&nbsp;<\/p>\n<p>&nbsp;<\/p>\n<p>En <strong>Sistema EVAP<\/strong> (abreviatura de <em>Sistema de control de emisiones por evaporaci\u00f3n<\/em>) es un sistema de reducci\u00f3n de las emisiones de los veh\u00edculos especialmente desarrollado para controlar la evaporaci\u00f3n de los vapores del combustible y evitar su liberaci\u00f3n a la atm\u00f3sfera. Estos vapores consisten en hidrocarburos que se producen durante la evaporaci\u00f3n de la gasolina en el dep\u00f3sito de combustible. El sistema EVAP captura estos vapores y posteriormente los env\u00eda al motor para su combusti\u00f3n.<\/p>\n<h4><strong>Principales componentes del sistema EVAP<\/strong><\/h4>\n<ol>\n<li><strong>Dep\u00f3sito de combustible<\/strong>En este punto se producen los gases de evaporaci\u00f3n, que deben recogerse.<\/li>\n<li><strong>Filtro de carb\u00f3n activado (bote de carb\u00f3n)<\/strong>El filtro de carb\u00f3n activado almacena los vapores ascendentes del dep\u00f3sito de combustible. El carb\u00f3n activado puede absorber los vapores de hidrocarburos y retenerlos hasta que puedan introducirse en el motor.<\/li>\n<li><strong>V\u00e1lvula de purga<\/strong>Esta v\u00e1lvula controla la liberaci\u00f3n de los vapores almacenados. En determinadas condiciones (por ejemplo, cuando el motor est\u00e1 en marcha), la v\u00e1lvula se abre para que los vapores entren en la c\u00e1mara de combusti\u00f3n a trav\u00e9s de la admisi\u00f3n del motor y se quemen all\u00ed.<\/li>\n<li><strong>Sensores de presi\u00f3n y unidad de control<\/strong>Los veh\u00edculos modernos disponen de sensores que controlan la presi\u00f3n y estanqueidad del sistema EVAP. La unidad de control registra cualquier fuga o aver\u00eda y puede emitir un mensaje de error (por ejemplo, a trav\u00e9s de la luz indicadora del motor).<\/li>\n<\/ol>\n<h4><\/h4>\n<h4>Funcionamiento del sistema EVAP<\/h4>\n<ul>\n<li><strong>Almacenamiento de los vapores<\/strong>En cuanto el combustible se evapora en el dep\u00f3sito, los vapores ascienden y se recogen en el filtro de carb\u00f3n activado.<\/li>\n<li><strong>Liberaci\u00f3n para incineraci\u00f3n<\/strong>Cuando el motor est\u00e1 en marcha, la v\u00e1lvula de purga se abre en condiciones controladas y los vapores entran en el motor para su combusti\u00f3n. De este modo, el combustible se utiliza de forma eficiente en lugar de escaparse al medio ambiente.<\/li>\n<li><strong>Supervisi\u00f3n<\/strong>Un sistema sellado es crucial para su funcionamiento. Los sensores supervisan constantemente el estado del sistema EVAP y emiten un mensaje de error en caso de fuga o aver\u00eda.<\/li>\n<\/ul>\n<h4><\/h4>\n<h4>Posibles problemas<\/h4>\n<p>Problemas frecuentes en el sistema EVAP son causados por<\/p>\n<ul>\n<li><strong>V\u00e1lvulas defectuosas o fugas<\/strong>Una fuga en el tap\u00f3n del dep\u00f3sito de combustible o unos conductos da\u00f1ados en el sistema EVAP pueden afectar a la presi\u00f3n del sistema y activar un mensaje de error.<\/li>\n<li><strong>Filtro de carb\u00f3n activado obstruido<\/strong>En los veh\u00edculos m\u00e1s antiguos, el filtro de carb\u00f3n activado puede desgastarse u obstruirse, de modo que ya no puede almacenar los vapores de forma eficaz.<\/li>\n<li><strong>Errores electr\u00f3nicos<\/strong>Un fallo de la unidad de control o unos sensores defectuosos pueden desencadenar mensajes de error.<\/li>\n<\/ul>\n<p>&nbsp;<\/p>\n<h4>C\u00f3digos de error comunes en relaci\u00f3n con el sistema de ventilaci\u00f3n del dep\u00f3sito<\/h4>\n<ul>\n<li><strong>P0440<\/strong>Rendimiento del sistema EVAP<\/li>\n<li><strong>P0441<\/strong>Control del flujo de ventilaci\u00f3n del EVAP<\/li>\n<li><strong>P0442<\/strong>Control de fugas EVAP - Fuga media detectada<\/li>\n<li><strong>P0443<\/strong>Circuito de la v\u00e1lvula solenoide de ventilaci\u00f3n EVAP<\/li>\n<li><strong>P0444<\/strong>Circuito de la v\u00e1lvula de control del sistema EVAP - Abierto<\/li>\n<li><strong>P0445<\/strong>Circuito de la v\u00e1lvula de control del sistema EVAP - cortocircuito<\/li>\n<li><strong>P0446<\/strong>Rendimiento de la v\u00e1lvula de ventilaci\u00f3n EVAP<\/li>\n<li><strong>P0447<\/strong>Circuito de control de la v\u00e1lvula de ventilaci\u00f3n EVAP - Abierto<\/li>\n<li><strong>P0448<\/strong>Circuito de control de la v\u00e1lvula de ventilaci\u00f3n EVAP - cortocircuito<\/li>\n<li><strong>P0449<\/strong>Circuito para la v\u00e1lvula de ventilaci\u00f3n\/solenoide del sistema EVAP<\/li>\n<li><strong>P0450<\/strong>Sensor\/interruptor de presi\u00f3n del sistema EVAP<\/li>\n<li><strong>P0451<\/strong>Sensor\/interruptor de presi\u00f3n del sistema EVAP - alcance\/rendimiento<\/li>\n<li><strong>P0452<\/strong>Circuito del sensor de presi\u00f3n EVAP - baja tensi\u00f3n<\/li>\n<li><strong>P0453<\/strong>Circuito del sensor de presi\u00f3n EVAP - sobretensi\u00f3n<\/li>\n<li><strong>P0454<\/strong>Sensor\/interruptor de presi\u00f3n del sistema EVAP - Intermitente<\/li>\n<li><strong>P0455<\/strong>Control de fugas EVAP - Fuga grande detectada<\/li>\n<li><strong>P0456<\/strong>Control de fugas EVAP - Detectada una peque\u00f1a fuga (0,020 pulgadas)<\/li>\n<li><strong>P0457<\/strong>Fuga EVAP detectada (tap\u00f3n del dep\u00f3sito suelto)<\/li>\n<li><strong>P0458<\/strong>Circuito de la v\u00e1lvula de control del sistema EVAP - Bajo<\/li>\n<li><strong>P0459<\/strong>Circuito de la v\u00e1lvula de control del sistema EVAP - Alto<\/li>\n<\/ul>\n<h4><\/h4>\n<h4>\u00bfPor qu\u00e9 elegir recambios originales Mopar?<\/h4>\n<p><strong>Ajuste perfecto y calidad superior:<\/strong> Los recambios originales Mopar se fabrican siguiendo las estrictas especificaciones del fabricante, lo que significa que encajan perfectamente en su veh\u00edculo. Esto no solo garantiza una instalaci\u00f3n sencilla, sino tambi\u00e9n un funcionamiento y una seguridad \u00f3ptimos.<\/p>\n<p><strong>Fiabilidad y durabilidad:<\/strong> Mediante el uso de materiales de alta calidad y estrictos controles de calidad, los recambios Mopar garantizan que su veh\u00edculo funcione de forma fiable incluso en condiciones extremas. Est\u00e1n dise\u00f1ados para durar y maximizar el rendimiento de su veh\u00edculo.<\/p>\n<p>&nbsp;<\/p>\n<p>&nbsp;<\/p>","protected":false},"excerpt":{"rendered":"<p>Pieza original Mopar<\/p>\n<p>2012-2013<\/p>","protected":false},"featured_media":68312287,"comment_status":"open","ping_status":"closed","template":"","meta":{"_acf_changed":false},"product_brand":[16270],"product_cat":[10262,8138,4980,2878,8139,2879,2882,8140,5159,2886],"product_tag":[52,8500,54,53,48,8188,49,3853,8187,8141,8183,8186,8177,8178,8181,8189,8179,8176,31,8813,9424,16271,16273,16275,16272,16274,7221,8182,713,8185,8142,8184,8190,8191,8180],"class_list":{"0":"post-68312284","1":"product","2":"type-product","3":"status-publish","4":"has-post-thumbnail","6":"product_brand-mopar","7":"product_cat-alle-produkte","8":"product_cat-300c-36-kraftstoffversorgung","9":"product_cat-300c-57-2011-2023-kraftstoffversorgung","10":"product_cat-300c-64-kraftstoffversorgung","11":"product_cat-challenger-36-kraftstoffversorgung","12":"product_cat-challenger-57-kraftstoffversorgung","13":"product_cat-challenger-64-kraftstoffversorgung","14":"product_cat-charger-36-kraftstoffversorgung","15":"product_cat-charger-57-2011-2023-kraftstoffversorgung","16":"product_cat-charger-64-kraftstoffversorgung","17":"product_tag-300c","18":"product_tag-68083928aa","19":"product_tag-challenger","20":"product_tag-charger","21":"product_tag-chrysler","22":"product_tag-defekte-im-evap-system-beheben","23":"product_tag-dodge","24":"product_tag-dodge-challenger","25":"product_tag-drucktest-evap-system","26":"product_tag-evap","27":"product_tag-evap-drucksensor","28":"product_tag-evap-kanister","29":"product_tag-evap-lecksuche","30":"product_tag-evap-system-fehlercodes","31":"product_tag-evap-ventil","32":"product_tag-kraftstoffdampf-absorptionssystem","33":"product_tag-kraftstoffdampfabscheider","34":"product_tag-kraftstofftankbelueftung","35":"product_tag-mopar","36":"product_tag-mopar-autoteile","37":"product_tag-mopar-ersatzteile","38":"product_tag-mopar-ersatzteile-kaufen","39":"product_tag-mopar-performance-teile","40":"product_tag-mopar-teile-katalog","41":"product_tag-mopar-teile-online","42":"product_tag-mopar-tuningteile","43":"product_tag-mopar10","44":"product_tag-purge-valve","45":"product_tag-sensor","46":"product_tag-tankdrucksensor-evap","47":"product_tag-tankentlueftung","48":"product_tag-tankentlueftungsventil","49":"product_tag-tankventilation-pruefen","50":"product_tag-undichtigkeit","51":"product_tag-wartung-des-evap-systems","53":"first","54":"instock","55":"taxable","56":"shipping-taxable","57":"purchasable","58":"product-type-simple"},"bundled_by":[],"bundle_stock_status":"instock","bundle_stock_quantity":1,"bundle_virtual":false,"bundle_layout":"","bundle_add_to_cart_form_location":"","bundle_editable_in_cart":false,"bundle_sold_individually_context":"","bundle_item_grouping":"","bundle_min_size":"","bundle_max_size":"","bundle_price":[],"bundled_items":[],"bundle_sell_ids":[],"exclude_global_add_ons":[],"addons":[],"acf":[],"_links":{"self":[{"href":"https:\/\/kraftwerk-shop.cc\/es\/wp-json\/wp\/v2\/product\/68312284","targetHints":{"allow":["GET"]}}],"collection":[{"href":"https:\/\/kraftwerk-shop.cc\/es\/wp-json\/wp\/v2\/product"}],"about":[{"href":"https:\/\/kraftwerk-shop.cc\/es\/wp-json\/wp\/v2\/types\/product"}],"replies":[{"embeddable":true,"href":"https:\/\/kraftwerk-shop.cc\/es\/wp-json\/wp\/v2\/comments?post=68312284"}],"version-history":[{"count":0,"href":"https:\/\/kraftwerk-shop.cc\/es\/wp-json\/wp\/v2\/product\/68312284\/revisions"}],"wp:featuredmedia":[{"embeddable":true,"href":"https:\/\/kraftwerk-shop.cc\/es\/wp-json\/wp\/v2\/media\/68312287"}],"wp:attachment":[{"href":"https:\/\/kraftwerk-shop.cc\/es\/wp-json\/wp\/v2\/media?parent=68312284"}],"wp:term":[{"taxonomy":"product_brand","embeddable":true,"href":"https:\/\/kraftwerk-shop.cc\/es\/wp-json\/wp\/v2\/product_brand?post=68312284"},{"taxonomy":"product_cat","embeddable":true,"href":"https:\/\/kraftwerk-shop.cc\/es\/wp-json\/wp\/v2\/product_cat?post=68312284"},{"taxonomy":"product_tag","embeddable":true,"href":"https:\/\/kraftwerk-shop.cc\/es\/wp-json\/wp\/v2\/product_tag?post=68312284"}],"curies":[{"name":"wp","href":"https:\/\/api.w.org\/{rel}","templated":true}]}}