{"id":68312976,"date":"2024-12-22T19:16:09","date_gmt":"2024-12-22T18:16:09","guid":{"rendered":"https:\/\/kraftwerk-shop.cc\/?post_type=product&#038;p=68312976"},"modified":"2026-04-01T16:09:55","modified_gmt":"2026-04-01T14:09:55","slug":"kit-colector-de-escape-bd-durango-57","status":"publish","type":"product","link":"https:\/\/kraftwerk-shop.cc\/es\/produkt\/bd-abgaskruemmer-kit-durango-57\/","title":{"rendered":"BD kit colector de escape Durango 5.7"},"content":{"rendered":"<h1>Kit colector de escape para Dodge Durango 5.7 de 2011 a 2025<\/h1>\n<p>&nbsp;<\/p>\n<p>Desafortunadamente, los colectores de escape agrietados y con fugas no son infrecuentes en el Dodge Durango. Consiga una mayor longevidad con el kit de colectores de escape mejorado, que se ha desarrollado especialmente para motores HEMI de 5,7 L.<br \/>\nLos colectores BD Upgrade solucionan los problemas habituales de torniller\u00eda de los colectores utilizando fijaciones extendidas y espaciadores que resisten eficazmente la dilataci\u00f3n t\u00e9rmica.<br \/>\nLas grietas igualmente frecuentes en el colector se contrarrestan con un mayor grosor de la pared, que -a diferencia de los colectores OEM- es uniformemente gruesa en todos los puntos.<br \/>\nAdem\u00e1s, se han dise\u00f1ado puntos de montaje independientes para el escudo t\u00e9rmico con el fin de separarlo de los pernos de montaje y mejorar a\u00fan m\u00e1s la fiabilidad.<br \/>\nFabricados con gran precisi\u00f3n, los colectores BD se caracterizan por un dise\u00f1o robusto de paredes gruesas y est\u00e1n hechos de fundici\u00f3n d\u00factil de alto contenido en silicio para contrarrestar la deformaci\u00f3n y garantizar que su veh\u00edculo se mantenga en plena forma a largo plazo.<\/p>\n<p>&nbsp;<\/p>\n<p><strong>N\u00fameros de comparaci\u00f3n Mopar:<\/strong> <span class=\"list-value sku-display\">68591586AA, 68591591AA<br \/>\n<\/span><\/p>\n<p><strong><br \/>\nCaracter\u00edsticas:<\/strong><\/p>\n<ul>\n<li>Fundici\u00f3n de hierro d\u00factil con alto contenido en silicio<\/li>\n<li>Elementos de fijaci\u00f3n m\u00e1s largos con separadores<\/li>\n<li>El kit contiene 2 colectores, todas las juntas y elementos de fijaci\u00f3n<\/li>\n<\/ul>\n<p>&nbsp;<\/p>\n<p><strong>Adecuado para:<\/strong><\/p>\n<table width=\"728\">\n<tbody>\n<tr>\n<td width=\"83\"><strong>A\u00f1o de construcci\u00f3n<\/strong><\/td>\n<td width=\"83\"><strong>Marca<\/strong><\/td>\n<td width=\"142\"><strong>Modelo<\/strong><\/td>\n<td width=\"275\"><strong>Versi\u00f3n<\/strong><\/td>\n<td width=\"145\"><strong>Motor<\/strong><\/td>\n<\/tr>\n<tr>\n<td width=\"83\">2025<\/td>\n<td width=\"83\">Dodge<\/td>\n<td width=\"142\">Durango<\/td>\n<td width=\"275\">R\/T, R\/T Plus, R\/T Premium, Special Service<\/td>\n<td width=\"145\">5.7L<\/td>\n<\/tr>\n<tr>\n<td width=\"83\">2024<\/td>\n<td width=\"83\">Dodge<\/td>\n<td width=\"142\">Durango<\/td>\n<td width=\"275\">Citadel, Pursuit, R\/T, R\/T Plus, R\/T Premium, Special Service<\/td>\n<td width=\"145\">5.7L<\/td>\n<\/tr>\n<tr>\n<td width=\"83\">2023<\/td>\n<td width=\"83\">Dodge<\/td>\n<td width=\"142\">Durango<\/td>\n<td width=\"275\">Citadel, R\/T, R\/T Hemi Orange, R\/T Plus, R\/T Premium<\/td>\n<td width=\"145\">5.7L<\/td>\n<\/tr>\n<tr>\n<td width=\"83\">2022<\/td>\n<td width=\"83\">Dodge<\/td>\n<td width=\"142\">Durango<\/td>\n<td width=\"275\">Citadel, R\/T, R\/T Plus<\/td>\n<td width=\"145\">5.7L<\/td>\n<\/tr>\n<tr>\n<td width=\"83\">2021<\/td>\n<td width=\"83\">Dodge<\/td>\n<td width=\"142\">Durango<\/td>\n<td width=\"275\">Citadel, Pursuit, R\/T, Special Service<\/td>\n<td width=\"145\">5.7L<\/td>\n<\/tr>\n<tr>\n<td width=\"83\">2020<\/td>\n<td width=\"83\">Dodge<\/td>\n<td width=\"142\">Durango<\/td>\n<td width=\"275\">Citadel, Pursuit, R\/T, Special Service<\/td>\n<td width=\"145\">5.7L<\/td>\n<\/tr>\n<tr>\n<td width=\"83\">2019<\/td>\n<td width=\"83\">Dodge<\/td>\n<td width=\"142\">Durango<\/td>\n<td width=\"275\">Citadel, Pursuit, R\/T, Special Service<\/td>\n<td width=\"145\">5.7L<\/td>\n<\/tr>\n<tr>\n<td width=\"83\">2018<\/td>\n<td width=\"83\">Dodge<\/td>\n<td width=\"142\">Durango<\/td>\n<td width=\"275\">Citadel, GT, R\/T, SXT, Special Service<\/td>\n<td width=\"145\">5.7L<\/td>\n<\/tr>\n<tr>\n<td width=\"83\">2017<\/td>\n<td width=\"83\">Dodge<\/td>\n<td width=\"142\">Durango<\/td>\n<td width=\"275\">Citadel, R\/T, Special Service<\/td>\n<td width=\"145\">5.7L<\/td>\n<\/tr>\n<tr>\n<td width=\"83\">2016<\/td>\n<td width=\"83\">Dodge<\/td>\n<td width=\"142\">Durango<\/td>\n<td width=\"275\">Citadel, R\/T, Special Service<\/td>\n<td width=\"145\">5.7L<\/td>\n<\/tr>\n<tr>\n<td width=\"83\">2015<\/td>\n<td width=\"83\">Dodge<\/td>\n<td width=\"142\">Durango<\/td>\n<td width=\"275\">Citadel, Limited, R\/T, Special Service<\/td>\n<td width=\"145\">5.7L<\/td>\n<\/tr>\n<tr>\n<td width=\"83\">2014<\/td>\n<td width=\"83\">Dodge<\/td>\n<td width=\"142\">Durango<\/td>\n<td width=\"275\">Citadel, Limited, R\/T, Special Service<\/td>\n<td width=\"145\">5.7L<\/td>\n<\/tr>\n<tr>\n<td width=\"83\">2013<\/td>\n<td width=\"83\">Dodge<\/td>\n<td width=\"142\">Durango<\/td>\n<td width=\"275\">Citadel, Crew, R\/T, Special Service<\/td>\n<td width=\"145\">5.7L<\/td>\n<\/tr>\n<tr>\n<td width=\"83\">2012<\/td>\n<td width=\"83\">Dodge<\/td>\n<td width=\"142\">Durango<\/td>\n<td width=\"275\">Citadel, Crew, R\/T, Special Service<\/td>\n<td width=\"145\">5.7L<\/td>\n<\/tr>\n<tr>\n<td width=\"83\">2011<\/td>\n<td width=\"83\">Dodge<\/td>\n<td width=\"142\">Durango<\/td>\n<td width=\"275\">Citadel, Crew, R\/T<\/td>\n<td width=\"145\">5.7L<\/td>\n<\/tr>\n<tr>\n<td width=\"83\">2009<\/td>\n<td width=\"83\">Dodge<\/td>\n<td width=\"142\">Durango<\/td>\n<td width=\"275\">Limited, Limited Hybrid, SE, SLT<\/td>\n<td width=\"145\">5.7L<\/td>\n<\/tr>\n<\/tbody>\n<\/table>\n<p>&nbsp;<\/p>\n<p>&nbsp;<\/p>\n<p><iframe loading=\"lazy\" title=\"Colector de escape BD RAM DT, Durango y Grand Cherokee 5.7\" width=\"500\" height=\"281\" src=\"https:\/\/www.youtube.com\/embed\/z_gEcupkPgM?feature=oembed\" frameborder=\"0\" allow=\"accelerometer; autoplay; clipboard-write; encrypted-media; gyroscope; picture-in-picture; web-share\" referrerpolicy=\"strict-origin-when-cross-origin\" allowfullscreen><\/iframe><\/p>\n<p><iframe loading=\"lazy\" title=\"Colector de escape BD RAM DT, Durango y Grand Cherokee 5.7\" width=\"500\" height=\"281\" src=\"https:\/\/www.youtube.com\/embed\/RLH7kqcLV74?feature=oembed\" frameborder=\"0\" allow=\"accelerometer; autoplay; clipboard-write; encrypted-media; gyroscope; picture-in-picture; web-share\" referrerpolicy=\"strict-origin-when-cross-origin\" allowfullscreen><\/iframe><\/p>\n<p><iframe loading=\"lazy\" title=\"Soluci\u00f3n al problema del colector 4\u00aa y 5\u00aa gen RAM 5.7\" width=\"500\" height=\"281\" src=\"https:\/\/www.youtube.com\/embed\/C5uJ1h19_-Q?feature=oembed\" frameborder=\"0\" allow=\"accelerometer; autoplay; clipboard-write; encrypted-media; gyroscope; picture-in-picture; web-share\" referrerpolicy=\"strict-origin-when-cross-origin\" allowfullscreen><\/iframe><\/p>\n<p>&nbsp;<\/p>\n<p><strong>Acerca del fabricante<\/strong><\/p>\n<p>Fundada en 1972 como Valley Fuel Injection Ltd, BD se dio a conocer en 1989 cuando introdujo el primer freno de escape para el emergente mercado de las camionetas diesel. En la actualidad, Valley Fuel Injection (ahora BD Diesel Truck Service &amp; Performance Centre) y BD Diesel Performance son una sola empresa con divisiones especializadas en componentes para cadenas cinem\u00e1ticas di\u00e9sel. BD es una empresa innovadora y global que distribuye productos para la regi\u00f3n de Norteam\u00e9rica, tanto para motores di\u00e9sel como de gasolina. Nuestro kit de colector de escape RAM 5.7 es un producto de alta calidad para su RAM que optimiza el rendimiento y la eficiencia.<\/p>\n<p>&nbsp;<\/p>\n<p>&nbsp;<\/p>","protected":false},"excerpt":{"rendered":"<p>2011 - 2025<\/p>","protected":false},"featured_media":68312980,"comment_status":"open","ping_status":"closed","template":"","meta":{"_acf_changed":false},"product_brand":[20019],"product_cat":[10262,6612],"product_tag":[9405,91,9408,6813,605,6579,20099,20100,49,4432,95,9409,550,86,216,9406,6370],"class_list":{"0":"post-68312976","1":"product","2":"type-product","3":"status-publish","4":"has-post-thumbnail","6":"product_brand-bd-diesel","7":"product_cat-alle-produkte","8":"product_cat-durango-57-abgaskruemmer-katalysatoren","9":"product_tag-9405","10":"product_tag-5-7","11":"product_tag-68591586aa","12":"product_tag-68591591aa","13":"product_tag-abgaskruemmer","14":"product_tag-bd","15":"product_tag-bd-diesel","16":"product_tag-bd-diesel-performance","17":"product_tag-dodge","18":"product_tag-dodge-durango","19":"product_tag-durango","20":"product_tag-gerissene-kruemmer-durango","21":"product_tag-kruemmer","22":"product_tag-ram","23":"product_tag-upgrade","24":"product_tag-upgrade-kruemmer","25":"product_tag-wd","26":"product_shipping_class-paket-l","28":"first","29":"instock","30":"taxable","31":"shipping-taxable","32":"purchasable","33":"product-type-simple"},"bundled_by":[],"bundle_stock_status":"instock","bundle_stock_quantity":5,"bundle_virtual":false,"bundle_layout":"","bundle_add_to_cart_form_location":"","bundle_editable_in_cart":false,"bundle_sold_individually_context":"","bundle_item_grouping":"","bundle_min_size":"","bundle_max_size":"","bundle_price":[],"bundled_items":[],"bundle_sell_ids":[],"exclude_global_add_ons":[],"addons":[],"acf":[],"_links":{"self":[{"href":"https:\/\/kraftwerk-shop.cc\/es\/wp-json\/wp\/v2\/product\/68312976","targetHints":{"allow":["GET"]}}],"collection":[{"href":"https:\/\/kraftwerk-shop.cc\/es\/wp-json\/wp\/v2\/product"}],"about":[{"href":"https:\/\/kraftwerk-shop.cc\/es\/wp-json\/wp\/v2\/types\/product"}],"replies":[{"embeddable":true,"href":"https:\/\/kraftwerk-shop.cc\/es\/wp-json\/wp\/v2\/comments?post=68312976"}],"version-history":[{"count":0,"href":"https:\/\/kraftwerk-shop.cc\/es\/wp-json\/wp\/v2\/product\/68312976\/revisions"}],"wp:featuredmedia":[{"embeddable":true,"href":"https:\/\/kraftwerk-shop.cc\/es\/wp-json\/wp\/v2\/media\/68312980"}],"wp:attachment":[{"href":"https:\/\/kraftwerk-shop.cc\/es\/wp-json\/wp\/v2\/media?parent=68312976"}],"wp:term":[{"taxonomy":"product_brand","embeddable":true,"href":"https:\/\/kraftwerk-shop.cc\/es\/wp-json\/wp\/v2\/product_brand?post=68312976"},{"taxonomy":"product_cat","embeddable":true,"href":"https:\/\/kraftwerk-shop.cc\/es\/wp-json\/wp\/v2\/product_cat?post=68312976"},{"taxonomy":"product_tag","embeddable":true,"href":"https:\/\/kraftwerk-shop.cc\/es\/wp-json\/wp\/v2\/product_tag?post=68312976"}],"curies":[{"name":"wp","href":"https:\/\/api.w.org\/{rel}","templated":true}]}}