{"id":68313013,"date":"2024-12-23T17:14:51","date_gmt":"2024-12-23T16:14:51","guid":{"rendered":"https:\/\/kraftwerk-shop.cc\/?post_type=product&#038;p=68313013"},"modified":"2026-02-15T01:16:07","modified_gmt":"2026-02-15T00:16:07","slug":"mopar-actuador-escape-flap-68505881aa","status":"publish","type":"product","link":"https:\/\/kraftwerk-shop.cc\/es\/produkt\/mopar-stellmotor-abgasklappe-68505881aa\/","title":{"rendered":"Actuador de la aleta de escape Mopar, izquierda (68505881AA)"},"content":{"rendered":"<h1>Actuador original Mopar para la trampilla de escape (68505881AA), adecuado para Chrysler 300C, Dodge Charger y Challenger de 2015 a 2023, lado izquierdo.<\/h1>\n<p>&nbsp;<\/p>\n<p><span lang=\"DE\"><strong>N\u00famero de pieza Mopar:<\/strong> 68505881AA<br \/>\n<strong>Reemplazado:\u00a0<\/strong><span class=\"list-value\">68239269AB, 68239269AC, 68239269AD, 68239269AE, 68239269AF, 68239269AG, 68420674AA<\/span><\/span><\/p>\n<p>&nbsp;<\/p>\n<p><strong>Adecuado para:<\/strong><\/p>\n<table width=\"728\">\n<tbody>\n<tr>\n<td width=\"83\"><strong>A\u00f1o de construcci\u00f3n<\/strong><\/td>\n<td width=\"83\"><strong>Marca<\/strong><\/td>\n<td width=\"142\"><strong>Modelo<\/strong><\/td>\n<td width=\"275\"><strong>Versi\u00f3n<\/strong><\/td>\n<td width=\"145\"><strong>Motor<\/strong><\/td>\n<\/tr>\n<tr>\n<td width=\"83\">2023<\/td>\n<td width=\"83\">Chrysler<\/td>\n<td width=\"142\">300<\/td>\n<td width=\"275\">C<\/td>\n<td width=\"145\">6.4L<\/td>\n<\/tr>\n<tr>\n<td width=\"83\">2023<\/td>\n<td width=\"83\">Dodge<\/td>\n<td width=\"142\">Challenger<\/td>\n<td width=\"275\">R\/T, R\/T Scat Pack, R\/T Scat Pack Widebody, SRT Hellcat Jailbreak, SRT Hellcat Redeye Jailbreak, SRT Hellcat Redeye Widebody Jailbreak, SRT Hellcat Widebody Jailbreak, SRT Super Stock<\/td>\n<td width=\"145\">5.7L, 6.2L, 6.4L<\/td>\n<\/tr>\n<tr>\n<td width=\"83\">2023<\/td>\n<td width=\"83\">Dodge<\/td>\n<td width=\"142\">Charger<\/td>\n<td width=\"275\">Pursuit, R\/T, SRT Hellcat Redeye Widebody, SRT Hellcat Widebody, SRT Hellcat Widebody Jailbreak, Scat Pack, Scat Pack Widebody<\/td>\n<td width=\"145\">5.7L, 6.2L, 6.4L<\/td>\n<\/tr>\n<tr>\n<td width=\"83\">2022<\/td>\n<td width=\"83\">Dodge<\/td>\n<td width=\"142\">Challenger<\/td>\n<td width=\"275\">R\/T, R\/T Scat Pack, R\/T Scat Pack Widebody, SRT Hellcat, SRT Hellcat Redeye, SRT Hellcat Redeye Widebody, SRT Hellcat Widebody, SRT Jailbreak, SRT Super Stock<\/td>\n<td width=\"145\">5.7L, 6.2L, 6.4L<\/td>\n<\/tr>\n<tr>\n<td width=\"83\">2022<\/td>\n<td width=\"83\">Dodge<\/td>\n<td width=\"142\">Charger<\/td>\n<td width=\"275\">R\/T, SRT Hellcat Redeye Widebody, SRT Hellcat Widebody, SRT Jailbreak, Scat Pack, Scat Pack Widebody<\/td>\n<td width=\"145\">5.7L, 6.2L, 6.4L<\/td>\n<\/tr>\n<tr>\n<td width=\"83\">2021<\/td>\n<td width=\"83\">Dodge<\/td>\n<td width=\"142\">Challenger<\/td>\n<td width=\"275\">R\/T, R\/T Scat Pack, R\/T Scat Pack Widebody, SRT Hellcat, SRT Hellcat Redeye, SRT Hellcat Redeye Widebody, SRT Hellcat Widebody, SRT Super Stock<\/td>\n<td width=\"145\">5.7L, 6.2L, 6.4L<\/td>\n<\/tr>\n<tr>\n<td width=\"83\">2021<\/td>\n<td width=\"83\">Dodge<\/td>\n<td width=\"142\">Charger<\/td>\n<td width=\"275\">R\/T, SRT Hellcat Redeye Widebody, SRT Hellcat Widebody, Scat Pack<\/td>\n<td width=\"145\">5.7L, 6.2L, 6.4L<\/td>\n<\/tr>\n<tr>\n<td width=\"83\">2020<\/td>\n<td width=\"83\">Dodge<\/td>\n<td width=\"142\">Challenger<\/td>\n<td width=\"275\">R\/T, R\/T Scat Pack, R\/T Scat Pack Widebody, SRT Hellcat, SRT Hellcat Redeye, SRT Hellcat Redeye Widebody, SRT Hellcat Widebody<\/td>\n<td width=\"145\">5.7L, 6.2L, 6.4L<\/td>\n<\/tr>\n<tr>\n<td width=\"83\">2020<\/td>\n<td width=\"83\">Dodge<\/td>\n<td width=\"142\">Charger<\/td>\n<td width=\"275\">Pursuit, R\/T, SRT Hellcat Widebody, Scat Pack<\/td>\n<td width=\"145\">5.7L, 6.2L, 6.4L<\/td>\n<\/tr>\n<tr>\n<td width=\"83\">2019<\/td>\n<td width=\"83\">Dodge<\/td>\n<td width=\"142\">Challenger<\/td>\n<td width=\"275\">R\/T, R\/T Scat Pack, R\/T Scat Pack Widebody, SRT Hellcat, SRT Hellcat Redeye, SRT Hellcat Redeye Widebody, SRT Hellcat Widebody<\/td>\n<td width=\"145\">5.7L, 6.2L, 6.4L<\/td>\n<\/tr>\n<tr>\n<td width=\"83\">2019<\/td>\n<td width=\"83\">Dodge<\/td>\n<td width=\"142\">Charger<\/td>\n<td width=\"275\">Pursuit, R\/T, SRT Hellcat, Scat Pack<\/td>\n<td width=\"145\">5.7L, 6.2L, 6.4L<\/td>\n<\/tr>\n<tr>\n<td width=\"83\">2018<\/td>\n<td width=\"83\">Dodge<\/td>\n<td width=\"142\">Challenger<\/td>\n<td width=\"275\">R\/T, R\/T Scat Pack, SRT 392, SRT Demon, SRT Hellcat, SRT Hellcat Widebody, T\/A, T\/A 392<\/td>\n<td width=\"145\">5.7L, 6.2L, 6.4L<\/td>\n<\/tr>\n<tr>\n<td width=\"83\">2018<\/td>\n<td width=\"83\">Dodge<\/td>\n<td width=\"142\">Charger<\/td>\n<td width=\"275\">Daytona, Daytona 392, Pursuit, R\/T, R\/T Scat Pack, SRT 392, SRT Hellcat<\/td>\n<td width=\"145\">5.7L, 6.2L, 6.4L<\/td>\n<\/tr>\n<tr>\n<td width=\"83\">2017<\/td>\n<td width=\"83\">Dodge<\/td>\n<td width=\"142\">Challenger<\/td>\n<td width=\"275\">R\/T, R\/T Scat Pack, SRT 392, SRT Hellcat, T\/A, T\/A 392<\/td>\n<td width=\"145\">5.7L, 6.2L, 6.4L<\/td>\n<\/tr>\n<tr>\n<td width=\"83\">2017<\/td>\n<td width=\"83\">Dodge<\/td>\n<td width=\"142\">Charger<\/td>\n<td width=\"275\">Daytona, Daytona 392, Pursuit, R\/T, R\/T Scat Pack, SRT 392, SRT Hellcat<\/td>\n<td width=\"145\">5.7L, 6.2L, 6.4L<\/td>\n<\/tr>\n<tr>\n<td width=\"83\">2016<\/td>\n<td width=\"83\">Dodge<\/td>\n<td width=\"142\">Challenger<\/td>\n<td width=\"275\">392 Hemi Scat Pack Shaker, R\/T Scat Pack, SRT 392, SRT Hellcat<\/td>\n<td width=\"145\">6.2L, 6.4L<\/td>\n<\/tr>\n<tr>\n<td width=\"83\">2016<\/td>\n<td width=\"83\">Dodge<\/td>\n<td width=\"142\">Charger<\/td>\n<td width=\"275\">R\/T Scat Pack, SRT 392, SRT Hellcat<\/td>\n<td width=\"145\">6.2L, 6.4L<\/td>\n<\/tr>\n<tr>\n<td width=\"83\">2015<\/td>\n<td width=\"83\">Dodge<\/td>\n<td width=\"142\">Challenger<\/td>\n<td width=\"275\">SRT 392, SRT Hellcat, Scat Pack<\/td>\n<td width=\"145\">6.2L, 6.4L<\/td>\n<\/tr>\n<tr>\n<td width=\"83\">2015<\/td>\n<td width=\"83\">Dodge<\/td>\n<td width=\"142\">Charger<\/td>\n<td width=\"275\">R\/T Scat Pack, SRT 392, SRT Hellcat<\/td>\n<td width=\"145\">6.2L, 6.4L<\/td>\n<\/tr>\n<\/tbody>\n<\/table>\n<p>&nbsp;<\/p>\n<h4>\u00bfPor qu\u00e9 elegir recambios originales Mopar?<\/h4>\n<p><strong>Ajuste perfecto y calidad superior:<\/strong> Los recambios originales Mopar se fabrican siguiendo las estrictas especificaciones del fabricante, lo que significa que encajan perfectamente en su veh\u00edculo. Esto no solo garantiza una instalaci\u00f3n sencilla, sino tambi\u00e9n un funcionamiento y una seguridad \u00f3ptimos.<\/p>\n<p><strong>Fiabilidad y durabilidad:<\/strong> Mediante el uso de materiales de alta calidad y estrictos controles de calidad, los recambios Mopar garantizan que su veh\u00edculo funcione de forma fiable incluso en condiciones extremas. Est\u00e1n dise\u00f1ados para durar y maximizar el rendimiento de su veh\u00edculo.<\/p>\n<p>&nbsp;<\/p>\n<p>&nbsp;<\/p>","protected":false},"excerpt":{"rendered":"<p>Pieza original Mopar<\/p>","protected":false},"featured_media":68313015,"comment_status":"open","ping_status":"closed","template":"","meta":{"_acf_changed":false},"product_brand":[16270],"product_cat":[10262,6584,6604,6595,6519,6610,6598,6560],"product_tag":[9412,9413,9414,9415,9416,9417,9418,9411,9422,2782,9443,9435,9451,9439,9437,9445,9425,9457,9453,9433,9449,9421,9447,9428,9455,9441,546,9419,9432,9431,9430,3853,2783,31,9427,8813,9424,16271,8699,16273,9420,16275,16272,16274,7221,600,9436,9423,9426,9444,9442,9438,9429,9452,9434,9446,9456,9440,9448,9450,9458,9454],"class_list":{"0":"post-68313013","1":"product","2":"type-product","3":"status-publish","4":"has-post-thumbnail","6":"product_brand-mopar","7":"product_cat-alle-produkte","8":"product_cat-300c-64-abgasanlage-dichtungen-hardware","9":"product_cat-challenger-57-abgasanlage-dichtungen-hardware","10":"product_cat-challenger-hellcat-abgasanlage-dichtungen-hardware","11":"product_cat-challenger-64-abgasanlage-dichtungen-hardware","12":"product_cat-charger-57-2011-2023-abgasanlage-dichtungen-hardware","13":"product_cat-charger-hellcat-abgasanlage-dichtungen-hardware","14":"product_cat-charger-64-abgasanlage-dichtungen-hardware","15":"product_tag-68239269ab","16":"product_tag-68239269ac","17":"product_tag-68239269ad","18":"product_tag-68239269ae","19":"product_tag-68239269af","20":"product_tag-68239269ag","21":"product_tag-68420674aa","22":"product_tag-68505881aa","23":"product_tag-68505881aa-ersatzteil","24":"product_tag-abgasklappe","25":"product_tag-abgasklappe-defekt","26":"product_tag-abgasklappe-ersatzteil","27":"product_tag-abgasklappe-fehlersuche","28":"product_tag-abgasklappe-funktion","29":"product_tag-abgasklappe-justierung","30":"product_tag-abgasklappe-kalibrierung","31":"product_tag-abgasklappe-motor","32":"product_tag-abgasklappe-regelung","33":"product_tag-abgasklappe-reinigung","34":"product_tag-abgasklappe-reparatur","35":"product_tag-abgasklappe-sensor","36":"product_tag-abgasklappe-stellmotor","37":"product_tag-abgasklappe-steuergeraet","38":"product_tag-abgasklappe-steuerung","39":"product_tag-abgasklappe-symptome","40":"product_tag-abgasklappe-wartung","41":"product_tag-auspuff","42":"product_tag-auspuffklappe","43":"product_tag-auspuffklappe-motor","44":"product_tag-chrysler-stellmotor","45":"product_tag-dodge-abgasklappe","46":"product_tag-dodge-challenger","47":"product_tag-klappenauspuff","48":"product_tag-mopar","49":"product_tag-mopar-68505881aa","50":"product_tag-mopar-autoteile","51":"product_tag-mopar-ersatzteile","52":"product_tag-mopar-ersatzteile-kaufen","53":"product_tag-mopar-originalteil","54":"product_tag-mopar-performance-teile","55":"product_tag-mopar-stellmotor","56":"product_tag-mopar-teile-katalog","57":"product_tag-mopar-teile-online","58":"product_tag-mopar-tuningteile","59":"product_tag-mopar10","60":"product_tag-stellmotor","61":"product_tag-stellmotor-68505881aa","62":"product_tag-stellmotor-abgasklappe","63":"product_tag-stellmotor-auspuffklappe","64":"product_tag-stellmotor-austausch","65":"product_tag-stellmotor-diagnose","66":"product_tag-stellmotor-installation","67":"product_tag-stellmotor-jeep","68":"product_tag-stellmotor-kalibrierung","69":"product_tag-stellmotor-kaufen","70":"product_tag-stellmotor-kompatibilitaet","71":"product_tag-stellmotor-positionierung","72":"product_tag-stellmotor-probleme","73":"product_tag-stellmotor-programmierung","74":"product_tag-stellmotor-reset","75":"product_tag-stellmotor-steuerung","76":"product_tag-stellmotor-testen","78":"first","79":"instock","80":"taxable","81":"shipping-taxable","82":"purchasable","83":"product-type-simple"},"bundled_by":[],"bundle_stock_status":"instock","bundle_stock_quantity":1,"bundle_virtual":false,"bundle_layout":"","bundle_add_to_cart_form_location":"","bundle_editable_in_cart":false,"bundle_sold_individually_context":"","bundle_item_grouping":"","bundle_min_size":"","bundle_max_size":"","bundle_price":[],"bundled_items":[],"bundle_sell_ids":[],"exclude_global_add_ons":[],"addons":[],"acf":[],"_links":{"self":[{"href":"https:\/\/kraftwerk-shop.cc\/es\/wp-json\/wp\/v2\/product\/68313013","targetHints":{"allow":["GET"]}}],"collection":[{"href":"https:\/\/kraftwerk-shop.cc\/es\/wp-json\/wp\/v2\/product"}],"about":[{"href":"https:\/\/kraftwerk-shop.cc\/es\/wp-json\/wp\/v2\/types\/product"}],"replies":[{"embeddable":true,"href":"https:\/\/kraftwerk-shop.cc\/es\/wp-json\/wp\/v2\/comments?post=68313013"}],"version-history":[{"count":0,"href":"https:\/\/kraftwerk-shop.cc\/es\/wp-json\/wp\/v2\/product\/68313013\/revisions"}],"wp:featuredmedia":[{"embeddable":true,"href":"https:\/\/kraftwerk-shop.cc\/es\/wp-json\/wp\/v2\/media\/68313015"}],"wp:attachment":[{"href":"https:\/\/kraftwerk-shop.cc\/es\/wp-json\/wp\/v2\/media?parent=68313013"}],"wp:term":[{"taxonomy":"product_brand","embeddable":true,"href":"https:\/\/kraftwerk-shop.cc\/es\/wp-json\/wp\/v2\/product_brand?post=68313013"},{"taxonomy":"product_cat","embeddable":true,"href":"https:\/\/kraftwerk-shop.cc\/es\/wp-json\/wp\/v2\/product_cat?post=68313013"},{"taxonomy":"product_tag","embeddable":true,"href":"https:\/\/kraftwerk-shop.cc\/es\/wp-json\/wp\/v2\/product_tag?post=68313013"}],"curies":[{"name":"wp","href":"https:\/\/api.w.org\/{rel}","templated":true}]}}