{"id":68313254,"date":"2024-12-29T11:10:23","date_gmt":"2024-12-29T10:10:23","guid":{"rendered":"https:\/\/kraftwerk-shop.cc\/?post_type=product&#038;p=68313254"},"modified":"2026-02-15T01:16:20","modified_gmt":"2026-02-15T00:16:20","slug":"kw-coilover-suspension-v5-corvette-c-8","status":"publish","type":"product","link":"https:\/\/kraftwerk-shop.cc\/es\/produkt\/kw-gewindefahrwerk-v5-corvette-c-8\/","title":{"rendered":"Suspensi\u00f3n KW coilover V5 Corvette C8"},"content":{"rendered":"<h1>KW Gewindefahrwerk V5 f\u00fcr Chevrolet Corvette C8<\/h1>\n<p>&nbsp;<\/p>\n<p><strong>Eigenschaften:<\/strong><\/p>\n<ul>\n<li>Ausf\u00fchrung: V5<\/li>\n<li>H\u00e4rteverstellung: <span data-bind=\"html: $parents[0].commonAttributes()['att_' + _propkey].wert\">Zug- und Druckstufe<\/span><\/li>\n<li><span data-bind=\"text: $parents[0].commonAttributes()['att_' + _propkey].name\">Tieferlegung VA\/HA (mm)<\/span>: <span data-bind=\"html: $parents[0].commonAttributes()['att_' + _propkey].wert\">20-40\/20-40<\/span> *<\/li>\n<li>Material: <span data-bind=\"html: $parents[0].commonAttributes()['att_' + _propkey].wert\">Aluminium<\/span><\/li>\n<li>Verstellung VA\/HA: Gewinde\/Gewinde<\/li>\n<li><span data-bind=\"text: $parents[0].commonAttributes()['att_' + _propkey].name\">Zulassung<\/span>:\u00a0<span data-bind=\"html: $parents[0].commonAttributes()['att_' + _propkey].wert\">Teilegutachten (\u00a719.3)<\/span><\/li>\n<\/ul>\n<p>&nbsp;<\/p>\n<p>* Bei Fahrzeugen mit werksseitiger Tieferlegung reduziert sich die angegebene Tieferlegung um die der werksseitigen Tieferlegung<\/p>\n<p>&nbsp;<\/p>\n<p>&nbsp;<\/p>\n<p><strong>Passend f\u00fcr:<\/strong><\/p>\n<table width=\"835\">\n<tbody>\n<tr>\n<td width=\"80\"><strong>Hersteller<\/strong><\/td>\n<td width=\"164\"><strong>Modell<\/strong><\/td>\n<td width=\"80\"><strong>Ausf\u00fchrung<\/strong><\/td>\n<td width=\"80\"><strong>Karosserie<\/strong><\/td>\n<td width=\"80\"><strong>Kraftstoff<\/strong><\/td>\n<td width=\"111\"><strong>Performance<\/strong><\/td>\n<td width=\"80\"><strong>Hubraum<\/strong><\/td>\n<td width=\"80\"><strong>Zylinder<\/strong><\/td>\n<td width=\"80\"><strong>Antrieb<\/strong><\/td>\n<\/tr>\n<tr>\n<td width=\"80\" data-bind=\"text: make_name, attr: {title: make_name}\">CHEVROLET<\/td>\n<td width=\"164\" data-bind=\"text: model_name, attr: {title: model_name}\">CORVETTE (C8) 07\/2019-<\/td>\n<td width=\"80\" data-bind=\"text: car_name, attr: {title: car_name}\">6.2<\/td>\n<td width=\"80\" data-bind=\"text: body_type, attr: {title: body_type}\">Coupe<\/td>\n<td width=\"80\" data-bind=\"text: fuel_type, attr: {title: fuel_type}\">Benzin<\/td>\n<td width=\"111\" data-bind=\"text: kw + ' KW', attr: {title: kw + ' KW'}\">354 KW<\/td>\n<td width=\"80\" data-bind=\"text: ccm + ' ccm', attr: {title: ccm + ' ccm'}\">6162 ccm<\/td>\n<td width=\"80\" data-bind=\"text: cylinder, attr: {title: cylinder}\">8<\/td>\n<td width=\"80\" data-bind=\"text: drivetrain, attr: {title: drivetrain}\">Heckantrieb<\/td>\n<\/tr>\n<tr>\n<td width=\"80\" data-bind=\"text: make_name, attr: {title: make_name}\">CHEVROLET<\/td>\n<td width=\"164\" data-bind=\"text: model_name, attr: {title: model_name}\">CORVETTE (C8) 07\/2019-<\/td>\n<td width=\"80\" data-bind=\"text: car_name, attr: {title: car_name}\">6.2<\/td>\n<td width=\"80\" data-bind=\"text: body_type, attr: {title: body_type}\">Coupe<\/td>\n<td width=\"80\" data-bind=\"text: fuel_type, attr: {title: fuel_type}\">Benzin<\/td>\n<td width=\"111\" data-bind=\"text: kw + ' KW', attr: {title: kw + ' KW'}\">365 KW<\/td>\n<td width=\"80\" data-bind=\"text: ccm + ' ccm', attr: {title: ccm + ' ccm'}\">6162 ccm<\/td>\n<td width=\"80\" data-bind=\"text: cylinder, attr: {title: cylinder}\">8<\/td>\n<td width=\"80\" data-bind=\"text: drivetrain, attr: {title: drivetrain}\">Heckantrieb<\/td>\n<\/tr>\n<tr>\n<td width=\"80\" data-bind=\"text: make_name, attr: {title: make_name}\">CHEVROLET<\/td>\n<td width=\"164\" data-bind=\"text: model_name, attr: {title: model_name}\">CORVETTE (C8) 07\/2019-<\/td>\n<td width=\"80\" data-bind=\"text: car_name, attr: {title: car_name}\">6.2<\/td>\n<td width=\"80\" data-bind=\"text: body_type, attr: {title: body_type}\">Coupe<\/td>\n<td width=\"80\" data-bind=\"text: fuel_type, attr: {title: fuel_type}\">Benzin<\/td>\n<td width=\"111\" data-bind=\"text: kw + ' KW', attr: {title: kw + ' KW'}\">369 KW<\/td>\n<td width=\"80\" data-bind=\"text: ccm + ' ccm', attr: {title: ccm + ' ccm'}\">6162 ccm<\/td>\n<td width=\"80\" data-bind=\"text: cylinder, attr: {title: cylinder}\">8<\/td>\n<td width=\"80\" data-bind=\"text: drivetrain, attr: {title: drivetrain}\">Heckantrieb<\/td>\n<\/tr>\n<\/tbody>\n<\/table>\n<p>&nbsp;<\/p>\n<p><strong>Auflagen \/ Hinweise:<\/strong><\/p>\n<ul>\n<li>VA + HA h\u00f6henverstellbar (Gewindefederbeine)<\/li>\n<li>Bei Fahrzeugen mit elektronischer D\u00e4mpferregelung muss diese stillgelegt werden. Fahrzeugspezifische KW Stilllegungss\u00e4tze finden Sie in der Zubeh\u00f6rtabelle.<\/li>\n<li>D\u00e4mpfer verf\u00fcgen \u00fcber leicht zu bedienende Einstellr\u00e4der. Bauartbedingt in der Zugstufe nur bei zug\u00e4nglicher Kolbenstange.<\/li>\n<li>Aluminium Federbeine (kein Inox-line)<\/li>\n<\/ul>\n<h4><\/h4>\n<p>&nbsp;<\/p>\n<h4 style=\"text-align: center;\">KW V5 Gewindefahrwerk<\/h4>\n<p>&nbsp;<\/p>\n<div class=\"row\">\n<div class=\"small-12 columns\">\n<p class=\"text-justify\">Mit dem neuen KW V5 Gewindefahrwerk setzt KW auf seine erfolgreiche Motorsportfahrwerktechnologie mit Verdr\u00e4ngerkolben (KW Solid Piston Technology) und modularen sowie in Serie geschalteten D\u00e4mpferventilen.<br \/>\nDas KW V5 Gewindefahrwerk \u00fcberzeugt in Sportwagen und Supersportwagen mit einer pr\u00e4zisen und schnellen D\u00e4mpfung ohne Zeitverzug. Selbst bei geringen Federwegen, Lenkbewegungen und minimalen Fahrbahnunebenheiten reagieren die D\u00e4mpfer und Ventile direkt. Jedes Fahrman\u00f6ver und jeder Impuls wie sie etwa bei Abbremsen, Beschleunigen, Lenken, Lastwechsel und Bodenwellen entstehen, werden viel pr\u00e4ziser ged\u00e4mpft. Die Verdr\u00e4ngerkolbend\u00e4mpfer st\u00fctzen den Fahrzeugaufbau optimaler als herk\u00f6mmliche D\u00e4mpfer ab und so k\u00f6nnen je nach Fahrzeugaufbau und auch niedrigere Federraten genutzt werden.<\/p>\n<\/div>\n<\/div>\n<p>&nbsp;<\/p>\n<h4 style=\"text-align: center;\">Setup \u2013 werkseitig vorkonfiguriertes D\u00e4mpfungssetup mit separater 4-fach D\u00e4mpfereinstellung<\/h4>\n<p>Im Gegensatz zu Schwingungsd\u00e4mpfern mit \u00fcberstr\u00f6mten Arbeitskolben nutzt KW bei Gewindefahrwerken und D\u00e4mpfern mit Verdr\u00e4ngerkolbenaufbau (KW Solid Piston Technology) eine vom D\u00e4mpferinnenrohr und Kolbenstange getrennte Ventilanordnung.<\/p>\n<p>&nbsp;<\/p>\n\n\t\t<style type=\"text\/css\">\n\t\t\t#gallery-1 {\n\t\t\t\tmargin: auto;\n\t\t\t}\n\t\t\t#gallery-1 .gallery-item {\n\t\t\t\tfloat: left;\n\t\t\t\tmargin-top: 10px;\n\t\t\t\ttext-align: center;\n\t\t\t\twidth: 50%;\n\t\t\t}\n\t\t\t#gallery-1 img {\n\t\t\t\tborder: 2px solid #cfcfcf;\n\t\t\t}\n\t\t\t#gallery-1 .gallery-caption {\n\t\t\t\tmargin-left: 0;\n\t\t\t}\n\t\t\t\/* see gallery_shortcode() in wp-includes\/media.php *\/\n\t\t<\/style>\n\t\t<div id='gallery-1' class='gallery galleryid-68313254 gallery-columns-2 gallery-size-medium'><dl class='gallery-item'>\n\t\t\t<dt class='gallery-icon landscape'>\n\t\t\t\t<a href='https:\/\/kraftwerk-shop.cc\/es\/?attachment_id=68284256'><img decoding=\"async\" width=\"300\" height=\"270\" src=\"https:\/\/kraftwerk-shop.cc\/wp-content\/uploads\/2023\/01\/Compression_Detail-300x270.webp\" class=\"attachment-medium size-medium\" alt=\"\" srcset=\"https:\/\/kraftwerk-shop.cc\/wp-content\/uploads\/2023\/01\/Compression_Detail-300x270.webp 300w, https:\/\/kraftwerk-shop.cc\/wp-content\/uploads\/2023\/01\/Compression_Detail-500x450.webp 500w, https:\/\/kraftwerk-shop.cc\/wp-content\/uploads\/2023\/01\/Compression_Detail-150x135.webp 150w, https:\/\/kraftwerk-shop.cc\/wp-content\/uploads\/2023\/01\/Compression_Detail-600x540.webp 600w, https:\/\/kraftwerk-shop.cc\/wp-content\/uploads\/2023\/01\/Compression_Detail-768x691.webp 768w, https:\/\/kraftwerk-shop.cc\/wp-content\/uploads\/2023\/01\/Compression_Detail-13x12.webp 13w, https:\/\/kraftwerk-shop.cc\/wp-content\/uploads\/2023\/01\/Compression_Detail.webp 1000w\" sizes=\"(max-width: 300px) 100vw, 300px\" \/><\/a>\n\t\t\t<\/dt><\/dl><dl class='gallery-item'>\n\t\t\t<dt class='gallery-icon landscape'>\n\t\t\t\t<a href='https:\/\/kraftwerk-shop.cc\/es\/?attachment_id=68284257'><img decoding=\"async\" width=\"300\" height=\"270\" src=\"https:\/\/kraftwerk-shop.cc\/wp-content\/uploads\/2023\/01\/Rebound_Detail-300x270.webp\" class=\"attachment-medium size-medium\" alt=\"\" srcset=\"https:\/\/kraftwerk-shop.cc\/wp-content\/uploads\/2023\/01\/Rebound_Detail-300x270.webp 300w, https:\/\/kraftwerk-shop.cc\/wp-content\/uploads\/2023\/01\/Rebound_Detail-500x450.webp 500w, https:\/\/kraftwerk-shop.cc\/wp-content\/uploads\/2023\/01\/Rebound_Detail-150x135.webp 150w, https:\/\/kraftwerk-shop.cc\/wp-content\/uploads\/2023\/01\/Rebound_Detail-600x540.webp 600w, https:\/\/kraftwerk-shop.cc\/wp-content\/uploads\/2023\/01\/Rebound_Detail-768x691.webp 768w, https:\/\/kraftwerk-shop.cc\/wp-content\/uploads\/2023\/01\/Rebound_Detail-13x12.webp 13w, https:\/\/kraftwerk-shop.cc\/wp-content\/uploads\/2023\/01\/Rebound_Detail.webp 1000w\" sizes=\"(max-width: 300px) 100vw, 300px\" \/><\/a>\n\t\t\t<\/dt><\/dl><br style=\"clear: both\" \/>\n\t\t<\/div>\n\n\n\t\t<style type=\"text\/css\">\n\t\t\t#gallery-2 {\n\t\t\t\tmargin: auto;\n\t\t\t}\n\t\t\t#gallery-2 .gallery-item {\n\t\t\t\tfloat: left;\n\t\t\t\tmargin-top: 10px;\n\t\t\t\ttext-align: center;\n\t\t\t\twidth: 50%;\n\t\t\t}\n\t\t\t#gallery-2 img {\n\t\t\t\tborder: 2px solid #cfcfcf;\n\t\t\t}\n\t\t\t#gallery-2 .gallery-caption {\n\t\t\t\tmargin-left: 0;\n\t\t\t}\n\t\t\t\/* see gallery_shortcode() in wp-includes\/media.php *\/\n\t\t<\/style>\n\t\t<div id='gallery-2' class='gallery galleryid-68313254 gallery-columns-2 gallery-size-full'><dl class='gallery-item'>\n\t\t\t<dt class='gallery-icon landscape'>\n\t\t\t\t<a href='https:\/\/kraftwerk-shop.cc\/es\/?attachment_id=68284258'><img decoding=\"async\" width=\"1000\" height=\"900\" src=\"https:\/\/kraftwerk-shop.cc\/wp-content\/uploads\/2023\/01\/1DruckHigh.webp\" class=\"attachment-full size-full\" alt=\"\" srcset=\"https:\/\/kraftwerk-shop.cc\/wp-content\/uploads\/2023\/01\/1DruckHigh.webp 1000w, https:\/\/kraftwerk-shop.cc\/wp-content\/uploads\/2023\/01\/1DruckHigh-500x450.webp 500w, https:\/\/kraftwerk-shop.cc\/wp-content\/uploads\/2023\/01\/1DruckHigh-150x135.webp 150w, https:\/\/kraftwerk-shop.cc\/wp-content\/uploads\/2023\/01\/1DruckHigh-600x540.webp 600w, https:\/\/kraftwerk-shop.cc\/wp-content\/uploads\/2023\/01\/1DruckHigh-300x270.webp 300w, https:\/\/kraftwerk-shop.cc\/wp-content\/uploads\/2023\/01\/1DruckHigh-768x691.webp 768w, https:\/\/kraftwerk-shop.cc\/wp-content\/uploads\/2023\/01\/1DruckHigh-13x12.webp 13w\" sizes=\"(max-width: 1000px) 100vw, 1000px\" \/><\/a>\n\t\t\t<\/dt><\/dl><dl class='gallery-item'>\n\t\t\t<dt class='gallery-icon landscape'>\n\t\t\t\t<a href='https:\/\/kraftwerk-shop.cc\/es\/?attachment_id=68284259'><img decoding=\"async\" width=\"1000\" height=\"900\" src=\"https:\/\/kraftwerk-shop.cc\/wp-content\/uploads\/2023\/01\/2DruckLow.webp\" class=\"attachment-full size-full\" alt=\"\" srcset=\"https:\/\/kraftwerk-shop.cc\/wp-content\/uploads\/2023\/01\/2DruckLow.webp 1000w, https:\/\/kraftwerk-shop.cc\/wp-content\/uploads\/2023\/01\/2DruckLow-500x450.webp 500w, https:\/\/kraftwerk-shop.cc\/wp-content\/uploads\/2023\/01\/2DruckLow-150x135.webp 150w, https:\/\/kraftwerk-shop.cc\/wp-content\/uploads\/2023\/01\/2DruckLow-600x540.webp 600w, https:\/\/kraftwerk-shop.cc\/wp-content\/uploads\/2023\/01\/2DruckLow-300x270.webp 300w, https:\/\/kraftwerk-shop.cc\/wp-content\/uploads\/2023\/01\/2DruckLow-768x691.webp 768w, https:\/\/kraftwerk-shop.cc\/wp-content\/uploads\/2023\/01\/2DruckLow-13x12.webp 13w\" sizes=\"(max-width: 1000px) 100vw, 1000px\" \/><\/a>\n\t\t\t<\/dt><\/dl><br style=\"clear: both\" \/><dl class='gallery-item'>\n\t\t\t<dt class='gallery-icon landscape'>\n\t\t\t\t<a href='https:\/\/kraftwerk-shop.cc\/es\/?attachment_id=68284260'><img decoding=\"async\" width=\"1000\" height=\"900\" src=\"https:\/\/kraftwerk-shop.cc\/wp-content\/uploads\/2023\/01\/3ZugHigh.webp\" class=\"attachment-full size-full\" alt=\"\" srcset=\"https:\/\/kraftwerk-shop.cc\/wp-content\/uploads\/2023\/01\/3ZugHigh.webp 1000w, https:\/\/kraftwerk-shop.cc\/wp-content\/uploads\/2023\/01\/3ZugHigh-500x450.webp 500w, https:\/\/kraftwerk-shop.cc\/wp-content\/uploads\/2023\/01\/3ZugHigh-150x135.webp 150w, https:\/\/kraftwerk-shop.cc\/wp-content\/uploads\/2023\/01\/3ZugHigh-600x540.webp 600w, https:\/\/kraftwerk-shop.cc\/wp-content\/uploads\/2023\/01\/3ZugHigh-300x270.webp 300w, https:\/\/kraftwerk-shop.cc\/wp-content\/uploads\/2023\/01\/3ZugHigh-768x691.webp 768w, https:\/\/kraftwerk-shop.cc\/wp-content\/uploads\/2023\/01\/3ZugHigh-13x12.webp 13w\" sizes=\"(max-width: 1000px) 100vw, 1000px\" \/><\/a>\n\t\t\t<\/dt><\/dl><dl class='gallery-item'>\n\t\t\t<dt class='gallery-icon landscape'>\n\t\t\t\t<a href='https:\/\/kraftwerk-shop.cc\/es\/?attachment_id=68284261'><img decoding=\"async\" width=\"1000\" height=\"900\" src=\"https:\/\/kraftwerk-shop.cc\/wp-content\/uploads\/2023\/01\/4ZugLow.webp\" class=\"attachment-full size-full\" alt=\"\" srcset=\"https:\/\/kraftwerk-shop.cc\/wp-content\/uploads\/2023\/01\/4ZugLow.webp 1000w, https:\/\/kraftwerk-shop.cc\/wp-content\/uploads\/2023\/01\/4ZugLow-500x450.webp 500w, https:\/\/kraftwerk-shop.cc\/wp-content\/uploads\/2023\/01\/4ZugLow-150x135.webp 150w, https:\/\/kraftwerk-shop.cc\/wp-content\/uploads\/2023\/01\/4ZugLow-600x540.webp 600w, https:\/\/kraftwerk-shop.cc\/wp-content\/uploads\/2023\/01\/4ZugLow-300x270.webp 300w, https:\/\/kraftwerk-shop.cc\/wp-content\/uploads\/2023\/01\/4ZugLow-768x691.webp 768w, https:\/\/kraftwerk-shop.cc\/wp-content\/uploads\/2023\/01\/4ZugLow-13x12.webp 13w\" sizes=\"(max-width: 1000px) 100vw, 1000px\" \/><\/a>\n\t\t\t<\/dt><\/dl><br style=\"clear: both\" \/>\n\t\t<\/div>\n\n<p>Die in Serie mit verschiedenen Ventilfedertypen und Hauptventilen aufgebauten Low- und Highspeed-Ventileinheiten im KW V5 Gewindefahrwerk bieten die Freiheit, die Druckstufen- und Zugstufend\u00e4mpfung individuell mit jeweils 13 exakten Klicks (14 Kennlinien) im Lowspeed- sowie Highspeedbereich abzustimmen. Auch kann durch die KW Verdr\u00e4ngertechnologie (KW Solid Piston Technology) ein gro\u00dfer Kraftbereich bei der Kennliniengestaltung abgedeckt werden; umso eine v\u00f6llig neue Art einer harmonischen D\u00e4mpfung zu erm\u00f6glichen.<\/p>\n<p>&nbsp;<\/p>\n<p>&nbsp;<\/p>\n<h4 style=\"text-align: center;\">Stufenlose Tieferlegung<\/h4>\n<p>&nbsp;<\/p>\n<p>Das KW V3 Clubsport Gewindefahrwerk erm\u00f6glicht eine maximale oder individuelle Tieferlegung im gepr\u00fcften Einstellbereich. Dank des schmutzunempfindlichen Trapezgewindes und dem Polyamid-Gewindering kann die stufenlose Tieferlegung auch nach Jahren schnell und leicht variiert werden.<\/p>\n<p>&nbsp;<\/p>\n<h4 style=\"text-align: center;\">Der Ma\u00dfstab f\u00fcr Gewindefahrwerke<\/h4>\n<p>&nbsp;<\/p>\n<p>Wie bei allen KW Gewindefahrwerken entwickeln die Ingenieure von KW in umfangreichen Testzyklen auf der N\u00fcrburgring Nordschleife und im Testzentrum auf dem KW 7-post Fahrdynamikpr\u00fcfstand die weltweit von Autoenthusiasten gesch\u00e4tzte fahrzeugspezifische KW D\u00e4mpferabstimmung. So erleben Sie mit einem KW Gewindefahrwerk Ihren Wagen direkter und dynamischer.<\/p>\n<p>Schlie\u00dflich kaufen Sie nicht irgendein Gewindefahrwerk, sondern ein KW Gewindefahrwerk, das speziell f\u00fcr Ihren Fahrzeugtyp entwickelt und abgestimmt worden ist. Dabei nutzt KW als Hersteller ausschlie\u00dflich eigene Ressourcen, hochwertige Komponenten und dieselbe D\u00e4mpfertechnologie wie Gro\u00dfserienhersteller. Mit dem KW V1 verringern sich beim Einfedern die Roll- und Nickbewegungen der Fahrzeugkarosserie, dadurch profitieren Sie von einer unverf\u00e4lschten Direktheit und sportlicherem Handling beim Fahren.<\/p>\n<p>&nbsp;<\/p>\n<h4 style=\"text-align: center;\">Erfahrung f\u00fcr Ihren Fahrspa\u00df<\/h4>\n<p>&nbsp;<\/p>\n<p>Seit \u00fcber 20 Jahren ist KW Hersteller von individuellen Fahrwerkl\u00f6sungen f\u00fcr die Stra\u00dfe und im Rennsport der Marktf\u00fchrer und Innovationsmotor. Egal wo auf der Welt, sportliche Autofahrer, Automobilmanufakturen und Veredler vertrauen auf unsere KW Gewindefahrwerke \u201eMade in Germany\u201c.<\/p>\n<p>Jedes KW Gewindefahrwerk wird in der Produktion ausgiebigen Belastungstests unterzogen und direkt im Firmenstammsitz im schw\u00e4bischen Fichtenberg entwickelt und gefertigt, um die hohen Standards des KW Qualit\u00e4tsmanagements zu erf\u00fcllen.<br \/>\nSo ist es f\u00fcr KW als deutscher Hersteller eine Selbstverst\u00e4ndlichkeit auf seine, die Erstausr\u00fcsterqualit\u00e4t \u00fcbertreffenden KW Gewindefahrwerke und \u00fcber 4.600 Anwendungen umfassenden Fahrwerkl\u00f6sungen eine mehrj\u00e4hrige Garantie zu gew\u00e4hrleisten.<\/p>\n","protected":false},"excerpt":{"rendered":"<p>KW Gewindefahrwerk V5 f\u00fcr Chevrolet Corvette C8 &nbsp; Eigenschaften: Ausf\u00fchrung: V5 H\u00e4rteverstellung: Zug- und Druckstufe Tieferlegung VA\/HA (mm): 20-40\/20-40 *<\/p>","protected":false},"featured_media":68284269,"comment_status":"open","ping_status":"closed","template":"","meta":{"_acf_changed":false},"product_brand":[19066],"product_cat":[10262,3141],"product_tag":[4609,4611,4610,4612,3285,189,281,743,753,1318,1102,829,3903,1041,745,811,744,4607,4608],"class_list":{"0":"post-68313254","1":"product","2":"type-product","3":"status-publish","4":"has-post-thumbnail","6":"product_brand-kw","7":"product_cat-alle-produkte","8":"product_cat-corvette-c8-fahrwerk","9":"product_tag-4609","10":"product_tag-4611","11":"product_tag-4610","12":"product_tag-4612","13":"product_tag-c8","14":"product_tag-chevrolet","15":"product_tag-corvette","16":"product_tag-fahrwerk","17":"product_tag-gewindefahrwerk","18":"product_tag-gm","19":"product_tag-inox","20":"product_tag-kw","21":"product_tag-kw-suspension","22":"product_tag-sport","23":"product_tag-sportfahrwerk","24":"product_tag-sportfedern","25":"product_tag-tieferlegung","26":"product_tag-v5","27":"product_tag-variante-5","29":"first","30":"onbackorder","31":"taxable","32":"shipping-taxable","33":"purchasable","34":"product-type-variable"},"bundled_by":[],"bundle_stock_status":"onbackorder","bundle_stock_quantity":0,"bundle_virtual":false,"bundle_layout":"","bundle_add_to_cart_form_location":"","bundle_editable_in_cart":false,"bundle_sold_individually_context":"","bundle_item_grouping":"","bundle_min_size":"","bundle_max_size":"","bundle_price":[],"bundled_items":[],"bundle_sell_ids":[],"exclude_global_add_ons":[],"addons":[],"acf":[],"_links":{"self":[{"href":"https:\/\/kraftwerk-shop.cc\/es\/wp-json\/wp\/v2\/product\/68313254","targetHints":{"allow":["GET"]}}],"collection":[{"href":"https:\/\/kraftwerk-shop.cc\/es\/wp-json\/wp\/v2\/product"}],"about":[{"href":"https:\/\/kraftwerk-shop.cc\/es\/wp-json\/wp\/v2\/types\/product"}],"replies":[{"embeddable":true,"href":"https:\/\/kraftwerk-shop.cc\/es\/wp-json\/wp\/v2\/comments?post=68313254"}],"version-history":[{"count":0,"href":"https:\/\/kraftwerk-shop.cc\/es\/wp-json\/wp\/v2\/product\/68313254\/revisions"}],"wp:featuredmedia":[{"embeddable":true,"href":"https:\/\/kraftwerk-shop.cc\/es\/wp-json\/wp\/v2\/media\/68284269"}],"wp:attachment":[{"href":"https:\/\/kraftwerk-shop.cc\/es\/wp-json\/wp\/v2\/media?parent=68313254"}],"wp:term":[{"taxonomy":"product_brand","embeddable":true,"href":"https:\/\/kraftwerk-shop.cc\/es\/wp-json\/wp\/v2\/product_brand?post=68313254"},{"taxonomy":"product_cat","embeddable":true,"href":"https:\/\/kraftwerk-shop.cc\/es\/wp-json\/wp\/v2\/product_cat?post=68313254"},{"taxonomy":"product_tag","embeddable":true,"href":"https:\/\/kraftwerk-shop.cc\/es\/wp-json\/wp\/v2\/product_tag?post=68313254"}],"curies":[{"name":"wp","href":"https:\/\/api.w.org\/{rel}","templated":true}]}}