{"id":68313306,"date":"2024-12-29T11:10:41","date_gmt":"2024-12-29T10:10:41","guid":{"rendered":"https:\/\/kraftwerk-shop.cc\/?post_type=product&#038;p=68313306"},"modified":"2026-02-15T01:16:08","modified_gmt":"2026-02-15T00:16:08","slug":"kw-coilover-suspension-v2-inox-challenger-charger","status":"publish","type":"product","link":"https:\/\/kraftwerk-shop.cc\/es\/produkt\/kw-gewindefahrwerk-v2-inox-challenger-charger\/","title":{"rendered":"Suspensi\u00f3n KW coilover V2 inox Dodge Challenger &amp; Charger"},"content":{"rendered":"<h1>Suspensi\u00f3n KW coilover V2 inox para Dodge Challenger &amp; Charger<\/h1>\n<p>&nbsp;<\/p>\n<p><strong>Propiedades:<\/strong><\/p>\n<ul>\n<li>Reducci\u00f3n VA\/HA (mm): 20-50\/25-55<\/li>\n<li>Versi\u00f3n: V2<\/li>\n<li>Ajuste de la dureza: Rebote<\/li>\n<li>Material: Acero inoxidable<\/li>\n<li>Ajuste VA\/HA: rosca\/hilo<\/li>\n<li>Homologaci\u00f3n: Certificado de piezas (\u00a719.3)<\/li>\n<li>tecnolog\u00eda de amortiguaci\u00f3n de rebote ajustable en 16 clics precisos<\/li>\n<li>Tecnolog\u00eda de acero inoxidable inox-line<\/li>\n<li>Descenso individual y continuo<\/li>\n<li>Margen de ajuste comprobado<\/li>\n<li>Soluci\u00f3n completa lista para instalar<\/li>\n<li>Componentes de alta calidad para una larga vida \u00fatil<\/li>\n<li>Documentaci\u00f3n completa para facilitar su uso<\/li>\n<\/ul>\n<p>&nbsp;<\/p>\n<p><strong>Adecuado para:<\/strong><\/p>\n<table width=\"1018\">\n<tbody>\n<tr>\n<td width=\"127\"><strong>Fabricante<\/strong><\/td>\n<td width=\"319\"><strong>Modelo<\/strong><\/td>\n<td width=\"119\"><strong>Ejecuci\u00f3n<\/strong><\/td>\n<td width=\"106\"><strong>Carrocer\u00eda<\/strong><\/td>\n<td width=\"64\"><strong>Combustible<\/strong><\/td>\n<td width=\"64\"><strong>Rendimiento<\/strong><\/td>\n<td width=\"64\"><strong>Desplazamiento<\/strong><\/td>\n<td width=\"64\"><strong>Cilindro<\/strong><\/td>\n<td width=\"91\"><strong>Conducir<\/strong><\/td>\n<\/tr>\n<tr>\n<td width=\"127\" data-bind=\"text: make_name, attr: {title: make_name}\">DODGE<\/td>\n<td width=\"319\" data-bind=\"text: model_name, attr: {title: model_name}\">CHALLENGER Coup\u00e9 09\/2007-<\/td>\n<td width=\"119\" data-bind=\"text: car_name, attr: {title: car_name}\">3.5<\/td>\n<td width=\"106\" data-bind=\"text: body_type, attr: {title: body_type}\">Coupe<\/td>\n<td width=\"64\" data-bind=\"text: fuel_type, attr: {title: fuel_type}\">Gasolina<\/td>\n<td width=\"64\" data-bind=\"text: kw + ' KW', attr: {title: kw + ' KW'}\">186 KW<\/td>\n<td width=\"64\" data-bind=\"text: ccm + ' ccm', attr: {title: ccm + ' ccm'}\">3518 cc<\/td>\n<td width=\"64\" data-bind=\"text: cylinder, attr: {title: cylinder}\">6<\/td>\n<td width=\"91\" data-bind=\"text: drivetrain, attr: {title: drivetrain}\">Tracci\u00f3n trasera<\/td>\n<\/tr>\n<tr>\n<td width=\"127\" data-bind=\"text: make_name, attr: {title: make_name}\">DODGE<\/td>\n<td width=\"319\" data-bind=\"text: model_name, attr: {title: model_name}\">CHALLENGER Coup\u00e9 09\/2007-<\/td>\n<td width=\"119\" data-bind=\"text: car_name, attr: {title: car_name}\">5.7<\/td>\n<td width=\"106\" data-bind=\"text: body_type, attr: {title: body_type}\">Coupe<\/td>\n<td width=\"64\" data-bind=\"text: fuel_type, attr: {title: fuel_type}\">Gasolina<\/td>\n<td width=\"64\" data-bind=\"text: kw + ' KW', attr: {title: kw + ' KW'}\">277 KW<\/td>\n<td width=\"64\" data-bind=\"text: ccm + ' ccm', attr: {title: ccm + ' ccm'}\">5654 cc<\/td>\n<td width=\"64\" data-bind=\"text: cylinder, attr: {title: cylinder}\">8<\/td>\n<td width=\"91\" data-bind=\"text: drivetrain, attr: {title: drivetrain}\">Tracci\u00f3n trasera<\/td>\n<\/tr>\n<tr>\n<td width=\"127\" data-bind=\"text: make_name, attr: {title: make_name}\">DODGE<\/td>\n<td width=\"319\" data-bind=\"text: model_name, attr: {title: model_name}\">CHALLENGER Coup\u00e9 09\/2007-<\/td>\n<td width=\"119\" data-bind=\"text: car_name, attr: {title: car_name}\">6.1 SRT8<\/td>\n<td width=\"106\" data-bind=\"text: body_type, attr: {title: body_type}\">Coupe<\/td>\n<td width=\"64\" data-bind=\"text: fuel_type, attr: {title: fuel_type}\">Gasolina<\/td>\n<td width=\"64\" data-bind=\"text: kw + ' KW', attr: {title: kw + ' KW'}\">313 KW<\/td>\n<td width=\"64\" data-bind=\"text: ccm + ' ccm', attr: {title: ccm + ' ccm'}\">6059 cc<\/td>\n<td width=\"64\" data-bind=\"text: cylinder, attr: {title: cylinder}\">8<\/td>\n<td width=\"91\" data-bind=\"text: drivetrain, attr: {title: drivetrain}\">Tracci\u00f3n trasera<\/td>\n<\/tr>\n<tr>\n<td width=\"127\" data-bind=\"text: make_name, attr: {title: make_name}\">DODGE<\/td>\n<td width=\"319\" data-bind=\"text: model_name, attr: {title: model_name}\">CHALLENGER Coup\u00e9 09\/2007-<\/td>\n<td width=\"119\" data-bind=\"text: car_name, attr: {title: car_name}\">6.1 SRT8<\/td>\n<td width=\"106\" data-bind=\"text: body_type, attr: {title: body_type}\">Coupe<\/td>\n<td width=\"64\" data-bind=\"text: fuel_type, attr: {title: fuel_type}\">Gasolina<\/td>\n<td width=\"64\" data-bind=\"text: kw + ' KW', attr: {title: kw + ' KW'}\">317 KW<\/td>\n<td width=\"64\" data-bind=\"text: ccm + ' ccm', attr: {title: ccm + ' ccm'}\">6059 cc<\/td>\n<td width=\"64\" data-bind=\"text: cylinder, attr: {title: cylinder}\">8<\/td>\n<td width=\"91\" data-bind=\"text: drivetrain, attr: {title: drivetrain}\">Tracci\u00f3n trasera<\/td>\n<\/tr>\n<tr>\n<td width=\"127\" data-bind=\"text: make_name, attr: {title: make_name}\">DODGE<\/td>\n<td width=\"319\" data-bind=\"text: model_name, attr: {title: model_name}\">CHARGER 06\/2005-12\/2010<\/td>\n<td width=\"119\" data-bind=\"text: car_name, attr: {title: car_name}\">2.7<\/td>\n<td width=\"106\" data-bind=\"text: body_type, attr: {title: body_type}\">Notchback<\/td>\n<td width=\"64\" data-bind=\"text: fuel_type, attr: {title: fuel_type}\">Gasolina<\/td>\n<td width=\"64\" data-bind=\"text: kw + ' KW', attr: {title: kw + ' KW'}\">133 KW<\/td>\n<td width=\"64\" data-bind=\"text: ccm + ' ccm', attr: {title: ccm + ' ccm'}\">2736 cc<\/td>\n<td width=\"64\" data-bind=\"text: cylinder, attr: {title: cylinder}\">6<\/td>\n<td width=\"91\" data-bind=\"text: drivetrain, attr: {title: drivetrain}\">Tracci\u00f3n trasera<\/td>\n<\/tr>\n<tr>\n<td width=\"127\" data-bind=\"text: make_name, attr: {title: make_name}\">DODGE<\/td>\n<td width=\"319\" data-bind=\"text: model_name, attr: {title: model_name}\">CHARGER 06\/2005-12\/2010<\/td>\n<td width=\"119\" data-bind=\"text: car_name, attr: {title: car_name}\">2.7<\/td>\n<td width=\"106\" data-bind=\"text: body_type, attr: {title: body_type}\">Notchback<\/td>\n<td width=\"64\" data-bind=\"text: fuel_type, attr: {title: fuel_type}\">Gasolina<\/td>\n<td width=\"64\" data-bind=\"text: kw + ' KW', attr: {title: kw + ' KW'}\">141 KW<\/td>\n<td width=\"64\" data-bind=\"text: ccm + ' ccm', attr: {title: ccm + ' ccm'}\">2736 cc<\/td>\n<td width=\"64\" data-bind=\"text: cylinder, attr: {title: cylinder}\">6<\/td>\n<td width=\"91\" data-bind=\"text: drivetrain, attr: {title: drivetrain}\">Tracci\u00f3n trasera<\/td>\n<\/tr>\n<tr>\n<td width=\"127\" data-bind=\"text: make_name, attr: {title: make_name}\">DODGE<\/td>\n<td width=\"319\" data-bind=\"text: model_name, attr: {title: model_name}\">CHARGER 06\/2005-12\/2010<\/td>\n<td width=\"119\" data-bind=\"text: car_name, attr: {title: car_name}\">3.5<\/td>\n<td width=\"106\" data-bind=\"text: body_type, attr: {title: body_type}\">Notchback<\/td>\n<td width=\"64\" data-bind=\"text: fuel_type, attr: {title: fuel_type}\">Gasolina<\/td>\n<td width=\"64\" data-bind=\"text: kw + ' KW', attr: {title: kw + ' KW'}\">186 KW<\/td>\n<td width=\"64\" data-bind=\"text: ccm + ' ccm', attr: {title: ccm + ' ccm'}\">3518 cc<\/td>\n<td width=\"64\" data-bind=\"text: cylinder, attr: {title: cylinder}\">6<\/td>\n<td width=\"91\" data-bind=\"text: drivetrain, attr: {title: drivetrain}\">Tracci\u00f3n trasera<\/td>\n<\/tr>\n<tr>\n<td width=\"127\" data-bind=\"text: make_name, attr: {title: make_name}\">DODGE<\/td>\n<td width=\"319\" data-bind=\"text: model_name, attr: {title: model_name}\">CHARGER 06\/2005-12\/2010<\/td>\n<td width=\"119\" data-bind=\"text: car_name, attr: {title: car_name}\">5.7<\/td>\n<td width=\"106\" data-bind=\"text: body_type, attr: {title: body_type}\">Notchback<\/td>\n<td width=\"64\" data-bind=\"text: fuel_type, attr: {title: fuel_type}\">Gasolina<\/td>\n<td width=\"64\" data-bind=\"text: kw + ' KW', attr: {title: kw + ' KW'}\">250 KW<\/td>\n<td width=\"64\" data-bind=\"text: ccm + ' ccm', attr: {title: ccm + ' ccm'}\">5654 cc<\/td>\n<td width=\"64\" data-bind=\"text: cylinder, attr: {title: cylinder}\">8<\/td>\n<td width=\"91\" data-bind=\"text: drivetrain, attr: {title: drivetrain}\">Tracci\u00f3n trasera<\/td>\n<\/tr>\n<tr>\n<td width=\"127\" data-bind=\"text: make_name, attr: {title: make_name}\">DODGE<\/td>\n<td width=\"319\" data-bind=\"text: model_name, attr: {title: model_name}\">CHARGER 06\/2005-12\/2010<\/td>\n<td width=\"119\" data-bind=\"text: car_name, attr: {title: car_name}\">5.7<\/td>\n<td width=\"106\" data-bind=\"text: body_type, attr: {title: body_type}\">Notchback<\/td>\n<td width=\"64\" data-bind=\"text: fuel_type, attr: {title: fuel_type}\">Gasolina<\/td>\n<td width=\"64\" data-bind=\"text: kw + ' KW', attr: {title: kw + ' KW'}\">257 KW<\/td>\n<td width=\"64\" data-bind=\"text: ccm + ' ccm', attr: {title: ccm + ' ccm'}\">5654 cc<\/td>\n<td width=\"64\" data-bind=\"text: cylinder, attr: {title: cylinder}\">8<\/td>\n<td width=\"91\" data-bind=\"text: drivetrain, attr: {title: drivetrain}\">Tracci\u00f3n trasera<\/td>\n<\/tr>\n<tr>\n<td width=\"127\" data-bind=\"text: make_name, attr: {title: make_name}\">DODGE<\/td>\n<td width=\"319\" data-bind=\"text: model_name, attr: {title: model_name}\">CHARGER 06\/2005-12\/2010<\/td>\n<td width=\"119\" data-bind=\"text: car_name, attr: {title: car_name}\">5.7 R\/T<\/td>\n<td width=\"106\" data-bind=\"text: body_type, attr: {title: body_type}\">Notchback<\/td>\n<td width=\"64\" data-bind=\"text: fuel_type, attr: {title: fuel_type}\">Gasolina<\/td>\n<td width=\"64\" data-bind=\"text: kw + ' KW', attr: {title: kw + ' KW'}\">254 KW<\/td>\n<td width=\"64\" data-bind=\"text: ccm + ' ccm', attr: {title: ccm + ' ccm'}\">5654 cc<\/td>\n<td width=\"64\" data-bind=\"text: cylinder, attr: {title: cylinder}\">8<\/td>\n<td width=\"91\" data-bind=\"text: drivetrain, attr: {title: drivetrain}\">Tracci\u00f3n trasera<\/td>\n<\/tr>\n<tr>\n<td width=\"127\" data-bind=\"text: make_name, attr: {title: make_name}\">DODGE<\/td>\n<td width=\"319\" data-bind=\"text: model_name, attr: {title: model_name}\">CHARGER 06\/2005-12\/2010<\/td>\n<td width=\"119\" data-bind=\"text: car_name, attr: {title: car_name}\">5.7 R\/T<\/td>\n<td width=\"106\" data-bind=\"text: body_type, attr: {title: body_type}\">Notchback<\/td>\n<td width=\"64\" data-bind=\"text: fuel_type, attr: {title: fuel_type}\">Gasolina<\/td>\n<td width=\"64\" data-bind=\"text: kw + ' KW', attr: {title: kw + ' KW'}\">261 KW<\/td>\n<td width=\"64\" data-bind=\"text: ccm + ' ccm', attr: {title: ccm + ' ccm'}\">5654 cc<\/td>\n<td width=\"64\" data-bind=\"text: cylinder, attr: {title: cylinder}\">8<\/td>\n<td width=\"91\" data-bind=\"text: drivetrain, attr: {title: drivetrain}\">Tracci\u00f3n trasera<\/td>\n<\/tr>\n<tr>\n<td width=\"127\" data-bind=\"text: make_name, attr: {title: make_name}\">DODGE<\/td>\n<td width=\"319\" data-bind=\"text: model_name, attr: {title: model_name}\">CHARGER 06\/2005-12\/2010<\/td>\n<td width=\"119\" data-bind=\"text: car_name, attr: {title: car_name}\">5.7 R\/T<\/td>\n<td width=\"106\" data-bind=\"text: body_type, attr: {title: body_type}\">Notchback<\/td>\n<td width=\"64\" data-bind=\"text: fuel_type, attr: {title: fuel_type}\">Gasolina<\/td>\n<td width=\"64\" data-bind=\"text: kw + ' KW', attr: {title: kw + ' KW'}\">276 KW<\/td>\n<td width=\"64\" data-bind=\"text: ccm + ' ccm', attr: {title: ccm + ' ccm'}\">5654 cc<\/td>\n<td width=\"64\" data-bind=\"text: cylinder, attr: {title: cylinder}\">8<\/td>\n<td width=\"91\" data-bind=\"text: drivetrain, attr: {title: drivetrain}\">Tracci\u00f3n trasera<\/td>\n<\/tr>\n<tr>\n<td width=\"127\" data-bind=\"text: make_name, attr: {title: make_name}\">DODGE<\/td>\n<td width=\"319\" data-bind=\"text: model_name, attr: {title: model_name}\">CHARGER 06\/2005-12\/2010<\/td>\n<td width=\"119\" data-bind=\"text: car_name, attr: {title: car_name}\">6.1 SRT8<\/td>\n<td width=\"106\" data-bind=\"text: body_type, attr: {title: body_type}\">Notchback<\/td>\n<td width=\"64\" data-bind=\"text: fuel_type, attr: {title: fuel_type}\">Gasolina<\/td>\n<td width=\"64\" data-bind=\"text: kw + ' KW', attr: {title: kw + ' KW'}\">317 KW<\/td>\n<td width=\"64\" data-bind=\"text: ccm + ' ccm', attr: {title: ccm + ' ccm'}\">6059 cc<\/td>\n<td width=\"64\" data-bind=\"text: cylinder, attr: {title: cylinder}\">8<\/td>\n<td width=\"91\" data-bind=\"text: drivetrain, attr: {title: drivetrain}\">Tracci\u00f3n trasera<\/td>\n<\/tr>\n<\/tbody>\n<\/table>\n<p>&nbsp;<\/p>\n<p><strong>Condiciones \/ notas:<\/strong><\/p>\n<ul>\n<li>VA + HA regulables en altura (VA amortiguadores helicoidales, HA muelles regulables en altura + amortiguador)<\/li>\n<li>El amortiguador de nivel est\u00e1ndar se sustituye por el amortiguador deportivo incluido en el volumen de suministro.<\/li>\n<\/ul>\n<h4><\/h4>\n<p>&nbsp;<\/p>\n<h4 style=\"text-align: center;\">Deportividad, m\u00e1s control de la carrocer\u00eda o m\u00e1s confort de conducci\u00f3n y un aspecto excepcional. Con amortiguaci\u00f3n de rebote ajustable<\/h4>\n<p>&nbsp;<\/p>\n<p>La suspensi\u00f3n coilover KW V2 es la suspensi\u00f3n para el conductor deportivo experimentado que desea realizar ajustes en la configuraci\u00f3n adem\u00e1s de la bajada individual del veh\u00edculo. La amortiguaci\u00f3n de rebote ajustable individualmente garantiza una mejor conexi\u00f3n en tramos de carretera r\u00e1pidos y un control m\u00e1s f\u00e1cil del veh\u00edculo. Adem\u00e1s, el ajuste de la amortiguaci\u00f3n de rebote puede influir significativamente en el confort de marcha en carreteras en mal estado.<\/p>\n<p>&nbsp;<\/p>\n<h4 style=\"text-align: center;\">Configuraci\u00f3n - configuraci\u00f3n de amortiguaci\u00f3n preconfigurada de f\u00e1brica con amortiguaci\u00f3n de rebote ajustable<\/h4>\n<p>&nbsp;<\/p>\n<p>Con la suspensi\u00f3n helicoidal KW V2, usted, como conductor deportivo experimentado, puede influir en el manejo y el confort con la amortiguaci\u00f3n de rebote ajustable con 16 clics (tecnolog\u00eda \"TVR-A\"). Esto le permite ajustar los amortiguadores KW para que sean m\u00e1s firmes o m\u00e1s c\u00f3modos sin influir en la v\u00e1lvula inferior de la etapa de compresi\u00f3n.<\/p>\n<p><img decoding=\"async\" class=\"aligncenter wp-image-68267449\" src=\"https:\/\/kraftwerk-shop.cc\/wp-content\/uploads\/2022\/05\/KW_Diagramme_-_Zugstufe_V2_default-300x200.webp\" alt=\"\" width=\"600\" height=\"400\" srcset=\"https:\/\/kraftwerk-shop.cc\/wp-content\/uploads\/2022\/05\/KW_Diagramme_-_Zugstufe_V2_default-300x200.webp 300w, https:\/\/kraftwerk-shop.cc\/wp-content\/uploads\/2022\/05\/KW_Diagramme_-_Zugstufe_V2_default-500x333.webp 500w, https:\/\/kraftwerk-shop.cc\/wp-content\/uploads\/2022\/05\/KW_Diagramme_-_Zugstufe_V2_default-150x100.webp 150w, https:\/\/kraftwerk-shop.cc\/wp-content\/uploads\/2022\/05\/KW_Diagramme_-_Zugstufe_V2_default-600x400.webp 600w, https:\/\/kraftwerk-shop.cc\/wp-content\/uploads\/2022\/05\/KW_Diagramme_-_Zugstufe_V2_default-768x512.webp 768w, https:\/\/kraftwerk-shop.cc\/wp-content\/uploads\/2022\/05\/KW_Diagramme_-_Zugstufe_V2_default-18x12.webp 18w, https:\/\/kraftwerk-shop.cc\/wp-content\/uploads\/2022\/05\/KW_Diagramme_-_Zugstufe_V2_default-400x267.webp 400w, https:\/\/kraftwerk-shop.cc\/wp-content\/uploads\/2022\/05\/KW_Diagramme_-_Zugstufe_V2_default.webp 1024w\" sizes=\"(max-width: 600px) 100vw, 600px\" \/><\/p>\n<p>&nbsp;<\/p>\n<p><img decoding=\"async\" class=\"alignleft wp-image-68267451\" src=\"https:\/\/kraftwerk-shop.cc\/wp-content\/uploads\/2022\/05\/Zugstufen_KW_V2_Gewindefahrwerk_1-300x200.webp\" alt=\"\" width=\"500\" height=\"334\" \/> <img decoding=\"async\" class=\"alignnone wp-image-68267452\" src=\"https:\/\/kraftwerk-shop.cc\/wp-content\/uploads\/2022\/05\/Zugstufen_KW_V2_Gewindefahrwerk_2-300x200.webp\" alt=\"\" width=\"500\" height=\"334\" srcset=\"https:\/\/kraftwerk-shop.cc\/wp-content\/uploads\/2022\/05\/Zugstufen_KW_V2_Gewindefahrwerk_2-300x200.webp 300w, https:\/\/kraftwerk-shop.cc\/wp-content\/uploads\/2022\/05\/Zugstufen_KW_V2_Gewindefahrwerk_2-500x334.webp 500w, https:\/\/kraftwerk-shop.cc\/wp-content\/uploads\/2022\/05\/Zugstufen_KW_V2_Gewindefahrwerk_2-150x100.webp 150w, https:\/\/kraftwerk-shop.cc\/wp-content\/uploads\/2022\/05\/Zugstufen_KW_V2_Gewindefahrwerk_2-600x401.webp 600w, https:\/\/kraftwerk-shop.cc\/wp-content\/uploads\/2022\/05\/Zugstufen_KW_V2_Gewindefahrwerk_2-768x513.webp 768w, https:\/\/kraftwerk-shop.cc\/wp-content\/uploads\/2022\/05\/Zugstufen_KW_V2_Gewindefahrwerk_2-18x12.webp 18w, https:\/\/kraftwerk-shop.cc\/wp-content\/uploads\/2022\/05\/Zugstufen_KW_V2_Gewindefahrwerk_2-400x267.webp 400w, https:\/\/kraftwerk-shop.cc\/wp-content\/uploads\/2022\/05\/Zugstufen_KW_V2_Gewindefahrwerk_2.webp 800w\" sizes=\"(max-width: 500px) 100vw, 500px\" \/><\/p>\n<p>&nbsp;<\/p>\n<p>Amortiguaci\u00f3n de rebote TVR-A:<br \/>\nLa tecnolog\u00eda patentada de dos etapas \"TVR-A\" permite que los caudales de bajo volumen fluyan a trav\u00e9s de un bypass c\u00f3nico ajustable de baja velocidad a bajas velocidades del amortiguador y que la v\u00e1lvula de rebote principal se abra para los caudales de alto volumen a velocidades m\u00e1s altas del pist\u00f3n. El resultado es un aumento significativo del confort de marcha sin afectar a la alta velocidad en el rango relevante para la seguridad. Hay 16 clics precisos disponibles para el ajuste individual, para que pueda elegir entre m\u00e1s confort o m\u00e1s control de la carrocer\u00eda.<\/p>\n<p>&nbsp;<\/p>\n<h4 style=\"text-align: center;\">Descenso continuo<\/h4>\n<p>&nbsp;<\/p>\n<p>La suspensi\u00f3n helicoidal KW V1 permite un descenso m\u00e1ximo o personalizado dentro del rango de ajuste probado. Gracias a la rosca trapezoidal resistente a la suciedad y al anillo roscado de poliamida, la bajada continua se puede variar de forma r\u00e1pida y sencilla incluso despu\u00e9s de a\u00f1os.<\/p>\n<p>&nbsp;<\/p>\n<h4 style=\"text-align: center;\">La referencia en suspensiones coilover<\/h4>\n<p>&nbsp;<\/p>\n<p>Al igual que con todas las suspensiones coilover KW, los ingenieros de KW desarrollan el ajuste de amortiguaci\u00f3n KW espec\u00edfico para cada veh\u00edculo, apreciado por los entusiastas del autom\u00f3vil de todo el mundo, en amplios ciclos de pruebas en el circuito N\u00fcrburgring Nordschleife y en el centro de pruebas en el banco de pruebas de din\u00e1mica de conducci\u00f3n KW de 7 postes. Con una suspensi\u00f3n coilover KW experimentar\u00e1 su coche de forma m\u00e1s directa y din\u00e1mica.<\/p>\n<p>Despu\u00e9s de todo, usted no est\u00e1 comprando una suspensi\u00f3n coilover cualquiera, sino una suspensi\u00f3n coilover KW que ha sido especialmente desarrollada y puesta a punto para su tipo de veh\u00edculo. Como fabricante, KW s\u00f3lo utiliza sus propios recursos, componentes de alta calidad y la misma tecnolog\u00eda de amortiguaci\u00f3n que los fabricantes en serie. Con la KW V1, los movimientos de balanceo y cabeceo de la carrocer\u00eda del veh\u00edculo se reducen durante la compresi\u00f3n, lo que le permite beneficiarse de una direcci\u00f3n sin adulterar y un manejo m\u00e1s deportivo durante la conducci\u00f3n.<\/p>\n<p>&nbsp;<\/p>\n<h4 style=\"text-align: center;\">Experimente el placer de conducir<\/h4>\n<p>&nbsp;<\/p>\n<p>Durante m\u00e1s de 20 a\u00f1os, KW ha sido el l\u00edder del mercado e impulsor de la innovaci\u00f3n en soluciones de suspensi\u00f3n personalizadas para carretera y competici\u00f3n. No importa en qu\u00e9 parte del mundo, los conductores deportivos, los fabricantes de autom\u00f3viles y los tuneadores conf\u00edan en nuestros coilovers KW \"Made in Germany\".<\/p>\n<p>Cada suspensi\u00f3n coilover KW se somete a exhaustivas pruebas de carga durante la producci\u00f3n y se desarrolla y fabrica directamente en la sede de la empresa en Fichtenberg, Suabia, con el fin de cumplir los elevados est\u00e1ndares de la gesti\u00f3n de calidad de KW.<br \/>\nComo fabricante alem\u00e1n, es normal que KW ofrezca una garant\u00eda de varios a\u00f1os en sus kits de suspensi\u00f3n coilover KW, que superan la calidad OEM y cubren m\u00e1s de 4.600 aplicaciones.<\/p>","protected":false},"excerpt":{"rendered":"<p>2005-2010<\/p>","protected":false},"featured_media":68267605,"comment_status":"open","ping_status":"closed","template":"","meta":{"_acf_changed":false},"product_brand":[19066],"product_cat":[10262,2574,1676,1684,1595,1611,1619],"product_tag":[3915,87,88,91,92,54,53,49,3853,3854,743,753,126,1102,829,3903,783,787,1041,745,811,96,1056,164,744,1108,198,1109],"class_list":{"0":"post-68313306","1":"product","2":"type-product","3":"status-publish","4":"has-post-thumbnail","6":"product_brand-kw","7":"product_cat-alle-produkte","8":"product_cat-challenger-35-fahrwerk","9":"product_cat-challenger-57-fahrwerk","10":"product_cat-challenger-61-fahrwerk","11":"product_cat-charger-35-fahrwerk","12":"product_cat-charger-57-fahrwerk","13":"product_cat-charger-61-fahrwerk","14":"product_tag-3915","15":"product_tag-2-7","16":"product_tag-3-5","17":"product_tag-5-7","18":"product_tag-6-1","19":"product_tag-challenger","20":"product_tag-charger","21":"product_tag-dodge","22":"product_tag-dodge-challenger","23":"product_tag-dodge-charger","24":"product_tag-fahrwerk","25":"product_tag-gewindefahrwerk","26":"product_tag-hemi","27":"product_tag-inox","28":"product_tag-kw","29":"product_tag-kw-suspension","30":"product_tag-r-t","31":"product_tag-rt","32":"product_tag-sport","33":"product_tag-sportfahrwerk","34":"product_tag-sportfedern","35":"product_tag-srt","36":"product_tag-srt-8","37":"product_tag-srt8","38":"product_tag-tieferlegung","39":"product_tag-v2","40":"product_tag-v6","41":"product_tag-variante-2","42":"product_shipping_class-deutschlandohne","44":"first","45":"onbackorder","46":"taxable","47":"shipping-taxable","48":"purchasable","49":"product-type-simple"},"bundled_by":[],"bundle_stock_status":"onbackorder","bundle_stock_quantity":0,"bundle_virtual":false,"bundle_layout":"","bundle_add_to_cart_form_location":"","bundle_editable_in_cart":false,"bundle_sold_individually_context":"","bundle_item_grouping":"","bundle_min_size":"","bundle_max_size":"","bundle_price":[],"bundled_items":[],"bundle_sell_ids":[],"exclude_global_add_ons":[],"addons":[],"acf":[],"_links":{"self":[{"href":"https:\/\/kraftwerk-shop.cc\/es\/wp-json\/wp\/v2\/product\/68313306","targetHints":{"allow":["GET"]}}],"collection":[{"href":"https:\/\/kraftwerk-shop.cc\/es\/wp-json\/wp\/v2\/product"}],"about":[{"href":"https:\/\/kraftwerk-shop.cc\/es\/wp-json\/wp\/v2\/types\/product"}],"replies":[{"embeddable":true,"href":"https:\/\/kraftwerk-shop.cc\/es\/wp-json\/wp\/v2\/comments?post=68313306"}],"version-history":[{"count":0,"href":"https:\/\/kraftwerk-shop.cc\/es\/wp-json\/wp\/v2\/product\/68313306\/revisions"}],"wp:featuredmedia":[{"embeddable":true,"href":"https:\/\/kraftwerk-shop.cc\/es\/wp-json\/wp\/v2\/media\/68267605"}],"wp:attachment":[{"href":"https:\/\/kraftwerk-shop.cc\/es\/wp-json\/wp\/v2\/media?parent=68313306"}],"wp:term":[{"taxonomy":"product_brand","embeddable":true,"href":"https:\/\/kraftwerk-shop.cc\/es\/wp-json\/wp\/v2\/product_brand?post=68313306"},{"taxonomy":"product_cat","embeddable":true,"href":"https:\/\/kraftwerk-shop.cc\/es\/wp-json\/wp\/v2\/product_cat?post=68313306"},{"taxonomy":"product_tag","embeddable":true,"href":"https:\/\/kraftwerk-shop.cc\/es\/wp-json\/wp\/v2\/product_tag?post=68313306"}],"curies":[{"name":"wp","href":"https:\/\/api.w.org\/{rel}","templated":true}]}}