{"id":68313617,"date":"2025-01-01T01:11:34","date_gmt":"2025-01-01T00:11:34","guid":{"rendered":"https:\/\/kraftwerk-shop.cc\/?post_type=product&#038;p=68313617"},"modified":"2026-03-24T14:56:48","modified_gmt":"2026-03-24T13:56:48","slug":"mopar-car-care-kit-68319193ab","status":"publish","type":"product","link":"https:\/\/kraftwerk-shop.cc\/es\/produkt\/mopar-car-care-kit-68319193ab\/","title":{"rendered":"Mopar Car Care Kit"},"content":{"rendered":"<h1>Set de cuidado original Mopar con limpiacristales \/ acondicionador y protector de cuero y vinilo \/ limpieza total<\/h1>\n<p>&nbsp;<\/p>\n<p><span lang=\"DE\"><strong>N\u00fameros de pieza Mopar:<\/strong> 68319193AA, 68319193AB, <span class=\"fontstyle0\">04897623AC, 04897623AD, 68319188AB, 04897623AE, 68319188AA, 68319193AB<\/span>, <span class=\"fontstyle0\">04318017AD, 68319189AB,<\/span> <span class=\"fontstyle0\">04318020AE, 04318020AD, 04897840AC, 04897840AD, 68319190AA, 68319190AB, 68341322AA, 68354812AA<\/span><\/span><\/p>\n<p>&nbsp;<\/p>\n<p><strong>Contiene:<\/strong><\/p>\n<ul>\n<li>Limpiacristales (4 oz. \/ 118 ml)<\/li>\n<li>Protector de cuero y vinilo (4 oz. \/ 118 ml)<\/li>\n<li>Total Clean (4 oz. \/ 118 ml)<\/li>\n<li>Bolsa de transporte Mopar para guardarlo f\u00e1cilmente<\/li>\n<\/ul>\n<p>&nbsp;<\/p>\n<p>&nbsp;<\/p>\n<h4>\u00bfPor qu\u00e9 elegir recambios originales Mopar?<\/h4>\n<p><strong>Ajuste perfecto y calidad superior:<\/strong> Los recambios originales Mopar se fabrican siguiendo las estrictas especificaciones del fabricante, lo que significa que encajan perfectamente en su veh\u00edculo. Esto no solo garantiza una instalaci\u00f3n sencilla, sino tambi\u00e9n un funcionamiento y una seguridad \u00f3ptimos.<\/p>\n<p><strong>Fiabilidad y durabilidad:<\/strong> Mediante el uso de materiales de alta calidad y estrictos controles de calidad, los recambios Mopar garantizan que su veh\u00edculo funcione de forma fiable incluso en condiciones extremas. Est\u00e1n dise\u00f1ados para durar y maximizar el rendimiento de su veh\u00edculo.<\/p>\n<p>&nbsp;<\/p>\n<p>&nbsp;<\/p>","protected":false},"excerpt":{"rendered":"<p>Pieza original Mopar<\/p>","protected":false},"featured_media":68313619,"comment_status":"open","ping_status":"closed","template":"","meta":{"_acf_changed":false},"product_brand":[16270],"product_cat":[10262,1550,1558,1566,1574,4985,1582,1590,19657,2575,1671,1679,1687,1695,1703,1598,1606,1614,5163,1622,1630,1638,1647,1655,2710,1663,1711,1719,1727,8047,8048,8049,2716,3015,1735,1743,4810,1751,1759,1767,1775,17019,6793,2942,2952,2963,4242,4761,19691,7771,1521,5021,9954,2922,2927,2706],"product_tag":[10039,10042,10041,10034,10035,10037,10043,10044,18730,18732,18731,18727,18728,18729,18733,18734,10038,10036,10040,10045,10046,10049,10031,10047,10048,10056,10053,10058,10033,3853,8790,10050,10051,31,10065,10054,10083,10079,10082,10081,10061,10084,8813,10063,10032,10076,9424,16271,10085,10067,10073,10064,10072,10066,10071,9725,16273,10062,10059,10055,10078,10075,10068,10080,10057,10074,10060,10070,16275,16272,16274,10069,10077,8651,7221,10052],"class_list":{"0":"post-68313617","1":"product","2":"type-product","3":"status-publish","4":"has-post-thumbnail","6":"product_brand-mopar","7":"product_cat-alle-produkte","8":"product_cat-300c-30-diesel-wartung","9":"product_cat-300c-35-wartung","10":"product_cat-300c-36-wartung","11":"product_cat-300c-57-2005-2010-wartung","12":"product_cat-300c-57-2011-2023-wartung","13":"product_cat-300c-61-wartung","14":"product_cat-300c-64-wartung","15":"product_cat-pacifica-wartung","16":"product_cat-challenger-35-wartung","17":"product_cat-challenger-36-wartung","18":"product_cat-challenger-57-wartung","19":"product_cat-challenger-61-wartung","20":"product_cat-challenger-hellcat-wartung","21":"product_cat-challenger-64-wartung","22":"product_cat-charger-35-wartung","23":"product_cat-charger-36-wartung","24":"product_cat-charger-57-wartung","25":"product_cat-dodge-charger-57-2011-2023-wartung","26":"product_cat-charger-61-wartung","27":"product_cat-charger-hellcat-wartung","28":"product_cat-charger-64-wartung","29":"product_cat-durango-36-wartung","30":"product_cat-durango-57-wartung","31":"product_cat-durango-hellcat-wartung","32":"product_cat-durango-64-wartung","33":"product_cat-magnum-35-wartung","34":"product_cat-magnum-57-wartung","35":"product_cat-magnum-61-wartung","36":"product_cat-viper-80-wartung","37":"product_cat-viper-83-wartung","38":"product_cat-viper-84-wartung","39":"product_cat-commander-wartung","40":"product_cat-gladiator-36-wartung","41":"product_cat-grand-cherokee-30-diesel-wartung","42":"product_cat-grand-cherokee-36-wartung","43":"product_cat-grand-cherokee-57-2005-2010-wartung","44":"product_cat-grand-cherokee-57-2011-2021-wartung","45":"product_cat-grand-cherokee-61-wartung","46":"product_cat-trackhawk-wartung","47":"product_cat-grand-cherokee-64-wartung","48":"product_cat-wagoneer-30-wartung","49":"product_cat-wagoneer-64-wartung","50":"product_cat-wrangler-20-turbo-wartung","51":"product_cat-wrangler-36-wartung","52":"product_cat-wrangler-64-wartung","53":"product_cat-1500-ecodiesel-wartung","54":"product_cat-1500-36-wartung","55":"product_cat-1500-36-dt-wartung","56":"product_cat-1500-57-2003-2008-wartung","57":"product_cat-1500-57-2009-2018-classic-wartung","58":"product_cat-1500-57-dt-wartung","59":"product_cat-2500-3500-57-wartung","60":"product_cat-2500-3500-64-wartung","61":"product_cat-67-cummins-wartung","62":"product_cat-trx-wartung","63":"product_tag-04318017ad","64":"product_tag-04318020ad","65":"product_tag-04318020ae","66":"product_tag-04897623ac","67":"product_tag-04897623ad","68":"product_tag-04897623ae","69":"product_tag-04897840ac","70":"product_tag-04897840ad","71":"product_tag-4318017ad","72":"product_tag-4318020ad","73":"product_tag-4318020ae","74":"product_tag-4897623ac","75":"product_tag-4897623ad","76":"product_tag-4897623ae","77":"product_tag-4897840ac","78":"product_tag-4897840ad","79":"product_tag-68319188aa","80":"product_tag-68319188ab","81":"product_tag-68319189ab","82":"product_tag-68319190aa","83":"product_tag-68319190ab","84":"product_tag-68319193aa","85":"product_tag-68319193ab","86":"product_tag-68341322aa","87":"product_tag-68354812aa","88":"product_tag-auto-reinigungsset","89":"product_tag-autopflege","90":"product_tag-autopflegeset","91":"product_tag-car-care-kit","92":"product_tag-dodge-challenger","93":"product_tag-fahrzeugpflege","94":"product_tag-glasreiniger","95":"product_tag-lederschutz","96":"product_tag-mopar","97":"product_tag-mopar-aussenpflege","98":"product_tag-mopar-autopflege","99":"product_tag-mopar-autopflege-kit","100":"product_tag-mopar-autopflege-set","101":"product_tag-mopar-autopflege-zubehoer","102":"product_tag-mopar-autopflegeprodukte","103":"product_tag-mopar-autoreinigung","104":"product_tag-mopar-autoreinigungsset","105":"product_tag-mopar-autoteile","106":"product_tag-mopar-autowaesche","107":"product_tag-mopar-car-care-kit","108":"product_tag-mopar-detailing-kit","109":"product_tag-mopar-ersatzteile","110":"product_tag-mopar-ersatzteile-kaufen","111":"product_tag-mopar-fahrzeugreinigung","112":"product_tag-mopar-felgenreiniger","113":"product_tag-mopar-glasreiniger","114":"product_tag-mopar-innenraumreinigung","115":"product_tag-mopar-kunststoffpflege","116":"product_tag-mopar-lackpflege","117":"product_tag-mopar-lederpflege","118":"product_tag-mopar-originalteile","119":"product_tag-mopar-performance-teile","120":"product_tag-mopar-pflege","121":"product_tag-mopar-pflegekit","122":"product_tag-mopar-pflegeprodukte","123":"product_tag-mopar-pflegeprodukte-auto","124":"product_tag-mopar-pflegeset","125":"product_tag-mopar-politur","126":"product_tag-mopar-reinigung-auto","127":"product_tag-mopar-reinigungskit","128":"product_tag-mopar-reinigungsmittel","129":"product_tag-mopar-reinigungsset","130":"product_tag-mopar-shampoo","131":"product_tag-mopar-teile-katalog","132":"product_tag-mopar-teile-online","133":"product_tag-mopar-tuningteile","134":"product_tag-mopar-wachs","135":"product_tag-mopar-waschset","136":"product_tag-mopar-zubehoer","137":"product_tag-mopar10","138":"product_tag-universalreiniger","140":"first","141":"instock","142":"taxable","143":"shipping-taxable","144":"purchasable","145":"product-type-simple"},"bundled_by":[],"bundle_stock_status":"instock","bundle_stock_quantity":9,"bundle_virtual":false,"bundle_layout":"","bundle_add_to_cart_form_location":"","bundle_editable_in_cart":false,"bundle_sold_individually_context":"","bundle_item_grouping":"","bundle_min_size":"","bundle_max_size":"","bundle_price":[],"bundled_items":[],"bundle_sell_ids":[],"exclude_global_add_ons":[],"addons":[],"acf":[],"_links":{"self":[{"href":"https:\/\/kraftwerk-shop.cc\/es\/wp-json\/wp\/v2\/product\/68313617","targetHints":{"allow":["GET"]}}],"collection":[{"href":"https:\/\/kraftwerk-shop.cc\/es\/wp-json\/wp\/v2\/product"}],"about":[{"href":"https:\/\/kraftwerk-shop.cc\/es\/wp-json\/wp\/v2\/types\/product"}],"replies":[{"embeddable":true,"href":"https:\/\/kraftwerk-shop.cc\/es\/wp-json\/wp\/v2\/comments?post=68313617"}],"version-history":[{"count":0,"href":"https:\/\/kraftwerk-shop.cc\/es\/wp-json\/wp\/v2\/product\/68313617\/revisions"}],"wp:featuredmedia":[{"embeddable":true,"href":"https:\/\/kraftwerk-shop.cc\/es\/wp-json\/wp\/v2\/media\/68313619"}],"wp:attachment":[{"href":"https:\/\/kraftwerk-shop.cc\/es\/wp-json\/wp\/v2\/media?parent=68313617"}],"wp:term":[{"taxonomy":"product_brand","embeddable":true,"href":"https:\/\/kraftwerk-shop.cc\/es\/wp-json\/wp\/v2\/product_brand?post=68313617"},{"taxonomy":"product_cat","embeddable":true,"href":"https:\/\/kraftwerk-shop.cc\/es\/wp-json\/wp\/v2\/product_cat?post=68313617"},{"taxonomy":"product_tag","embeddable":true,"href":"https:\/\/kraftwerk-shop.cc\/es\/wp-json\/wp\/v2\/product_tag?post=68313617"}],"curies":[{"name":"wp","href":"https:\/\/api.w.org\/{rel}","templated":true}]}}