{"id":68314153,"date":"2025-01-12T14:34:25","date_gmt":"2025-01-12T13:34:25","guid":{"rendered":"https:\/\/kraftwerk-shop.cc\/?post_type=product&#038;p=68314153"},"modified":"2026-04-03T21:48:02","modified_gmt":"2026-04-03T19:48:02","slug":"2-bar-sensor-de-mapa-5033224ab","status":"publish","type":"product","link":"https:\/\/kraftwerk-shop.cc\/es\/produkt\/2-bar-map-sensor-5033224ab\/","title":{"rendered":"Sensor MAP de 2 bar, recambio para Mopar 5033224AB"},"content":{"rendered":"<h1>Sensor MAP de 2 bar como recambio para Mopar 5033224AB (ya no se fabrica), para muchos veh\u00edculos con compresor reequipado<\/h1>\n<p>&nbsp;<\/p>\n<p><span lang=\"DE\"><strong>N\u00fameros de comparaci\u00f3n Mopar:<\/strong> <span class=\"list-value sku-display\">5033224AA, 5033224AB<\/span><br \/>\n<\/span><\/p>\n<p>&nbsp;<\/p>\n<p>Adem\u00e1s de los veh\u00edculos enumerados a continuaci\u00f3n, el sensor tambi\u00e9n se utiliza en muchos veh\u00edculos en los que un compresor de, por ejemplo, Edelbrock, Magnusson, Whipple se ha instalado. Como el sensor original de Mopar ya no se fabrica, este sensor es una alternativa de alta calidad.<\/p>\n<p>&nbsp;<\/p>\n<p><strong>Adecuado para:<\/strong><\/p>\n<table width=\"1004\">\n<tbody>\n<tr>\n<td width=\"82\"><strong>A\u00f1o de construcci\u00f3n<\/strong><\/td>\n<td width=\"82\"><strong>Marca<\/strong><\/td>\n<td width=\"124\"><strong>Modelo<\/strong><\/td>\n<td width=\"512\"><strong>Versi\u00f3n<\/strong><\/td>\n<td width=\"204\"><strong>Motor<\/strong><\/td>\n<\/tr>\n<tr>\n<td width=\"82\">2009<\/td>\n<td width=\"82\">Chrysler<\/td>\n<td width=\"124\">PT Cruiser<\/td>\n<td width=\"512\">LX, Limited, Touring<\/td>\n<td width=\"204\">2.4L<\/td>\n<\/tr>\n<tr>\n<td width=\"82\">2008<\/td>\n<td width=\"82\">Chrysler<\/td>\n<td width=\"124\">PT Cruiser<\/td>\n<td width=\"512\">Base, LX, Limited, Touring<\/td>\n<td width=\"204\">2.4L<\/td>\n<\/tr>\n<tr>\n<td width=\"82\">2007<\/td>\n<td width=\"82\">Chrysler<\/td>\n<td width=\"124\">PT Cruiser<\/td>\n<td width=\"512\">Base, GT, Limited, Touring<\/td>\n<td width=\"204\">2.4L<\/td>\n<\/tr>\n<tr>\n<td width=\"82\">2006<\/td>\n<td width=\"82\">Chrysler<\/td>\n<td width=\"124\">PT Cruiser<\/td>\n<td width=\"512\">Base, GT, Limited, Touring<\/td>\n<td width=\"204\">2.4L<\/td>\n<\/tr>\n<tr>\n<td width=\"82\">2006<\/td>\n<td width=\"82\">Chrysler<\/td>\n<td width=\"124\">Sebring<\/td>\n<td width=\"512\">Base<\/td>\n<td width=\"204\">2.4L<\/td>\n<\/tr>\n<tr>\n<td width=\"82\">2006<\/td>\n<td width=\"82\">Dodge<\/td>\n<td width=\"124\">Stratus<\/td>\n<td width=\"512\">SXT<\/td>\n<td width=\"204\">2.4L<\/td>\n<\/tr>\n<tr>\n<td width=\"82\">2005<\/td>\n<td width=\"82\">Chrysler<\/td>\n<td width=\"124\">PT Cruiser<\/td>\n<td width=\"512\">Base, GT, Limited, Touring<\/td>\n<td width=\"204\">2.4L<\/td>\n<\/tr>\n<tr>\n<td width=\"82\">2005<\/td>\n<td width=\"82\">Chrysler<\/td>\n<td width=\"124\">Sebring<\/td>\n<td width=\"512\">Base<\/td>\n<td width=\"204\">2.4L<\/td>\n<\/tr>\n<tr>\n<td width=\"82\">2005<\/td>\n<td width=\"82\">Dodge<\/td>\n<td width=\"124\">Ne\u00f3n<\/td>\n<td width=\"512\">SRT-4<\/td>\n<td width=\"204\">2.4L<\/td>\n<\/tr>\n<tr>\n<td width=\"82\">2005<\/td>\n<td width=\"82\">Dodge<\/td>\n<td width=\"124\">Stratus<\/td>\n<td width=\"512\">SXT<\/td>\n<td width=\"204\">2.4L<\/td>\n<\/tr>\n<tr>\n<td width=\"82\">2004<\/td>\n<td width=\"82\">Chrysler<\/td>\n<td width=\"124\">PT Cruiser<\/td>\n<td width=\"512\">Base, GT, Limited, Touring<\/td>\n<td width=\"204\">2.4L<\/td>\n<\/tr>\n<tr>\n<td width=\"82\">2004<\/td>\n<td width=\"82\">Chrysler<\/td>\n<td width=\"124\">Sebring<\/td>\n<td width=\"512\">Base<\/td>\n<td width=\"204\">2.4L<\/td>\n<\/tr>\n<tr>\n<td width=\"82\">2004<\/td>\n<td width=\"82\">Dodge<\/td>\n<td width=\"124\">Ne\u00f3n<\/td>\n<td width=\"512\">SRT-4<\/td>\n<td width=\"204\">2.4L<\/td>\n<\/tr>\n<tr>\n<td width=\"82\">2004<\/td>\n<td width=\"82\">Dodge<\/td>\n<td width=\"124\">Stratus<\/td>\n<td width=\"512\">SE, SXT<\/td>\n<td width=\"204\">2.4L<\/td>\n<\/tr>\n<tr>\n<td width=\"82\">2003<\/td>\n<td width=\"82\">Chrysler<\/td>\n<td width=\"124\">PT Cruiser<\/td>\n<td width=\"512\">Base, GT, Limited, Touring<\/td>\n<td width=\"204\">2.4L<\/td>\n<\/tr>\n<tr>\n<td width=\"82\">2003<\/td>\n<td width=\"82\">Chrysler<\/td>\n<td width=\"124\">Sebring<\/td>\n<td width=\"512\">LX<\/td>\n<td width=\"204\">2.4L<\/td>\n<\/tr>\n<tr>\n<td width=\"82\">2003<\/td>\n<td width=\"82\">Dodge<\/td>\n<td width=\"124\">Ne\u00f3n<\/td>\n<td width=\"512\">SRT-4<\/td>\n<td width=\"204\">2.4L<\/td>\n<\/tr>\n<tr>\n<td width=\"82\">2003<\/td>\n<td width=\"82\">Dodge<\/td>\n<td width=\"124\">Stratus<\/td>\n<td width=\"512\">ES, SE, SXT<\/td>\n<td width=\"204\">2.4L<\/td>\n<\/tr>\n<\/tbody>\n<\/table>\n<p>&nbsp;<\/p>","protected":false},"excerpt":{"rendered":"<p>Sensor MAP de 2 bar como recambio para Mopar 5033224AB (ya no se fabrica), para muchos veh\u00edculos con compresor reequipado &nbsp;<\/p>","protected":false},"featured_media":68314156,"comment_status":"open","ping_status":"closed","template":"","meta":{"_acf_changed":false},"product_brand":[],"product_cat":[10262,7259,7264,7269,7275,7288,7292,7296,7314,7318,7323,7331,7341,7351,7361,7366,7371,7391,7396,7401,7411,7757,7441,7446,9947,7456],"product_tag":[10383,10382,10408,10371,10369,10432,10380,10429,10435,10453,10364,10365,10411,10463,10464,10462,10426,10440,10441,10439,10401,10404,10376,10400,10375,10403,10414,10461,10409,247,10456,10443,10433,10466,10434,10424,242,10406,10372,10448,10415,10449,10447,10366,10457,10444,10436,10467,10437,10399,10373,7486,10381,10421,10390,10393,10397,10379,10416,10410,10388,10385,10384,10451,10454,10452,10438,10445,10450,10422,10419,10387,10386,10420,10395,10398,10413,10412,10418,10396,10428,10394,10392,10407,10389,10405,10402,10423,10391,31,9424,10370,10459,10460,10458,10245,7221,10367,10378,713,10417,10374,10446,10425,10427,10377,376,10455,10442,10430,10465,10431],"class_list":{"0":"post-68314153","1":"product","2":"type-product","3":"status-publish","4":"has-post-thumbnail","6":"product_cat-alle-produkte","7":"product_cat-300c-57-2005-2010-sensoren","8":"product_cat-300c-57-2011-2023-sensoren","9":"product_cat-300c-61-sensoren","10":"product_cat-300c-64-sensoren","11":"product_cat-challenger-57-sensoren","12":"product_cat-challenger-61-sensoren","13":"product_cat-challenger-64-sensoren","14":"product_cat-charger-57-sensoren","15":"product_cat-charger-57-2011-2023-sensoren","16":"product_cat-charger-61-sensoren","17":"product_cat-charger-64-sensoren","18":"product_cat-durango-57-sensoren","19":"product_cat-durango-64-sensoren","20":"product_cat-magnum-57-sensoren","21":"product_cat-magnum-61-sensoren","22":"product_cat-commander-sensoren","23":"product_cat-grand-cherokee-57-2005-2010-sensoren","24":"product_cat-grand-cherokee-57-2011-2021-sensoren","25":"product_cat-grand-cherokee-61-sensoren","26":"product_cat-grand-cherokee-64-sensoren","27":"product_cat-1500-57-2003-2008-sensoren","28":"product_cat-1500-57-2009-2018-classic-sensoren","29":"product_cat-1500-57-dt-sensoren","30":"product_cat-2500-3500-57-sensoren","31":"product_cat-2500-3500-64-sensoren","32":"product_tag-05033224aa","33":"product_tag-05033224ab","34":"product_tag-2-bar-sensor","35":"product_tag-2-bar-drucksensor","36":"product_tag-2-bar-map-sensor","37":"product_tag-2-bar-map-sensor-fuer-whipple","38":"product_tag-2-bar-map-sensor-kaufen","39":"product_tag-2-bar-map-sensor-whipple","40":"product_tag-2-bar-sensor-edelbrock","41":"product_tag-2-bar-sensor-supercharger","42":"product_tag-5033224aa","43":"product_tag-5033224ab","44":"product_tag-ansaugdruck-sensor","45":"product_tag-ansaugdrucksensor-edelbrock","46":"product_tag-ansaugdrucksensor-magnuson","47":"product_tag-ansaugdrucksensor-whipple","48":"product_tag-boost-drucksensor","49":"product_tag-boost-sensor-edelbrock","50":"product_tag-boost-sensor-magnuson","51":"product_tag-boost-sensor-whipple","52":"product_tag-chrysler-map-sensor","53":"product_tag-chrysler-pt-cruiser-gt-map-sensor","54":"product_tag-chrysler-pt-cruiser-map-sensor","55":"product_tag-dodge-map-sensor","56":"product_tag-dodge-neon-map-sensor","57":"product_tag-dodge-neon-srt-4-map-sensor","58":"product_tag-drucksensor-2-bar","59":"product_tag-drucksensor-fuer-supercharger","60":"product_tag-drucksensor-turbo","61":"product_tag-edelbrock","62":"product_tag-edelbrock-boost-tuning","63":"product_tag-edelbrock-kompressor-map-sensor","64":"product_tag-edelbrock-map-sensor","65":"product_tag-edelbrock-performance-map-sensor","66":"product_tag-edelbrock-supercharger-sensor","67":"product_tag-hochleistungs-map-sensor","68":"product_tag-kompressor","69":"product_tag-ladedruck-messen","70":"product_tag-ladedrucksensor","71":"product_tag-ladedrucksensor-edelbrock","72":"product_tag-ladedrucksensor-ersatzteil","73":"product_tag-ladedrucksensor-magnuson","74":"product_tag-ladedrucksensor-whipple","75":"product_tag-ma0181","76":"product_tag-magnuson-boost-tuning","77":"product_tag-magnuson-kompressor-sensor","78":"product_tag-magnuson-map-sensor","79":"product_tag-magnuson-performance-map-sensor","80":"product_tag-magnuson-supercharger-map-sensor","81":"product_tag-magnusson","82":"product_tag-manifold-absolute-pressure-sensor","83":"product_tag-map-sensor","84":"product_tag-map-sensor-2-bar","85":"product_tag-map-sensor-anleitung","86":"product_tag-map-sensor-defekt","87":"product_tag-map-sensor-diagnose","88":"product_tag-map-sensor-ersatz","89":"product_tag-map-sensor-ersatzteil","90":"product_tag-map-sensor-fahrzeugliste","91":"product_tag-map-sensor-fehler","92":"product_tag-map-sensor-funktion","93":"product_tag-map-sensor-fuer-chrysler","94":"product_tag-map-sensor-fuer-dodge","95":"product_tag-map-sensor-fuer-edelbrock-boost","96":"product_tag-map-sensor-fuer-kompressormotor","97":"product_tag-map-sensor-fuer-magnuson-boost","98":"product_tag-map-sensor-fuer-magnuson-kompressor","99":"product_tag-map-sensor-fuer-supercharger","100":"product_tag-map-sensor-fuer-whipple-boost","101":"product_tag-map-sensor-garantie","102":"product_tag-map-sensor-haendler","103":"product_tag-map-sensor-installation","104":"product_tag-map-sensor-kalibrierung","105":"product_tag-map-sensor-kaufen","106":"product_tag-map-sensor-kompatibilitaet","107":"product_tag-map-sensor-leistung","108":"product_tag-map-sensor-luftdruck","109":"product_tag-map-sensor-motor","110":"product_tag-map-sensor-original-mopar","111":"product_tag-map-sensor-originalteil","112":"product_tag-map-sensor-performance","113":"product_tag-map-sensor-preis","114":"product_tag-map-sensor-reinigung","115":"product_tag-map-sensor-reparatur","116":"product_tag-map-sensor-symptome","117":"product_tag-map-sensor-tuning","118":"product_tag-map-sensor-turbo","119":"product_tag-map-sensor-usa","120":"product_tag-map-sensor-wechseln","121":"product_tag-mopar","122":"product_tag-mopar-ersatzteile","123":"product_tag-mopar-map-sensor","124":"product_tag-mopar-map-sensor-fuer-edelbrock","125":"product_tag-mopar-map-sensor-fuer-magnuson","126":"product_tag-mopar-map-sensor-fuer-whipple","127":"product_tag-mopar-tuning-teile","128":"product_tag-mopar10","129":"product_tag-ntk","130":"product_tag-oem-map-sensor","131":"product_tag-sensor","132":"product_tag-sensor-kalibrierung","133":"product_tag-srt-4-map-sensor","134":"product_tag-supercharger-drucksensor","135":"product_tag-tuning-map-sensor","136":"product_tag-turbo-boost-sensor","137":"product_tag-turbo-map-sensor","138":"product_tag-whipple","139":"product_tag-whipple-boost-tuning","140":"product_tag-whipple-kompressor-map-sensor","141":"product_tag-whipple-map-sensor","142":"product_tag-whipple-performance-map-sensor","143":"product_tag-whipple-supercharger-map-sensor","145":"first","146":"instock","147":"taxable","148":"shipping-taxable","149":"purchasable","150":"product-type-simple"},"bundled_by":[],"bundle_stock_status":"instock","bundle_stock_quantity":2,"bundle_virtual":false,"bundle_layout":"","bundle_add_to_cart_form_location":"","bundle_editable_in_cart":false,"bundle_sold_individually_context":"","bundle_item_grouping":"","bundle_min_size":"","bundle_max_size":"","bundle_price":[],"bundled_items":[],"bundle_sell_ids":[],"exclude_global_add_ons":[],"addons":[],"acf":[],"_links":{"self":[{"href":"https:\/\/kraftwerk-shop.cc\/es\/wp-json\/wp\/v2\/product\/68314153","targetHints":{"allow":["GET"]}}],"collection":[{"href":"https:\/\/kraftwerk-shop.cc\/es\/wp-json\/wp\/v2\/product"}],"about":[{"href":"https:\/\/kraftwerk-shop.cc\/es\/wp-json\/wp\/v2\/types\/product"}],"replies":[{"embeddable":true,"href":"https:\/\/kraftwerk-shop.cc\/es\/wp-json\/wp\/v2\/comments?post=68314153"}],"version-history":[{"count":0,"href":"https:\/\/kraftwerk-shop.cc\/es\/wp-json\/wp\/v2\/product\/68314153\/revisions"}],"wp:featuredmedia":[{"embeddable":true,"href":"https:\/\/kraftwerk-shop.cc\/es\/wp-json\/wp\/v2\/media\/68314156"}],"wp:attachment":[{"href":"https:\/\/kraftwerk-shop.cc\/es\/wp-json\/wp\/v2\/media?parent=68314153"}],"wp:term":[{"taxonomy":"product_brand","embeddable":true,"href":"https:\/\/kraftwerk-shop.cc\/es\/wp-json\/wp\/v2\/product_brand?post=68314153"},{"taxonomy":"product_cat","embeddable":true,"href":"https:\/\/kraftwerk-shop.cc\/es\/wp-json\/wp\/v2\/product_cat?post=68314153"},{"taxonomy":"product_tag","embeddable":true,"href":"https:\/\/kraftwerk-shop.cc\/es\/wp-json\/wp\/v2\/product_tag?post=68314153"}],"curies":[{"name":"wp","href":"https:\/\/api.w.org\/{rel}","templated":true}]}}