{"id":68314301,"date":"2025-01-19T15:35:49","date_gmt":"2025-01-19T14:35:49","guid":{"rendered":"https:\/\/kraftwerk-shop.cc\/?post_type=product&#038;p=68314301"},"modified":"2026-03-30T00:22:28","modified_gmt":"2026-03-29T22:22:28","slug":"boton-de-arranque-mopar-rojo-68453905aa","status":"publish","type":"product","link":"https:\/\/kraftwerk-shop.cc\/es\/produkt\/mopar-startknopf-rot-68453905aa\/","title":{"rendered":"Bot\u00f3n de arranque rojo Mopar (68453905AA)"},"content":{"rendered":"<h1>Bot\u00f3n de arranque original Mopar en rojo (68453905AA) para RAM 1500 DT a partir de 2019<\/h1>\n<p>&nbsp;<\/p>\n<p>El interruptor de encendido Mopar con n\u00famero de pieza 68453905AA es un recambio original para la Ram 1500 TRX de los a\u00f1os de modelo 2021 a 2024.<br \/>\nAdem\u00e1s, este m\u00f3dulo tambi\u00e9n puede instalarse como actualizaci\u00f3n en otros modelos Ram de los mismos a\u00f1os para mejorar su aspecto.<br \/>\nEsto ofrece una manera f\u00e1cil de dar a su veh\u00edculo un toque m\u00e1s deportivo.<\/p>\n<p>&nbsp;<\/p>\n<p><span lang=\"DE\"><strong>N\u00famero de pieza Mopar:<\/strong> 68453905AA<br \/>\n<strong>Reemplazado: <\/strong><span class=\"list-value\">\u2014<\/span><\/span><\/p>\n<p>&nbsp;<\/p>\n<p><strong>Adecuado para:<\/strong><\/p>\n<table width=\"308\">\n<tbody>\n<tr>\n<td width=\"83\"><strong>A\u00f1o de construcci\u00f3n<\/strong><\/td>\n<td width=\"83\"><strong>Marca<\/strong><\/td>\n<td width=\"142\"><strong>Modelo<\/strong><\/td>\n<\/tr>\n<tr>\n<td width=\"83\">2024<\/td>\n<td width=\"83\">Ram<\/td>\n<td width=\"142\">1500 DT<\/td>\n<\/tr>\n<tr>\n<td width=\"83\">2023<\/td>\n<td width=\"83\">Ram<\/td>\n<td width=\"142\">1500 DT<\/td>\n<\/tr>\n<tr>\n<td width=\"83\">2022<\/td>\n<td width=\"83\">Ram<\/td>\n<td width=\"142\">1500 DT<\/td>\n<\/tr>\n<tr>\n<td width=\"83\">2021<\/td>\n<td width=\"83\">Ram<\/td>\n<td width=\"142\">1500 DT<\/td>\n<\/tr>\n<tr>\n<td width=\"83\">2020<\/td>\n<td width=\"83\">Ram<\/td>\n<td width=\"142\">1500 DT<\/td>\n<\/tr>\n<\/tbody>\n<\/table>\n<p>&nbsp;<\/p>\n<h4>\u00bfPor qu\u00e9 elegir recambios originales Mopar?<\/h4>\n<p><strong>Ajuste perfecto y calidad superior:<\/strong> Los recambios originales Mopar se fabrican siguiendo las estrictas especificaciones del fabricante, lo que significa que encajan perfectamente en su veh\u00edculo. Esto no solo garantiza una instalaci\u00f3n sencilla, sino tambi\u00e9n un funcionamiento y una seguridad \u00f3ptimos.<\/p>\n<p><strong>Fiabilidad y durabilidad:<\/strong> Mediante el uso de materiales de alta calidad y estrictos controles de calidad, los recambios Mopar garantizan que su veh\u00edculo funcione de forma fiable incluso en condiciones extremas. Est\u00e1n dise\u00f1ados para durar y maximizar el rendimiento de su veh\u00edculo.<\/p>\n<p>&nbsp;<\/p>\n<p>&nbsp;<\/p>","protected":false},"excerpt":{"rendered":"<p>Pieza original Mopar<\/p>\n<p>2019-2024<\/p>","protected":false},"featured_media":68314306,"comment_status":"open","ping_status":"closed","template":"","meta":{"_acf_changed":false},"product_brand":[16270],"product_cat":[10262,19412,19682,7447,7452],"product_tag":[475,89,169,2318,10483,2319,49,476,31,10519,8813,9473,9424,16271,16273,10485,10500,10514,10502,10506,10496,10508,10494,10492,10498,10516,10512,10510,10488,10504,16275,16272,16274,8651,7221,86,4070,10475,10476,10474,10520,10499,10513,10501,10505,10489,10495,10507,10491,10490,10497,10515,10511,10509,10493,10484,10503,2353],"class_list":{"0":"post-68314301","1":"product","2":"type-product","3":"status-publish","4":"has-post-thumbnail","6":"product_brand-mopar","7":"product_cat-alle-produkte","8":"product_cat-1500-ecodiesel-2020-2023-sonstiges","9":"product_cat-1500-36-dt-elektrik-sonstiges","10":"product_cat-1500-57-dt-elektrik-sonstiges","11":"product_cat-trx-elektrik-sonstiges","12":"product_tag-475","13":"product_tag-3-0","14":"product_tag-3-6","15":"product_tag-2318","16":"product_tag-68453905aa","17":"product_tag-2319","18":"product_tag-dodge","19":"product_tag-dt","20":"product_tag-mopar","21":"product_tag-mopar-68453905aa","22":"product_tag-mopar-autoteile","23":"product_tag-mopar-ersatzteil","24":"product_tag-mopar-ersatzteile","25":"product_tag-mopar-ersatzteile-kaufen","26":"product_tag-mopar-performance-teile","27":"product_tag-mopar-startknopf","28":"product_tag-mopar-startknopf-anleitung","29":"product_tag-mopar-startknopf-bestellen","30":"product_tag-mopar-startknopf-bewertung","31":"product_tag-mopar-startknopf-erfahrungen","32":"product_tag-mopar-startknopf-funktion","33":"product_tag-mopar-startknopf-haendler","34":"product_tag-mopar-startknopf-installation","35":"product_tag-mopar-startknopf-kaufen","36":"product_tag-mopar-startknopf-kompatibilitaet","37":"product_tag-mopar-startknopf-lieferzeit","38":"product_tag-mopar-startknopf-oem","39":"product_tag-mopar-startknopf-original","40":"product_tag-mopar-startknopf-rot","41":"product_tag-mopar-startknopf-test","42":"product_tag-mopar-teile-katalog","43":"product_tag-mopar-teile-online","44":"product_tag-mopar-tuningteile","45":"product_tag-mopar-zubehoer","46":"product_tag-mopar10","47":"product_tag-ram","48":"product_tag-rot","49":"product_tag-start-button","50":"product_tag-starterknopf","51":"product_tag-startknopf","52":"product_tag-startknopf-68453905aa","53":"product_tag-startknopf-anleitung","54":"product_tag-startknopf-bestellen","55":"product_tag-startknopf-bewertung","56":"product_tag-startknopf-erfahrungen","57":"product_tag-startknopf-ersatzteil","58":"product_tag-startknopf-funktion","59":"product_tag-startknopf-haendler","60":"product_tag-startknopf-installation","61":"product_tag-startknopf-kaufen","62":"product_tag-startknopf-kompatibilitaet","63":"product_tag-startknopf-lieferzeit","64":"product_tag-startknopf-oem","65":"product_tag-startknopf-original","66":"product_tag-startknopf-preis","67":"product_tag-startknopf-rot","68":"product_tag-startknopf-test","69":"product_tag-trx","71":"first","72":"instock","73":"taxable","74":"shipping-taxable","75":"purchasable","76":"product-type-simple"},"bundled_by":[],"bundle_stock_status":"instock","bundle_stock_quantity":1,"bundle_virtual":false,"bundle_layout":"","bundle_add_to_cart_form_location":"","bundle_editable_in_cart":false,"bundle_sold_individually_context":"","bundle_item_grouping":"","bundle_min_size":"","bundle_max_size":"","bundle_price":[],"bundled_items":[],"bundle_sell_ids":[],"exclude_global_add_ons":[],"addons":[],"acf":[],"_links":{"self":[{"href":"https:\/\/kraftwerk-shop.cc\/es\/wp-json\/wp\/v2\/product\/68314301","targetHints":{"allow":["GET"]}}],"collection":[{"href":"https:\/\/kraftwerk-shop.cc\/es\/wp-json\/wp\/v2\/product"}],"about":[{"href":"https:\/\/kraftwerk-shop.cc\/es\/wp-json\/wp\/v2\/types\/product"}],"replies":[{"embeddable":true,"href":"https:\/\/kraftwerk-shop.cc\/es\/wp-json\/wp\/v2\/comments?post=68314301"}],"version-history":[{"count":0,"href":"https:\/\/kraftwerk-shop.cc\/es\/wp-json\/wp\/v2\/product\/68314301\/revisions"}],"wp:featuredmedia":[{"embeddable":true,"href":"https:\/\/kraftwerk-shop.cc\/es\/wp-json\/wp\/v2\/media\/68314306"}],"wp:attachment":[{"href":"https:\/\/kraftwerk-shop.cc\/es\/wp-json\/wp\/v2\/media?parent=68314301"}],"wp:term":[{"taxonomy":"product_brand","embeddable":true,"href":"https:\/\/kraftwerk-shop.cc\/es\/wp-json\/wp\/v2\/product_brand?post=68314301"},{"taxonomy":"product_cat","embeddable":true,"href":"https:\/\/kraftwerk-shop.cc\/es\/wp-json\/wp\/v2\/product_cat?post=68314301"},{"taxonomy":"product_tag","embeddable":true,"href":"https:\/\/kraftwerk-shop.cc\/es\/wp-json\/wp\/v2\/product_tag?post=68314301"}],"curies":[{"name":"wp","href":"https:\/\/api.w.org\/{rel}","templated":true}]}}