{"id":68314545,"date":"2025-01-25T19:58:14","date_gmt":"2025-01-25T18:58:14","guid":{"rendered":"https:\/\/kraftwerk-shop.cc\/?post_type=product&#038;p=68314545"},"modified":"2026-02-15T01:17:07","modified_gmt":"2026-02-15T00:17:07","slug":"anillo-sensor-abs-300c-challenger-charger-magnum","status":"publish","type":"product","link":"https:\/\/kraftwerk-shop.cc\/es\/produkt\/abs-sensorring-300c-challenger-charger-magnum\/","title":{"rendered":"Anillo sensor ABS 300C, Challenger, Charger, Magnum"},"content":{"rendered":"<h1>Anillo sensor ABS para Chrysler 300C, Charger, Challenger y Magnum<\/h1>\n<p>&nbsp;<\/p>\n<p data-pm-slice=\"1 1 []\">Estos anillos sensores ABS ofrecen una soluci\u00f3n rentable para los veh\u00edculos en los que los anillos sensores originales han sido da\u00f1ados por el \u00f3xido, causando fallos en los sistemas ABS, ESP, freno y control de tracci\u00f3n.<br \/>\nEn lugar de sustituir los ejes completos, puede hacer que su veh\u00edculo vuelva a la carretera de forma r\u00e1pida y segura con estos anillos sensores de repuesto.<\/p>\n<p data-pm-slice=\"1 1 []\">Tenga en cuenta que los anillos sensores se venden por separado. La experiencia ha demostrado que si un anillo sensor est\u00e1 defectuoso, los dem\u00e1s tambi\u00e9n se encuentran en un estado correspondientemente deficiente.<br \/>\nTiene sentido sustituirlo tambi\u00e9n, ya que, de lo contrario, los fallos volver\u00e1n a producirse en un futuro pr\u00f3ximo debido al otro anillo defectuoso.<\/p>\n<p>&nbsp;<\/p>\n<p>&nbsp;<\/p>\n<p><strong>Adecuado para:<\/strong><\/p>\n<table width=\"496\">\n<tbody>\n<tr>\n<td width=\"131\"><strong>Marca<\/strong><\/td>\n<td width=\"141\"><strong>Modelo<\/strong><\/td>\n<td width=\"224\"><strong>Motor<\/strong><\/td>\n<\/tr>\n<tr>\n<td width=\"131\">Chrysler<\/td>\n<td width=\"141\">300C<\/td>\n<td width=\"224\">3.5, 3.6, 5.7, 6.1, 6.4<\/td>\n<\/tr>\n<tr>\n<td width=\"131\">Dodge<\/td>\n<td width=\"141\">Challenger<\/td>\n<td width=\"224\">3.5, 3.6, 5.7, 6.1, 6.2 Hellcat, 6.4<\/td>\n<\/tr>\n<tr>\n<td width=\"131\">Dodge<\/td>\n<td width=\"141\">Charger<\/td>\n<td width=\"224\">3.5, 3.6, 5.7, 6.1, 6.2 Hellcat, 6.4<\/td>\n<\/tr>\n<tr>\n<td width=\"131\">Dodge<\/td>\n<td width=\"141\">Magnum<\/td>\n<td width=\"224\">3.5, 5.7, 6.1<\/td>\n<\/tr>\n<\/tbody>\n<\/table>\n<p>&nbsp;<\/p>\n<p>&nbsp;<\/p>","protected":false},"excerpt":{"rendered":"<p>Anillo sensor ABS para Chrysler 300C, Charger, Challenger y Magnum Estos anillos sensores ABS ofrecen una soluci\u00f3n econ\u00f3mica para veh\u00edculos en los que<\/p>","protected":false},"featured_media":68314552,"comment_status":"open","ping_status":"closed","template":"","meta":{"_acf_changed":false},"product_brand":[],"product_cat":[10262,7248,7254,7259,7264,7269,7275,7280,7284,7288,7292,7300,7296,7305,7309,7314,7318,7323,7327,7331,7356,7361,7366],"product_tag":[52,3213,10544,54,53,48,49,3853,55,31,7221,10545,10546],"class_list":{"0":"post-68314545","1":"product","2":"type-product","3":"status-publish","4":"has-post-thumbnail","6":"product_cat-alle-produkte","7":"product_cat-300c-35-sensoren","8":"product_cat-300c-36-sensoren","9":"product_cat-300c-57-2005-2010-sensoren","10":"product_cat-300c-57-2011-2023-sensoren","11":"product_cat-300c-61-sensoren","12":"product_cat-300c-64-sensoren","13":"product_cat-challenger-35-sensoren","14":"product_cat-challenger-36-sensoren","15":"product_cat-challenger-57-sensoren","16":"product_cat-challenger-61-sensoren","17":"product_cat-challenger-hellcat-sensoren","18":"product_cat-challenger-64-sensoren","19":"product_cat-charger-35-sensoren","20":"product_cat-charger-36-sensoren","21":"product_cat-charger-57-sensoren","22":"product_cat-charger-57-2011-2023-sensoren","23":"product_cat-charger-61-sensoren","24":"product_cat-charger-hellcat-sensoren","25":"product_cat-charger-64-sensoren","26":"product_cat-magnum-35-sensoren","27":"product_cat-magnum-57-sensoren","28":"product_cat-magnum-61-sensoren","29":"product_tag-300c","30":"product_tag-abs","31":"product_tag-abs-senor","32":"product_tag-challenger","33":"product_tag-charger","34":"product_tag-chrysler","35":"product_tag-dodge","36":"product_tag-dodge-challenger","37":"product_tag-magnum","38":"product_tag-mopar","39":"product_tag-mopar10","40":"product_tag-sensorring","41":"product_tag-toner-ring","43":"first","44":"instock","45":"taxable","46":"shipping-taxable","47":"purchasable","48":"product-type-variable"},"bundled_by":[],"bundle_stock_status":"instock","bundle_stock_quantity":14,"bundle_virtual":false,"bundle_layout":"","bundle_add_to_cart_form_location":"","bundle_editable_in_cart":false,"bundle_sold_individually_context":"","bundle_item_grouping":"","bundle_min_size":"","bundle_max_size":"","bundle_price":[],"bundled_items":[],"bundle_sell_ids":[],"exclude_global_add_ons":[],"addons":[],"acf":[],"_links":{"self":[{"href":"https:\/\/kraftwerk-shop.cc\/es\/wp-json\/wp\/v2\/product\/68314545","targetHints":{"allow":["GET"]}}],"collection":[{"href":"https:\/\/kraftwerk-shop.cc\/es\/wp-json\/wp\/v2\/product"}],"about":[{"href":"https:\/\/kraftwerk-shop.cc\/es\/wp-json\/wp\/v2\/types\/product"}],"replies":[{"embeddable":true,"href":"https:\/\/kraftwerk-shop.cc\/es\/wp-json\/wp\/v2\/comments?post=68314545"}],"version-history":[{"count":0,"href":"https:\/\/kraftwerk-shop.cc\/es\/wp-json\/wp\/v2\/product\/68314545\/revisions"}],"wp:featuredmedia":[{"embeddable":true,"href":"https:\/\/kraftwerk-shop.cc\/es\/wp-json\/wp\/v2\/media\/68314552"}],"wp:attachment":[{"href":"https:\/\/kraftwerk-shop.cc\/es\/wp-json\/wp\/v2\/media?parent=68314545"}],"wp:term":[{"taxonomy":"product_brand","embeddable":true,"href":"https:\/\/kraftwerk-shop.cc\/es\/wp-json\/wp\/v2\/product_brand?post=68314545"},{"taxonomy":"product_cat","embeddable":true,"href":"https:\/\/kraftwerk-shop.cc\/es\/wp-json\/wp\/v2\/product_cat?post=68314545"},{"taxonomy":"product_tag","embeddable":true,"href":"https:\/\/kraftwerk-shop.cc\/es\/wp-json\/wp\/v2\/product_tag?post=68314545"}],"curies":[{"name":"wp","href":"https:\/\/api.w.org\/{rel}","templated":true}]}}