{"id":68314685,"date":"2025-01-28T11:15:06","date_gmt":"2025-01-28T10:15:06","guid":{"rendered":"https:\/\/kraftwerk-shop.cc\/?post_type=product&#038;p=68314685"},"modified":"2026-03-31T16:32:36","modified_gmt":"2026-03-31T14:32:36","slug":"diablosport-predator-x-gm-tuning","status":"publish","type":"product","link":"https:\/\/kraftwerk-shop.cc\/es\/produkt\/diablosport-predator-x-gm-tuning\/","title":{"rendered":"Diablosport Predator X para veh\u00edculos GM"},"content":{"rendered":"<h1>Diablosport Predator X para Chevrolet, Cadillac, GMC, Hummer y Pontiac<\/h1>\n<p>&nbsp;<\/p>\n<p>El Diablosport Predator X es un potente sintonizador para veh\u00edculos GM, dise\u00f1ado espec\u00edficamente para aumentar el rendimiento de modelos como el Camaro, Corvette y otros GM muscle cars.<\/p>\n<p>&nbsp;<\/p>\n<p><strong>Caracter\u00edsticas principales:<\/strong><\/p>\n<ul>\n<li><strong>Mayor rendimiento:<\/strong> Aumenta el rendimiento del motor y el comportamiento de respuesta del veh\u00edculo.<\/li>\n<li><strong>Par\u00e1metros personalizables:<\/strong> Le permite ajustar con precisi\u00f3n el control del ventilador, las relaciones de transmisi\u00f3n, el tama\u00f1o de los neum\u00e1ticos y otros par\u00e1metros de rendimiento para poner a punto su veh\u00edculo de forma \u00f3ptima.<\/li>\n<li><strong>Dise\u00f1o f\u00e1cil de usar:<\/strong> Equipada con una pantalla en color de alta resoluci\u00f3n de 2,8 pulgadas y una intuitiva interfaz de usuario de 5 botones para facilitar la navegaci\u00f3n.<\/li>\n<li><strong>Actualizaciones r\u00e1pidas:<\/strong> Gracias a una mayor capacidad de memoria y a un procesador m\u00e1s r\u00e1pido, la puesta a punto y las actualizaciones pueden realizarse con rapidez.<\/li>\n<li><strong>Opciones de sintonizaci\u00f3n preestablecidas:<\/strong> Ofrece ajustes de rendimiento para diferentes estilos de conducci\u00f3n, como conducci\u00f3n econ\u00f3mica, remolque, conducci\u00f3n diaria y ajuste extremo.<\/li>\n<li><strong>Correcci\u00f3n de velocidad:<\/strong> Corrige el veloc\u00edmetro al cambiar el tama\u00f1o de los neum\u00e1ticos y la relaci\u00f3n de transmisi\u00f3n.<\/li>\n<li><strong>Ajustes del valor l\u00edmite:<\/strong> Permite el ajuste de los l\u00edmites de velocidad y revoluciones, as\u00ed como el ajuste fino de los puntos de cambio, la resistencia al cambio y la gesti\u00f3n del par.<\/li>\n<li><strong>Actualizaciones de Internet:<\/strong> Se puede actualizar con el nuevo software de actualizaci\u00f3n a trav\u00e9s de USB.<\/li>\n<li><strong>Gesti\u00f3n de c\u00f3digos de error:<\/strong> Permite leer y restablecer los c\u00f3digos de error.<\/li>\n<\/ul>\n<p>&nbsp;<\/p>\n<p>Predator X es compatible con una amplia gama de veh\u00edculos GM fabricados entre 2005 y 2020 y ofrece tanto programas de tuning preinstalados como la opci\u00f3n de personalizaci\u00f3n a trav\u00e9s de la red de tuning CMR de Diablosport.<\/p>\n<p>Tenga en cuenta que la disponibilidad de determinadas funciones puede variar en funci\u00f3n del modelo de veh\u00edculo. Se recomienda comprobar la compatibilidad con su veh\u00edculo espec\u00edfico.<\/p>\n<p>&nbsp;<\/p>\n<p><strong>Volumen de suministro:<\/strong><\/p>\n<ul>\n<li>Predator X para veh\u00edculos GM <strong>sin<\/strong> Tel\u00e9fono inteligente<\/li>\n<\/ul>\n<p>&nbsp;<\/p>\n<p><span style=\"font-size: 16px;\"><strong>Veh\u00edculos compatibles del Predator X:<\/strong><\/span><\/p>\n<table width=\"482\">\n<tbody>\n<tr>\n<td width=\"113\"><strong>Marca<\/strong><\/td>\n<td width=\"141\"><strong>Modelo<\/strong><\/td>\n<td width=\"103\"><strong>Motor<\/strong><\/td>\n<td width=\"115\"><strong>A\u00f1o de construcci\u00f3n<\/strong><\/td>\n<\/tr>\n<tr>\n<td>Buick<\/td>\n<td>Encore<\/td>\n<td>1.4L L4<\/td>\n<td width=\"115\">2013-2016<\/td>\n<\/tr>\n<tr>\n<td>Cadillac<\/td>\n<td>ATS<\/td>\n<td>2.0L L4, 3.6L V6<\/td>\n<td width=\"115\">2013-2015<\/td>\n<\/tr>\n<tr>\n<td>Cadillac<\/td>\n<td>CTS<\/td>\n<td>6.2L V8<\/td>\n<td width=\"115\">2009-2015<\/td>\n<\/tr>\n<tr>\n<td>Cadillac<\/td>\n<td>CTS<\/td>\n<td>3.6L V6<\/td>\n<td width=\"115\">2013-2015<\/td>\n<\/tr>\n<tr>\n<td>Cadillac<\/td>\n<td>CTS<\/td>\n<td>2.0L L4<\/td>\n<td width=\"115\">2014-2016<\/td>\n<\/tr>\n<tr>\n<td>Chevrolet<\/td>\n<td>Avalance<\/td>\n<td>6.0L V8<\/td>\n<td width=\"115\">2007-2009<\/td>\n<\/tr>\n<tr>\n<td>Chevrolet<\/td>\n<td>Avalance<\/td>\n<td>5.3L V8<\/td>\n<td width=\"115\">2007-2013<\/td>\n<\/tr>\n<tr>\n<td>Chevrolet<\/td>\n<td>Camaro<\/td>\n<td>6.2 V8<\/td>\n<td width=\"115\">2010-2024<\/td>\n<\/tr>\n<tr>\n<td>Chevrolet<\/td>\n<td>Camaro<\/td>\n<td>7.0L V8<\/td>\n<td width=\"115\">2014-2015<\/td>\n<\/tr>\n<tr>\n<td>Chevrolet<\/td>\n<td>Colorado<\/td>\n<td>2.9L L4, 3.7L L5<\/td>\n<td width=\"115\">2007-2012<\/td>\n<\/tr>\n<tr>\n<td>Chevrolet<\/td>\n<td>Colorado<\/td>\n<td>5.3L V8<\/td>\n<td width=\"115\">2009-2012<\/td>\n<\/tr>\n<tr>\n<td>Chevrolet<\/td>\n<td>Colorado<\/td>\n<td>3.6L V6<\/td>\n<td width=\"115\">2015-2016<\/td>\n<\/tr>\n<tr>\n<td>Chevrolet<\/td>\n<td>Corvette<\/td>\n<td>6.0L V8<\/td>\n<td width=\"115\">2005-2007<\/td>\n<\/tr>\n<tr>\n<td>Chevrolet<\/td>\n<td>Corvette<\/td>\n<td>6.2L V8<\/td>\n<td width=\"115\">2008-2019<\/td>\n<\/tr>\n<tr>\n<td>Chevrolet<\/td>\n<td>Corvette<\/td>\n<td>7.0L V8<\/td>\n<td width=\"115\">2006-2013<\/td>\n<\/tr>\n<tr>\n<td>Chevrolet<\/td>\n<td>Cruze<\/td>\n<td>1.4L L4<\/td>\n<td width=\"115\">2011-2015<\/td>\n<\/tr>\n<tr>\n<td>Chevrolet<\/td>\n<td>Impala<\/td>\n<td>5.3L V8<\/td>\n<td width=\"115\">2006-2009<\/td>\n<\/tr>\n<tr>\n<td>Chevrolet<\/td>\n<td>Montecarlo<\/td>\n<td>5.3L V8<\/td>\n<td width=\"115\">2006-2007<\/td>\n<\/tr>\n<tr>\n<td>Chevrolet<\/td>\n<td>Silverado 1500<\/td>\n<td>4.3L V6<\/td>\n<td width=\"115\">2014-2018<\/td>\n<\/tr>\n<tr>\n<td>Chevrolet<\/td>\n<td>Silverado 1500<\/td>\n<td>4.8L V8, 6.0L V8<\/td>\n<td width=\"115\">2007-2013<\/td>\n<\/tr>\n<tr>\n<td>Chevrolet<\/td>\n<td>Silverado 1500<\/td>\n<td>5.3L V8<\/td>\n<td width=\"115\">2007-2018<\/td>\n<\/tr>\n<tr>\n<td>Chevrolet<\/td>\n<td>Silverado 1500<\/td>\n<td>6.2L V8<\/td>\n<td width=\"115\">2009-2018<\/td>\n<\/tr>\n<tr>\n<td>Chevrolet<\/td>\n<td>Silverado 1500 LD<\/td>\n<td>5.3L V8<\/td>\n<td width=\"115\">2019<\/td>\n<\/tr>\n<tr>\n<td>Chevrolet<\/td>\n<td>Silverado 2500<\/td>\n<td>4.8L V8<\/td>\n<td width=\"115\">2007-2013<\/td>\n<\/tr>\n<tr>\n<td>Chevrolet<\/td>\n<td>Silverado 2500<\/td>\n<td>5.3L V8<\/td>\n<td width=\"115\">2007-2018<\/td>\n<\/tr>\n<tr>\n<td>Chevrolet<\/td>\n<td>Silverado 2500 HD<\/td>\n<td>6.0L V8<\/td>\n<td width=\"115\">2014-2018<\/td>\n<\/tr>\n<tr>\n<td>Chevrolet<\/td>\n<td>Silverado 3500 HD<\/td>\n<td>6.0L V8<\/td>\n<td width=\"115\">2007-2018<\/td>\n<\/tr>\n<tr>\n<td>Chevrolet<\/td>\n<td>S\u00f3nico<\/td>\n<td>1.4L L4<\/td>\n<td width=\"115\">2012-2015<\/td>\n<\/tr>\n<tr>\n<td>Chevrolet<\/td>\n<td>SS<\/td>\n<td>6.2L V8<\/td>\n<td width=\"115\">2014-2017<\/td>\n<\/tr>\n<tr>\n<td>Chevrolet<\/td>\n<td>SSR<\/td>\n<td>6.0L V8<\/td>\n<td width=\"115\">2005-2006<\/td>\n<\/tr>\n<tr>\n<td>Chevrolet<\/td>\n<td>Suburban<\/td>\n<td>5.3L V8<\/td>\n<td width=\"115\">2014-2020<\/td>\n<\/tr>\n<tr>\n<td>Chevrolet<\/td>\n<td>Suburban<\/td>\n<td>6.2L V8<\/td>\n<td width=\"115\">2019-2020<\/td>\n<\/tr>\n<tr>\n<td>Chevrolet<\/td>\n<td>Tahoe<\/td>\n<td>4.8L V8<\/td>\n<td width=\"115\">2007-2009<\/td>\n<\/tr>\n<tr>\n<td>Chevrolet<\/td>\n<td>Tahoe<\/td>\n<td>5.3L V8<\/td>\n<td width=\"115\">2007-2020<\/td>\n<\/tr>\n<tr>\n<td>Chevrolet<\/td>\n<td>Tahoe<\/td>\n<td>6.2L V8<\/td>\n<td width=\"115\">2018-2020<\/td>\n<\/tr>\n<tr>\n<td>Chevrolet<\/td>\n<td>Trailblazer<\/td>\n<td>6.0L V8<\/td>\n<td width=\"115\">2006-2009<\/td>\n<\/tr>\n<tr>\n<td>Chevrolet<\/td>\n<td>Trax<\/td>\n<td>1.4L L4<\/td>\n<td width=\"115\">2013-2016<\/td>\n<\/tr>\n<tr>\n<td>GMC<\/td>\n<td>Ca\u00f1\u00f3n<\/td>\n<td>2.9L L4, 3.7L L5<\/td>\n<td width=\"115\">2007-2012<\/td>\n<\/tr>\n<tr>\n<td>GMC<\/td>\n<td>Ca\u00f1\u00f3n<\/td>\n<td>5.3L V8<\/td>\n<td width=\"115\">2009-2012<\/td>\n<\/tr>\n<tr>\n<td>GMC<\/td>\n<td>Ca\u00f1\u00f3n<\/td>\n<td>3.6L V6<\/td>\n<td width=\"115\">2015-2016<\/td>\n<\/tr>\n<tr>\n<td>GMC<\/td>\n<td>Sierra 1500<\/td>\n<td>4.8L V8, 5.3L V8, 6.0L V8, 6.2L V8<\/td>\n<td width=\"115\">2007-2018<\/td>\n<\/tr>\n<tr>\n<td>GMC<\/td>\n<td>Sierra 1500 Limited<\/td>\n<td>5.3L V8<\/td>\n<td width=\"115\">2019<\/td>\n<\/tr>\n<tr>\n<td>GMC<\/td>\n<td>Sierra 2500 HD<\/td>\n<td>6.0L V8<\/td>\n<td width=\"115\">2007-2018<\/td>\n<\/tr>\n<tr>\n<td>GMC<\/td>\n<td>Sierra 3500 HD<\/td>\n<td>6.0L V8<\/td>\n<td width=\"115\">2007-2018<\/td>\n<\/tr>\n<tr>\n<td>GMC<\/td>\n<td>Yukon<\/td>\n<td>5.3L V8, 6.2L V8<\/td>\n<td width=\"115\">2007-2020<\/td>\n<\/tr>\n<tr>\n<td>GMC<\/td>\n<td>Yukon<\/td>\n<td>6.0L V8<\/td>\n<td width=\"115\">2008-2013<\/td>\n<\/tr>\n<tr>\n<td>GMC<\/td>\n<td>Yukon XL<\/td>\n<td>5.3L V8, 6.2L V8<\/td>\n<td width=\"115\">2015-2020<\/td>\n<\/tr>\n<tr>\n<td>Hummer<\/td>\n<td>H2<\/td>\n<td>6.2L V8<\/td>\n<td width=\"115\">2008-2009<\/td>\n<\/tr>\n<tr>\n<td>Hummer<\/td>\n<td>H3<\/td>\n<td>3.7L L5<\/td>\n<td width=\"115\">2007-2010<\/td>\n<\/tr>\n<tr>\n<td>Hummer<\/td>\n<td>H3<\/td>\n<td>5.3L V8<\/td>\n<td width=\"115\">2008-2010<\/td>\n<\/tr>\n<tr>\n<td>Pontiac<\/td>\n<td>G8<\/td>\n<td>6.0L V8<\/td>\n<td width=\"115\">2008-2009<\/td>\n<\/tr>\n<tr>\n<td>Pontiac<\/td>\n<td>G8<\/td>\n<td>6.2L V8<\/td>\n<td width=\"115\">2009<\/td>\n<\/tr>\n<tr>\n<td>Pontiac<\/td>\n<td>Gran Premio<\/td>\n<td>5.3L V8<\/td>\n<td width=\"115\">2006-2008<\/td>\n<\/tr>\n<tr>\n<td>Pontiac<\/td>\n<td>GTO<\/td>\n<td>6.0L V8<\/td>\n<td width=\"115\">2005-2006<\/td>\n<\/tr>\n<\/tbody>\n<\/table>\n<p><iframe loading=\"lazy\" title=\"Diablosport Predator X Tuning para veh\u00edculos GM (Chevrolet, GMC, Buick, Hummer, Pontiac)\" src=\"https:\/\/www.youtube.com\/embed\/G11UAYVGfv4\" width=\"882\" height=\"496\" frameborder=\"0\" allowfullscreen=\"allowfullscreen\"><\/iframe><\/p>\n<p>&nbsp;<\/p>","protected":false},"excerpt":{"rendered":"<p>Programador Chevrolet, Cadillac, GMC, Hummer y Pontiac<\/p>","protected":false},"featured_media":68314701,"comment_status":"open","ping_status":"closed","template":"","meta":{"_acf_changed":false},"product_brand":[],"product_cat":[10262,1410,1524,3985,1535,1537,3081,3083,3121,3124,3132,3144,3982,3691,3989,3708,3987,3698,3991,3714],"product_tag":[1203,1156,10552,1205,4869,278,191,1214,189,190,515,1206,281,1211,1204,429,427,2038,119,1221,1157,1318,1201,1222,1223,301,302,2934,300,1207,428,36,1208,438,1202,911,10556,10555,517,463,1216,299,10553,10554,1209,1210,291,1212,298,293,289,1213,918,233,919,1155,1217,329],"class_list":{"0":"post-68314685","1":"product","2":"type-product","3":"status-publish","4":"has-post-thumbnail","6":"product_cat-alle-produkte","7":"product_cat-cadillac","8":"product_cat-avalanche","9":"product_cat-avalanche-motor","10":"product_cat-camaro-62-2010-2015-motor","11":"product_cat-camaro-62-2010-2015-zubehoer","12":"product_cat-camaro-62-2016-motor","13":"product_cat-camaro-62-2016-zubehoer","14":"product_cat-corvette-c6-motor","15":"product_cat-corvette-c6-zubehoer","16":"product_cat-corvette-c7-motor","17":"product_cat-corvette-c8-zubehoer","18":"product_cat-silverado-motor","19":"product_cat-silverado-zubehoer","20":"product_cat-suburban-motor","21":"product_cat-suburban-zubehoer","22":"product_cat-tahoe-motor","23":"product_cat-tahoe-zubehoer","24":"product_cat-trailblazer-motor","25":"product_cat-trailblazer-zubehoer","26":"product_tag-ats","27":"product_tag-aufhebung","28":"product_tag-avalance","29":"product_tag-avalanche","30":"product_tag-buick","31":"product_tag-cadillac","32":"product_tag-camaro","33":"product_tag-canyon","34":"product_tag-chevrolet","35":"product_tag-chevy","36":"product_tag-chiptuning","37":"product_tag-colorado","38":"product_tag-corvette","39":"product_tag-cruze","40":"product_tag-cts","41":"product_tag-deutschland","42":"product_tag-diablosport","43":"product_tag-encore","44":"product_tag-entfernen","45":"product_tag-g8","46":"product_tag-geschwindigkeitsbegrenzer","47":"product_tag-gm","48":"product_tag-gmc","49":"product_tag-grand-prix","50":"product_tag-gto","51":"product_tag-h2","52":"product_tag-h3","53":"product_tag-harder","54":"product_tag-hummer","55":"product_tag-impala","56":"product_tag-intune","57":"product_tag-kraftwerk","58":"product_tag-monte-carlo","59":"product_tag-obd","60":"product_tag-pontiac","61":"product_tag-predator","62":"product_tag-predator-x","63":"product_tag-predatorx","64":"product_tag-programmiergeraet","65":"product_tag-shop","66":"product_tag-sierra","67":"product_tag-silverado","68":"product_tag-silverado-1500","69":"product_tag-silverado-2500","70":"product_tag-silveraldo","71":"product_tag-sonic","72":"product_tag-ss","73":"product_tag-ssr","74":"product_tag-suburban","75":"product_tag-tahoe","76":"product_tag-trailblazer","77":"product_tag-trax","78":"product_tag-tuner","79":"product_tag-tuning","80":"product_tag-tuninggeraet","81":"product_tag-vmax","82":"product_tag-yukon","83":"product_tag-zylinderabschaltung","85":"first","86":"instock","87":"taxable","88":"shipping-taxable","89":"purchasable","90":"product-type-simple"},"bundled_by":[],"bundle_stock_status":"instock","bundle_stock_quantity":1,"bundle_virtual":false,"bundle_layout":"","bundle_add_to_cart_form_location":"","bundle_editable_in_cart":false,"bundle_sold_individually_context":"","bundle_item_grouping":"","bundle_min_size":"","bundle_max_size":"","bundle_price":[],"bundled_items":[],"bundle_sell_ids":[],"exclude_global_add_ons":[],"addons":[],"acf":[],"_links":{"self":[{"href":"https:\/\/kraftwerk-shop.cc\/es\/wp-json\/wp\/v2\/product\/68314685","targetHints":{"allow":["GET"]}}],"collection":[{"href":"https:\/\/kraftwerk-shop.cc\/es\/wp-json\/wp\/v2\/product"}],"about":[{"href":"https:\/\/kraftwerk-shop.cc\/es\/wp-json\/wp\/v2\/types\/product"}],"replies":[{"embeddable":true,"href":"https:\/\/kraftwerk-shop.cc\/es\/wp-json\/wp\/v2\/comments?post=68314685"}],"version-history":[{"count":0,"href":"https:\/\/kraftwerk-shop.cc\/es\/wp-json\/wp\/v2\/product\/68314685\/revisions"}],"wp:featuredmedia":[{"embeddable":true,"href":"https:\/\/kraftwerk-shop.cc\/es\/wp-json\/wp\/v2\/media\/68314701"}],"wp:attachment":[{"href":"https:\/\/kraftwerk-shop.cc\/es\/wp-json\/wp\/v2\/media?parent=68314685"}],"wp:term":[{"taxonomy":"product_brand","embeddable":true,"href":"https:\/\/kraftwerk-shop.cc\/es\/wp-json\/wp\/v2\/product_brand?post=68314685"},{"taxonomy":"product_cat","embeddable":true,"href":"https:\/\/kraftwerk-shop.cc\/es\/wp-json\/wp\/v2\/product_cat?post=68314685"},{"taxonomy":"product_tag","embeddable":true,"href":"https:\/\/kraftwerk-shop.cc\/es\/wp-json\/wp\/v2\/product_tag?post=68314685"}],"curies":[{"name":"wp","href":"https:\/\/api.w.org\/{rel}","templated":true}]}}