{"id":68314880,"date":"2025-02-01T22:21:25","date_gmt":"2025-02-01T21:21:25","guid":{"rendered":"https:\/\/kraftwerk-shop.cc\/?post_type=product&#038;p=68314880"},"modified":"2026-04-07T17:42:31","modified_gmt":"2026-04-07T15:42:31","slug":"mejora-bomba-agua-ram-cummins-68461455aa","status":"publish","type":"product","link":"https:\/\/kraftwerk-shop.cc\/es\/produkt\/upgrade-wasserpumpe-ram-cummins-68461455aa\/","title":{"rendered":"Actualizaci\u00f3n de la bomba de agua de refrigeraci\u00f3n RAM 5.9 &amp; 6.7 Cummins"},"content":{"rendered":"<h1>Actualizar la bomba de agua de refrigeraci\u00f3n para RAM 2500 y 3500 5.9 y 6.7 Cummins de 2001 a 2012<\/h1>\n<p>&nbsp;<\/p>\n<p><strong>N\u00fameros de comparaci\u00f3n Mopar:<\/strong> <span class=\"list-value\">5003665AB, 5010964AB, 5086959AA, 5086959AB, 68003402AA, 68003402AB, R5086959AB, R8003402AA, R8003402AB<\/span>, <span class=\"list-value sku-display\">68461455AA<\/span><\/p>\n<p>&nbsp;<\/p>\n<p><strong>Propiedades<\/strong><\/p>\n<ul>\n<li>Rodamientos cementados<\/li>\n<li>Superficies precisas mecanizadas por CNC<\/li>\n<li>Rueda met\u00e1lica (la pieza original de Mopar utiliza una fr\u00e1gil rueda de pl\u00e1stico)<\/li>\n<li>Incluida la junta de la bomba de agua<\/li>\n<\/ul>\n<p>&nbsp;<\/p>\n<p><strong>Ventajas de los rodamientos cementados<\/strong><\/p>\n<p>Esta bomba de agua de refrigeraci\u00f3n utiliza cojinetes endurecidos desarrollados seg\u00fan las especificaciones del fabricante original para satisfacer los requisitos espec\u00edficos de par radial y carga axial de cada aplicaci\u00f3n.<br \/>\nEstos cojinetes cementados de alta calidad tienen una mayor capacidad de carga y son robustos por fuera pero flexibles por dentro. Esto los hace ideales para resistir desequilibrios o vibraciones en el sistema de refrigeraci\u00f3n.<\/p>\n<p>&nbsp;<\/p>\n<ul>\n<li>Larga vida \u00fatil<\/li>\n<li>Gran capacidad de carga<\/li>\n<li>Resistente por fuera y flexible por dentro<\/li>\n<li>Resiste desequilibrios o vibraciones en el sistema de refrigeraci\u00f3n<\/li>\n<\/ul>\n<p>&nbsp;<\/p>\n<p><strong>Ventajas de las superficies de precisi\u00f3n fresadas con CNC<\/strong><\/p>\n<p>La bomba de agua se fabrica seg\u00fan las especificaciones de la pieza de fundici\u00f3n original y todas las superficies de montaje se fresan mediante CNC.<br \/>\nEsto facilita la instalaci\u00f3n y garantiza un sellado preciso de todas las superficies unidas. Una conexi\u00f3n estanca garantiza una larga vida \u00fatil de los componentes y la m\u00e1xima eficiencia.<\/p>\n<p>&nbsp;<\/p>\n<ul>\n<li>Precisi\u00f3n de ajuste garantizada con componentes a juego<\/li>\n<li>Evita fugas<\/li>\n<li>Inspeccionado y comprobado conforme a las normas ISO9001:2015<\/li>\n<\/ul>\n<p>&nbsp;<\/p>\n<p><strong>Ventajas de los rodetes met\u00e1licos<\/strong><\/p>\n<p>Los impulsores met\u00e1licos son muy superiores a los de pl\u00e1stico. Al utilizar impulsores met\u00e1licos, una bomba de agua puede soportar pares m\u00e1s elevados y temperaturas m\u00e1s altas.<br \/>\nEsto no s\u00f3lo ayuda a mejorar el rendimiento, sino que tambi\u00e9n evita fallos en los componentes causados por ruedas rotas o deformadas.<\/p>\n<p>&nbsp;<\/p>\n<ul>\n<li>Soporta altas temperaturas<\/li>\n<li>Resistente a los productos qu\u00edmicos<\/li>\n<li>Potente a altas velocidades<\/li>\n<li>No se deforma<\/li>\n<li>Soporta elevadas fuerzas de torsi\u00f3n<\/li>\n<li>No se astilla<\/li>\n<li>Sin grietas durante el ajuste a presi\u00f3n<\/li>\n<li>Extremadamente duradero<\/li>\n<li>Soporta tolerancias en motores con alto kilometraje<\/li>\n<\/ul>\n<p>&nbsp;<\/p>\n<p><strong>Adecuado para:<\/strong><\/p>\n<table width=\"1004\">\n<tbody>\n<tr>\n<td width=\"82\"><strong>A\u00f1o de construcci\u00f3n<\/strong><\/td>\n<td width=\"82\"><strong>Marca<\/strong><\/td>\n<td width=\"124\"><strong>Modelo<\/strong><\/td>\n<td width=\"512\"><strong>Versi\u00f3n<\/strong><\/td>\n<td width=\"204\"><strong>Motor<\/strong><\/td>\n<\/tr>\n<tr>\n<td width=\"82\">2012<\/td>\n<td width=\"82\">Ram<\/td>\n<td width=\"124\">2500<\/td>\n<td width=\"512\">Laramie, Laramie Longhorn, Outdoorsman, SLT, ST<\/td>\n<td width=\"204\">6.7L<\/td>\n<\/tr>\n<tr>\n<td width=\"82\">2012<\/td>\n<td width=\"82\">Ram<\/td>\n<td width=\"124\">3500<\/td>\n<td width=\"512\">Laramie, Laramie Longhorn, SLT, ST<\/td>\n<td width=\"204\">6.7L<\/td>\n<\/tr>\n<tr>\n<td width=\"82\">2011<\/td>\n<td width=\"82\">Ram<\/td>\n<td width=\"124\">2500<\/td>\n<td width=\"512\">Laramie, Laramie Longhorn, SLT, ST<\/td>\n<td width=\"204\">6.7L<\/td>\n<\/tr>\n<tr>\n<td width=\"82\">2011<\/td>\n<td width=\"82\">Ram<\/td>\n<td width=\"124\">3500<\/td>\n<td width=\"512\">Laramie, Laramie Longhorn, SLT, ST<\/td>\n<td width=\"204\">6.7L<\/td>\n<\/tr>\n<tr>\n<td width=\"82\">2010<\/td>\n<td width=\"82\">Dodge<\/td>\n<td width=\"124\">Ram 2500<\/td>\n<td width=\"512\">Laramie, SLT, ST, TRX<\/td>\n<td width=\"204\">6.7L<\/td>\n<\/tr>\n<tr>\n<td width=\"82\">2010<\/td>\n<td width=\"82\">Dodge<\/td>\n<td width=\"124\">Ram 3500<\/td>\n<td width=\"512\">Laramie, SLT, ST<\/td>\n<td width=\"204\">6.7L<\/td>\n<\/tr>\n<tr>\n<td width=\"82\">2009<\/td>\n<td width=\"82\">Dodge<\/td>\n<td width=\"124\">Ram 2500<\/td>\n<td width=\"512\">Laramie, SLT, ST, SXT<\/td>\n<td width=\"204\">5.9L, 6.7L<\/td>\n<\/tr>\n<tr>\n<td width=\"82\">2009<\/td>\n<td width=\"82\">Dodge<\/td>\n<td width=\"124\">Ram 3500<\/td>\n<td width=\"512\">Laramie, SLT, ST, SXT<\/td>\n<td width=\"204\">6.7L<\/td>\n<\/tr>\n<tr>\n<td width=\"82\">2008<\/td>\n<td width=\"82\">Dodge<\/td>\n<td width=\"124\">Ram 2500<\/td>\n<td width=\"512\">Laramie, SLT, ST, SXT<\/td>\n<td width=\"204\">5.9L, 6.7L<\/td>\n<\/tr>\n<tr>\n<td width=\"82\">2008<\/td>\n<td width=\"82\">Dodge<\/td>\n<td width=\"124\">Ram 3500<\/td>\n<td width=\"512\">Laramie, SLT, ST<\/td>\n<td width=\"204\">5.9L, 6.7L<\/td>\n<\/tr>\n<tr>\n<td width=\"82\">2007<\/td>\n<td width=\"82\">Dodge<\/td>\n<td width=\"124\">Ram 2500<\/td>\n<td width=\"512\">Laramie, SLT, ST, Sport, TRX4<\/td>\n<td width=\"204\">5.9L, 6.7L<\/td>\n<\/tr>\n<tr>\n<td width=\"82\">2007<\/td>\n<td width=\"82\">Dodge<\/td>\n<td width=\"124\">Ram 3500<\/td>\n<td width=\"512\">Laramie, SLT, ST, Sport, TRX4<\/td>\n<td width=\"204\">5.9L, 6.7L<\/td>\n<\/tr>\n<tr>\n<td width=\"82\">2006<\/td>\n<td width=\"82\">Dodge<\/td>\n<td width=\"124\">Ram 2500<\/td>\n<td width=\"512\">Laramie, SLT, ST<\/td>\n<td width=\"204\">5.9L<\/td>\n<\/tr>\n<tr>\n<td width=\"82\">2006<\/td>\n<td width=\"82\">Dodge<\/td>\n<td width=\"124\">Ram 3500<\/td>\n<td width=\"512\">Laramie, SLT, ST<\/td>\n<td width=\"204\">5.9L<\/td>\n<\/tr>\n<tr>\n<td width=\"82\">2005<\/td>\n<td width=\"82\">Dodge<\/td>\n<td width=\"124\">Ram 2500<\/td>\n<td width=\"512\">SLT, ST<\/td>\n<td width=\"204\">5.9L<\/td>\n<\/tr>\n<tr>\n<td width=\"82\">2005<\/td>\n<td width=\"82\">Dodge<\/td>\n<td width=\"124\">Ram 3500<\/td>\n<td width=\"512\">SLT, ST<\/td>\n<td width=\"204\">5.9L<\/td>\n<\/tr>\n<tr>\n<td width=\"82\">2004<\/td>\n<td width=\"82\">Dodge<\/td>\n<td width=\"124\">Ram 2500<\/td>\n<td width=\"512\">SLT, ST<\/td>\n<td width=\"204\">5.9L<\/td>\n<\/tr>\n<tr>\n<td width=\"82\">2004<\/td>\n<td width=\"82\">Dodge<\/td>\n<td width=\"124\">Ram 3500<\/td>\n<td width=\"512\">SLT, ST<\/td>\n<td width=\"204\">5.9L<\/td>\n<\/tr>\n<tr>\n<td width=\"82\">2003<\/td>\n<td width=\"82\">Dodge<\/td>\n<td width=\"124\">Ram 2500<\/td>\n<td width=\"512\">SLT, ST<\/td>\n<td width=\"204\">5.9L<\/td>\n<\/tr>\n<tr>\n<td width=\"82\">2003<\/td>\n<td width=\"82\">Dodge<\/td>\n<td width=\"124\">Ram 3500<\/td>\n<td width=\"512\">SLT, ST<\/td>\n<td width=\"204\">5.9L<\/td>\n<\/tr>\n<tr>\n<td width=\"82\">2002<\/td>\n<td width=\"82\">Dodge<\/td>\n<td width=\"124\">Ram 2500<\/td>\n<td width=\"512\">Base<\/td>\n<td width=\"204\">5.9L<\/td>\n<\/tr>\n<tr>\n<td width=\"82\">2002<\/td>\n<td width=\"82\">Dodge<\/td>\n<td width=\"124\">Ram 3500<\/td>\n<td width=\"512\">Base<\/td>\n<td width=\"204\">5.9L<\/td>\n<\/tr>\n<tr>\n<td width=\"82\">2001<\/td>\n<td width=\"82\">Dodge<\/td>\n<td width=\"124\">Ram 2500<\/td>\n<td width=\"512\">Base<\/td>\n<td width=\"204\">5.9L<\/td>\n<\/tr>\n<tr>\n<td width=\"82\">2001<\/td>\n<td width=\"82\">Dodge<\/td>\n<td width=\"124\">Ram 3500<\/td>\n<td width=\"512\">Base<\/td>\n<td width=\"204\">5.9L<\/td>\n<\/tr>\n<\/tbody>\n<\/table>\n<p>&nbsp;<\/p>","protected":false},"excerpt":{"rendered":"<p>2001 - 2012<\/p>","protected":false},"featured_media":68314883,"comment_status":"open","ping_status":"closed","template":"","meta":{"_acf_changed":false},"product_brand":[],"product_cat":[10262,2929],"product_tag":[18757,18758,18759,18760,506,507,10586,10587,10588,10589,7200,10590,10591,10585,7201,49,5255,6426,10592,10593,10594,86,6333,7666,216,6430,5254,673],"class_list":{"0":"post-68314880","1":"product","2":"type-product","3":"status-publish","4":"has-post-thumbnail","6":"product_cat-alle-produkte","7":"product_cat-67-cummins-kuehlung","8":"product_tag-0003665ab","9":"product_tag-0010964ab","10":"product_tag-0086959aa","11":"product_tag-0086959ab","12":"product_tag-506","13":"product_tag-507","14":"product_tag-5003665ab","15":"product_tag-5010964ab","16":"product_tag-5086959aa","17":"product_tag-5086959ab","18":"product_tag-6-7","19":"product_tag-68003402aa","20":"product_tag-68003402ab","21":"product_tag-68461455aa","22":"product_tag-cummins","23":"product_tag-dodge","24":"product_tag-kuehlwasserpumpe","25":"product_tag-luefterkupplung","26":"product_tag-r5086959ab","27":"product_tag-r8003402aa","28":"product_tag-r8003402ab","29":"product_tag-ram","30":"product_tag-ram-2500","31":"product_tag-ram-3500","32":"product_tag-upgrade","33":"product_tag-usmotor","34":"product_tag-wasserpumpe","35":"product_tag-zubehoer","36":"product_shipping_class-deutschlandohne","38":"first","39":"instock","40":"taxable","41":"shipping-taxable","42":"purchasable","43":"product-type-simple"},"bundled_by":[],"bundle_stock_status":"instock","bundle_stock_quantity":1,"bundle_virtual":false,"bundle_layout":"","bundle_add_to_cart_form_location":"","bundle_editable_in_cart":false,"bundle_sold_individually_context":"","bundle_item_grouping":"","bundle_min_size":"","bundle_max_size":"","bundle_price":[],"bundled_items":[],"bundle_sell_ids":[],"exclude_global_add_ons":[],"addons":[],"acf":[],"_links":{"self":[{"href":"https:\/\/kraftwerk-shop.cc\/es\/wp-json\/wp\/v2\/product\/68314880","targetHints":{"allow":["GET"]}}],"collection":[{"href":"https:\/\/kraftwerk-shop.cc\/es\/wp-json\/wp\/v2\/product"}],"about":[{"href":"https:\/\/kraftwerk-shop.cc\/es\/wp-json\/wp\/v2\/types\/product"}],"replies":[{"embeddable":true,"href":"https:\/\/kraftwerk-shop.cc\/es\/wp-json\/wp\/v2\/comments?post=68314880"}],"version-history":[{"count":0,"href":"https:\/\/kraftwerk-shop.cc\/es\/wp-json\/wp\/v2\/product\/68314880\/revisions"}],"wp:featuredmedia":[{"embeddable":true,"href":"https:\/\/kraftwerk-shop.cc\/es\/wp-json\/wp\/v2\/media\/68314883"}],"wp:attachment":[{"href":"https:\/\/kraftwerk-shop.cc\/es\/wp-json\/wp\/v2\/media?parent=68314880"}],"wp:term":[{"taxonomy":"product_brand","embeddable":true,"href":"https:\/\/kraftwerk-shop.cc\/es\/wp-json\/wp\/v2\/product_brand?post=68314880"},{"taxonomy":"product_cat","embeddable":true,"href":"https:\/\/kraftwerk-shop.cc\/es\/wp-json\/wp\/v2\/product_cat?post=68314880"},{"taxonomy":"product_tag","embeddable":true,"href":"https:\/\/kraftwerk-shop.cc\/es\/wp-json\/wp\/v2\/product_tag?post=68314880"}],"curies":[{"name":"wp","href":"https:\/\/api.w.org\/{rel}","templated":true}]}}