{"id":68315123,"date":"2025-02-08T15:04:49","date_gmt":"2025-02-08T14:04:49","guid":{"rendered":"https:\/\/kraftwerk-shop.cc\/?post_type=product&#038;p=68315123"},"modified":"2026-02-15T01:17:42","modified_gmt":"2026-02-15T00:17:42","slug":"bomba-de-aceite-melling-m521","status":"publish","type":"product","link":"https:\/\/kraftwerk-shop.cc\/es\/produkt\/melling-oelpumpe-m521\/","title":{"rendered":"Bomba de aceite Melling 2.7, 3.5 &amp; 4.0"},"content":{"rendered":"<h1>Bomba de aceite Melling M521 para Chrysler 300C, Pacifica, Sebring, Dodge Avenger, Challenger, Charger, Journey, Magnum, Nitro 2.7, 3.5 y 4.0 V6 de 2007 a 2011<\/h1>\n<p>&nbsp;<\/p>\n<p>La bomba de aceite Melling M521 para motores Chrysler y Dodge 2.7, 3.5 y 4.0 V6 es un producto de alta calidad que ha sido fabricado con la m\u00e1xima precisi\u00f3n y calidad. Cada bomba de aceite Melling se fabrica seg\u00fan las normas t\u00e9cnicas m\u00e1s recientes y utiliza materiales de alta calidad. El uso de la \u00faltima tecnolog\u00eda en dise\u00f1o de engranajes y rotores garantiza un rendimiento y calidad excepcionales.<\/p>\n<p>Los engranajes se fabrican con extrema precisi\u00f3n para garantizar la presi\u00f3n correcta del aceite del motor y el funcionamiento eficaz de la bomba. Las placas de los extremos est\u00e1n rectificadas con precisi\u00f3n para garantizar la m\u00e1xima resistencia al desgaste. Cada bomba de aceite Melling se prueba individualmente para la presi\u00f3n y el flujo en condiciones que coinciden con las condiciones reales de funcionamiento de un motor.<\/p>\n<p>Con la bomba de aceite Melling M521, obtendr\u00e1 un producto que garantiza el m\u00e1ximo rendimiento y fiabilidad. Deposite su confianza en Melling, un fabricante de renombre con muchos a\u00f1os de experiencia en la industria del autom\u00f3vil.<\/p>\n<p>La bomba de aceite M521 es una pieza de recambio est\u00e1ndar con volumen y presi\u00f3n est\u00e1ndar. Fabricada en aluminio, se suministra con una junta. Ideal para el mantenimiento y la reparaci\u00f3n de veh\u00edculos.<\/p>\n<p>&nbsp;<\/p>\n<p><strong>N\u00fameros de comparaci\u00f3n:<\/strong> <span class=\"list-value\">4663844AF, 4663844BA, 68194155AA<\/span>, <span class=\"list-value sku-display\">68194155AB<\/span><\/p>\n<p>&nbsp;<\/p>\n<p><strong>Adecuado para:<\/strong><\/p>\n<table width=\"826\">\n<tbody>\n<tr>\n<td width=\"82\"><strong>A\u00f1o de construcci\u00f3n<\/strong><\/td>\n<td width=\"82\"><strong>Marca<\/strong><\/td>\n<td width=\"124\"><strong>Modelo<\/strong><\/td>\n<td width=\"334\"><strong>Versi\u00f3n<\/strong><\/td>\n<td width=\"204\"><strong>Motor<\/strong><\/td>\n<\/tr>\n<tr>\n<td width=\"82\">2011<\/td>\n<td width=\"82\">Dodge<\/td>\n<td width=\"124\">Nitro<\/td>\n<td width=\"334\">Detonator, Heat, SXT, Shock<\/td>\n<td width=\"204\">4.0L<\/td>\n<\/tr>\n<tr>\n<td width=\"82\">2010<\/td>\n<td width=\"82\">Chrysler<\/td>\n<td width=\"124\">300<\/td>\n<td width=\"334\">Limited, S, Touring<\/td>\n<td width=\"204\">3.5L<\/td>\n<\/tr>\n<tr>\n<td width=\"82\">2010<\/td>\n<td width=\"82\">Chrysler<\/td>\n<td width=\"124\">Sebring<\/td>\n<td width=\"334\">Limited<\/td>\n<td width=\"204\">3.5L<\/td>\n<\/tr>\n<tr>\n<td width=\"82\">2010<\/td>\n<td width=\"82\">Chrysler<\/td>\n<td width=\"124\">Town &amp; Country<\/td>\n<td width=\"334\">Limited, Touring, Touring Plus<\/td>\n<td width=\"204\">4.0L<\/td>\n<\/tr>\n<tr>\n<td width=\"82\">2010<\/td>\n<td width=\"82\">Dodge<\/td>\n<td width=\"124\">Avenger<\/td>\n<td width=\"334\">R\/T<\/td>\n<td width=\"204\">3.5L<\/td>\n<\/tr>\n<tr>\n<td width=\"82\">2010<\/td>\n<td width=\"82\">Dodge<\/td>\n<td width=\"124\">Challenger<\/td>\n<td width=\"334\">SE<\/td>\n<td width=\"204\">3.5L<\/td>\n<\/tr>\n<tr>\n<td width=\"82\">2010<\/td>\n<td width=\"82\">Dodge<\/td>\n<td width=\"124\">Charger<\/td>\n<td width=\"334\">Pursuit, SE, SXT<\/td>\n<td width=\"204\">3.5L<\/td>\n<\/tr>\n<tr>\n<td width=\"82\">2010<\/td>\n<td width=\"82\">Dodge<\/td>\n<td width=\"124\">Gran Caravana<\/td>\n<td width=\"334\">SXT<\/td>\n<td width=\"204\">4.0L<\/td>\n<\/tr>\n<tr>\n<td width=\"82\">2010<\/td>\n<td width=\"82\">Dodge<\/td>\n<td width=\"124\">Journey<\/td>\n<td width=\"334\">Crew, R\/T, SXT<\/td>\n<td width=\"204\">3.5L<\/td>\n<\/tr>\n<tr>\n<td width=\"82\">2010<\/td>\n<td width=\"82\">Dodge<\/td>\n<td width=\"124\">Nitro<\/td>\n<td width=\"334\">Detonator, Heat, SXT, Shock<\/td>\n<td width=\"204\">4.0L<\/td>\n<\/tr>\n<tr>\n<td width=\"82\">2009<\/td>\n<td width=\"82\">Chrysler<\/td>\n<td width=\"124\">300<\/td>\n<td width=\"334\">Limited, Signature Series, Touring<\/td>\n<td width=\"204\">3.5L<\/td>\n<\/tr>\n<tr>\n<td width=\"82\">2009<\/td>\n<td width=\"82\">Chrysler<\/td>\n<td width=\"124\">Sebring<\/td>\n<td width=\"334\">Limited<\/td>\n<td width=\"204\">3.5L<\/td>\n<\/tr>\n<tr>\n<td width=\"82\">2009<\/td>\n<td width=\"82\">Chrysler<\/td>\n<td width=\"124\">Town &amp; Country<\/td>\n<td width=\"334\">Limited, Touring<\/td>\n<td width=\"204\">4.0L<\/td>\n<\/tr>\n<tr>\n<td width=\"82\">2009<\/td>\n<td width=\"82\">Dodge<\/td>\n<td width=\"124\">Avenger<\/td>\n<td width=\"334\">R\/T<\/td>\n<td width=\"204\">3.5L<\/td>\n<\/tr>\n<tr>\n<td width=\"82\">2009<\/td>\n<td width=\"82\">Dodge<\/td>\n<td width=\"124\">Challenger<\/td>\n<td width=\"334\">SE<\/td>\n<td width=\"204\">3.5L<\/td>\n<\/tr>\n<tr>\n<td width=\"82\">2009<\/td>\n<td width=\"82\">Dodge<\/td>\n<td width=\"124\">Charger<\/td>\n<td width=\"334\">Pursuit, SE, SXT<\/td>\n<td width=\"204\">3.5L<\/td>\n<\/tr>\n<tr>\n<td width=\"82\">2009<\/td>\n<td width=\"82\">Dodge<\/td>\n<td width=\"124\">Gran Caravana<\/td>\n<td width=\"334\">SXT<\/td>\n<td width=\"204\">4.0L<\/td>\n<\/tr>\n<tr>\n<td width=\"82\">2009<\/td>\n<td width=\"82\">Dodge<\/td>\n<td width=\"124\">Journey<\/td>\n<td width=\"334\">R\/T, SXT<\/td>\n<td width=\"204\">3.5L<\/td>\n<\/tr>\n<tr>\n<td width=\"82\">2009<\/td>\n<td width=\"82\">Dodge<\/td>\n<td width=\"124\">Nitro<\/td>\n<td width=\"334\">R\/T<\/td>\n<td width=\"204\">4.0L<\/td>\n<\/tr>\n<tr>\n<td width=\"82\">2008<\/td>\n<td width=\"82\">Chrysler<\/td>\n<td width=\"124\">300<\/td>\n<td width=\"334\">LX, Limited, Touring<\/td>\n<td width=\"204\">2.7L, 3.5L<\/td>\n<\/tr>\n<tr>\n<td width=\"82\">2008<\/td>\n<td width=\"82\">Chrysler<\/td>\n<td width=\"124\">Pacifica<\/td>\n<td width=\"334\">LX, Limited, Touring<\/td>\n<td width=\"204\">4.0L<\/td>\n<\/tr>\n<tr>\n<td width=\"82\">2008<\/td>\n<td width=\"82\">Chrysler<\/td>\n<td width=\"124\">Sebring<\/td>\n<td width=\"334\">Limited<\/td>\n<td width=\"204\">3.5L<\/td>\n<\/tr>\n<tr>\n<td width=\"82\">2008<\/td>\n<td width=\"82\">Chrysler<\/td>\n<td width=\"124\">Town &amp; Country<\/td>\n<td width=\"334\">Limited<\/td>\n<td width=\"204\">4.0L<\/td>\n<\/tr>\n<tr>\n<td width=\"82\">2008<\/td>\n<td width=\"82\">Dodge<\/td>\n<td width=\"124\">Avenger<\/td>\n<td width=\"334\">R\/T<\/td>\n<td width=\"204\">3.5L<\/td>\n<\/tr>\n<tr>\n<td width=\"82\">2008<\/td>\n<td width=\"82\">Dodge<\/td>\n<td width=\"124\">Charger<\/td>\n<td width=\"334\">Pursuit, SE, SXT<\/td>\n<td width=\"204\">2.7L, 3.5L<\/td>\n<\/tr>\n<tr>\n<td width=\"82\">2008<\/td>\n<td width=\"82\">Dodge<\/td>\n<td width=\"124\">Gran Caravana<\/td>\n<td width=\"334\">SXT<\/td>\n<td width=\"204\">4.0L<\/td>\n<\/tr>\n<tr>\n<td width=\"82\">2008<\/td>\n<td width=\"82\">Dodge<\/td>\n<td width=\"124\">Magnum<\/td>\n<td width=\"334\">SE, SXT<\/td>\n<td width=\"204\">2.7L, 3.5L<\/td>\n<\/tr>\n<tr>\n<td width=\"82\">2008<\/td>\n<td width=\"82\">Dodge<\/td>\n<td width=\"124\">Nitro<\/td>\n<td width=\"334\">R\/T<\/td>\n<td width=\"204\">4.0L<\/td>\n<\/tr>\n<tr>\n<td width=\"82\">2007<\/td>\n<td width=\"82\">Chrysler<\/td>\n<td width=\"124\">300<\/td>\n<td width=\"334\">Base, Limited, Touring<\/td>\n<td width=\"204\">2.7L, 3.5L<\/td>\n<\/tr>\n<tr>\n<td width=\"82\">2007<\/td>\n<td width=\"82\">Chrysler<\/td>\n<td width=\"124\">Pacifica<\/td>\n<td width=\"334\">Base, Limited, Touring<\/td>\n<td width=\"204\">4.0L<\/td>\n<\/tr>\n<tr>\n<td width=\"82\">2007<\/td>\n<td width=\"82\">Chrysler<\/td>\n<td width=\"124\">Sebring<\/td>\n<td width=\"334\">Limited<\/td>\n<td width=\"204\">3.5L<\/td>\n<\/tr>\n<tr>\n<td width=\"82\">2007<\/td>\n<td width=\"82\">Dodge<\/td>\n<td width=\"124\">Charger<\/td>\n<td width=\"334\">Pursuit, SE, SXT<\/td>\n<td width=\"204\">2.7L, 3.5L<\/td>\n<\/tr>\n<tr>\n<td width=\"82\">2007<\/td>\n<td width=\"82\">Dodge<\/td>\n<td width=\"124\">Magnum<\/td>\n<td width=\"334\">SE, SXT<\/td>\n<td width=\"204\">2.7L, 3.5L<\/td>\n<\/tr>\n<tr>\n<td width=\"82\">2007<\/td>\n<td width=\"82\">Dodge<\/td>\n<td width=\"124\">Nitro<\/td>\n<td width=\"334\">R\/T<\/td>\n<td width=\"204\">4.0L<\/td>\n<\/tr>\n<\/tbody>\n<\/table>\n<p>&nbsp;<\/p>","protected":false},"excerpt":{"rendered":"<p>2007-2011<\/p>","protected":false},"featured_media":68315126,"comment_status":"open","ping_status":"closed","template":"","meta":{"_acf_changed":false},"product_brand":[],"product_cat":[10262,1554,1421,1437,2725,1594,2651,1707],"product_tag":[18753,18754,52,18749,18750,18751,18752,15239,54,53,48,13125,15276,15277,536,15266,15278,15267,15279,15268,15280,49,10613,15281,15269,3853,15282,15270,3854,15283,15271,13618,15284,15272,13738,15285,15273,15274,13649,15286,15275,63,50,4425,678,10612,55,6440,15264,15265,680,67,127,64,682,38],"class_list":{"0":"post-68315123","1":"product","2":"type-product","3":"status-publish","4":"has-post-thumbnail","6":"product_cat-alle-produkte","7":"product_cat-300c-35-motor","8":"product_cat-pacifica-motor","9":"product_cat-sebring-motor","10":"product_cat-challenger-35-motor","11":"product_cat-charger-35-motor","12":"product_cat-dodge-journey-motor","13":"product_cat-magnum-35-motor","14":"product_tag-04663844af","15":"product_tag-04663844ba","16":"product_tag-300c","17":"product_tag-4663844af","18":"product_tag-4663844ba","19":"product_tag-68194155aa","20":"product_tag-68194155ab","21":"product_tag-6pk2450","22":"product_tag-challenger","23":"product_tag-charger","24":"product_tag-chrysler","25":"product_tag-chrysler-300","26":"product_tag-chrysler-300-2-7","27":"product_tag-chrysler-300-3-5","28":"product_tag-chrysler-300c","29":"product_tag-chrysler-300c-oelpumpe","30":"product_tag-chrysler-pacifica-4-0","31":"product_tag-chrysler-pacifica-oelpumpe","32":"product_tag-chrysler-sebring-3-5","33":"product_tag-chrysler-sebring-oelpumpe","34":"product_tag-chrysler-town-country-4-0","35":"product_tag-dodge","36":"product_tag-dodge-avenger","37":"product_tag-dodge-avenger-3-5","38":"product_tag-dodge-avenger-oelpumpe","39":"product_tag-dodge-challenger","40":"product_tag-dodge-challenger-3-5","41":"product_tag-dodge-challenger-oelpumpe","42":"product_tag-dodge-charger","43":"product_tag-dodge-charger-3-5","44":"product_tag-dodge-charger-oelpumpe","45":"product_tag-dodge-grand-caravan","46":"product_tag-dodge-grand-caravan-4-0","47":"product_tag-dodge-grand-caravan-oelpumpe","48":"product_tag-dodge-journey","49":"product_tag-dodge-journey-3-5","50":"product_tag-dodge-journey-oelpumpe","51":"product_tag-dodge-magnum-oelpumpe","52":"product_tag-dodge-nitro","53":"product_tag-dodge-nitro-4-0","54":"product_tag-dodge-nitro-oelpumpe","55":"product_tag-ersatzteile","56":"product_tag-jeep","57":"product_tag-jeep-grand-cherokee","58":"product_tag-journey","59":"product_tag-m521","60":"product_tag-magnum","61":"product_tag-melling","62":"product_tag-melling-m521","63":"product_tag-melling-oelpumpe","64":"product_tag-nitro","65":"product_tag-oelpumpe","66":"product_tag-pacifica","67":"product_tag-reparatur","68":"product_tag-sebring","69":"product_tag-teile","71":"first","72":"instock","73":"taxable","74":"shipping-taxable","75":"purchasable","76":"product-type-simple"},"bundled_by":[],"bundle_stock_status":"instock","bundle_stock_quantity":1,"bundle_virtual":false,"bundle_layout":"","bundle_add_to_cart_form_location":"","bundle_editable_in_cart":false,"bundle_sold_individually_context":"","bundle_item_grouping":"","bundle_min_size":"","bundle_max_size":"","bundle_price":[],"bundled_items":[],"bundle_sell_ids":[],"exclude_global_add_ons":[],"addons":[],"acf":[],"_links":{"self":[{"href":"https:\/\/kraftwerk-shop.cc\/es\/wp-json\/wp\/v2\/product\/68315123","targetHints":{"allow":["GET"]}}],"collection":[{"href":"https:\/\/kraftwerk-shop.cc\/es\/wp-json\/wp\/v2\/product"}],"about":[{"href":"https:\/\/kraftwerk-shop.cc\/es\/wp-json\/wp\/v2\/types\/product"}],"replies":[{"embeddable":true,"href":"https:\/\/kraftwerk-shop.cc\/es\/wp-json\/wp\/v2\/comments?post=68315123"}],"version-history":[{"count":0,"href":"https:\/\/kraftwerk-shop.cc\/es\/wp-json\/wp\/v2\/product\/68315123\/revisions"}],"wp:featuredmedia":[{"embeddable":true,"href":"https:\/\/kraftwerk-shop.cc\/es\/wp-json\/wp\/v2\/media\/68315126"}],"wp:attachment":[{"href":"https:\/\/kraftwerk-shop.cc\/es\/wp-json\/wp\/v2\/media?parent=68315123"}],"wp:term":[{"taxonomy":"product_brand","embeddable":true,"href":"https:\/\/kraftwerk-shop.cc\/es\/wp-json\/wp\/v2\/product_brand?post=68315123"},{"taxonomy":"product_cat","embeddable":true,"href":"https:\/\/kraftwerk-shop.cc\/es\/wp-json\/wp\/v2\/product_cat?post=68315123"},{"taxonomy":"product_tag","embeddable":true,"href":"https:\/\/kraftwerk-shop.cc\/es\/wp-json\/wp\/v2\/product_tag?post=68315123"}],"curies":[{"name":"wp","href":"https:\/\/api.w.org\/{rel}","templated":true}]}}