{"id":68315140,"date":"2025-02-08T18:15:35","date_gmt":"2025-02-08T17:15:35","guid":{"rendered":"https:\/\/kraftwerk-shop.cc\/?post_type=product&#038;p=68315140"},"modified":"2026-02-15T01:17:39","modified_gmt":"2026-02-15T00:17:39","slug":"junta-mopar-agr-53032212aa","status":"publish","type":"product","link":"https:\/\/kraftwerk-shop.cc\/es\/produkt\/mopar-dichtung-agr-53032212aa\/","title":{"rendered":"Junta v\u00e1lvula EGR Mopar 5.7 (53032212AA)"},"content":{"rendered":"<h1>Junta de v\u00e1lvula EGR Mopar (53032212AA) para Chrysler, Dodge y Jeep 4.7 y 5.7 de 2004 a 2008<\/h1>\n<p>&nbsp;<\/p>\n<p><span lang=\"DE\"><strong>N\u00famero de pieza Mopar:<\/strong> <span class=\"list-value sku-display\">53032212AA<\/span><br \/>\n<\/span><\/p>\n<p>&nbsp;<\/p>\n<p><strong>Adecuado para:<\/strong><\/p>\n<table width=\"1004\">\n<tbody>\n<tr>\n<td width=\"82\"><strong>A\u00f1o de construcci\u00f3n<\/strong><\/td>\n<td width=\"82\"><strong>Marca<\/strong><\/td>\n<td width=\"124\"><strong>Modelo<\/strong><\/td>\n<td width=\"512\"><strong>Versi\u00f3n<\/strong><\/td>\n<td width=\"204\"><strong>Motor<\/strong><\/td>\n<\/tr>\n<tr>\n<td width=\"82\">2008<\/td>\n<td width=\"82\">Chrysler<\/td>\n<td width=\"124\">300<\/td>\n<td width=\"512\">C<\/td>\n<td width=\"204\">5.7L<\/td>\n<\/tr>\n<tr>\n<td width=\"82\">2008<\/td>\n<td width=\"82\">Chrysler<\/td>\n<td width=\"124\">Aspen<\/td>\n<td width=\"512\">Limited<\/td>\n<td width=\"204\">4.7L V8 - Flex, 4.7L, 5.7L<\/td>\n<\/tr>\n<tr>\n<td width=\"82\">2008<\/td>\n<td width=\"82\">Dodge<\/td>\n<td width=\"124\">Charger<\/td>\n<td width=\"512\">Pursuit, R\/T, SE<\/td>\n<td width=\"204\">5.7L<\/td>\n<\/tr>\n<tr>\n<td width=\"82\">2008<\/td>\n<td width=\"82\">Dodge<\/td>\n<td width=\"124\">Durango<\/td>\n<td width=\"512\">Adventurer, Limited, SLT, SXT<\/td>\n<td width=\"204\">4.7L V8 - Flex, 4.7L, 5.7L<\/td>\n<\/tr>\n<tr>\n<td width=\"82\">2008<\/td>\n<td width=\"82\">Dodge<\/td>\n<td width=\"124\">Magnum<\/td>\n<td width=\"512\">R\/T<\/td>\n<td width=\"204\">5.7L<\/td>\n<\/tr>\n<tr>\n<td width=\"82\">2008<\/td>\n<td width=\"82\">Dodge<\/td>\n<td width=\"124\">Ram 1500<\/td>\n<td width=\"512\">Laramie, SLT, ST<\/td>\n<td width=\"204\">4.7L V8 - Flex, 4.7L, 5.7L<\/td>\n<\/tr>\n<tr>\n<td width=\"82\">2008<\/td>\n<td width=\"82\">Jeep<\/td>\n<td width=\"124\">Commander<\/td>\n<td width=\"512\">Limited, Overland, Sport<\/td>\n<td width=\"204\">4.7L V8 - Flex, 4.7L, 5.7L<\/td>\n<\/tr>\n<tr>\n<td width=\"82\">2008<\/td>\n<td width=\"82\">Jeep<\/td>\n<td width=\"124\">Grand Cherokee<\/td>\n<td width=\"512\">Laredo, Limited, Overland, SRT8<\/td>\n<td width=\"204\">4.7L V8 - Flex, 4.7L, 5.7L, 6.1L<\/td>\n<\/tr>\n<tr>\n<td width=\"82\">2007<\/td>\n<td width=\"82\">Chrysler<\/td>\n<td width=\"124\">300<\/td>\n<td width=\"512\">C<\/td>\n<td width=\"204\">5.7L<\/td>\n<\/tr>\n<tr>\n<td width=\"82\">2007<\/td>\n<td width=\"82\">Chrysler<\/td>\n<td width=\"124\">Aspen<\/td>\n<td width=\"512\">Limited<\/td>\n<td width=\"204\">5.7L<\/td>\n<\/tr>\n<tr>\n<td width=\"82\">2007<\/td>\n<td width=\"82\">Dodge<\/td>\n<td width=\"124\">Charger<\/td>\n<td width=\"512\">Pursuit, R\/T<\/td>\n<td width=\"204\">5.7L<\/td>\n<\/tr>\n<tr>\n<td width=\"82\">2007<\/td>\n<td width=\"82\">Dodge<\/td>\n<td width=\"124\">Durango<\/td>\n<td width=\"512\">Adventurer, Limited, SLT, SXT<\/td>\n<td width=\"204\">5.7L<\/td>\n<\/tr>\n<tr>\n<td width=\"82\">2007<\/td>\n<td width=\"82\">Dodge<\/td>\n<td width=\"124\">Magnum<\/td>\n<td width=\"512\">R\/T<\/td>\n<td width=\"204\">5.7L<\/td>\n<\/tr>\n<tr>\n<td width=\"82\">2007<\/td>\n<td width=\"82\">Dodge<\/td>\n<td width=\"124\">Ram 1500<\/td>\n<td width=\"512\">Laramie, SLT, ST, Sport, TRX4<\/td>\n<td width=\"204\">5.7L<\/td>\n<\/tr>\n<tr>\n<td width=\"82\">2007<\/td>\n<td width=\"82\">Jeep<\/td>\n<td width=\"124\">Commander<\/td>\n<td width=\"512\">Limited, Overland<\/td>\n<td width=\"204\">5.7L<\/td>\n<\/tr>\n<tr>\n<td width=\"82\">2007<\/td>\n<td width=\"82\">Jeep<\/td>\n<td width=\"124\">Grand Cherokee<\/td>\n<td width=\"512\">Limited, Overland<\/td>\n<td width=\"204\">5.7L<\/td>\n<\/tr>\n<tr>\n<td width=\"82\">2006<\/td>\n<td width=\"82\">Chrysler<\/td>\n<td width=\"124\">300<\/td>\n<td width=\"512\">C<\/td>\n<td width=\"204\">5.7L<\/td>\n<\/tr>\n<tr>\n<td width=\"82\">2006<\/td>\n<td width=\"82\">Dodge<\/td>\n<td width=\"124\">Charger<\/td>\n<td width=\"512\">R\/T<\/td>\n<td width=\"204\">5.7L<\/td>\n<\/tr>\n<tr>\n<td width=\"82\">2006<\/td>\n<td width=\"82\">Dodge<\/td>\n<td width=\"124\">Durango<\/td>\n<td width=\"512\">Limited, SLT<\/td>\n<td width=\"204\">5.7L<\/td>\n<\/tr>\n<tr>\n<td width=\"82\">2006<\/td>\n<td width=\"82\">Dodge<\/td>\n<td width=\"124\">Magnum<\/td>\n<td width=\"512\">R\/T<\/td>\n<td width=\"204\">5.7L<\/td>\n<\/tr>\n<tr>\n<td width=\"82\">2006<\/td>\n<td width=\"82\">Dodge<\/td>\n<td width=\"124\">Ram 1500<\/td>\n<td width=\"512\">Laramie, SLT, ST<\/td>\n<td width=\"204\">5.7L<\/td>\n<\/tr>\n<tr>\n<td width=\"82\">2006<\/td>\n<td width=\"82\">Jeep<\/td>\n<td width=\"124\">Commander<\/td>\n<td width=\"512\">Limited<\/td>\n<td width=\"204\">5.7L<\/td>\n<\/tr>\n<tr>\n<td width=\"82\">2006<\/td>\n<td width=\"82\">Jeep<\/td>\n<td width=\"124\">Grand Cherokee<\/td>\n<td width=\"512\">Limited, Overland<\/td>\n<td width=\"204\">5.7L<\/td>\n<\/tr>\n<tr>\n<td width=\"82\">2005<\/td>\n<td width=\"82\">Chrysler<\/td>\n<td width=\"124\">300<\/td>\n<td width=\"512\">C<\/td>\n<td width=\"204\">5.7L<\/td>\n<\/tr>\n<tr>\n<td width=\"82\">2005<\/td>\n<td width=\"82\">Dodge<\/td>\n<td width=\"124\">Durango<\/td>\n<td width=\"512\">Limited, SLT<\/td>\n<td width=\"204\">5.7L<\/td>\n<\/tr>\n<tr>\n<td width=\"82\">2005<\/td>\n<td width=\"82\">Dodge<\/td>\n<td width=\"124\">Magnum<\/td>\n<td width=\"512\">R\/T<\/td>\n<td width=\"204\">5.7L<\/td>\n<\/tr>\n<tr>\n<td width=\"82\">2005<\/td>\n<td width=\"82\">Dodge<\/td>\n<td width=\"124\">Ram 1500<\/td>\n<td width=\"512\">SLT, ST<\/td>\n<td width=\"204\">5.7L<\/td>\n<\/tr>\n<tr>\n<td width=\"82\">2005<\/td>\n<td width=\"82\">Jeep<\/td>\n<td width=\"124\">Grand Cherokee<\/td>\n<td width=\"512\">Limited<\/td>\n<td width=\"204\">5.7L<\/td>\n<\/tr>\n<tr>\n<td width=\"82\">2004<\/td>\n<td width=\"82\">Dodge<\/td>\n<td width=\"124\">Durango<\/td>\n<td width=\"512\">Limited, SLT<\/td>\n<td width=\"204\">5.7L<\/td>\n<\/tr>\n<tr>\n<td width=\"82\">2004<\/td>\n<td width=\"82\">Dodge<\/td>\n<td width=\"124\">Ram 1500<\/td>\n<td width=\"512\">SLT, ST<\/td>\n<td width=\"204\">5.7L<\/td>\n<\/tr>\n<\/tbody>\n<\/table>\n<p>&nbsp;<\/p>\n<h4>\u00bfPor qu\u00e9 elegir recambios originales Mopar?<\/h4>\n<p><strong>Ajuste perfecto y calidad superior:<\/strong> Los recambios originales Mopar se fabrican siguiendo las estrictas especificaciones del fabricante, lo que significa que encajan perfectamente en su veh\u00edculo. Esto no solo garantiza una instalaci\u00f3n sencilla, sino tambi\u00e9n un funcionamiento y una seguridad \u00f3ptimos.<\/p>\n<p><strong>Fiabilidad y durabilidad:<\/strong> Mediante el uso de materiales de alta calidad y estrictos controles de calidad, los recambios Mopar garantizan que su veh\u00edculo funcione de forma fiable incluso en condiciones extremas. Est\u00e1n dise\u00f1ados para durar y maximizar el rendimiento de su veh\u00edculo.<\/p>\n<p>&nbsp;<\/p>\n<p>&nbsp;<\/p>","protected":false},"excerpt":{"rendered":"<p>2004-2008<\/p>","protected":false},"featured_media":68315145,"comment_status":"open","ping_status":"closed","template":"","meta":{"_acf_changed":false},"product_brand":[16270],"product_cat":[10262,6616,6710,7260,6607,6715,7315,6740,6613,7342,8094,7025,7363,7372,6628,6720,7392,7749,7764,7758],"product_tag":[14773,206,207,208,209,210,91,10614,10615,125,118,10311,571,7809,14774,14775,10530,14776,14777,10531,14778,14779,117,31,8813,9424,16271,16273,16275,16272,16274,7221,3507,14780,14781,6333,14782,14783,7666,14784,14785],"class_list":{"0":"post-68315140","1":"product","2":"type-product","3":"status-publish","4":"has-post-thumbnail","6":"product_brand-mopar","7":"product_cat-alle-produkte","8":"product_cat-300c-57-2005-2010-abgasanlage-dichtungen-hardware","9":"product_cat-300c-57-2005-2010-dichtungen-hardware","10":"product_cat-300c-57-2005-2010-elektrik-sonstiges","11":"product_cat-charger-57-abgasanlage-dichtungen-hardware","12":"product_cat-charger-57-dichtungen-hardware","13":"product_cat-charger-57-elektrik-sonstiges","14":"product_cat-durango-57-dichtungen-hardware","15":"product_cat-durango-57-abgasanlage-dichtungen-hardware","16":"product_cat-durango-57-elektrik-sonstiges","17":"product_cat-magnum-57-dichtungen-hardware","18":"product_cat-magnum-57-abgasanlage-dichtungen-hardware","19":"product_cat-magnum-57-elektrik-sonstiges","20":"product_cat-commander-elektrik-sonstiges","21":"product_cat-grand-cherokee-57-2005-2010-dichtungen-hardware","22":"product_cat-jeep-grand-cherokee-5-7-2005-2010-dichtungen-hardware","23":"product_cat-grand-cherokee-57-2005-2010-elektrik-sonstiges","24":"product_cat-1500-57-2003-2008-abgasanlage-dichtungen-hardware","25":"product_cat-1500-57-2003-2008-dichtungen-hardware","26":"product_cat-1500-57-2003-2008-elektrik-sonstiges","27":"product_tag-053032212aa","28":"product_tag-206","29":"product_tag-207","30":"product_tag-208","31":"product_tag-209","32":"product_tag-210","33":"product_tag-5-7","34":"product_tag-53032212aa","35":"product_tag-10615","36":"product_tag-abgasrueckfuehrung","37":"product_tag-agr","38":"product_tag-agr-ventil","39":"product_tag-dichtung","40":"product_tag-dodge-ram-1500","41":"product_tag-dodge-ram-1500-dichtung-agr","42":"product_tag-dodge-ram-1500-mopar-dichtung-agr","43":"product_tag-dodge-ram-2500","44":"product_tag-dodge-ram-2500-dichtung-agr","45":"product_tag-dodge-ram-2500-mopar-dichtung-agr","46":"product_tag-dodge-ram-3500","47":"product_tag-dodge-ram-3500-dichtung-agr","48":"product_tag-dodge-ram-3500-mopar-dichtung-agr","49":"product_tag-egr","50":"product_tag-mopar","51":"product_tag-mopar-autoteile","52":"product_tag-mopar-ersatzteile","53":"product_tag-mopar-ersatzteile-kaufen","54":"product_tag-mopar-performance-teile","55":"product_tag-mopar-teile-katalog","56":"product_tag-mopar-teile-online","57":"product_tag-mopar-tuningteile","58":"product_tag-mopar10","59":"product_tag-ram1500","60":"product_tag-ram-1500-dichtung-agr","61":"product_tag-ram-1500-mopar-dichtung-agr","62":"product_tag-ram-2500","63":"product_tag-ram-2500-dichtung-agr","64":"product_tag-ram-2500-mopar-dichtung-agr","65":"product_tag-ram-3500","66":"product_tag-ram-3500-dichtung-agr","67":"product_tag-ram-3500-mopar-dichtung-agr","69":"first","70":"instock","71":"taxable","72":"shipping-taxable","73":"purchasable","74":"product-type-simple"},"bundled_by":[],"bundle_stock_status":"instock","bundle_stock_quantity":1,"bundle_virtual":false,"bundle_layout":"","bundle_add_to_cart_form_location":"","bundle_editable_in_cart":false,"bundle_sold_individually_context":"","bundle_item_grouping":"","bundle_min_size":"","bundle_max_size":"","bundle_price":[],"bundled_items":[],"bundle_sell_ids":[],"exclude_global_add_ons":[],"addons":[],"acf":[],"_links":{"self":[{"href":"https:\/\/kraftwerk-shop.cc\/es\/wp-json\/wp\/v2\/product\/68315140","targetHints":{"allow":["GET"]}}],"collection":[{"href":"https:\/\/kraftwerk-shop.cc\/es\/wp-json\/wp\/v2\/product"}],"about":[{"href":"https:\/\/kraftwerk-shop.cc\/es\/wp-json\/wp\/v2\/types\/product"}],"replies":[{"embeddable":true,"href":"https:\/\/kraftwerk-shop.cc\/es\/wp-json\/wp\/v2\/comments?post=68315140"}],"version-history":[{"count":0,"href":"https:\/\/kraftwerk-shop.cc\/es\/wp-json\/wp\/v2\/product\/68315140\/revisions"}],"wp:featuredmedia":[{"embeddable":true,"href":"https:\/\/kraftwerk-shop.cc\/es\/wp-json\/wp\/v2\/media\/68315145"}],"wp:attachment":[{"href":"https:\/\/kraftwerk-shop.cc\/es\/wp-json\/wp\/v2\/media?parent=68315140"}],"wp:term":[{"taxonomy":"product_brand","embeddable":true,"href":"https:\/\/kraftwerk-shop.cc\/es\/wp-json\/wp\/v2\/product_brand?post=68315140"},{"taxonomy":"product_cat","embeddable":true,"href":"https:\/\/kraftwerk-shop.cc\/es\/wp-json\/wp\/v2\/product_cat?post=68315140"},{"taxonomy":"product_tag","embeddable":true,"href":"https:\/\/kraftwerk-shop.cc\/es\/wp-json\/wp\/v2\/product_tag?post=68315140"}],"curies":[{"name":"wp","href":"https:\/\/api.w.org\/{rel}","templated":true}]}}