{"id":68315184,"date":"2025-02-09T00:10:21","date_gmt":"2025-02-08T23:10:21","guid":{"rendered":"https:\/\/kraftwerk-shop.cc\/?post_type=product&#038;p=68315184"},"modified":"2026-02-15T01:17:42","modified_gmt":"2026-02-15T00:17:42","slug":"mishimoto-enfriador-de-aluminio-ram-cummins","status":"publish","type":"product","link":"https:\/\/kraftwerk-shop.cc\/es\/produkt\/mishimoto-aluminiumkuehler-ram-cummins\/","title":{"rendered":"Radiador de aluminio Mishimoto RAM 6.7 Cummins"},"content":{"rendered":"<h1 data-pm-slice=\"1 1 []\"><strong>Radiador de aluminio Mishimoto para 2019+ RAM 6.7L Cummins<br \/>\n<\/strong><\/h1>\n<p>&nbsp;<\/p>\n<h4>M\u00e1ximo rendimiento de refrigeraci\u00f3n, m\u00e1xima calidad y durabilidad sin igual para su cami\u00f3n RAM<\/h4>\n<p data-pm-slice=\"1 1 []\">En <strong>Radiador de aluminio Mishimoto <\/strong>para la <strong>2019 RAM 6.7L Cummins<\/strong> es una soluci\u00f3n de refrigeraci\u00f3n de alto rendimiento que se ha desarrollado especialmente para las elevadas exigencias de los potentes sistemas de motores di\u00e9sel. Establece nuevos est\u00e1ndares en t\u00e9rminos de disipaci\u00f3n de calor, durabilidad y eficiencia de refrigeraci\u00f3n. Tanto si utiliza su cami\u00f3n RAM para circular por carretera como para aventuras todoterreno o condiciones de trabajo exigentes, este refrigerador de alto rendimiento garantiza una temperatura de funcionamiento \u00f3ptima y protege su motor contra el sobrecalentamiento.<\/p>\n<p>Debido a su <strong>Construcci\u00f3n totalmente de aluminio<\/strong> ofrece un rendimiento de refrigeraci\u00f3n mejorado en comparaci\u00f3n con el radiador est\u00e1ndar de pl\u00e1stico y aluminio, y tambi\u00e9n es mucho m\u00e1s resistente a la corrosi\u00f3n y a las tensiones mec\u00e1nicas. El dise\u00f1o fabricado con precisi\u00f3n garantiza <strong>Ajuste OEM directo<\/strong>para que la instalaci\u00f3n pueda realizarse f\u00e1cilmente y sin modificaciones.<\/p>\n<p>La legendaria fiabilidad y rendimiento del 6.7L Cummins en el Ram Dodge lo ha convertido en uno de los camiones m\u00e1s populares del mundo cuando se trata de hacer el trabajo duro. Pero cada leyenda tiene sus debilidades - y en el Ram Dodge, el radiador original es una de ellas. Los dep\u00f3sitos de pl\u00e1stico del radiador original de la Ram tienden a agrietarse y a tener fugas con el tiempo. En combinaci\u00f3n con la carga adicional y el alto desarrollo de calor causado por tirar de cargas pesadas, esto crea un verdadero problema.<\/p>\n<p>El radiador de aluminio Mishimoto RAM 6.7 Cummins es la actualizaci\u00f3n perfecta para su Cummins-Ram. Con su construcci\u00f3n totalmente de aluminio y soldado TIG, el radiador ofrece una soluci\u00f3n robusta para su veh\u00edculo. Con una capacidad de fluido 28 % mayor, puede aumentar el rendimiento de su cami\u00f3n sin preocuparse por el sobrecalentamiento. El radiador Mishimoto est\u00e1 dise\u00f1ado espec\u00edficamente para la Ram 2500\/3500 2019+ para un ajuste y funcionalidad \u00f3ptimos. Disfruta de la calidad y fiabilidad del radiador de aluminio Mishimoto para tu RAM Cummins.<\/p>\n<p>&nbsp;<\/p>\n<h2 data-pm-slice=\"1 3 []\"><strong>Principales caracter\u00edsticas y ventajas<\/strong><\/h2>\n<p>&nbsp;<\/p>\n<h4><strong>1. mayor capacidad de refrigeraci\u00f3n gracias al n\u00facleo de aluminio<\/strong><\/h4>\n<p>El radiador Mishimoto tiene un <strong>N\u00facleo de aluminio de alto rendimiento<\/strong> con canales de refrigeraci\u00f3n sellados y aletas de refrigeraci\u00f3n optimizadas. Esto garantiza una mejora significativa de la <strong>Disipaci\u00f3n del calor<\/strong> en comparaci\u00f3n con el radiador est\u00e1ndar. Esto significa que<\/p>\n<ul>\n<li><strong>Refrigeraci\u00f3n del motor m\u00e1s eficaz<\/strong>incluso con cargas pesadas o temperaturas extremas<\/li>\n<li><strong>Mayor vida \u00fatil del motor<\/strong>ya que est\u00e1 protegido por temperaturas de funcionamiento m\u00e1s estables<\/li>\n<li><strong>Reducci\u00f3n de la carga de la bomba de agua<\/strong>ya que la mejora del intercambio t\u00e9rmico requiere menos aporte energ\u00e9tico<\/li>\n<\/ul>\n<h4><\/h4>\n<p>&nbsp;<\/p>\n<h4><strong>2. Construcci\u00f3n de aluminio 100 % - Robusta y duradera<\/strong><\/h4>\n<p>Este radiador es de alta calidad, <strong>Aluminio totalmente soldado<\/strong> fabricado. Esto ofrece las siguientes ventajas:<\/p>\n<ul>\n<li><strong>Sin dep\u00f3sitos de pl\u00e1stico<\/strong> - en contraste con los radiadores est\u00e1ndar, que son susceptibles de grietas y fugas con conexiones de pl\u00e1stico<\/li>\n<li><strong>Mayor resistencia<\/strong> contra vibraciones, cambios de presi\u00f3n y cargas mec\u00e1nicas<\/li>\n<li><strong>Resistente a la corrosi\u00f3n<\/strong> - El aluminio resiste mejor que las piezas de pl\u00e1stico el desgaste qu\u00edmico provocado por los refrigerantes<\/li>\n<\/ul>\n<h4><\/h4>\n<p>&nbsp;<\/p>\n<h4><strong>3. mayor capacidad para una refrigeraci\u00f3n m\u00e1s eficaz<\/strong><\/h4>\n<p>A trav\u00e9s de la <strong>Mayor capacidad de refrigerante<\/strong> m\u00e1s calor puede ser absorbido y disipado eficientemente. Esto es especialmente importante para:<\/p>\n<ul>\n<li><strong>Cargas pesadas y manejo de remolques<\/strong>en los que el motor se ve especialmente afectado<\/li>\n<li><strong>Mejora y ajuste del rendimiento<\/strong>ya que los motores optimizados requieren una mejor refrigeraci\u00f3n<\/li>\n<li><strong>Zonas de clima c\u00e1lido<\/strong>donde las neveras est\u00e1ndar suelen llegar a sus l\u00edmites<\/li>\n<\/ul>\n<h4><\/h4>\n<p>&nbsp;<\/p>\n<h4><strong>4. perfecto ajuste OEM - f\u00e1cil instalaci\u00f3n<\/strong><\/h4>\n<p>El radiador de aluminio Mishimoto es <strong>Ajuste perfecto<\/strong> para la <strong>2019 RAM 6.7L Cummins<\/strong> se ha desarrollado. Esto significa que<\/p>\n<ul>\n<li><strong>Instalaci\u00f3n Plug &amp; Play<\/strong> sin ajustes ni modificaciones<\/li>\n<li><strong>Puntos de fijaci\u00f3n y conexiones adecuados<\/strong>que permiten sustituir sin complicaciones el radiador est\u00e1ndar<\/li>\n<li><strong>Compatibilidad con mangueras y conexiones de refrigerante OEM<\/strong><\/li>\n<\/ul>\n<h4><\/h4>\n<p>&nbsp;<\/p>\n<h4><strong>5. mejora del rendimiento y la eficiencia de la conducci\u00f3n<\/strong><\/h4>\n<p>Gracias a la refrigeraci\u00f3n optimizada, este radiador no s\u00f3lo mejora la vida \u00fatil del motor, sino que tambi\u00e9n tiene un efecto positivo en el rendimiento:<\/p>\n<ul>\n<li><strong>Temperaturas constantes incluso con cargas elevadas<\/strong> hacen que su carretilla RAM trabaje siempre con la m\u00e1xima eficiencia.<\/li>\n<li><strong>Menor carga t\u00e9rmica del motor<\/strong> garantiza una combusti\u00f3n m\u00e1s estable del combustible y un rendimiento constante.<\/li>\n<li><strong>Mayor vida \u00fatil de todo el sistema de refrigeraci\u00f3n<\/strong>ya que el refrigerante est\u00e1 sometido a menos tensiones.<\/li>\n<\/ul>\n<h4><\/h4>\n<p>&nbsp;<\/p>\n<h4><\/h4>\n<h4><strong>Propiedades<\/strong><\/h4>\n<p>\u2714 Ajuste directo para la Ram 6.7L Cummins 2019+.<br \/>\n\u2714 Aumenta la capacidad de l\u00edquido en 28 % para obtener la m\u00e1xima capacidad de refrigeraci\u00f3n<br \/>\n\u2714 Construcci\u00f3n robusta totalmente de aluminio con dep\u00f3sitos terminales y conexiones soldadas con TIG.<br \/>\n\u2714 Contiene enchufes de repuesto para enchufes viejos o desgastados.<br \/>\n\u2714 Tubos reforzados para una m\u00e1xima estabilidad y durabilidad<br \/>\nRejillas con entrada de aire para mejorar la disipaci\u00f3n del calor<\/p>\n<h4 data-pm-slice=\"1 3 []\"><\/h4>\n<h4 data-pm-slice=\"1 3 []\"><\/h4>\n<p>&nbsp;<\/p>\n<h4 data-pm-slice=\"1 3 []\"><strong>Datos t\u00e9cnicos<\/strong><\/h4>\n<ul>\n<li><strong>Material:<\/strong> 100 % Aluminio<\/li>\n<li><strong>Construcci\u00f3n del n\u00facleo:<\/strong> N\u00facleo de aluminio de alto rendimiento con aletas de refrigeraci\u00f3n optimizadas<\/li>\n<li><strong>Capacidad:<\/strong> Mayor capacidad de refrigerante en comparaci\u00f3n con el radiador OEM<\/li>\n<li><strong>En forma:<\/strong> Recambio directo OEM para 2019+ RAM 6.7L Cummins<\/li>\n<\/ul>\n<p>&nbsp;<\/p>\n<p>&nbsp;<\/p>\n<h4><strong>Adecuado para:<\/strong><\/h4>\n<table width=\"456\">\n<tbody>\n<tr>\n<td width=\"83\"><strong>A\u00f1o de construcci\u00f3n<\/strong><\/td>\n<td width=\"83\"><strong>Marca<\/strong><\/td>\n<td width=\"290\"><strong>Modelo<\/strong><\/td>\n<\/tr>\n<tr>\n<td width=\"83\">2024<\/td>\n<td width=\"83\">RAM<\/td>\n<td width=\"290\">2500 \/ 3500 6.7L Cummins<\/td>\n<\/tr>\n<tr>\n<td width=\"83\">2023<\/td>\n<td width=\"83\">RAM<\/td>\n<td width=\"290\">2500 \/ 3500 6.7L Cummins<\/td>\n<\/tr>\n<tr>\n<td width=\"83\">2022<\/td>\n<td width=\"83\">RAM<\/td>\n<td width=\"290\">2500 \/ 3500 6.7L Cummins<\/td>\n<\/tr>\n<tr>\n<td width=\"83\">2021<\/td>\n<td width=\"83\">RAM<\/td>\n<td width=\"290\">2500 \/ 3500 6.7L Cummins<\/td>\n<\/tr>\n<tr>\n<td width=\"83\">2020<\/td>\n<td width=\"83\">RAM<\/td>\n<td width=\"290\">2500 \/ 3500 6.7L Cummins<\/td>\n<\/tr>\n<tr>\n<td width=\"83\">2019<\/td>\n<td width=\"83\">RAM<\/td>\n<td width=\"290\">2500 \/ 3500 6.7L Cummins<\/td>\n<\/tr>\n<\/tbody>\n<\/table>\n<h4><strong><br \/>\nNotas<br \/>\n<\/strong><\/h4>\n<ul>\n<li>Contiene un <strong>tap\u00f3n de drenaje magn\u00e9tico<\/strong>que recoge los residuos met\u00e1licos y las part\u00edculas del sistema de refrigeraci\u00f3n<\/li>\n<li><strong>No compatible con modelos HO<\/strong><\/li>\n<li>El ajuste del n\u00facleo est\u00e1 dise\u00f1ado para un <strong>N\u00facleo del radiador de 34 pulgadas<\/strong> dise\u00f1ado; si su veh\u00edculo tiene un <strong>N\u00facleo de 39 pulgadas<\/strong> este refrigerador no es compatible<\/li>\n<\/ul>\n<p>&nbsp;<\/p>\n<p><iframe loading=\"lazy\" title=\"Instalaci\u00f3n radiador Mishimoto 2019+ Dodge RAM 6 7L Cummins\" width=\"500\" height=\"281\" src=\"https:\/\/www.youtube.com\/embed\/pbBsV231m5Q?feature=oembed\" frameborder=\"0\" allow=\"accelerometer; autoplay; clipboard-write; encrypted-media; gyroscope; picture-in-picture; web-share\" referrerpolicy=\"strict-origin-when-cross-origin\" allowfullscreen><\/iframe><\/p>\n<p>&nbsp;<\/p>","protected":false},"excerpt":{"rendered":"<p>2019-2024<\/p>","protected":false},"featured_media":68315190,"comment_status":"open","ping_status":"closed","template":"","meta":{"_acf_changed":false},"product_brand":[18924],"product_cat":[10262,2929],"product_tag":[419,420,2066,2373,4526,6297,7200,4533,7201,49,405,269,274,10627,4534,86,6333,7666,216,3736],"class_list":{"0":"post-68315184","1":"product","2":"type-product","3":"status-publish","4":"has-post-thumbnail","6":"product_brand-mishimoto","7":"product_cat-alle-produkte","8":"product_cat-67-cummins-kuehlung","9":"product_tag-419","10":"product_tag-420","11":"product_tag-2066","12":"product_tag-2373","13":"product_tag-4526","14":"product_tag-6297","15":"product_tag-6-7","16":"product_tag-aluminiumkuehler","17":"product_tag-cummins","18":"product_tag-dodge","19":"product_tag-kuehler","20":"product_tag-kuehlwasser","21":"product_tag-mishimoto","22":"product_tag-mmrad-ram-19","23":"product_tag-motorkuehler","24":"product_tag-ram","25":"product_tag-ram-2500","26":"product_tag-ram-3500","27":"product_tag-upgrade","28":"product_tag-wasserkuehler","29":"product_shipping_class-paket-l","31":"first","32":"onbackorder","33":"taxable","34":"shipping-taxable","35":"purchasable","36":"product-type-simple"},"bundled_by":[],"bundle_stock_status":"onbackorder","bundle_stock_quantity":0,"bundle_virtual":false,"bundle_layout":"","bundle_add_to_cart_form_location":"","bundle_editable_in_cart":false,"bundle_sold_individually_context":"","bundle_item_grouping":"","bundle_min_size":"","bundle_max_size":"","bundle_price":[],"bundled_items":[],"bundle_sell_ids":[],"exclude_global_add_ons":[],"addons":[],"acf":[],"_links":{"self":[{"href":"https:\/\/kraftwerk-shop.cc\/es\/wp-json\/wp\/v2\/product\/68315184","targetHints":{"allow":["GET"]}}],"collection":[{"href":"https:\/\/kraftwerk-shop.cc\/es\/wp-json\/wp\/v2\/product"}],"about":[{"href":"https:\/\/kraftwerk-shop.cc\/es\/wp-json\/wp\/v2\/types\/product"}],"replies":[{"embeddable":true,"href":"https:\/\/kraftwerk-shop.cc\/es\/wp-json\/wp\/v2\/comments?post=68315184"}],"version-history":[{"count":0,"href":"https:\/\/kraftwerk-shop.cc\/es\/wp-json\/wp\/v2\/product\/68315184\/revisions"}],"wp:featuredmedia":[{"embeddable":true,"href":"https:\/\/kraftwerk-shop.cc\/es\/wp-json\/wp\/v2\/media\/68315190"}],"wp:attachment":[{"href":"https:\/\/kraftwerk-shop.cc\/es\/wp-json\/wp\/v2\/media?parent=68315184"}],"wp:term":[{"taxonomy":"product_brand","embeddable":true,"href":"https:\/\/kraftwerk-shop.cc\/es\/wp-json\/wp\/v2\/product_brand?post=68315184"},{"taxonomy":"product_cat","embeddable":true,"href":"https:\/\/kraftwerk-shop.cc\/es\/wp-json\/wp\/v2\/product_cat?post=68315184"},{"taxonomy":"product_tag","embeddable":true,"href":"https:\/\/kraftwerk-shop.cc\/es\/wp-json\/wp\/v2\/product_tag?post=68315184"}],"curies":[{"name":"wp","href":"https:\/\/api.w.org\/{rel}","templated":true}]}}