{"id":68315210,"date":"2025-02-09T13:06:58","date_gmt":"2025-02-09T12:06:58","guid":{"rendered":"https:\/\/kraftwerk-shop.cc\/?post_type=product&#038;p=68315210"},"modified":"2026-02-15T01:17:54","modified_gmt":"2026-02-15T00:17:54","slug":"mishimoto-intercooler-ram-cummins","status":"publish","type":"product","link":"https:\/\/kraftwerk-shop.cc\/es\/produkt\/mishimoto-ladeluftkuehler-ram-cummins\/","title":{"rendered":"Mishimoto intercooler RAM 6.7 Cummins"},"content":{"rendered":"<h1 data-pm-slice=\"1 1 []\"><strong>Kit de intercooler Mishimoto Performance para Ram 6.7L Cummins (2019+)<\/strong><\/h1>\n<p>El kit de intercooler Mishimoto Performance de alta calidad fue especialmente desarrollado para el Ram 6.7L Cummins del a\u00f1o modelo 2019. Con un enfoque en la mejora de la capacidad de refrigeraci\u00f3n, la eficiencia y el rendimiento del motor, este kit ofrece resultados \u00f3ptimos. Con una disipaci\u00f3n de calor optimizada y un mayor volumen, el intercooler reduce significativamente las temperaturas de admisi\u00f3n. Esto conduce a un flujo de aire mejorado y, en \u00faltima instancia, a un aumento del rendimiento de su veh\u00edculo. Al mismo tiempo, se reduce la carga sobre el motor. Conf\u00ede en la tecnolog\u00eda innovadora de Mishimoto para obtener lo mejor de su RAM Cummins.<\/p>\n<p>&nbsp;<\/p>\n\n\t\t<style type=\"text\/css\">\n\t\t\t#gallery-1 {\n\t\t\t\tmargin: auto;\n\t\t\t}\n\t\t\t#gallery-1 .gallery-item {\n\t\t\t\tfloat: left;\n\t\t\t\tmargin-top: 10px;\n\t\t\t\ttext-align: center;\n\t\t\t\twidth: 33%;\n\t\t\t}\n\t\t\t#gallery-1 img {\n\t\t\t\tborder: 2px solid #cfcfcf;\n\t\t\t}\n\t\t\t#gallery-1 .gallery-caption {\n\t\t\t\tmargin-left: 0;\n\t\t\t}\n\t\t\t\/* see gallery_shortcode() in wp-includes\/media.php *\/\n\t\t<\/style>\n\t\t<div id='gallery-1' class='gallery galleryid-68315210 gallery-columns-3 gallery-size-full'><dl class='gallery-item'>\n\t\t\t<dt class='gallery-icon landscape'>\n\t\t\t\t<a href='https:\/\/kraftwerk-shop.cc\/es\/?attachment_id=68315250'><img decoding=\"async\" width=\"1000\" height=\"900\" src=\"https:\/\/kraftwerk-shop.cc\/wp-content\/uploads\/2025\/02\/Mishimoto_Intercooler_RAM_Cummins_1.webp\" class=\"attachment-full size-full\" alt=\"Mishimoto intercooler RAM 6.7 Cummins\" srcset=\"https:\/\/kraftwerk-shop.cc\/wp-content\/uploads\/2025\/02\/Mishimoto_Intercooler_RAM_Cummins_1.webp 1000w, https:\/\/kraftwerk-shop.cc\/wp-content\/uploads\/2025\/02\/Mishimoto_Intercooler_RAM_Cummins_1-500x450.webp 500w, https:\/\/kraftwerk-shop.cc\/wp-content\/uploads\/2025\/02\/Mishimoto_Intercooler_RAM_Cummins_1-150x135.webp 150w, https:\/\/kraftwerk-shop.cc\/wp-content\/uploads\/2025\/02\/Mishimoto_Intercooler_RAM_Cummins_1-600x540.webp 600w, https:\/\/kraftwerk-shop.cc\/wp-content\/uploads\/2025\/02\/Mishimoto_Intercooler_RAM_Cummins_1-300x270.webp 300w, https:\/\/kraftwerk-shop.cc\/wp-content\/uploads\/2025\/02\/Mishimoto_Intercooler_RAM_Cummins_1-768x691.webp 768w\" sizes=\"(max-width: 1000px) 100vw, 1000px\" \/><\/a>\n\t\t\t<\/dt><\/dl><dl class='gallery-item'>\n\t\t\t<dt class='gallery-icon landscape'>\n\t\t\t\t<a href='https:\/\/kraftwerk-shop.cc\/es\/?attachment_id=68315251'><img decoding=\"async\" width=\"1000\" height=\"900\" src=\"https:\/\/kraftwerk-shop.cc\/wp-content\/uploads\/2025\/02\/Mishimoto_Intercooler_RAM_Cummins_2.webp\" class=\"attachment-full size-full\" alt=\"Mishimoto intercooler RAM 6.7 Cummins\" srcset=\"https:\/\/kraftwerk-shop.cc\/wp-content\/uploads\/2025\/02\/Mishimoto_Intercooler_RAM_Cummins_2.webp 1000w, https:\/\/kraftwerk-shop.cc\/wp-content\/uploads\/2025\/02\/Mishimoto_Intercooler_RAM_Cummins_2-500x450.webp 500w, https:\/\/kraftwerk-shop.cc\/wp-content\/uploads\/2025\/02\/Mishimoto_Intercooler_RAM_Cummins_2-150x135.webp 150w, https:\/\/kraftwerk-shop.cc\/wp-content\/uploads\/2025\/02\/Mishimoto_Intercooler_RAM_Cummins_2-600x540.webp 600w, https:\/\/kraftwerk-shop.cc\/wp-content\/uploads\/2025\/02\/Mishimoto_Intercooler_RAM_Cummins_2-300x270.webp 300w, https:\/\/kraftwerk-shop.cc\/wp-content\/uploads\/2025\/02\/Mishimoto_Intercooler_RAM_Cummins_2-768x691.webp 768w\" sizes=\"(max-width: 1000px) 100vw, 1000px\" \/><\/a>\n\t\t\t<\/dt><\/dl><dl class='gallery-item'>\n\t\t\t<dt class='gallery-icon landscape'>\n\t\t\t\t<a href='https:\/\/kraftwerk-shop.cc\/es\/?attachment_id=68315252'><img decoding=\"async\" width=\"1000\" height=\"900\" src=\"https:\/\/kraftwerk-shop.cc\/wp-content\/uploads\/2025\/02\/Mishimoto_Intercooler_RAM_Cummins_3.webp\" class=\"attachment-full size-full\" alt=\"Mishimoto intercooler RAM 6.7 Cummins\" srcset=\"https:\/\/kraftwerk-shop.cc\/wp-content\/uploads\/2025\/02\/Mishimoto_Intercooler_RAM_Cummins_3.webp 1000w, https:\/\/kraftwerk-shop.cc\/wp-content\/uploads\/2025\/02\/Mishimoto_Intercooler_RAM_Cummins_3-500x450.webp 500w, https:\/\/kraftwerk-shop.cc\/wp-content\/uploads\/2025\/02\/Mishimoto_Intercooler_RAM_Cummins_3-150x135.webp 150w, https:\/\/kraftwerk-shop.cc\/wp-content\/uploads\/2025\/02\/Mishimoto_Intercooler_RAM_Cummins_3-600x540.webp 600w, https:\/\/kraftwerk-shop.cc\/wp-content\/uploads\/2025\/02\/Mishimoto_Intercooler_RAM_Cummins_3-300x270.webp 300w, https:\/\/kraftwerk-shop.cc\/wp-content\/uploads\/2025\/02\/Mishimoto_Intercooler_RAM_Cummins_3-768x691.webp 768w\" sizes=\"(max-width: 1000px) 100vw, 1000px\" \/><\/a>\n\t\t\t<\/dt><\/dl><br style=\"clear: both\" \/>\n\t\t<\/div>\n\n<p>&nbsp;<\/p>\n<h3><strong>Principales caracter\u00edsticas y ventajas:<\/strong><\/h3>\n<p>\u2705 <strong>Sustituci\u00f3n directa OEM<\/strong><br \/>\nEl enfriador del aire de sobrealimentaci\u00f3n es <strong>Soluci\u00f3n Plug and Play<\/strong> y pueden instalarse sin modificaciones complejas.<\/p>\n<p>\u2705 <strong>Mayor capacidad de refrigeraci\u00f3n<\/strong><br \/>\nGracias a una <strong>37 % mayor volumen del n\u00facleo<\/strong> y una <strong>22 % mayor volumen interno<\/strong> el kit ofrece un <strong>Mejor disipaci\u00f3n del calor<\/strong> en comparaci\u00f3n con el intercooler est\u00e1ndar.<\/p>\n<p>\u2705 <strong>Reducci\u00f3n eficaz de la temperatura<\/strong><br \/>\nEl dise\u00f1o mejorado reduce la <strong>Temperatura de entrada de hasta 21 \u00b0F (aprox. 11,6 \u00b0C)<\/strong> y reduce la <strong>Ca\u00edda de presi\u00f3n de 0,6 PSI<\/strong>lo que se traduce en un rendimiento m\u00e1s eficiente del motor.<\/p>\n<p>\u2705 <strong>Mangueras de silicona de alta calidad con tecnolog\u00eda DuraCore\u2122.<\/strong><br \/>\nEl kit contiene <strong>Mangueras de silicona con DuraCore\u2122.<\/strong>que tienen un mayor <strong>Resistencia al calor, resistencia a la compresi\u00f3n y durabilidad<\/strong> oferta.<\/p>\n<p>\u2705 <strong>Robusta construcci\u00f3n de aluminio<\/strong><br \/>\nEl refrigerador del aire de sobrealimentaci\u00f3n est\u00e1 fabricado con <strong>Aluminio<\/strong>que garantiza la m\u00e1xima durabilidad y resistencia a la corrosi\u00f3n, ideal para condiciones extremas y uso intensivo.<\/p>\n<p>\u2705 <strong>Kit de instalaci\u00f3n completo<\/strong><br \/>\nEl set contiene todos los componentes necesarios para una instalaci\u00f3n r\u00e1pida y sencilla, incluyendo <strong>Abrazaderas, juntas y conexiones a medida<\/strong>.<\/p>\n<h3><\/h3>\n<p>&nbsp;<\/p>\n<h3><strong>Especificaciones t\u00e9cnicas:<\/strong><\/h3>\n<table>\n<thead>\n<tr>\n<th style=\"text-align: left;\"><strong>Especificaci\u00f3n<\/strong><\/th>\n<th style=\"text-align: left;\"><strong>detalles<\/strong><\/th>\n<\/tr>\n<\/thead>\n<tbody>\n<tr>\n<td><strong>Volumen central<\/strong><\/td>\n<td>37% m\u00e1s grande que el intercooler est\u00e1ndar<\/td>\n<\/tr>\n<tr>\n<td><strong>Volumen interior<\/strong><\/td>\n<td>22% m\u00e1s grande que el intercooler est\u00e1ndar<\/td>\n<\/tr>\n<tr>\n<td><strong>Reducci\u00f3n de la temperatura<\/strong><\/td>\n<td>Reduce la temperatura del aire de admisi\u00f3n hasta 21\u00b0F (aprox. 11,6\u00b0C)<\/td>\n<\/tr>\n<tr>\n<td><strong>Ca\u00edda de presi\u00f3n<\/strong><\/td>\n<td>Reduce la ca\u00edda de presi\u00f3n en 0,6 PSI<\/td>\n<\/tr>\n<tr>\n<td><strong>Dimensiones del n\u00facleo<\/strong><\/td>\n<td>31,85\u2033 x 8,66\u2033 x 3,94\u2033 (aprox. 80,9 cm x 22 cm x 10 cm)<\/td>\n<\/tr>\n<tr>\n<td><strong>Espesor de la pared del dep\u00f3sito<\/strong><\/td>\n<td>5 mm<\/td>\n<\/tr>\n<tr>\n<td><strong>Material<\/strong><\/td>\n<td>100% Aluminio con dep\u00f3sitos terminales de fundici\u00f3n<\/td>\n<\/tr>\n<tr>\n<td><strong>Material de la manguera<\/strong><\/td>\n<td>Silicona con tecnolog\u00eda DuraCore\u2122.<\/td>\n<\/tr>\n<tr>\n<td><strong>Lugar de instalaci\u00f3n<\/strong><\/td>\n<td>Sustituci\u00f3n directa OEM<\/td>\n<\/tr>\n<tr>\n<td><strong>Garant\u00eda<\/strong><\/td>\n<td>Garant\u00eda Mishimoto de por vida<\/td>\n<\/tr>\n<\/tbody>\n<\/table>\n<p>Estas especificaciones destacan las mejoras en volumen, gesti\u00f3n de la temperatura y eficiencia de la presi\u00f3n que ofrece este kit de intercooler respecto al original.<\/p>\n<p>&nbsp;<\/p>\n<h3><\/h3>\n<p>&nbsp;<\/p>\n<h3><strong>\u00bfPor qu\u00e9 el kit de intercooler Mishimoto Performance?<\/strong><\/h3>\n<ul>\n<li><strong>M\u00e1s rendimiento y eficacia<\/strong> - Enfr\u00eda el aire de admisi\u00f3n con mayor eficacia, mejora la combusti\u00f3n y aumenta el rendimiento general del motor.<\/li>\n<li><strong>Mayor fiabilidad<\/strong> - Dise\u00f1o robusto que resiste condiciones extremas, ideal para tuning, uso intensivo o todoterreno.<\/li>\n<li><strong>Instalaci\u00f3n sencilla<\/strong> - Reemplazo perfecto para el enfriador de aire de carga est\u00e1ndar sin modificaciones complejas.<\/li>\n<li><strong>\u00d3ptica \u00f3ptima<\/strong> - Disponible en diferentes colores para realzar el aspecto del compartimento del motor.<\/li>\n<\/ul>\n<h3><\/h3>\n<p>&nbsp;<\/p>\n<h3><strong>Conclusi\u00f3n: \u00a1La actualizaci\u00f3n definitiva para el Ram 6.7L Cummins!<\/strong><\/h3>\n<ul>\n<li><strong>Compatibilidad con veh\u00edculos:<\/strong> Ram 6.7L Cummins (a partir del a\u00f1o modelo 2019)<\/li>\n<li><strong>Material:<\/strong> Aluminio de alta calidad<\/li>\n<li><strong>Volumen central:<\/strong> 37 % mayor que OEM<\/li>\n<li><strong>Volumen interno:<\/strong> 22 % mayor que OEM<\/li>\n<li><strong>Reducci\u00f3n de la temperatura de admisi\u00f3n:<\/strong> Hasta 21 \u00b0F (aprox. 11,6 \u00b0C)<\/li>\n<li><strong>Reducci\u00f3n de la p\u00e9rdida de carga:<\/strong> 0,6 PSI<\/li>\n<li><strong>Incluye:<\/strong> Intercooler, mangueras de silicona DuraCore\u2122, material de montaje.<\/li>\n<\/ul>\n<p>&nbsp;<\/p>\n<p>El Mishimoto Performance Intercooler Kit es el accesorio ideal para RAM 6.7 Cummins propietarios que buscan mejorar su rendimiento del veh\u00edculo, la refrigeraci\u00f3n y la longevidad. Con una mayor capacidad de refrigeraci\u00f3n, materiales de alta calidad y probada calidad Mishimoto, este kit es una necesidad absoluta para aprovechar todo el potencial de la Ram 6.7L Cummins.<\/p>\n<p>&nbsp;<\/p>\n<p>&nbsp;<\/p>\n<h3>El kit de intercooler Mishimoto Performance es adecuado para los siguientes veh\u00edculos:<\/h3>\n<table width=\"482\">\n<tbody>\n<tr>\n<td width=\"83\"><strong>A\u00f1o de construcci\u00f3n<\/strong><\/td>\n<td width=\"83\"><strong>Marca<\/strong><\/td>\n<td width=\"142\"><strong>Modelo<\/strong><\/td>\n<td width=\"174\"><strong>Motor<\/strong><\/td>\n<\/tr>\n<tr>\n<td width=\"83\">2024<\/td>\n<td width=\"83\">Ram<\/td>\n<td width=\"142\">2500<\/td>\n<td width=\"174\">6.7L Cummins Diesel<\/td>\n<\/tr>\n<tr>\n<td width=\"83\">2024<\/td>\n<td width=\"83\">Ram<\/td>\n<td width=\"142\">3500<\/td>\n<td width=\"174\">6.7L Cummins Diesel<\/td>\n<\/tr>\n<tr>\n<td width=\"83\">2023<\/td>\n<td width=\"83\">Ram<\/td>\n<td width=\"142\">2500<\/td>\n<td width=\"174\">6.7L Cummins Diesel<\/td>\n<\/tr>\n<tr>\n<td width=\"83\">2023<\/td>\n<td width=\"83\">Ram<\/td>\n<td width=\"142\">3500<\/td>\n<td width=\"174\">6.7L Cummins Diesel<\/td>\n<\/tr>\n<tr>\n<td width=\"83\">2022<\/td>\n<td width=\"83\">Ram<\/td>\n<td width=\"142\">2500<\/td>\n<td width=\"174\">6.7L Cummins Diesel<\/td>\n<\/tr>\n<tr>\n<td width=\"83\">2022<\/td>\n<td width=\"83\">Ram<\/td>\n<td width=\"142\">3500<\/td>\n<td width=\"174\">6.7L Cummins Diesel<\/td>\n<\/tr>\n<tr>\n<td width=\"83\">2021<\/td>\n<td width=\"83\">Ram<\/td>\n<td width=\"142\">2500<\/td>\n<td width=\"174\">6.7L Cummins Diesel<\/td>\n<\/tr>\n<tr>\n<td width=\"83\">2021<\/td>\n<td width=\"83\">Ram<\/td>\n<td width=\"142\">3500<\/td>\n<td width=\"174\">6.7L Cummins Diesel<\/td>\n<\/tr>\n<tr>\n<td width=\"83\">2020<\/td>\n<td width=\"83\">Ram<\/td>\n<td width=\"142\">2500<\/td>\n<td width=\"174\">6.7L Cummins Diesel<\/td>\n<\/tr>\n<tr>\n<td width=\"83\">2020<\/td>\n<td width=\"83\">Ram<\/td>\n<td width=\"142\">3500<\/td>\n<td width=\"174\">6.7L Cummins Diesel<\/td>\n<\/tr>\n<tr>\n<td width=\"83\">2019<\/td>\n<td width=\"83\">Ram<\/td>\n<td width=\"142\">2500<\/td>\n<td width=\"174\">6.7L Cummins Diesel<\/td>\n<\/tr>\n<tr>\n<td width=\"83\">2019<\/td>\n<td width=\"83\">Ram<\/td>\n<td width=\"142\">3500<\/td>\n<td width=\"174\">6.7L Cummins Diesel<\/td>\n<\/tr>\n<\/tbody>\n<\/table>\n<p>&nbsp;<\/p>\n<p>&nbsp;<\/p>\n<p><iframe loading=\"lazy\" title=\"Instalaci\u00f3n Mishimoto Intercooler Kit 2019+ RAM 6 7L Cummins\" width=\"500\" height=\"281\" src=\"https:\/\/www.youtube.com\/embed\/p7Yx3Xl-LsU?feature=oembed\" frameborder=\"0\" allow=\"accelerometer; autoplay; clipboard-write; encrypted-media; gyroscope; picture-in-picture; web-share\" referrerpolicy=\"strict-origin-when-cross-origin\" allowfullscreen><\/iframe><\/p>\n<p>&nbsp;<\/p>\n<h3><strong>Acerca del fabricante Mishimoto<\/strong><\/h3>\n<p>Mishimoto es uno de los principales fabricantes mundiales de sistemas de refrigeraci\u00f3n de alto rendimiento y fue fundada en 2003. La empresa, con sede en <strong>New Castle, Delaware (EE.UU.)<\/strong> se especializa en el desarrollo y la producci\u00f3n de <strong>Sistemas de refrigeraci\u00f3n de alto rendimiento<\/strong> para coches, camiones, motos y aplicaciones de automovilismo.<\/p>\n<p>Mishimoto ofrece una amplia gama de productos, incluyendo <strong>Intercoolers, radiadores, radiadores de aceite, mangueras de silicona y termostatos<\/strong>que se han desarrollado especialmente para veh\u00edculos de alto rendimiento y condiciones extremas. Los productos se caracterizan por su <strong>Alta calidad, tecnolog\u00eda innovadora y construcci\u00f3n duradera<\/strong> de.<\/p>\n<p>Una caracter\u00edstica especial de Mishimoto es el <strong>Garant\u00eda de por vida<\/strong> en muchos de sus productos, lo que subraya su confianza en la calidad de su propia fabricaci\u00f3n. La empresa tambi\u00e9n gestiona su propio <strong>Centro de investigaci\u00f3n y desarrollo<\/strong>donde todos los productos se someten a rigurosas pruebas para garantizar la m\u00e1xima eficacia y fiabilidad.<\/p>\n<p>Mishimoto trabaja en estrecha colaboraci\u00f3n con los equipos de automovilismo y los entusiastas con el fin de siempre <strong>Soluciones innovadoras<\/strong> para las necesidades de refrigeraci\u00f3n de veh\u00edculos tuneados y de alto rendimiento. La marca goza de una gran reputaci\u00f3n entre los aficionados al tuning, los equipos de carreras y los entusiastas del todoterreno de todo el mundo.<\/p>\n<p>Con su <strong>Centrarse en el rendimiento, la calidad y la durabilidad<\/strong> Mishimoto es una de las marcas m\u00e1s populares para soluciones de refrigeraci\u00f3n de veh\u00edculos, ya sea para uso diario, carreras o fuera de carretera.<\/p>\n<p>&nbsp;<\/p>","protected":false},"excerpt":{"rendered":"<p>2019-2024<\/p>","protected":false},"featured_media":68315220,"comment_status":"open","ping_status":"closed","template":"","meta":{"_acf_changed":false},"product_brand":[18924],"product_cat":[10262,2929],"product_tag":[419,420,2066,2373,4526,6297,7200,4533,7201,49,405,269,425,274,10628,10627,7221,4534,86,6333,7666,216,3736],"class_list":{"0":"post-68315210","1":"product","2":"type-product","3":"status-publish","4":"has-post-thumbnail","6":"product_brand-mishimoto","7":"product_cat-alle-produkte","8":"product_cat-67-cummins-kuehlung","9":"product_tag-419","10":"product_tag-420","11":"product_tag-2066","12":"product_tag-2373","13":"product_tag-4526","14":"product_tag-6297","15":"product_tag-6-7","16":"product_tag-aluminiumkuehler","17":"product_tag-cummins","18":"product_tag-dodge","19":"product_tag-kuehler","20":"product_tag-kuehlwasser","21":"product_tag-ladeluftkuehler","22":"product_tag-mishimoto","23":"product_tag-mmint-ram-19k","24":"product_tag-mmrad-ram-19","25":"product_tag-mopar10","26":"product_tag-motorkuehler","27":"product_tag-ram","28":"product_tag-ram-2500","29":"product_tag-ram-3500","30":"product_tag-upgrade","31":"product_tag-wasserkuehler","32":"product_shipping_class-spedition-1","34":"first","35":"onbackorder","36":"taxable","37":"shipping-taxable","38":"purchasable","39":"product-type-variable"},"bundled_by":[],"bundle_stock_status":"onbackorder","bundle_stock_quantity":0,"bundle_virtual":false,"bundle_layout":"","bundle_add_to_cart_form_location":"","bundle_editable_in_cart":false,"bundle_sold_individually_context":"","bundle_item_grouping":"","bundle_min_size":"","bundle_max_size":"","bundle_price":[],"bundled_items":[],"bundle_sell_ids":[],"exclude_global_add_ons":[],"addons":[],"acf":[],"_links":{"self":[{"href":"https:\/\/kraftwerk-shop.cc\/es\/wp-json\/wp\/v2\/product\/68315210","targetHints":{"allow":["GET"]}}],"collection":[{"href":"https:\/\/kraftwerk-shop.cc\/es\/wp-json\/wp\/v2\/product"}],"about":[{"href":"https:\/\/kraftwerk-shop.cc\/es\/wp-json\/wp\/v2\/types\/product"}],"replies":[{"embeddable":true,"href":"https:\/\/kraftwerk-shop.cc\/es\/wp-json\/wp\/v2\/comments?post=68315210"}],"version-history":[{"count":0,"href":"https:\/\/kraftwerk-shop.cc\/es\/wp-json\/wp\/v2\/product\/68315210\/revisions"}],"wp:featuredmedia":[{"embeddable":true,"href":"https:\/\/kraftwerk-shop.cc\/es\/wp-json\/wp\/v2\/media\/68315220"}],"wp:attachment":[{"href":"https:\/\/kraftwerk-shop.cc\/es\/wp-json\/wp\/v2\/media?parent=68315210"}],"wp:term":[{"taxonomy":"product_brand","embeddable":true,"href":"https:\/\/kraftwerk-shop.cc\/es\/wp-json\/wp\/v2\/product_brand?post=68315210"},{"taxonomy":"product_cat","embeddable":true,"href":"https:\/\/kraftwerk-shop.cc\/es\/wp-json\/wp\/v2\/product_cat?post=68315210"},{"taxonomy":"product_tag","embeddable":true,"href":"https:\/\/kraftwerk-shop.cc\/es\/wp-json\/wp\/v2\/product_tag?post=68315210"}],"curies":[{"name":"wp","href":"https:\/\/api.w.org\/{rel}","templated":true}]}}