{"id":68315267,"date":"2025-02-09T20:56:42","date_gmt":"2025-02-09T19:56:42","guid":{"rendered":"https:\/\/kraftwerk-shop.cc\/?post_type=product&#038;p=68315267"},"modified":"2026-02-15T01:17:40","modified_gmt":"2026-02-15T00:17:40","slug":"mishimoto-enfriador-ram-67-cummins","status":"publish","type":"product","link":"https:\/\/kraftwerk-shop.cc\/es\/produkt\/mishimoto-kuehler-ram-67-cummins\/","title":{"rendered":"Radiador de aluminio Mishimoto RAM 6.7 Cummins"},"content":{"rendered":"<p data-pm-slice=\"1 1 []\"><strong>Radiador de aluminio Mishimoto Performance para RAM 6.7L Cummins (2013-2018)<\/strong><\/p>\n<p>&nbsp;<\/p>\n<h4>M\u00e1ximo rendimiento de refrigeraci\u00f3n, m\u00e1xima calidad y durabilidad sin igual para su cami\u00f3n RAM<\/h4>\n<p>La legendaria fiabilidad y rendimiento del <strong>6.7L Cummins<\/strong>-equipado <strong>Dodge Ram<\/strong> lo han consolidado como uno de los camiones favoritos del mundo para el trabajo duro. Pero toda leyenda tiene sus puntos d\u00e9biles, y en el Ram Dodge, uno de ellos es el radiador de serie.<\/p>\n<p>En <strong>Dep\u00f3sitos finales de pl\u00e1stico<\/strong> del enfriador de ram de f\u00e1brica son susceptibles de <strong>Grietas y fugas<\/strong> con el paso del tiempo. Cuando a esto se a\u00f1ade el estr\u00e9s y el calor adicionales provocados por las modificaciones para mejorar el rendimiento, puede convertirse r\u00e1pidamente en un problema grave. Pero aqu\u00ed es exactamente donde <strong>Mishimoto<\/strong> en juego.<\/p>\n<p>En <strong>2013-2018 Ram 2500 \/ 3500 enfriador de rendimiento<\/strong> es la actualizaci\u00f3n ideal para cualquier <strong>Ram alimentado por Cummins que funciona<\/strong>. Gracias a un <strong>aluminio, construcci\u00f3n soldada TIG<\/strong> esta nevera es tan robusta como su cami\u00f3n. Con un <strong>63 % mayor capacidad de refrigerante<\/strong> y una <strong>41 % mayor superficie<\/strong> puede aumentar el rendimiento de su motor sin tener que preocuparse por el sobrecalentamiento.<\/p>\n<p>En <strong>Radiador de aluminio Mishimoto Performance<\/strong> para la <strong>Dodge Ram 6.7L Cummins (2013-2018)<\/strong> es la soluci\u00f3n definitiva para todos aquellos que necesitan un <strong>Rendimiento de refrigeraci\u00f3n \u00f3ptimo, mayor eficacia y m\u00e1xima durabilidad<\/strong> para su veh\u00edculo. Desarrollado para un uso rudo en <strong>cargas de tracci\u00f3n pesadas, condiciones todoterreno y temperaturas ambiente elevadas<\/strong>Este radiador de alto rendimiento supera con creces las especificaciones OEM.<\/p>\n<p>A trav\u00e9s de un <strong>Mayor capacidad de refrigeraci\u00f3n, flujo de aire mejorado y una robusta construcci\u00f3n de aluminio<\/strong> este radiador reduce eficazmente la temperatura del motor, minimiza el riesgo de sobrecalentamiento y aumenta la fiabilidad de su veh\u00edculo, incluso en condiciones extremas.<\/p>\n<p>&nbsp;<\/p>\n<h2><strong>Principales caracter\u00edsticas y ventajas<\/strong><\/h2>\n<p>\u2705 <strong>Mayor capacidad de refrigeraci\u00f3n para una m\u00e1xima eficiencia<\/strong><br \/>\nEl radiador de aluminio Mishimoto ofrece un <strong>63 % mayor capacidad de refrigerante<\/strong> que el radiador est\u00e1ndar. Como resultado, se disipa m\u00e1s calor y el motor se mantiene refrigerado eficazmente incluso con cargas elevadas.<\/p>\n<p>\u2705 <strong>27 % Mayor volumen del n\u00facleo para una mejor disipaci\u00f3n del calor<\/strong><br \/>\nEl um <strong>27 % n\u00facleo del radiador ampliado<\/strong> garantiza una transferencia de calor m\u00e1s eficaz y evita el sobrecalentamiento: ideal para veh\u00edculos de remolque, motores de alto rendimiento o veh\u00edculos en climas c\u00e1lidos.<\/p>\n<p>\u2705 <strong>Construcci\u00f3n de aluminio 100 % de alta calidad con dep\u00f3sitos extremos soldados<\/strong><br \/>\nMientras que muchos radiadores est\u00e1ndar utilizan tanques de pl\u00e1stico, que pueden volverse fr\u00e1giles y agrietarse con el tiempo, el radiador Mishimoto est\u00e1 hecho de <strong>Aluminio totalmente soldado<\/strong>que es un <strong>Durabilidad extrema y larga vida \u00fatil<\/strong> garantizado.<\/p>\n<p>\u2705 <strong>Flujo de aire optimizado gracias a las 19 aletas por pulgada (FPI)<\/strong><br \/>\nCon <strong>19 aletas por pulgada (FPI)<\/strong> el refrigerador garantiza un flujo de aire \u00f3ptimo a trav\u00e9s de la malla, lo que mejora a\u00fan m\u00e1s el rendimiento de la refrigeraci\u00f3n y asegura una disipaci\u00f3n uniforme del calor.<\/p>\n<p>\u2705 <strong>Sustituci\u00f3n directa del OEM: instalaci\u00f3n plug-and-play sencilla<\/strong><br \/>\nEste refrigerador de alto rendimiento se ha desarrollado para que <strong>directamente a los soportes OEM<\/strong> Se adapta sin necesidad de realizar modificaciones en el veh\u00edculo. Perfecto para una instalaci\u00f3n r\u00e1pida y sin complicaciones.<\/p>\n<p>\u2705 <strong>Mayor resistencia a la corrosi\u00f3n y a la presi\u00f3n<\/strong><br \/>\nGracias a la aleaci\u00f3n de aluminio de alta calidad y a la precisa tecnolog\u00eda de fabricaci\u00f3n, el radiador ofrece un <strong>Excepcional resistencia al \u00f3xido, la corrosi\u00f3n y las cargas de alta presi\u00f3n<\/strong> - perfecto para condiciones exigentes.<\/p>\n<p>\u2705 <strong>Garant\u00eda Mishimoto de por vida<\/strong><br \/>\nAl igual que con todos los productos de alto rendimiento de Mishimoto, este refrigerador tambi\u00e9n viene con un <strong>Garant\u00eda de por vida<\/strong>lo que garantiza la calidad y fiabilidad del producto.<\/p>\n<p>&nbsp;<\/p>\n<h2><strong>Especificaciones t\u00e9cnicas<\/strong><\/h2>\n<table>\n<thead>\n<tr>\n<th><strong>Especificaci\u00f3n<\/strong><\/th>\n<th><strong>detalles<\/strong><\/th>\n<\/tr>\n<\/thead>\n<tbody>\n<tr>\n<td><strong>Volumen central<\/strong><\/td>\n<td>27 % mayor que OEM<\/td>\n<\/tr>\n<tr>\n<td><strong>Capacidad de refrigerante<\/strong><\/td>\n<td>63 % m\u00e1s que OEM<\/td>\n<\/tr>\n<tr>\n<td><strong>Gesti\u00f3n de la temperatura<\/strong><\/td>\n<td>Disipaci\u00f3n t\u00e9rmica optimizada para mejorar la refrigeraci\u00f3n<\/td>\n<\/tr>\n<tr>\n<td><strong>Dimensiones del n\u00facleo<\/strong><\/td>\n<td>34,25\u2033 x 27,00\u2033 x 2,44\u2033 (aprox. 87 x 68,6 x 6,2 cm)<\/td>\n<\/tr>\n<tr>\n<td><strong>Dimensiones generales<\/strong><\/td>\n<td>40,5\u2033 x 29,5\u2033 x 7,5\u2033 (aprox. 102,9 x 74,9 x 19 cm)<\/td>\n<\/tr>\n<tr>\n<td><strong>Aletas por pulgada (FPI)<\/strong><\/td>\n<td>19 FPI para un flujo de aire optimizado<\/td>\n<\/tr>\n<tr>\n<td><strong>Material<\/strong><\/td>\n<td>100 % Aluminio con dep\u00f3sitos extremos soldados<\/td>\n<\/tr>\n<tr>\n<td><strong>Lugar de instalaci\u00f3n<\/strong><\/td>\n<td>Sustituci\u00f3n directa OEM<\/td>\n<\/tr>\n<\/tbody>\n<\/table>\n<p>&nbsp;<\/p>\n<h2><strong>Compatibilidad con veh\u00edculos<\/strong><\/h2>\n<p>El radiador de aluminio Mishimoto Performance es adecuado para los siguientes veh\u00edculos:<\/p>\n<table width=\"482\">\n<tbody>\n<tr>\n<td width=\"83\"><strong>A\u00f1o de construcci\u00f3n<\/strong><\/td>\n<td width=\"83\"><strong>Marca<\/strong><\/td>\n<td width=\"142\"><strong>Modelo<\/strong><\/td>\n<td width=\"174\"><strong>Motor<\/strong><\/td>\n<\/tr>\n<tr>\n<td width=\"83\">2018<\/td>\n<td width=\"83\">Dodge<\/td>\n<td width=\"142\">Ram 2500<\/td>\n<td width=\"174\">6.7L Cummins Diesel<\/td>\n<\/tr>\n<tr>\n<td width=\"83\">2018<\/td>\n<td width=\"83\">Dodge<\/td>\n<td width=\"142\">Ram 3500<\/td>\n<td width=\"174\">6.7L Cummins Diesel<\/td>\n<\/tr>\n<tr>\n<td width=\"83\">2017<\/td>\n<td width=\"83\">Dodge<\/td>\n<td width=\"142\">Ram 2500<\/td>\n<td width=\"174\">6.7L Cummins Diesel<\/td>\n<\/tr>\n<tr>\n<td width=\"83\">2017<\/td>\n<td width=\"83\">Dodge<\/td>\n<td width=\"142\">Ram 3500<\/td>\n<td width=\"174\">6.7L Cummins Diesel<\/td>\n<\/tr>\n<tr>\n<td width=\"83\">2016<\/td>\n<td width=\"83\">Dodge<\/td>\n<td width=\"142\">Ram 2500<\/td>\n<td width=\"174\">6.7L Cummins Diesel<\/td>\n<\/tr>\n<tr>\n<td width=\"83\">2016<\/td>\n<td width=\"83\">Dodge<\/td>\n<td width=\"142\">Ram 3500<\/td>\n<td width=\"174\">6.7L Cummins Diesel<\/td>\n<\/tr>\n<tr>\n<td width=\"83\">2015<\/td>\n<td width=\"83\">Dodge<\/td>\n<td width=\"142\">Ram 2500<\/td>\n<td width=\"174\">6.7L Cummins Diesel<\/td>\n<\/tr>\n<tr>\n<td width=\"83\">2015<\/td>\n<td width=\"83\">Dodge<\/td>\n<td width=\"142\">Ram 3500<\/td>\n<td width=\"174\">6.7L Cummins Diesel<\/td>\n<\/tr>\n<tr>\n<td width=\"83\">2014<\/td>\n<td width=\"83\">Dodge<\/td>\n<td width=\"142\">Ram 2500<\/td>\n<td width=\"174\">6.7L Cummins Diesel<\/td>\n<\/tr>\n<tr>\n<td width=\"83\">2014<\/td>\n<td width=\"83\">Dodge<\/td>\n<td width=\"142\">Ram 3500<\/td>\n<td width=\"174\">6.7L Cummins Diesel<\/td>\n<\/tr>\n<tr>\n<td width=\"83\">2013<\/td>\n<td width=\"83\">Dodge<\/td>\n<td width=\"142\">Ram 2500<\/td>\n<td width=\"174\">6.7L Cummins Diesel<\/td>\n<\/tr>\n<tr>\n<td width=\"83\">2013<\/td>\n<td width=\"83\">Dodge<\/td>\n<td width=\"142\">Ram 3500<\/td>\n<td width=\"174\">6.7L Cummins Diesel<\/td>\n<\/tr>\n<\/tbody>\n<\/table>\n<p>&nbsp;<\/p>\n<p>Esta actualizaci\u00f3n del refrigerador est\u00e1 especialmente dise\u00f1ada para <strong>Dodge Modelos Ram 2500 y 3500 de los a\u00f1os 2013 a 2018<\/strong> con el <strong>6.7L Cummins Diesel<\/strong>-se ha desarrollado el motor.<\/p>\n<p>&nbsp;<\/p>\n<h2><strong>\u00bfPor qu\u00e9 elegir el radiador de aluminio Mishimoto Performance?<\/strong><\/h2>\n<ul>\n<li><strong>Capacidad m\u00e1xima de refrigeraci\u00f3n<\/strong> - Desarrollado para obtener la m\u00e1xima eficacia con cargas pesadas, proyectos de puesta a punto y temperaturas extremas.<\/li>\n<li><strong>Construcci\u00f3n robusta<\/strong> - 100 Construcci\u00f3n de aluminio % con costuras soldadas de precisi\u00f3n para una m\u00e1xima durabilidad.<\/li>\n<li><strong>Compatibilidad Plug and Play<\/strong> - Perfectamente adaptado a los soportes OEM para que no sea necesaria ninguna conversi\u00f3n.<\/li>\n<li><strong>Ideal para aplicaciones exigentes<\/strong> - Ya sea para trayectos diarios, uso todoterreno o motores de alto rendimiento, este radiador cumple lo que promete.<\/li>\n<\/ul>\n<p>&nbsp;<\/p>\n<h3><strong>Conclusi\u00f3n: \u00a1La \u00faltima actualizaci\u00f3n del refrigerador para su Dodge 6.7L Cummins!<\/strong><\/h3>\n<p>En <strong>Radiador de aluminio Mishimoto Performance<\/strong> es la elecci\u00f3n perfecta para los conductores que <strong>maximizar su rendimiento de refrigeraci\u00f3n, mejorar la fiabilidad de su motor y ofrecer una soluci\u00f3n duradera a los problemas de calor.<\/strong> est\u00e1n buscando. Con su construcci\u00f3n de alta calidad, capacidad mejorada y f\u00e1cil instalaci\u00f3n, este refrigerador es una necesidad para cualquier persona que quiera mantener su Dodge 6.7L Cummins en plena forma.<\/p>\n<p>&nbsp;<\/p>\n<p><iframe loading=\"lazy\" title=\"Instalaci\u00f3n radiador Mishimoto Dodge 6.7 Cummins 2013 - 2018\" width=\"500\" height=\"281\" src=\"https:\/\/www.youtube.com\/embed\/_qrWntNvwRo?feature=oembed\" frameborder=\"0\" allow=\"accelerometer; autoplay; clipboard-write; encrypted-media; gyroscope; picture-in-picture; web-share\" referrerpolicy=\"strict-origin-when-cross-origin\" allowfullscreen><\/iframe><\/p>\n<p>&nbsp;<\/p>","protected":false},"excerpt":{"rendered":"<p>2013-2018<\/p>","protected":false},"featured_media":68315290,"comment_status":"open","ping_status":"closed","template":"","meta":{"_acf_changed":false},"product_brand":[18924],"product_cat":[10262,2929],"product_tag":[165,248,249,250,251,252,7200,15141,15149,4533,7201,15145,49,15139,15147,15151,405,15154,15158,15152,15165,15163,15167,15146,15170,15155,15160,15148,15168,15161,15171,15166,15159,15164,15157,15169,15150,15162,15142,269,15156,274,15137,10629,4534,15153,15140,86,15143,15144,15138,216,3736],"class_list":{"0":"post-68315267","1":"product","2":"type-product","3":"status-publish","4":"has-post-thumbnail","6":"product_brand-mishimoto","7":"product_cat-alle-produkte","8":"product_cat-67-cummins-kuehlung","9":"product_tag-165","10":"product_tag-248","11":"product_tag-249","12":"product_tag-250","13":"product_tag-251","14":"product_tag-252","15":"product_tag-6-7","16":"product_tag-aluminium-kuehler-dodge-ram","17":"product_tag-aluminiumkern-kuehler","18":"product_tag-aluminiumkuehler","19":"product_tag-cummins","20":"product_tag-cummins-diesel-kuehler","21":"product_tag-dodge","22":"product_tag-dodge-ram-kuehler","23":"product_tag-dodge-ram-performance-teile","24":"product_tag-heavy-duty-kuehler-dodge-ram","25":"product_tag-kuehler","26":"product_tag-kuehler-fuer-hohe-umgebungstemperaturen","27":"product_tag-kuehler-fuer-maximale-effizienz","28":"product_tag-kuehler-fuer-schwere-lasten","29":"product_tag-kuehler-mit-erhoehter-effizienz","30":"product_tag-kuehler-mit-erhoehter-haltbarkeit","31":"product_tag-kuehler-mit-erhoehter-kuehlfluessigkeitskapazitaet","32":"product_tag-kuehler-mit-erhoehter-kuehlkapazitaet","33":"product_tag-kuehler-mit-erhoehter-kuehlleistung","34":"product_tag-kuehler-mit-erhoehter-oberflaeche","35":"product_tag-kuehler-mit-erhoehter-zuverlaessigkeit","36":"product_tag-kuehler-mit-groesserem-kernvolumen","37":"product_tag-kuehler-mit-groesserer-oberflaeche","38":"product_tag-kuehler-mit-optimierter-kuehlleistung","39":"product_tag-kuehler-mit-optimierter-waermeableitung","40":"product_tag-kuehler-mit-reduzierter-motortemperatur","41":"product_tag-kuehler-mit-reduzierter-ueberhitzungsgefahr","42":"product_tag-kuehler-mit-verbesserter-kuehlleistung","43":"product_tag-kuehler-mit-verbesserter-luftstroemung","44":"product_tag-kuehler-mit-verbesserter-waermeabfuhr","45":"product_tag-kuehler-mit-verbesserter-waermeableitung","46":"product_tag-kuehler-mit-verbesserter-waermeuebertragung","47":"product_tag-kuehler-upgrade-cummins","48":"product_tag-kuehlwasser","49":"product_tag-langlebiger-kuehler-dodge-ram","50":"product_tag-mishimoto","51":"product_tag-mishimoto-kuehler","52":"product_tag-mmrad-ram-13","53":"product_tag-motorkuehler","54":"product_tag-offroad-kuehler-ram","55":"product_tag-performance-kuehler-ram","56":"product_tag-ram","57":"product_tag-ram-2500-kuehler","58":"product_tag-ram-3500-kuehler","59":"product_tag-ram-6-7-cummins-kuehler","60":"product_tag-upgrade","61":"product_tag-wasserkuehler","62":"product_shipping_class-paket-l","64":"first","65":"onbackorder","66":"taxable","67":"shipping-taxable","68":"purchasable","69":"product-type-simple"},"bundled_by":[],"bundle_stock_status":"onbackorder","bundle_stock_quantity":0,"bundle_virtual":false,"bundle_layout":"","bundle_add_to_cart_form_location":"","bundle_editable_in_cart":false,"bundle_sold_individually_context":"","bundle_item_grouping":"","bundle_min_size":"","bundle_max_size":"","bundle_price":[],"bundled_items":[],"bundle_sell_ids":[],"exclude_global_add_ons":[],"addons":[],"acf":[],"_links":{"self":[{"href":"https:\/\/kraftwerk-shop.cc\/es\/wp-json\/wp\/v2\/product\/68315267","targetHints":{"allow":["GET"]}}],"collection":[{"href":"https:\/\/kraftwerk-shop.cc\/es\/wp-json\/wp\/v2\/product"}],"about":[{"href":"https:\/\/kraftwerk-shop.cc\/es\/wp-json\/wp\/v2\/types\/product"}],"replies":[{"embeddable":true,"href":"https:\/\/kraftwerk-shop.cc\/es\/wp-json\/wp\/v2\/comments?post=68315267"}],"version-history":[{"count":0,"href":"https:\/\/kraftwerk-shop.cc\/es\/wp-json\/wp\/v2\/product\/68315267\/revisions"}],"wp:featuredmedia":[{"embeddable":true,"href":"https:\/\/kraftwerk-shop.cc\/es\/wp-json\/wp\/v2\/media\/68315290"}],"wp:attachment":[{"href":"https:\/\/kraftwerk-shop.cc\/es\/wp-json\/wp\/v2\/media?parent=68315267"}],"wp:term":[{"taxonomy":"product_brand","embeddable":true,"href":"https:\/\/kraftwerk-shop.cc\/es\/wp-json\/wp\/v2\/product_brand?post=68315267"},{"taxonomy":"product_cat","embeddable":true,"href":"https:\/\/kraftwerk-shop.cc\/es\/wp-json\/wp\/v2\/product_cat?post=68315267"},{"taxonomy":"product_tag","embeddable":true,"href":"https:\/\/kraftwerk-shop.cc\/es\/wp-json\/wp\/v2\/product_tag?post=68315267"}],"curies":[{"name":"wp","href":"https:\/\/api.w.org\/{rel}","templated":true}]}}