{"id":68315396,"date":"2025-02-14T13:38:08","date_gmt":"2025-02-14T12:38:08","guid":{"rendered":"https:\/\/kraftwerk-shop.cc\/?post_type=product&#038;p=68315396"},"modified":"2026-02-15T01:17:57","modified_gmt":"2026-02-15T00:17:57","slug":"mbrp-s7021304-escape-chevrolet-camaro","status":"publish","type":"product","link":"https:\/\/kraftwerk-shop.cc\/es\/produkt\/mbrp-s7021304-auspuff-chevrolet-camaro\/","title":{"rendered":"MBRP Race Profile sistema de escape Chevrolet Camaro V6 3.6"},"content":{"rendered":"<h1>MBRP sistema de escape Chevrolet Camaro V6 3.6<\/h1>\n<p data-start=\"0\" data-end=\"339\">\n<p data-start=\"0\" data-end=\"339\">El MBRP S7021304 es un sistema de escape axle-back de 3 pulgadas especialmente desarrollado para el Chevrolet Camaro de 2010 a 2015 con motor V6 de 3,6 litros. Se caracteriza por un agresivo sonido de competici\u00f3n y tiene una doble salida trasera con tubos de escape revestidos en negro.<\/p>\n<div class=\"relative inline-flex items-center\"><\/div>\n<p data-start=\"341\" data-end=\"359\"><strong data-start=\"341\" data-end=\"359\">Caracter\u00edsticas principales:<\/strong><\/p>\n<ul>\n<li data-start=\"363\" data-end=\"504\">Material: Fabricado en acero inoxidable T304 para una m\u00e1xima durabilidad.<\/li>\n<li data-start=\"508\" data-end=\"643\">Dise\u00f1o: Dise\u00f1o sin silenciador para un sonido m\u00e1ximo y un mayor rendimiento.<\/li>\n<li data-start=\"647\" data-end=\"849\">Tubos de escape de 3 pulgadas con tubos de escape de 4,5 pulgadas de acero inoxidable T304, de doble capa y cortados en \u00e1ngulo para un aspecto deportivo.<\/li>\n<li data-start=\"853\" data-end=\"971\">Instalaci\u00f3n: Instalaci\u00f3n atornillada para un montaje sencillo sin soldaduras.<\/li>\n<\/ul>\n<p data-start=\"1105\" data-end=\"1365\">\n<p data-start=\"1105\" data-end=\"1365\">Este sistema de escape no s\u00f3lo ofrece una mejora en el rendimiento del veh\u00edculo a trav\u00e9s de un mayor flujo de escape, sino que tambi\u00e9n da a su Camaro un sonido profundo y agresivo que enfatiza el ADN de carreras del veh\u00edculo.<\/p>\n<p>&nbsp;<\/p>\n<p>&nbsp;<\/p>\n<p>El sistema de escape MBRP S7021304 Race Profile se adapta a los siguientes modelos:<\/p>\n<table width=\"449\">\n<tbody>\n<tr>\n<td width=\"115\"><strong>Marca<\/strong><\/td>\n<td width=\"145\"><strong>Modelo<\/strong><\/td>\n<td width=\"106\"><strong>Motor<\/strong><\/td>\n<td width=\"83\"><strong>A\u00f1o de construcci\u00f3n<\/strong><\/td>\n<\/tr>\n<tr>\n<td>Chevrolet<\/td>\n<td>Camaro LT, LS<\/td>\n<td>3.6<\/td>\n<td>2010-2015<\/td>\n<\/tr>\n<\/tbody>\n<\/table>","protected":false},"excerpt":{"rendered":"<p>Acero inoxidable T304<\/p>\n<p>2010-2015<\/p>","protected":false},"featured_media":68315398,"comment_status":"open","ping_status":"closed","template":"","meta":{"_acf_changed":false},"product_brand":[17169],"product_cat":[3024,10262,3335],"product_tag":[214,15095,176,177,165,248,249,15103,169,981,15104,1046,1035,15108,1036,15106,546,1037,5034,15096,15109,191,15129,15099,15123,15135,15118,15115,15127,15119,15122,15134,15124,15121,15120,15113,15117,15098,15126,15136,15114,15131,15111,15125,15133,15112,189,15093,662,15110,1039,1042,2786,2934,532,529,20273,2211,1040,2208,15107,2931,14213,15116,15128,10635,1044,15105,1181,15130,10637,10638,10636,10634,1045,1041,547,1034,1038,15132,233,198],"class_list":{"0":"post-68315396","1":"product","2":"type-product","3":"status-publish","4":"has-post-thumbnail","6":"product_brand-mbrp","7":"product_cat-nicht-nach-eu","8":"product_cat-alle-produkte","9":"product_cat-camaro-36-2010-2015-abgasanlage","10":"product_tag-214","11":"product_tag-2010-2015-camaro-auspuff","12":"product_tag-176","13":"product_tag-177","14":"product_tag-165","15":"product_tag-248","16":"product_tag-249","17":"product_tag-3-zoll-auspuffrohre","18":"product_tag-3-6","19":"product_tag-981","20":"product_tag-5-zoll-endrohre","21":"product_tag-abe","22":"product_tag-abgasanlage","23":"product_tag-abgasstrom-optimierung","24":"product_tag-abgassystem","25":"product_tag-aggressiver-auspuffsound","26":"product_tag-auspuff","27":"product_tag-auspuffsystem","28":"product_tag-axle-back","29":"product_tag-axle-back-auspuff","30":"product_tag-bolt-on-auspuffsystem","31":"product_tag-camaro","32":"product_tag-camaro-3-6l-v6-auspuff","33":"product_tag-camaro-abgasanlage","34":"product_tag-camaro-abgasanlage-kaufen","35":"product_tag-camaro-abgasoptimierung","36":"product_tag-camaro-abgasrohr","37":"product_tag-camaro-auspuffklang","38":"product_tag-camaro-auspuffmontage","39":"product_tag-camaro-auspuffrohr","40":"product_tag-camaro-auspuffrohrdurchmesser","41":"product_tag-camaro-auspuffsound-verbessern","42":"product_tag-camaro-auspuffsystem-kaufen","43":"product_tag-camaro-auspufftipps","44":"product_tag-camaro-endrohr","45":"product_tag-camaro-ersatzteile","46":"product_tag-camaro-heckschalldaempfer","47":"product_tag-camaro-performance-auspuff","48":"product_tag-camaro-performance-parts","49":"product_tag-camaro-rennsportauspuff","50":"product_tag-camaro-schalldaempfer-entfernen","51":"product_tag-camaro-sportauspuff","52":"product_tag-camaro-tuning","53":"product_tag-camaro-tuningteile","54":"product_tag-camaro-v6-performance","55":"product_tag-camaro-zubehoer","56":"product_tag-chevrolet","57":"product_tag-chevrolet-camaro-v6-auspuff","58":"product_tag-edelstahl","59":"product_tag-einfache-auspuffinstallation","60":"product_tag-endschalldaempfer","61":"product_tag-endtopf","62":"product_tag-exhaust","63":"product_tag-harder","64":"product_tag-kat","65":"product_tag-katalysator","66":"product_tag-keintuev","67":"product_tag-klang","68":"product_tag-laut","69":"product_tag-lauter","70":"product_tag-leistungssteigerung-camaro","71":"product_tag-mbrp","72":"product_tag-mbrp-auspuff","73":"product_tag-mbrp-race-profile","74":"product_tag-mbrp-s7021304","75":"product_tag-mbrp-s7021blk","76":"product_tag-mittelschalldaempfer","77":"product_tag-polierte-edelstahl-endrohre","78":"product_tag-race","79":"product_tag-race-profile-auspuff","80":"product_tag-s7021","81":"product_tag-s7021304","82":"product_tag-s7021al","83":"product_tag-s7021blk","84":"product_tag-sound","85":"product_tag-sport","86":"product_tag-sportauspuff","87":"product_tag-sportauspuffanlage","88":"product_tag-sportendschalldaempfer","89":"product_tag-t304-edelstahl-auspuff","90":"product_tag-tuning","91":"product_tag-v6","92":"product_shipping_class-deutschlandohne","94":"first","95":"onbackorder","96":"taxable","97":"shipping-taxable","98":"purchasable","99":"product-type-simple"},"bundled_by":[],"bundle_stock_status":"onbackorder","bundle_stock_quantity":0,"bundle_virtual":false,"bundle_layout":"","bundle_add_to_cart_form_location":"","bundle_editable_in_cart":false,"bundle_sold_individually_context":"","bundle_item_grouping":"","bundle_min_size":"","bundle_max_size":"","bundle_price":[],"bundled_items":[],"bundle_sell_ids":[],"exclude_global_add_ons":[],"addons":[],"acf":[],"_links":{"self":[{"href":"https:\/\/kraftwerk-shop.cc\/es\/wp-json\/wp\/v2\/product\/68315396","targetHints":{"allow":["GET"]}}],"collection":[{"href":"https:\/\/kraftwerk-shop.cc\/es\/wp-json\/wp\/v2\/product"}],"about":[{"href":"https:\/\/kraftwerk-shop.cc\/es\/wp-json\/wp\/v2\/types\/product"}],"replies":[{"embeddable":true,"href":"https:\/\/kraftwerk-shop.cc\/es\/wp-json\/wp\/v2\/comments?post=68315396"}],"version-history":[{"count":0,"href":"https:\/\/kraftwerk-shop.cc\/es\/wp-json\/wp\/v2\/product\/68315396\/revisions"}],"wp:featuredmedia":[{"embeddable":true,"href":"https:\/\/kraftwerk-shop.cc\/es\/wp-json\/wp\/v2\/media\/68315398"}],"wp:attachment":[{"href":"https:\/\/kraftwerk-shop.cc\/es\/wp-json\/wp\/v2\/media?parent=68315396"}],"wp:term":[{"taxonomy":"product_brand","embeddable":true,"href":"https:\/\/kraftwerk-shop.cc\/es\/wp-json\/wp\/v2\/product_brand?post=68315396"},{"taxonomy":"product_cat","embeddable":true,"href":"https:\/\/kraftwerk-shop.cc\/es\/wp-json\/wp\/v2\/product_cat?post=68315396"},{"taxonomy":"product_tag","embeddable":true,"href":"https:\/\/kraftwerk-shop.cc\/es\/wp-json\/wp\/v2\/product_tag?post=68315396"}],"curies":[{"name":"wp","href":"https:\/\/api.w.org\/{rel}","templated":true}]}}