{"id":68315479,"date":"2025-02-15T22:06:37","date_gmt":"2025-02-15T21:06:37","guid":{"rendered":"https:\/\/kraftwerk-shop.cc\/?post_type=product&#038;p=68315479"},"modified":"2026-02-15T01:17:48","modified_gmt":"2026-02-15T00:17:48","slug":"juego-de-juntas-del-colector-de-admision-ram-67-cummins","status":"publish","type":"product","link":"https:\/\/kraftwerk-shop.cc\/es\/produkt\/ansaugkruemmer-dichtsatz-ram-67-cummins\/","title":{"rendered":"Juego de juntas del colector de admisi\u00f3n RAM 6.7 Cummins"},"content":{"rendered":"<h1>Juego de juntas del colector de admisi\u00f3n para RAM 6.7 Cummins de 2007 a 2018<\/h1>\n<p>&nbsp;<\/p>\n<p><span lang=\"DE\"><strong>N\u00fameros de comparaci\u00f3n Mopar:<\/strong> 5086829AA, <span class=\"list-value\">5086868AB<\/span>, 5086868AC, 68005184AA, 68005256AA, 68005465AA, 68024672AA, 68024672AB<\/span><\/p>\n<p>&nbsp;<\/p>\n<p><strong>Adecuado para:<\/strong><\/p>\n<table width=\"826\">\n<tbody>\n<tr>\n<td width=\"82\">A\u00f1o de construcci\u00f3n<\/td>\n<td width=\"82\">Marca<\/td>\n<td width=\"124\">Modelo<\/td>\n<td width=\"334\">Versi\u00f3n<\/td>\n<td width=\"204\">Motor<\/td>\n<\/tr>\n<tr>\n<td width=\"82\">2018<\/td>\n<td width=\"82\">Ram<\/td>\n<td width=\"124\">2500<\/td>\n<td width=\"334\">Big Horn, Laramie, Laramie Longhorn, Limited, SLT, Tradesman<\/td>\n<td width=\"204\">6.7L<\/td>\n<\/tr>\n<tr>\n<td width=\"82\">2018<\/td>\n<td width=\"82\">Ram<\/td>\n<td width=\"124\">3500<\/td>\n<td width=\"334\">Big Horn, Laramie, Laramie Longhorn, Limited, SLT, Tradesman<\/td>\n<td width=\"204\">6.7L<\/td>\n<\/tr>\n<tr>\n<td width=\"82\">2017<\/td>\n<td width=\"82\">Ram<\/td>\n<td width=\"124\">2500<\/td>\n<td width=\"334\">Big Horn, Laramie, Laramie Longhorn, Limited, SLT, Tradesman<\/td>\n<td width=\"204\">6.7L<\/td>\n<\/tr>\n<tr>\n<td width=\"82\">2017<\/td>\n<td width=\"82\">Ram<\/td>\n<td width=\"124\">3500<\/td>\n<td width=\"334\">Big Horn, Laramie, Laramie Longhorn, Limited, Lone Star, SLT, Tradesman<\/td>\n<td width=\"204\">6.7L<\/td>\n<\/tr>\n<tr>\n<td width=\"82\">2016<\/td>\n<td width=\"82\">Ram<\/td>\n<td width=\"124\">2500<\/td>\n<td width=\"334\">Big Horn, Laramie, Laramie Longhorn, Limited, Outdoorsman, SLT, Tradesman<\/td>\n<td width=\"204\">6.7L<\/td>\n<\/tr>\n<tr>\n<td width=\"82\">2016<\/td>\n<td width=\"82\">Ram<\/td>\n<td width=\"124\">3500<\/td>\n<td width=\"334\">Big Horn, Laramie, Laramie Longhorn, Limited, SLT, Tradesman<\/td>\n<td width=\"204\">6.7L<\/td>\n<\/tr>\n<tr>\n<td width=\"82\">2015<\/td>\n<td width=\"82\">Ram<\/td>\n<td width=\"124\">2500<\/td>\n<td width=\"334\">Big Horn, Laramie, Laramie Limited, Laramie Longhorn, Lone Star, Outdoorsman, SLT, Tradesman<\/td>\n<td width=\"204\">6.7L<\/td>\n<\/tr>\n<tr>\n<td width=\"82\">2015<\/td>\n<td width=\"82\">Ram<\/td>\n<td width=\"124\">3500<\/td>\n<td width=\"334\">Big Horn, Laramie, Laramie Limited, Laramie Longhorn, Lone Star, SLT, Tradesman<\/td>\n<td width=\"204\">6.7L<\/td>\n<\/tr>\n<tr>\n<td width=\"82\">2014<\/td>\n<td width=\"82\">Ram<\/td>\n<td width=\"124\">2500<\/td>\n<td width=\"334\">Big Horn, Laramie, Laramie Limited, Laramie Longhorn, Lone Star, Outdoorsman, SLT, Tradesman<\/td>\n<td width=\"204\">6.7L<\/td>\n<\/tr>\n<tr>\n<td width=\"82\">2014<\/td>\n<td width=\"82\">Ram<\/td>\n<td width=\"124\">3500<\/td>\n<td width=\"334\">Big Horn, Laramie, Laramie Limited, Laramie Longhorn, Lone Star, SLT, Tradesman<\/td>\n<td width=\"204\">6.7L<\/td>\n<\/tr>\n<tr>\n<td width=\"82\">2013<\/td>\n<td width=\"82\">Ram<\/td>\n<td width=\"124\">2500<\/td>\n<td width=\"334\">Big Horn, Laramie, Laramie Longhorn, Lone Star, Outdoorsman, SLT, Tradesman<\/td>\n<td width=\"204\">6.7L<\/td>\n<\/tr>\n<tr>\n<td width=\"82\">2013<\/td>\n<td width=\"82\">Ram<\/td>\n<td width=\"124\">3500<\/td>\n<td width=\"334\">Big Horn, Laramie, Laramie Longhorn, Lone Star, SLT, Tradesman<\/td>\n<td width=\"204\">6.7L<\/td>\n<\/tr>\n<tr>\n<td width=\"82\">2012<\/td>\n<td width=\"82\">Ram<\/td>\n<td width=\"124\">2500<\/td>\n<td width=\"334\">Laramie, Laramie Longhorn, Outdoorsman, SLT, ST<\/td>\n<td width=\"204\">6.7L<\/td>\n<\/tr>\n<tr>\n<td width=\"82\">2012<\/td>\n<td width=\"82\">Ram<\/td>\n<td width=\"124\">3500<\/td>\n<td width=\"334\">Laramie, Laramie Longhorn, SLT, ST<\/td>\n<td width=\"204\">6.7L<\/td>\n<\/tr>\n<tr>\n<td width=\"82\">2011<\/td>\n<td width=\"82\">Ram<\/td>\n<td width=\"124\">2500<\/td>\n<td width=\"334\">Laramie, Laramie Longhorn, SLT, ST<\/td>\n<td width=\"204\">6.7L<\/td>\n<\/tr>\n<tr>\n<td width=\"82\">2011<\/td>\n<td width=\"82\">Ram<\/td>\n<td width=\"124\">3500<\/td>\n<td width=\"334\">Laramie, Laramie Longhorn, SLT, ST<\/td>\n<td width=\"204\">6.7L<\/td>\n<\/tr>\n<tr>\n<td width=\"82\">2010<\/td>\n<td width=\"82\">Dodge<\/td>\n<td width=\"124\">Ram 2500<\/td>\n<td width=\"334\">Laramie, SLT, ST, TRX<\/td>\n<td width=\"204\">6.7L<\/td>\n<\/tr>\n<tr>\n<td width=\"82\">2010<\/td>\n<td width=\"82\">Dodge<\/td>\n<td width=\"124\">Ram 3500<\/td>\n<td width=\"334\">Laramie, SLT, ST<\/td>\n<td width=\"204\">6.7L<\/td>\n<\/tr>\n<tr>\n<td width=\"82\">2009<\/td>\n<td width=\"82\">Dodge<\/td>\n<td width=\"124\">Ram 2500<\/td>\n<td width=\"334\">Laramie, SLT, ST, SXT<\/td>\n<td width=\"204\">6.7L<\/td>\n<\/tr>\n<tr>\n<td width=\"82\">2009<\/td>\n<td width=\"82\">Dodge<\/td>\n<td width=\"124\">Ram 3500<\/td>\n<td width=\"334\">Laramie, SLT, ST, SXT<\/td>\n<td width=\"204\">6.7L<\/td>\n<\/tr>\n<tr>\n<td width=\"82\">2008<\/td>\n<td width=\"82\">Dodge<\/td>\n<td width=\"124\">Ram 2500<\/td>\n<td width=\"334\">Laramie, SLT, ST, SXT<\/td>\n<td width=\"204\">6.7L<\/td>\n<\/tr>\n<tr>\n<td width=\"82\">2008<\/td>\n<td width=\"82\">Dodge<\/td>\n<td width=\"124\">Ram 3500<\/td>\n<td width=\"334\">Laramie, SLT, ST<\/td>\n<td width=\"204\">6.7L<\/td>\n<\/tr>\n<tr>\n<td width=\"82\">2007<\/td>\n<td width=\"82\">Dodge<\/td>\n<td width=\"124\">Ram 2500<\/td>\n<td width=\"334\">Laramie, SLT, ST<\/td>\n<td width=\"204\">6.7L<\/td>\n<\/tr>\n<tr>\n<td width=\"82\">2007<\/td>\n<td width=\"82\">Dodge<\/td>\n<td width=\"124\">Ram 3500<\/td>\n<td width=\"334\">Laramie, SLT, ST, Sport<\/td>\n<td width=\"204\">6.7L<\/td>\n<\/tr>\n<\/tbody>\n<\/table>\n<p>&nbsp;<\/p>\n<p>Los juegos de juntas MAHLE Aftermarket son la elecci\u00f3n ideal para los profesionales de la posventa y los mec\u00e1nicos ambiciosos porque <strong data-start=\"189\" data-end=\"253\">M\u00e1xima calidad, fiabilidad y larga vida \u00fatil<\/strong> oferta.<\/p>\n<p>MAHLE desarrolla y produce juntas que cumplen los mismos altos est\u00e1ndares que las piezas originales que se instalan en los veh\u00edculos nuevos. Esto garantiza que los juegos de juntas est\u00e9n optimizados para cada aplicaci\u00f3n del motor y sellen de forma fiable.<\/p>\n<p>Los materiales utilizados est\u00e1n especialmente dise\u00f1ados para soportar altas temperaturas, presi\u00f3n e influencias qu\u00edmicas. Las modernas construcciones de acero multicapa (MLS) y las juntas de elast\u00f3mero de alto rendimiento garantizan una larga vida \u00fatil. <strong data-start=\"1238\" data-end=\"1262\">Tensi\u00f3n permanente<\/strong> y evitar fugas, incluso en condiciones de funcionamiento extremas.<\/p>","protected":false},"excerpt":{"rendered":"<p>2007-2018<\/p>","protected":false},"featured_media":68315481,"comment_status":"open","ping_status":"closed","template":"","meta":{"_acf_changed":false},"product_brand":[19065],"product_cat":[10262,10671],"product_tag":[209,210,213,214,176,177,165,248,249,250,251,252,506,507,10672,10673,10674,7200,10675,10676,10677,10678,10679,3069,7201,2351,10530,14288,13549,14292,13550,13692,13551,14280,14279,10531,14290,13552,14294,13553,13694,13554,14281,411,31,7221,86,6333,14287,11412,11416,11420,11424,12897,14291,14282,14283,14284,11432,7666,14289,12899,12900,14285,12901,12903,14293,12904,14286,12905],"class_list":{"0":"post-68315479","1":"product","2":"type-product","3":"status-publish","4":"has-post-thumbnail","6":"product_brand-mahle","7":"product_cat-alle-produkte","8":"product_cat-67-cummins-motor","9":"product_tag-209","10":"product_tag-210","11":"product_tag-213","12":"product_tag-214","13":"product_tag-176","14":"product_tag-177","15":"product_tag-165","16":"product_tag-248","17":"product_tag-249","18":"product_tag-250","19":"product_tag-251","20":"product_tag-252","21":"product_tag-506","22":"product_tag-507","23":"product_tag-5086829aa","24":"product_tag-5086868ab","25":"product_tag-5086868ac","26":"product_tag-6-7","27":"product_tag-68005184aa","28":"product_tag-68005256aa","29":"product_tag-68005465aa","30":"product_tag-68024672aa","31":"product_tag-68024672ab","32":"product_tag-ansaugkruemmer","33":"product_tag-cummins","34":"product_tag-dichtsatz","35":"product_tag-dodge-ram-2500","36":"product_tag-dodge-ram-2500-ansaugkruemmer-dichtsatz","37":"product_tag-dodge-ram-2500-laramie","38":"product_tag-dodge-ram-2500-mopar-teil","39":"product_tag-dodge-ram-2500-slt","40":"product_tag-dodge-ram-2500-sport","41":"product_tag-dodge-ram-2500-st","42":"product_tag-dodge-ram-2500-sxt","43":"product_tag-dodge-ram-2500-trx","44":"product_tag-dodge-ram-3500","45":"product_tag-dodge-ram-3500-ansaugkruemmer-dichtsatz","46":"product_tag-dodge-ram-3500-laramie","47":"product_tag-dodge-ram-3500-mopar-teil","48":"product_tag-dodge-ram-3500-slt","49":"product_tag-dodge-ram-3500-sport","50":"product_tag-dodge-ram-3500-st","51":"product_tag-dodge-ram-3500-sxt","52":"product_tag-mahle","53":"product_tag-mopar","54":"product_tag-mopar10","55":"product_tag-ram","56":"product_tag-ram-2500","57":"product_tag-ram-2500-ansaugkruemmer-dichtsatz","58":"product_tag-ram-2500-big-horn","59":"product_tag-ram-2500-laramie","60":"product_tag-ram-2500-laramie-longhorn","61":"product_tag-ram-2500-limited","62":"product_tag-ram-2500-lone-star","63":"product_tag-ram-2500-mopar-teil","64":"product_tag-ram-2500-outdoorsman","65":"product_tag-ram-2500-slt","66":"product_tag-ram-2500-st","67":"product_tag-ram-2500-tradesman","68":"product_tag-ram-3500","69":"product_tag-ram-3500-ansaugkruemmer-dichtsatz","70":"product_tag-ram-3500-big-horn","71":"product_tag-ram-3500-laramie","72":"product_tag-ram-3500-laramie-longhorn","73":"product_tag-ram-3500-limited","74":"product_tag-ram-3500-lone-star","75":"product_tag-ram-3500-mopar-teil","76":"product_tag-ram-3500-slt","77":"product_tag-ram-3500-st","78":"product_tag-ram-3500-tradesman","79":"product_shipping_class-deutschlandohne","81":"first","82":"instock","83":"taxable","84":"shipping-taxable","85":"purchasable","86":"product-type-simple"},"bundled_by":[],"bundle_stock_status":"instock","bundle_stock_quantity":1,"bundle_virtual":false,"bundle_layout":"","bundle_add_to_cart_form_location":"","bundle_editable_in_cart":false,"bundle_sold_individually_context":"","bundle_item_grouping":"","bundle_min_size":"","bundle_max_size":"","bundle_price":[],"bundled_items":[],"bundle_sell_ids":[],"exclude_global_add_ons":[],"addons":[],"acf":[],"_links":{"self":[{"href":"https:\/\/kraftwerk-shop.cc\/es\/wp-json\/wp\/v2\/product\/68315479","targetHints":{"allow":["GET"]}}],"collection":[{"href":"https:\/\/kraftwerk-shop.cc\/es\/wp-json\/wp\/v2\/product"}],"about":[{"href":"https:\/\/kraftwerk-shop.cc\/es\/wp-json\/wp\/v2\/types\/product"}],"replies":[{"embeddable":true,"href":"https:\/\/kraftwerk-shop.cc\/es\/wp-json\/wp\/v2\/comments?post=68315479"}],"version-history":[{"count":0,"href":"https:\/\/kraftwerk-shop.cc\/es\/wp-json\/wp\/v2\/product\/68315479\/revisions"}],"wp:featuredmedia":[{"embeddable":true,"href":"https:\/\/kraftwerk-shop.cc\/es\/wp-json\/wp\/v2\/media\/68315481"}],"wp:attachment":[{"href":"https:\/\/kraftwerk-shop.cc\/es\/wp-json\/wp\/v2\/media?parent=68315479"}],"wp:term":[{"taxonomy":"product_brand","embeddable":true,"href":"https:\/\/kraftwerk-shop.cc\/es\/wp-json\/wp\/v2\/product_brand?post=68315479"},{"taxonomy":"product_cat","embeddable":true,"href":"https:\/\/kraftwerk-shop.cc\/es\/wp-json\/wp\/v2\/product_cat?post=68315479"},{"taxonomy":"product_tag","embeddable":true,"href":"https:\/\/kraftwerk-shop.cc\/es\/wp-json\/wp\/v2\/product_tag?post=68315479"}],"curies":[{"name":"wp","href":"https:\/\/api.w.org\/{rel}","templated":true}]}}