{"id":68315483,"date":"2025-02-15T23:25:28","date_gmt":"2025-02-15T22:25:28","guid":{"rendered":"https:\/\/kraftwerk-shop.cc\/?post_type=product&#038;p=68315483"},"modified":"2026-04-07T11:50:17","modified_gmt":"2026-04-07T09:50:17","slug":"solucion-de-par-herramienta-de-ajuste-de-bujias","status":"publish","type":"product","link":"https:\/\/kraftwerk-shop.cc\/es\/produkt\/torque-solution-zuendkerzen-einstellwerkzeug\/","title":{"rendered":"Herramienta de ajuste de buj\u00edas Torque Solution"},"content":{"rendered":"<h1>Herramienta de ajuste de buj\u00edas Torque Solution con galga de espesores para buj\u00edas de 14 mm<\/h1>\n<p>&nbsp;<\/p>\n<p data-start=\"0\" data-end=\"235\">La herramienta de ajuste de buj\u00edas Torque Solution es una herramienta universal para todas las roscas de buj\u00edas de 14 mm. Le permite ajustar la separaci\u00f3n de electrodos perfecta para sus buj\u00edas de forma precisa y uniforme.<\/p>\n<p>&nbsp;<\/p>\n<p data-start=\"237\" data-end=\"260\"><strong data-start=\"237\" data-end=\"260\">Pasos de la solicitud:<\/strong><\/p>\n<ol data-start=\"261\" data-end=\"531\">\n<li data-start=\"261\" data-end=\"332\">Atornille la buj\u00eda en la parte inferior del separador.<\/li>\n<li data-start=\"333\" data-end=\"390\">Seleccione la galga de espesores deseada para la distancia.<\/li>\n<li data-start=\"391\" data-end=\"531\">Gire el mando con la galga de espesores colocada hasta que el electrodo lateral quede comprimido a la distancia deseada.<\/li>\n<\/ol>\n<p>&nbsp;<\/p>\n<p data-start=\"533\" data-end=\"558\"><strong data-start=\"533\" data-end=\"558\">Caracter\u00edsticas del producto:<\/strong><\/p>\n<ul data-start=\"559\" data-end=\"762\">\n<li data-start=\"559\" data-end=\"596\">Fabricado en aluminio billet 6061<\/li>\n<li data-start=\"597\" data-end=\"643\">Anodizado negro<\/li>\n<li data-start=\"644\" data-end=\"687\">Apto para todas las buj\u00edas con rosca de 14 mm<\/li>\n<li data-start=\"688\" data-end=\"729\">Calibre de espesores: 0,04 - 0,88 mm, 32 hojas<\/li>\n<\/ul>\n<p>&nbsp;<\/p>\n<p data-start=\"764\" data-end=\"875\">Esta herramienta facilita el ajuste preciso de la separaci\u00f3n entre buj\u00edas y garantiza un rendimiento \u00f3ptimo del motor.<\/p>\n<p>&nbsp;<\/p>","protected":false},"excerpt":{"rendered":"<p>Torque Solution Z\u00fcndkerzen Einstellwerkzeug mit F\u00fchlerlehre f\u00fcr 14 mm Z\u00fcndkerzen &nbsp; Das Torque Solution Einstellwerkzeug f\u00fcr Z\u00fcndkerzen ist ein universelles<\/p>","protected":false},"featured_media":68315485,"comment_status":"open","ping_status":"closed","template":"","meta":{"_acf_changed":false},"product_brand":[],"product_cat":[10262,7267,7256,7261,7266,7272,7277,7281,7286,7290,7294,7302,7298,7306,7310,7316,7320,7324,7328,7332,7338,7343,7347,7353,7358,7362,7368,7373,7378,7383,7387,7393,7397,7402,7407,7412,7418,7423,7428,7438,19683,7759,7443,7448,9949,7458,7453],"product_tag":[15057,3853,15058,31,7221,10680,15056,15083,15060,15084,15085,15089,15086,15090,15091,15087,15088,15082,15071,15069,15067,15075,15061,15080,15055,15081,15059,15074,15063,15073,15072,15062,15077,15079,15068,15078,15070,15066,15065,15076,15064],"class_list":{"0":"post-68315483","1":"product","2":"type-product","3":"status-publish","4":"has-post-thumbnail","6":"product_cat-alle-produkte","7":"product_cat-300c-35-zuendung","8":"product_cat-300c-36-zuendung","9":"product_cat-300c-57-2005-2010-zuendung","10":"product_cat-300c-57-2011-2023-zuendung","11":"product_cat-300c-61-zuendung","12":"product_cat-300c-64-zuendung","13":"product_cat-challenger-35-zuendung","14":"product_cat-challenger-36-zuendung","15":"product_cat-challenger-57-zuendung","16":"product_cat-challenger-61-zuendung","17":"product_cat-challenger-hellcat-zuendung","18":"product_cat-challenger-64-zuendung","19":"product_cat-charger-35-zuendung","20":"product_cat-charger-36-zuendung","21":"product_cat-charger-57-zuendung","22":"product_cat-charger-57-2011-2023-zuendung","23":"product_cat-charger-61-zuendung","24":"product_cat-charger-hellcat-zuendung","25":"product_cat-charger-64-zuendung","26":"product_cat-durango-36-zuendung","27":"product_cat-durango-57-zuendung","28":"product_cat-durango-hellcat-zuendung","29":"product_cat-durango-64-zuendung","30":"product_cat-magnum-35-zuendung","31":"product_cat-magnum-57-zuendung","32":"product_cat-magnum-61-zuendung","33":"product_cat-commander-zuendung","34":"product_cat-gladiator-36-zuendung","35":"product_cat-grand-cherokee-30-diesel-zuendung","36":"product_cat-grand-cherokee-36-zuendung","37":"product_cat-grand-cherokee-57-2005-2010-zuendung","38":"product_cat-grand-cherokee-57-2011-2021-zuendung","39":"product_cat-grand-cherokee-61-zuendung","40":"product_cat-trackhawk-zuendung","41":"product_cat-grand-cherokee-64-zuendung","42":"product_cat-wagoneer-64-zuendung","43":"product_cat-wrangler-36-zuendung","44":"product_cat-wrangler-64-zuendung","45":"product_cat-1500-36-zuendung","46":"product_cat-1500-36-dt-zuendung","47":"product_cat-1500-57-2003-2008-zuendung","48":"product_cat-1500-57-2009-2018-classic-zuendung","49":"product_cat-1500-57-dt-zuendung","50":"product_cat-2500-3500-57-zuendung","51":"product_cat-2500-3500-64-zuendung","52":"product_cat-trx-zuendung","53":"product_tag-14-mm-zuendkerzen","54":"product_tag-dodge-challenger","55":"product_tag-fuehlerlehre-zuendkerzen","56":"product_tag-mopar","57":"product_tag-mopar10","58":"product_tag-ts-tl-gap14-fg","59":"product_tag-zuendkerzen-abstand-einstellen","60":"product_tag-zuendkerzen-abstandseinsteller","61":"product_tag-zuendkerzen-abstandshalter","62":"product_tag-zuendkerzen-abstandskontrolle","63":"product_tag-zuendkerzen-abstandskontrollgeraet","64":"product_tag-zuendkerzen-abstandskontrollhilfe","65":"product_tag-zuendkerzen-abstandskontrolllehre","66":"product_tag-zuendkerzen-abstandskontrollmesser","67":"product_tag-zuendkerzen-abstandskontrollpruefer","68":"product_tag-zuendkerzen-abstandskontrollschluessel","69":"product_tag-zuendkerzen-abstandskontrollzange","70":"product_tag-zuendkerzen-abstandsmesser","71":"product_tag-zuendkerzen-austausch","72":"product_tag-zuendkerzen-demontage","73":"product_tag-zuendkerzen-diagnose","74":"product_tag-zuendkerzen-diagnosegeraet","75":"product_tag-zuendkerzen-einstellhilfe","76":"product_tag-zuendkerzen-einstellschluessel","77":"product_tag-zuendkerzen-einstellwerkzeug","78":"product_tag-zuendkerzen-einstellzange","79":"product_tag-zuendkerzen-elektrodenabstand","80":"product_tag-zuendkerzen-fehlerbehebung","81":"product_tag-zuendkerzen-feineinstellung","82":"product_tag-zuendkerzen-funktionstest","83":"product_tag-zuendkerzen-inspektion","84":"product_tag-zuendkerzen-kalibrierung","85":"product_tag-zuendkerzen-messgeraet","86":"product_tag-zuendkerzen-messschieber","87":"product_tag-zuendkerzen-montage","88":"product_tag-zuendkerzen-pruefgeraet","89":"product_tag-zuendkerzen-reinigung","90":"product_tag-zuendkerzen-reparatur","91":"product_tag-zuendkerzen-service","92":"product_tag-zuendkerzen-tester","93":"product_tag-zuendkerzen-wartung","95":"first","96":"onbackorder","97":"taxable","98":"shipping-taxable","99":"purchasable","100":"product-type-simple"},"bundled_by":[],"bundle_stock_status":"onbackorder","bundle_stock_quantity":0,"bundle_virtual":false,"bundle_layout":"","bundle_add_to_cart_form_location":"","bundle_editable_in_cart":false,"bundle_sold_individually_context":"","bundle_item_grouping":"","bundle_min_size":"","bundle_max_size":"","bundle_price":[],"bundled_items":[],"bundle_sell_ids":[],"exclude_global_add_ons":[],"addons":[],"acf":[],"_links":{"self":[{"href":"https:\/\/kraftwerk-shop.cc\/es\/wp-json\/wp\/v2\/product\/68315483","targetHints":{"allow":["GET"]}}],"collection":[{"href":"https:\/\/kraftwerk-shop.cc\/es\/wp-json\/wp\/v2\/product"}],"about":[{"href":"https:\/\/kraftwerk-shop.cc\/es\/wp-json\/wp\/v2\/types\/product"}],"replies":[{"embeddable":true,"href":"https:\/\/kraftwerk-shop.cc\/es\/wp-json\/wp\/v2\/comments?post=68315483"}],"version-history":[{"count":0,"href":"https:\/\/kraftwerk-shop.cc\/es\/wp-json\/wp\/v2\/product\/68315483\/revisions"}],"wp:featuredmedia":[{"embeddable":true,"href":"https:\/\/kraftwerk-shop.cc\/es\/wp-json\/wp\/v2\/media\/68315485"}],"wp:attachment":[{"href":"https:\/\/kraftwerk-shop.cc\/es\/wp-json\/wp\/v2\/media?parent=68315483"}],"wp:term":[{"taxonomy":"product_brand","embeddable":true,"href":"https:\/\/kraftwerk-shop.cc\/es\/wp-json\/wp\/v2\/product_brand?post=68315483"},{"taxonomy":"product_cat","embeddable":true,"href":"https:\/\/kraftwerk-shop.cc\/es\/wp-json\/wp\/v2\/product_cat?post=68315483"},{"taxonomy":"product_tag","embeddable":true,"href":"https:\/\/kraftwerk-shop.cc\/es\/wp-json\/wp\/v2\/product_tag?post=68315483"}],"curies":[{"name":"wp","href":"https:\/\/api.w.org\/{rel}","templated":true}]}}