{"id":68315581,"date":"2025-02-17T14:00:57","date_gmt":"2025-02-17T13:00:57","guid":{"rendered":"https:\/\/kraftwerk-shop.cc\/?post_type=product&#038;p=68315581"},"modified":"2026-02-15T01:18:05","modified_gmt":"2026-02-15T00:18:05","slug":"mbrp-t5199cf-tubos-de-escape-ram-1500-carbono","status":"publish","type":"product","link":"https:\/\/kraftwerk-shop.cc\/es\/produkt\/mbrp-t5199cf-endrohre-ram-1500-carbon\/","title":{"rendered":"MBRP 5 pulgadas tubos de escape RAM 1500 5.7 (Carbono)"},"content":{"rendered":"<h1>MBRP 5 pulgadas tubos de escape para RAM 1500 5.7 (Carbono)<\/h1>\n<p>&nbsp;<\/p>\n<p>Si desea dar un nuevo aspecto al sistema de escape de su RAM, no tiene por qu\u00e9 sustituir todo el sistema.<br \/>\nTambi\u00e9n puede utilizar simplemente estas cubiertas de escape de acero inoxidable MBRP.<\/p>\n<p>Los tubos de escape est\u00e1n grabados con l\u00e1ser con el logotipo MBRP. Este elegante dise\u00f1o hace que el sistema de escape de su veh\u00edculo destaque entre la multitud. Adem\u00e1s, el gran di\u00e1metro de salida ayuda a mejorar el flujo de escape de su veh\u00edculo.<\/p>\n<p>Los tubos de escape est\u00e1n fabricados con acero inoxidable 304 duradero en el interior y fibra de carbono en el exterior para satisfacer las altas exigencias de su veh\u00edculo.<\/p>\n<p>Estos tubos de escape son f\u00e1ciles de atornillar. Como est\u00e1n dise\u00f1ados como una pieza de reemplazo directo, puede fijarlos r\u00e1pidamente a los puntos de f\u00e1brica de su veh\u00edculo utilizando las abrazaderas est\u00e1ndar. No es necesario soldar ni cortar.<\/p>\n<p>&nbsp;<\/p>\n<p><strong>Adecuado para:<\/strong><\/p>\n<table width=\"449\">\n<tbody>\n<tr>\n<td width=\"115\"><strong>Marca<\/strong><\/td>\n<td width=\"145\"><strong>Modelo<\/strong><\/td>\n<td width=\"106\"><strong>Motor<\/strong><\/td>\n<td width=\"83\"><strong>A\u00f1o de construcci\u00f3n<\/strong><\/td>\n<\/tr>\n<tr>\n<td>RAM<\/td>\n<td>1500<\/td>\n<td>5.7<\/td>\n<td width=\"83\">2019-2024<\/td>\n<\/tr>\n<\/tbody>\n<\/table>\n<p><strong>Atenci\u00f3n: no se ajusta a RAM 1500 Classic<\/strong><\/p>\n<p>&nbsp;<\/p>\n<p><strong>Volumen de suministro:<\/strong><\/p>\n<ul>\n<li>2 tubos de escape<\/li>\n<\/ul>","protected":false},"excerpt":{"rendered":"<p>2019-2024<\/p>","protected":false},"featured_media":68315588,"comment_status":"open","ping_status":"closed","template":"","meta":{"_acf_changed":false},"product_brand":[17169],"product_cat":[10262,6623],"product_tag":[475,419,420,2066,2373,4526,6297,91,1035,1036,546,3720,10684,10686,14194,10685,1037,14237,49,662,1043,3883,1039,3034,1042,2934,126,2931,14197,14195,14238,14196,10683,14241,14239,14242,14240,783,86,3507,14203,14201,14243,14202,14206,14204,14244,14205,787,1045,1041,547,1034,1038,10687,10682,3996,233],"class_list":{"0":"post-68315581","1":"product","2":"type-product","3":"status-publish","4":"has-post-thumbnail","6":"product_brand-mbrp","7":"product_cat-alle-produkte","8":"product_cat-1500-57-dt-abgasanlage-catback","9":"product_tag-475","10":"product_tag-419","11":"product_tag-420","12":"product_tag-2066","13":"product_tag-2373","14":"product_tag-4526","15":"product_tag-6297","16":"product_tag-5-7","17":"product_tag-abgasanlage","18":"product_tag-abgassystem","19":"product_tag-auspuff","20":"product_tag-auspuffblende","21":"product_tag-auspuffblenden","22":"product_tag-auspuffendrohr","23":"product_tag-auspuffendrohre","24":"product_tag-auspuffendstueck","25":"product_tag-auspuffsystem","26":"product_tag-carbon-endrohre","27":"product_tag-dodge","28":"product_tag-edelstahl","29":"product_tag-endrohr","30":"product_tag-endrohre","31":"product_tag-endschalldaempfer","32":"product_tag-endstueck","33":"product_tag-endtopf","34":"product_tag-harder","35":"product_tag-hemi","36":"product_tag-mbrp","37":"product_tag-mbrp-auspuffblenden","38":"product_tag-mbrp-auspuffendrohre","39":"product_tag-mbrp-carbon-endrohre","40":"product_tag-mbrp-endrohre","41":"product_tag-mbrp-t5199cf","42":"product_tag-mbrp-t5199cf-auspuffblenden","43":"product_tag-mbrp-t5199cf-auspuffendrohre","44":"product_tag-mbrp-t5199cf-carbon-endrohre","45":"product_tag-mbrp-t5199cf-endrohre","46":"product_tag-r-t","47":"product_tag-ram","48":"product_tag-ram1500","49":"product_tag-ram-1500-auspuffblenden","50":"product_tag-ram-1500-auspuffendrohre","51":"product_tag-ram-1500-carbon-endrohre","52":"product_tag-ram-1500-endrohre","53":"product_tag-ram-1500-mbrp-auspuffblenden","54":"product_tag-ram-1500-mbrp-auspuffendrohre","55":"product_tag-ram-1500-mbrp-carbon-endrohre","56":"product_tag-ram-1500-mbrp-endrohre","57":"product_tag-rt","58":"product_tag-sound","59":"product_tag-sport","60":"product_tag-sportauspuff","61":"product_tag-sportauspuffanlage","62":"product_tag-sportendschalldaempfer","63":"product_tag-t5199","64":"product_tag-t5199cf","65":"product_tag-tip","66":"product_tag-tuning","68":"first","69":"instock","70":"taxable","71":"shipping-taxable","72":"purchasable","73":"product-type-simple"},"bundled_by":[],"bundle_stock_status":"instock","bundle_stock_quantity":1,"bundle_virtual":false,"bundle_layout":"","bundle_add_to_cart_form_location":"","bundle_editable_in_cart":false,"bundle_sold_individually_context":"","bundle_item_grouping":"","bundle_min_size":"","bundle_max_size":"","bundle_price":[],"bundled_items":[],"bundle_sell_ids":[],"exclude_global_add_ons":[],"addons":[],"acf":[],"_links":{"self":[{"href":"https:\/\/kraftwerk-shop.cc\/es\/wp-json\/wp\/v2\/product\/68315581","targetHints":{"allow":["GET"]}}],"collection":[{"href":"https:\/\/kraftwerk-shop.cc\/es\/wp-json\/wp\/v2\/product"}],"about":[{"href":"https:\/\/kraftwerk-shop.cc\/es\/wp-json\/wp\/v2\/types\/product"}],"replies":[{"embeddable":true,"href":"https:\/\/kraftwerk-shop.cc\/es\/wp-json\/wp\/v2\/comments?post=68315581"}],"version-history":[{"count":0,"href":"https:\/\/kraftwerk-shop.cc\/es\/wp-json\/wp\/v2\/product\/68315581\/revisions"}],"wp:featuredmedia":[{"embeddable":true,"href":"https:\/\/kraftwerk-shop.cc\/es\/wp-json\/wp\/v2\/media\/68315588"}],"wp:attachment":[{"href":"https:\/\/kraftwerk-shop.cc\/es\/wp-json\/wp\/v2\/media?parent=68315581"}],"wp:term":[{"taxonomy":"product_brand","embeddable":true,"href":"https:\/\/kraftwerk-shop.cc\/es\/wp-json\/wp\/v2\/product_brand?post=68315581"},{"taxonomy":"product_cat","embeddable":true,"href":"https:\/\/kraftwerk-shop.cc\/es\/wp-json\/wp\/v2\/product_cat?post=68315581"},{"taxonomy":"product_tag","embeddable":true,"href":"https:\/\/kraftwerk-shop.cc\/es\/wp-json\/wp\/v2\/product_tag?post=68315581"}],"curies":[{"name":"wp","href":"https:\/\/api.w.org\/{rel}","templated":true}]}}