{"id":68315923,"date":"2025-02-21T13:51:18","date_gmt":"2025-02-21T12:51:18","guid":{"rendered":"https:\/\/kraftwerk-shop.cc\/?post_type=product&#038;p=68315923"},"modified":"2026-03-02T02:33:00","modified_gmt":"2026-03-02T01:33:00","slug":"superchips-flashcal-3581-jl-wrangler-jl","status":"publish","type":"product","link":"https:\/\/kraftwerk-shop.cc\/es\/produkt\/superchips-flashcal-3581-jl-wrangler-jl\/","title":{"rendered":"Superchips Flashcal+ Wrangler JL"},"content":{"rendered":"<h1 class=\"product-name\">Superchips Flashcal+ para Wrangler JL<\/h1>\n<p>&nbsp;<\/p>\n<p data-start=\"0\" data-end=\"365\">El calibrador inal\u00e1mbrico Superchips Flashcal+ es una herramienta de calibraci\u00f3n avanzada dise\u00f1ada espec\u00edficamente para los modelos Jeep Wrangler JL de 2018 a 2024. Este innovador dispositivo permite a los propietarios de Jeep ajustar y supervisar numerosos ajustes del veh\u00edculo de forma inal\u00e1mbrica a trav\u00e9s de una aplicaci\u00f3n para smartphone f\u00e1cil de usar.<\/p>\n<p>&nbsp;<\/p>\n<p><strong>Funciones:<\/strong><\/p>\n<ul>\n<li><strong>Desactivaci\u00f3n del TPMS:<\/strong> Para ruedas de reequipamiento sin sensores<\/li>\n<li><strong>TPMS on\/off (pantalla de rastreo)<\/strong><\/li>\n<li><strong>Ajustes de las luces de circulaci\u00f3n diurna:<\/strong> Conectado permanentemente, desactivado o seleccionable manualmente.<\/li>\n<li><strong>Selecci\u00f3n de la ubicaci\u00f3n de las luces de circulaci\u00f3n diurna:<\/strong> Luz antiniebla, guardabarros, luz de estacionamiento, luz de carretera, luz de cruce, intermitente o sin luz diurna.<\/li>\n<li><strong>Desactivar la desconexi\u00f3n de las luces diurnas:<\/strong> Detiene la luz de marcha diurna cuando se utiliza el intermitente.<\/li>\n<li><strong>Desactive la desactivaci\u00f3n de las luces antiniebla:<\/strong> Permite el uso simult\u00e1neo de las luces de carretera y los faros antiniebla.<\/li>\n<li><strong>Activar o desactivar las luces de halo.<\/strong><\/li>\n<li><strong>Activa el cambio de pista con una pulsaci\u00f3n.<\/strong><\/li>\n<li><strong>Pantalla de inicio seleccionable en el salpicadero:<\/strong> Rubicon, Sahara, Sport.<\/li>\n<li><strong>Desactivaci\u00f3n del recordatorio del cintur\u00f3n de seguridad:<\/strong> Detiene la se\u00f1al ac\u00fastica de advertencia.<\/li>\n<li><strong>Enlace de viaje: <\/strong>Activar o desactivar el aviso meteorol\u00f3gico.<\/li>\n<li><strong>Configuraci\u00f3n de la luz<\/strong>Permite la instalaci\u00f3n opcional de luces est\u00e1ndar o LED para los intermitentes delanteros, las luces traseras o la tercera luz de freno.<\/li>\n<li><strong>Desactivaci\u00f3n autom\u00e1tica de arranque y parada:<\/strong> Permanece apagado mientras la mochila OBD-II siga enchufada, incluso despu\u00e9s de reiniciar el veh\u00edculo.<\/li>\n<li><strong>Pantalla CRAWL (v\u00e9ase la ilustraci\u00f3n anterior):<\/strong> Interfaz en tiempo real para controlar el bloqueo del diferencial de los ejes delantero y trasero, los ajustes del TPMS y el aumento del r\u00e9gimen de ralent\u00ed (las funciones CRAWL var\u00edan seg\u00fan el a\u00f1o del modelo y el equipamiento).<\/li>\n<li><strong>Activar interruptores adicionales:<\/strong> Permite utilizar interruptores AUX* adicionales suministrados de f\u00e1brica para controlar accesorios el\u00e9ctricos.<\/li>\n<li><strong>Asistente de tama\u00f1o de neum\u00e1ticos:<\/strong> Calibra autom\u00e1ticamente el veloc\u00edmetro con el GPS del smartphone sin necesidad de introducir datos manualmente ni de bajarse del veh\u00edculo (la introducci\u00f3n manual sigue siendo posible).<\/li>\n<li><strong>Desactivar o activar la vigilancia del \u00e1ngulo muerto<\/strong>si no se monta de serie*.<\/li>\n<li><strong>Supervisi\u00f3n de datos en directo:<\/strong> Pantallas personalizables, as\u00ed como lectura y borrado de c\u00f3digos de error.<\/li>\n<li><strong>Activar el interruptor de las luces antiniebla de f\u00e1brica<\/strong>si no se monta de serie*.<\/li>\n<li><strong>Opciones de servicio para reparaciones dom\u00e9sticas: <\/strong>Inicializaci\u00f3n del ABS, reaprendizaje del pedal de freno, sincronizaci\u00f3n del \u00e1rbol de levas\/\u00e1rbol cig\u00fce\u00f1al.<\/li>\n<li><strong>M\u00f3dulo de reinicio para:<\/strong> ABS (sistema antibloqueo de frenos), BCM (m\u00f3dulo de control de la carrocer\u00eda), TPMS (sistema de control de la presi\u00f3n de los neum\u00e1ticos) e IPC (cuadro de instrumentos).<\/li>\n<li><strong>Activar el acoplamiento del remolque<\/strong>si no se monta de serie*.<\/li>\n<li><strong>Desactivar o activar la c\u00e1mara de marcha atr\u00e1s<\/strong>si no se monta de serie (s\u00f3lo JL 2018-2020)*.<\/li>\n<li><strong>Desactivar o activar la c\u00e1mara de carga<\/strong>si no se monta de serie (s\u00f3lo JL 2018-2020)*.<\/li>\n<li><strong>Aumento de la velocidad del motor para el funcionamiento del cabrestante:<\/strong> Temporal con criba CRAWL, 500-2000 rpm.<\/li>\n<li><strong>Desactive la servobomba el\u00e9ctrica:<\/strong> Para conversi\u00f3n a sistema hidr\u00e1ulico*.<\/li>\n<li><strong>Separaci\u00f3n transversal del estabilizador en 2Hi:<\/strong> Hasta 40 km\/h (pantalla CRAWL, s\u00f3lo Rubicon).<\/li>\n<li><strong>Desactivar los bloqueos del diferencial:<\/strong> S\u00f3lo trasero o delantero y trasero para control manual*.<\/li>\n<li><strong>Bloqueo de l\u00ednea:<\/strong> Mantiene los frenos s\u00f3lo en las ruedas delanteras.<\/li>\n<li><strong>Bloqueo del diferencial trasero o delantero y trasero:<\/strong> Con caja de transferencia en 4-Hi &amp; 4-Low (Pantalla CRAWL, s\u00f3lo Rubicon)<\/li>\n<li><strong>Rock Lock:<\/strong> Sujeta las cuatro ruedas con frenos para la conducci\u00f3n todoterreno.<\/li>\n<li><strong>Calibraci\u00f3n de la relaci\u00f3n de ejes:<\/strong> 2,73 - 5,38:1.<\/li>\n<li><strong>Activaci\u00f3n\/desactivaci\u00f3n del estabilizador lateral electr\u00f3nico<\/strong> (si est\u00e1 disponible).<\/li>\n<li><strong data-start=\"1050\" data-end=\"1084\">Diagn\u00f3stico del c\u00f3digo de error:<\/strong> Lee y borra los c\u00f3digos de diagn\u00f3stico para simplificar el mantenimiento del veh\u00edculo.<\/li>\n<li><strong>Calibrado del tama\u00f1o del neum\u00e1tico en funci\u00f3n de la altura:<\/strong> 66 cm - 102 cm (26\" - 40\").<\/li>\n<li><strong>Calibraci\u00f3n de la relaci\u00f3n de la caja de transferencia:<\/strong> 2,72 - 5,00:1.<\/li>\n<li><strong>Umbral de aviso TPMS ajustable:<\/strong> 1,5 - 3,9 bar (22-56 psi).<\/li>\n<\/ul>\n<p>*Estos dispositivos adaptan los controles del veh\u00edculo en consecuencia, pero se requieren componentes adicionales OEM o de posventa para una conversi\u00f3n completa.<br \/>\nIMPORTANTE: No se recomienda el uso de Flashcal+ si el tama\u00f1o del neum\u00e1tico se ha ajustado previamente con un dispositivo Tazer.<\/p>\n<p>&nbsp;<\/p>\n<p><strong>Adecuado para:<\/strong><\/p>\n<table width=\"449\">\n<tbody>\n<tr>\n<td width=\"115\"><strong>Marca<\/strong><\/td>\n<td width=\"145\"><strong>Modelo<\/strong><\/td>\n<td width=\"106\"><strong>Motor<\/strong><\/td>\n<td width=\"83\"><strong>A\u00f1o de construcci\u00f3n<\/strong><\/td>\n<\/tr>\n<tr>\n<td>Jeep<\/td>\n<td>Wrangler JL<\/td>\n<td>3.6<\/td>\n<td width=\"83\">2018-2024<\/td>\n<\/tr>\n<\/tbody>\n<\/table>\n<p>&nbsp;<\/p>\n<p><strong>Volumen de suministro:<\/strong><\/p>\n<ul>\n<li>1 x Flashcal+ 3581-JL<\/li>\n<li>1 x M\u00f3dulo de derivaci\u00f3n de puerta de enlace de seguridad<\/li>\n<\/ul>\n<p>&nbsp;<\/p>\n<p><iframe loading=\"lazy\" title=\"Dispositivos de programaci\u00f3n y herramientas de calibraci\u00f3n Superchips\" src=\"https:\/\/www.youtube.com\/embed\/Dhyiohi70_A\" width=\"882\" height=\"496\" frameborder=\"0\" allowfullscreen=\"allowfullscreen\"><\/iframe><\/p>","protected":false},"excerpt":{"rendered":"<p>2018-2024<\/p>","protected":false},"featured_media":68316235,"comment_status":"open","ping_status":"closed","template":"","meta":{"_acf_changed":false},"product_brand":[],"product_cat":[10262,2951],"product_tag":[252,419,420,2066,2373,4526,6297,169,10716,3213,10698,3476,10710,471,10701,10715,10714,10712,10713,13262,10703,1157,2934,50,13264,13265,13300,13304,13314,13302,13298,13277,13313,13293,13287,13311,13310,13319,13320,13288,13283,13284,13278,13267,13301,13290,13289,13309,13303,13295,13285,13317,13271,13269,13305,13306,13307,13291,13292,13308,13296,13282,13315,13279,13280,13318,13297,13270,13312,13275,13273,13272,13299,13316,903,36,438,4776,10699,10696,517,3479,3480,10711,10697,2980,469,10760,10700,10691,13261,10692,13263,10704,10709,10708,3478,233,919,175,10759,13266,13294,13268,13286,13281,13276,13274],"class_list":{"0":"post-68315923","1":"product","2":"type-product","3":"status-publish","4":"has-post-thumbnail","6":"product_cat-alle-produkte","7":"product_cat-wrangler-36-programmiergeraete","8":"product_tag-252","9":"product_tag-419","10":"product_tag-420","11":"product_tag-2066","12":"product_tag-2373","13":"product_tag-4526","14":"product_tag-6297","15":"product_tag-3-6","16":"product_tag-3581-jl","17":"product_tag-abs","18":"product_tag-achsenuebersetzung","19":"product_tag-anpassung","20":"product_tag-bcm","21":"product_tag-bypass","22":"product_tag-datenaufzeichnung","23":"product_tag-dtc","24":"product_tag-fehlerdiagnose","25":"product_tag-flaschcal","26":"product_tag-flashcal","27":"product_tag-flashcal-3581-jl","28":"product_tag-geschwindigkeit","29":"product_tag-geschwindigkeitsbegrenzer","30":"product_tag-harder","31":"product_tag-jeep","32":"product_tag-jeep-wrangler-jl","33":"product_tag-jeep-wrangler-jl-3-6","34":"product_tag-jeep-wrangler-jl-abs-initialisierung","35":"product_tag-jeep-wrangler-jl-anhaengerkupplung-aktivieren","36":"product_tag-jeep-wrangler-jl-app-steuerung","37":"product_tag-jeep-wrangler-jl-aux-schalter","38":"product_tag-jeep-wrangler-jl-bcm-reset","39":"product_tag-jeep-wrangler-jl-blinker-lichtkonfiguration","40":"product_tag-jeep-wrangler-jl-crawl-bildschirm","41":"product_tag-jeep-wrangler-jl-crawl-screen","42":"product_tag-jeep-wrangler-jl-diagnosegeraet","43":"product_tag-jeep-wrangler-jl-drehzahl-einstellen","44":"product_tag-jeep-wrangler-jl-echtzeitdaten","45":"product_tag-jeep-wrangler-jl-elektronische-einstellung","46":"product_tag-jeep-wrangler-jl-elektronische-fahrzeuganpassung","47":"product_tag-jeep-wrangler-jl-fehlercodes","48":"product_tag-jeep-wrangler-jl-fehlerspeicher-auslesen","49":"product_tag-jeep-wrangler-jl-fehlerspeicher-loeschen","50":"product_tag-jeep-wrangler-jl-fernlicht-nebelscheinwerfer","51":"product_tag-jeep-wrangler-jl-kalibrierung","52":"product_tag-jeep-wrangler-jl-kurbelwelle-nockenwelle-synchronisation","53":"product_tag-jeep-wrangler-jl-led-nachruestung","54":"product_tag-jeep-wrangler-jl-lichtkonfiguration","55":"product_tag-jeep-wrangler-jl-live-daten-anzeigen","56":"product_tag-jeep-wrangler-jl-modul-reset","57":"product_tag-jeep-wrangler-jl-motordrehzahl-erhoehen","58":"product_tag-jeep-wrangler-jl-obd-modul","59":"product_tag-jeep-wrangler-jl-ohne-werkstatt-kalibrieren","60":"product_tag-jeep-wrangler-jl-reifengroesse-einstellen","61":"product_tag-jeep-wrangler-jl-reifenkalibrierung","62":"product_tag-jeep-wrangler-jl-rueckfahrkamera-2018","63":"product_tag-jeep-wrangler-jl-rueckfahrkamera-2019","64":"product_tag-jeep-wrangler-jl-rueckfahrkamera-2020","65":"product_tag-jeep-wrangler-jl-rueckfahrkamera-aktivieren","66":"product_tag-jeep-wrangler-jl-rueckfahrkamera-deaktivieren","67":"product_tag-jeep-wrangler-jl-rueckfahrkamera-manuell-aktivieren","68":"product_tag-jeep-wrangler-jl-seilwindenbetrieb","69":"product_tag-jeep-wrangler-jl-sicherheitsgurt-erinnerung","70":"product_tag-jeep-wrangler-jl-smartphone-kalibrierung","71":"product_tag-jeep-wrangler-jl-spurwechsel-blinkfunktion","72":"product_tag-jeep-wrangler-jl-start-stopp-deaktivieren","73":"product_tag-jeep-wrangler-jl-steuergeraet-konfigurieren","74":"product_tag-jeep-wrangler-jl-steuergeraete-reset","75":"product_tag-jeep-wrangler-jl-tacho-einstellen","76":"product_tag-jeep-wrangler-jl-tacho-kalibrierung-per-gps","77":"product_tag-jeep-wrangler-jl-tagfahrlicht-konfigurieren","78":"product_tag-jeep-wrangler-jl-tpms-aktivieren","79":"product_tag-jeep-wrangler-jl-tpms-deaktivieren","80":"product_tag-jeep-wrangler-jl-tpms-reset","81":"product_tag-jeep-wrangler-jl-wireless-kalibrierung","82":"product_tag-jl","83":"product_tag-kraftwerk","84":"product_tag-obd","85":"product_tag-obd-tuning","86":"product_tag-offroad","87":"product_tag-programmer","88":"product_tag-programmiergeraet","89":"product_tag-reifendruck","90":"product_tag-reifendrucksensoren","91":"product_tag-reifendruckueberwachungssystem","92":"product_tag-reifenumfang","93":"product_tag-rubicon","94":"product_tag-security-gateway","95":"product_tag-security-gateway-bypass-modul","96":"product_tag-sensoren","97":"product_tag-superchips","98":"product_tag-superchips-3581-jl","99":"product_tag-superchips-flashcal","100":"product_tag-superchips-flashcal-3581-jl","101":"product_tag-tacho","102":"product_tag-tachometerkorrektur","103":"product_tag-tagfahrlicht","104":"product_tag-tpms","105":"product_tag-tuning","106":"product_tag-tuninggeraet","107":"product_tag-wrangler","108":"product_tag-wrangler-jl","109":"product_tag-wrangler-jl-3-6","110":"product_tag-wrangler-jl-crawl-funktionen","111":"product_tag-wrangler-jl-kalibrierung","112":"product_tag-wrangler-jl-obd2","113":"product_tag-wrangler-jl-start-stopp","114":"product_tag-wrangler-jl-tagfahrlicht","115":"product_tag-wrangler-jl-tpms","117":"first","118":"outofstock","119":"taxable","120":"shipping-taxable","121":"purchasable","122":"product-type-simple"},"bundled_by":[],"bundle_stock_status":"outofstock","bundle_stock_quantity":0,"bundle_virtual":false,"bundle_layout":"","bundle_add_to_cart_form_location":"","bundle_editable_in_cart":false,"bundle_sold_individually_context":"","bundle_item_grouping":"","bundle_min_size":"","bundle_max_size":"","bundle_price":[],"bundled_items":[],"bundle_sell_ids":[],"exclude_global_add_ons":[],"addons":[],"acf":[],"_links":{"self":[{"href":"https:\/\/kraftwerk-shop.cc\/es\/wp-json\/wp\/v2\/product\/68315923","targetHints":{"allow":["GET"]}}],"collection":[{"href":"https:\/\/kraftwerk-shop.cc\/es\/wp-json\/wp\/v2\/product"}],"about":[{"href":"https:\/\/kraftwerk-shop.cc\/es\/wp-json\/wp\/v2\/types\/product"}],"replies":[{"embeddable":true,"href":"https:\/\/kraftwerk-shop.cc\/es\/wp-json\/wp\/v2\/comments?post=68315923"}],"version-history":[{"count":0,"href":"https:\/\/kraftwerk-shop.cc\/es\/wp-json\/wp\/v2\/product\/68315923\/revisions"}],"wp:featuredmedia":[{"embeddable":true,"href":"https:\/\/kraftwerk-shop.cc\/es\/wp-json\/wp\/v2\/media\/68316235"}],"wp:attachment":[{"href":"https:\/\/kraftwerk-shop.cc\/es\/wp-json\/wp\/v2\/media?parent=68315923"}],"wp:term":[{"taxonomy":"product_brand","embeddable":true,"href":"https:\/\/kraftwerk-shop.cc\/es\/wp-json\/wp\/v2\/product_brand?post=68315923"},{"taxonomy":"product_cat","embeddable":true,"href":"https:\/\/kraftwerk-shop.cc\/es\/wp-json\/wp\/v2\/product_cat?post=68315923"},{"taxonomy":"product_tag","embeddable":true,"href":"https:\/\/kraftwerk-shop.cc\/es\/wp-json\/wp\/v2\/product_tag?post=68315923"}],"curies":[{"name":"wp","href":"https:\/\/api.w.org\/{rel}","templated":true}]}}