{"id":68316181,"date":"2025-02-23T11:22:40","date_gmt":"2025-02-23T10:22:40","guid":{"rendered":"https:\/\/kraftwerk-shop.cc\/?post_type=product&#038;p=68316181"},"modified":"2026-02-15T01:18:39","modified_gmt":"2026-02-15T00:18:39","slug":"kooks-3521h440-colector-trx","status":"publish","type":"product","link":"https:\/\/kraftwerk-shop.cc\/es\/produkt\/kooks-3521h440-faecherkruemmer-trx\/","title":{"rendered":"Colector Kooks 1-7\/8\u2033 con H.O. catalizadores RAM TRX"},"content":{"rendered":"<h1>Colector Kooks 1-7\/8\u2033 con catalizadores High Output Green para RAM TRX<\/h1>\n<p>&nbsp;<\/p>\n<p>Los colectores mejoran el rendimiento de su RAM TRX dirigiendo el flujo de gases de escape de forma m\u00e1s eficiente. Gracias a su forma especial, permiten un mejor desarrollo de los gases de escape y reducen la contrapresi\u00f3n, lo que se traduce en un mayor rendimiento del motor.<\/p>\n<p>Los colectores Kooks est\u00e1n fabricados en robusto acero inoxidable T304, lo que les confiere una larga vida \u00fatil. Son m\u00e1s resistentes a la corrosi\u00f3n y a las altas temperaturas que los colectores convencionales.<\/p>\n<p>Los catalizadores 300 CPI H.O. GREEN, tambi\u00e9n conocidos como catalizadores GESI, son catalizadores de alto rendimiento con un alto contenido en platino. Estos catalizadores est\u00e1n homologados por la EPA y pueden hacer frente a las altas temperaturas de escape de veh\u00edculos muy modificados con inducci\u00f3n forzada.<\/p>\n<p>Esta combinaci\u00f3n de colectores y catalizadores deportivos puede utilizarse directamente con el sistema de escape original o con sistemas de escape accesorios id\u00e9nticos a las conexiones originales.<\/p>\n<p>&nbsp;<\/p>\n<p><strong>Colector de ventilador Kooks<\/strong><\/p>\n<ul>\n<li>Mejorar el caudal de gases de escape<\/li>\n<li>Mejora el sonido de tu veh\u00edculo<\/li>\n<li>Minimizar la contrapresi\u00f3n en el sistema de escape<\/li>\n<li>Aumentar el rendimiento del motor<\/li>\n<\/ul>\n<p>&nbsp;<\/p>\n<p><strong>Adecuado para:<\/strong><\/p>\n<table width=\"558\">\n<tbody>\n<tr>\n<td width=\"83\"><strong>Marca<\/strong><\/td>\n<td width=\"187\"><strong>Modelo<\/strong><\/td>\n<td width=\"179\"><strong>Motor<\/strong><\/td>\n<td width=\"109\"><strong>A\u00f1o de construcci\u00f3n<\/strong><\/td>\n<\/tr>\n<tr>\n<td width=\"83\">RAM<\/td>\n<td width=\"187\">TRX<\/td>\n<td>6.2<\/td>\n<td>2021-2023<\/td>\n<\/tr>\n<\/tbody>\n<\/table>\n<p>&nbsp;<\/p>\n<p><strong>Acerca de Kooks<\/strong><\/p>\n<p>Los colectores de escape y sistemas de escape Kooks han sido l\u00edderes del mercado durante m\u00e1s de 50 a\u00f1os. Desde 1962, Kooks se enorgullece de ofrecer los mejores colectores y sistemas de escape completos para sus aplicaciones de calle, competici\u00f3n y todoterreno. Los veh\u00edculos con colectores y sistemas de escape Kooks han ganado cientos de campeonatos y establecido innumerables r\u00e9cords en la NHRA, IHRA, NMCA, NMRA, NASCAR, NASA, SCCA y muchas otras organizaciones de carreras.<br \/>\nTodos los productos Kooks est\u00e1n hechos a mano en EE.UU. y Kooks se enorgullece de seguir siendo independiente.<br \/>\nNo lo olvides: \"Get Kookin with KOOKS\".<\/p>\n<p>&nbsp;<\/p>","protected":false},"excerpt":{"rendered":"<p>Kooks 1-7\/8&#8243; F\u00e4cherkr\u00fcmmer mit High Output Green Katalysatoren f\u00fcr RAM TRX &nbsp; F\u00e4cherkr\u00fcmmer verbessern die Leistung Ihres RAM TRX, indem<\/p>","protected":false},"featured_media":68316183,"comment_status":"open","ping_status":"closed","template":"","meta":{"_acf_changed":false},"product_brand":[17172],"product_cat":[10262,3024,6636],"product_tag":[475,10717,605,546,2245,49,662,6958,543,6961,6960,100,6962,20273,544,13321,13322,2447,550,545,927,86,13323,13325,13324,13331,13343,13346,13329,13337,13340,13332,13327,13344,13338,13326,13330,13339,13328,13369,13365,13432,13428,13421,13434,13411,13388,13397,13359,13390,13394,13367,13407,13414,13357,13435,13373,13406,13370,13374,13418,13383,13415,13362,13391,13400,13361,13405,13431,13379,13398,13410,13427,13375,13371,13402,13385,13423,13416,13426,13430,13358,13389,13429,13412,13420,13381,13377,13399,13384,13403,13382,13413,13378,13380,13387,13396,13353,13404,13393,13360,13372,13364,13356,13425,13368,13408,13354,13409,13417,13355,13433,13424,13422,13419,13363,13376,13395,13392,13401,13386,13366,13347,13350,13348,13352,13349,13351,13333,13336,13341,13335,13345,13342,13334,527,553,6963,2353],"class_list":{"0":"post-68316181","1":"product","2":"type-product","3":"status-publish","4":"has-post-thumbnail","6":"product_brand-kooks","7":"product_cat-alle-produkte","8":"product_cat-nicht-nach-eu","9":"product_cat-trx-abgaskruemmer-katalysatoren","10":"product_tag-475","11":"product_tag-3521h440","12":"product_tag-abgaskruemmer","13":"product_tag-auspuff","14":"product_tag-auspuffanlage","15":"product_tag-dodge","16":"product_tag-edelstahl","17":"product_tag-edelstahlkruemmer","18":"product_tag-faecherkruemmer","19":"product_tag-gesi-katalysatoren","20":"product_tag-green-katalysatoren","21":"product_tag-hellcat","22":"product_tag-hochleistungs-katalysatoren","23":"product_tag-keintuev","24":"product_tag-kooks","25":"product_tag-kooks-3521h440","26":"product_tag-kooks-faecherkruemmer-3521h440","27":"product_tag-kooks-headers","28":"product_tag-kruemmer","29":"product_tag-longtube","30":"product_tag-longtubes","31":"product_tag-ram","32":"product_tag-ram-1500-trx","33":"product_tag-ram-1500-trx-6-2-v8","34":"product_tag-ram-1500-trx-6-2l","35":"product_tag-ram-1500-trx-abgasanlage","36":"product_tag-ram-1500-trx-abgasdruck","37":"product_tag-ram-1500-trx-abgasfluss","38":"product_tag-ram-1500-trx-abgaskruemmer","39":"product_tag-ram-1500-trx-abgasoptimierung","40":"product_tag-ram-1500-trx-aftermarket-kruemmer","41":"product_tag-ram-1500-trx-auspuffanlage","42":"product_tag-ram-1500-trx-auspuffkruemmer","43":"product_tag-ram-1500-trx-drehmomentsteigerung","44":"product_tag-ram-1500-trx-edelstahlkruemmer","45":"product_tag-ram-1500-trx-faecherkruemmer","46":"product_tag-ram-1500-trx-headers","47":"product_tag-ram-1500-trx-hochleistungs-faecherkruemmer","48":"product_tag-ram-1500-trx-kruemmer","49":"product_tag-ram-1500-trx-kruemmer-abe","50":"product_tag-ram-1500-trx-kruemmer-abgasnorm","51":"product_tag-ram-1500-trx-kruemmer-alternativen","52":"product_tag-ram-1500-trx-kruemmer-bestand","53":"product_tag-ram-1500-trx-kruemmer-bestellung","54":"product_tag-ram-1500-trx-kruemmer-bewertungen","55":"product_tag-ram-1500-trx-kruemmer-co2-ausstoss","56":"product_tag-ram-1500-trx-kruemmer-dichtungen","57":"product_tag-ram-1500-trx-kruemmer-diy","58":"product_tag-ram-1500-trx-kruemmer-edelstahl","59":"product_tag-ram-1500-trx-kruemmer-einbauanleitung","60":"product_tag-ram-1500-trx-kruemmer-einbauzeit","61":"product_tag-ram-1500-trx-kruemmer-eintragung","62":"product_tag-ram-1500-trx-kruemmer-emissionen","63":"product_tag-ram-1500-trx-kruemmer-entsorgung","64":"product_tag-ram-1500-trx-kruemmer-erfahrungen","65":"product_tag-ram-1500-trx-kruemmer-erfahrungsberichte","66":"product_tag-ram-1500-trx-kruemmer-garantie","67":"product_tag-ram-1500-trx-kruemmer-geraeuschentwicklung","68":"product_tag-ram-1500-trx-kruemmer-gutachten","69":"product_tag-ram-1500-trx-kruemmer-haltbarkeit","70":"product_tag-ram-1500-trx-kruemmer-haendler","71":"product_tag-ram-1500-trx-kruemmer-hersteller","72":"product_tag-ram-1500-trx-kruemmer-herstellung","73":"product_tag-ram-1500-trx-kruemmer-hitzeschutz","74":"product_tag-ram-1500-trx-kruemmer-installationsanleitung","75":"product_tag-ram-1500-trx-kruemmer-investition","76":"product_tag-ram-1500-trx-kruemmer-keramikbeschichtung","77":"product_tag-ram-1500-trx-kruemmer-klang","78":"product_tag-ram-1500-trx-kruemmer-konkurrenz","79":"product_tag-ram-1500-trx-kruemmer-korrosionsschutz","80":"product_tag-ram-1500-trx-kruemmer-kosten","81":"product_tag-ram-1500-trx-kruemmer-kraftstoffeffizienz","82":"product_tag-ram-1500-trx-kruemmer-lagerung","83":"product_tag-ram-1500-trx-kruemmer-lebensdauer","84":"product_tag-ram-1500-trx-kruemmer-legalitaet","85":"product_tag-ram-1500-trx-kruemmer-leistungsmessung","86":"product_tag-ram-1500-trx-kruemmer-lieferumfang","87":"product_tag-ram-1500-trx-kruemmer-lieferung","88":"product_tag-ram-1500-trx-kruemmer-lieferzeit","89":"product_tag-ram-1500-trx-kruemmer-logistik","90":"product_tag-ram-1500-trx-kruemmer-markt","91":"product_tag-ram-1500-trx-kruemmer-material","92":"product_tag-ram-1500-trx-kruemmer-montageanleitung","93":"product_tag-ram-1500-trx-kruemmer-nachfrage","94":"product_tag-ram-1500-trx-kruemmer-nachhaltigkeit","95":"product_tag-ram-1500-trx-kruemmer-online-shop","96":"product_tag-ram-1500-trx-kruemmer-passgenauigkeit","97":"product_tag-ram-1500-trx-kruemmer-pflege","98":"product_tag-ram-1500-trx-kruemmer-preis","99":"product_tag-ram-1500-trx-kruemmer-produktion","100":"product_tag-ram-1500-trx-kruemmer-pruefstand","101":"product_tag-ram-1500-trx-kruemmer-qualitaet","102":"product_tag-ram-1500-trx-kruemmer-recycling","103":"product_tag-ram-1500-trx-kruemmer-reinigung","104":"product_tag-ram-1500-trx-kruemmer-rostschutz","105":"product_tag-ram-1500-trx-kruemmer-schrauben","106":"product_tag-ram-1500-trx-kruemmer-selbsteinbau","107":"product_tag-ram-1500-trx-kruemmer-set","108":"product_tag-ram-1500-trx-kruemmer-sound","109":"product_tag-ram-1500-trx-kruemmer-spezialwerkzeug","110":"product_tag-ram-1500-trx-kruemmer-stahl","111":"product_tag-ram-1500-trx-kruemmer-strassenzulassung","112":"product_tag-ram-1500-trx-kruemmer-temperaturmanagement","113":"product_tag-ram-1500-trx-kruemmer-test","114":"product_tag-ram-1500-trx-kruemmer-transport","115":"product_tag-ram-1500-trx-kruemmer-tuev","116":"product_tag-ram-1500-trx-kruemmer-umwelt","117":"product_tag-ram-1500-trx-kruemmer-upgrade","118":"product_tag-ram-1500-trx-kruemmer-verbrauch","119":"product_tag-ram-1500-trx-kruemmer-verfuegbarkeit","120":"product_tag-ram-1500-trx-kruemmer-vergleich","121":"product_tag-ram-1500-trx-kruemmer-vergleichsprodukte","122":"product_tag-ram-1500-trx-kruemmer-verpackung","123":"product_tag-ram-1500-trx-kruemmer-versand","124":"product_tag-ram-1500-trx-kruemmer-vertrieb","125":"product_tag-ram-1500-trx-kruemmer-waermeisolierung","126":"product_tag-ram-1500-trx-kruemmer-wartung","127":"product_tag-ram-1500-trx-kruemmer-werkstatt","128":"product_tag-ram-1500-trx-kruemmer-werkzeuge","129":"product_tag-ram-1500-trx-kruemmer-wert","130":"product_tag-ram-1500-trx-kruemmer-zubehoer","131":"product_tag-ram-1500-trx-kruemmer-zulassung","132":"product_tag-ram-1500-trx-kruemmerdichtung","133":"product_tag-ram-1500-trx-kruemmerersatz","134":"product_tag-ram-1500-trx-kruemmerinstallation","135":"product_tag-ram-1500-trx-kruemmerkit","136":"product_tag-ram-1500-trx-kruemmermontage","137":"product_tag-ram-1500-trx-kruemmerwechsel","138":"product_tag-ram-1500-trx-leistungssteigerung","139":"product_tag-ram-1500-trx-motoroptimierung","140":"product_tag-ram-1500-trx-motorsport-kruemmer","141":"product_tag-ram-1500-trx-performance","142":"product_tag-ram-1500-trx-ps-steigerung","143":"product_tag-ram-1500-trx-rennsport-kruemmer","144":"product_tag-ram-1500-trx-tuning","145":"product_tag-sportkat","146":"product_tag-sportkatalysator","147":"product_tag-t304","148":"product_tag-trx","149":"product_shipping_class-paket-xl","151":"first","152":"onbackorder","153":"taxable","154":"shipping-taxable","155":"purchasable","156":"product-type-simple"},"bundled_by":[],"bundle_stock_status":"onbackorder","bundle_stock_quantity":0,"bundle_virtual":false,"bundle_layout":"","bundle_add_to_cart_form_location":"","bundle_editable_in_cart":false,"bundle_sold_individually_context":"","bundle_item_grouping":"","bundle_min_size":"","bundle_max_size":"","bundle_price":[],"bundled_items":[],"bundle_sell_ids":[],"exclude_global_add_ons":[],"addons":[],"acf":[],"_links":{"self":[{"href":"https:\/\/kraftwerk-shop.cc\/es\/wp-json\/wp\/v2\/product\/68316181","targetHints":{"allow":["GET"]}}],"collection":[{"href":"https:\/\/kraftwerk-shop.cc\/es\/wp-json\/wp\/v2\/product"}],"about":[{"href":"https:\/\/kraftwerk-shop.cc\/es\/wp-json\/wp\/v2\/types\/product"}],"replies":[{"embeddable":true,"href":"https:\/\/kraftwerk-shop.cc\/es\/wp-json\/wp\/v2\/comments?post=68316181"}],"version-history":[{"count":0,"href":"https:\/\/kraftwerk-shop.cc\/es\/wp-json\/wp\/v2\/product\/68316181\/revisions"}],"wp:featuredmedia":[{"embeddable":true,"href":"https:\/\/kraftwerk-shop.cc\/es\/wp-json\/wp\/v2\/media\/68316183"}],"wp:attachment":[{"href":"https:\/\/kraftwerk-shop.cc\/es\/wp-json\/wp\/v2\/media?parent=68316181"}],"wp:term":[{"taxonomy":"product_brand","embeddable":true,"href":"https:\/\/kraftwerk-shop.cc\/es\/wp-json\/wp\/v2\/product_brand?post=68316181"},{"taxonomy":"product_cat","embeddable":true,"href":"https:\/\/kraftwerk-shop.cc\/es\/wp-json\/wp\/v2\/product_cat?post=68316181"},{"taxonomy":"product_tag","embeddable":true,"href":"https:\/\/kraftwerk-shop.cc\/es\/wp-json\/wp\/v2\/product_tag?post=68316181"}],"curies":[{"name":"wp","href":"https:\/\/api.w.org\/{rel}","templated":true}]}}