{"id":68316402,"date":"2025-02-25T15:17:16","date_gmt":"2025-02-25T14:17:16","guid":{"rendered":"https:\/\/kraftwerk-shop.cc\/?post_type=product&#038;p=68316402"},"modified":"2026-03-26T11:04:09","modified_gmt":"2026-03-26T10:04:09","slug":"range-technology-ra003r-afm-dfm-disabler","status":"publish","type":"product","link":"https:\/\/kraftwerk-shop.cc\/es\/produkt\/range-technology-ra003r-afm-dfm-disabler\/","title":{"rendered":"M\u00f3dulo desactivador AFM \/ DFM RA003R de Range Technology"},"content":{"rendered":"<h1>M\u00f3dulo desactivador AFM \/ DFM de Range Technology para veh\u00edculos GM<\/h1>\n<p>&nbsp;<\/p>\n<p>El Deshabilitador AFM\/DFM de Range Technology (n\u00famero de modelo RA003R) es un dispositivo innovador dise\u00f1ado para deshabilitar el sistema de Gesti\u00f3n Activa de Combustible (AFM) o Gesti\u00f3n Din\u00e1mica de Combustible (DFM) en su veh\u00edculo GM V6 o V8. Simplemente conect\u00e1ndolo al puerto OBD-II de su veh\u00edculo, este m\u00f3dulo plug-and-play asegura que su motor siempre funcione en modo de cilindro completo, evitando que los cilindros se apaguen.<\/p>\n<p><strong>Funciones:<\/strong><\/p>\n<ul>\n<li>El desactivador AFM\/DFM de Range garantiza que su veh\u00edculo funcione siempre a plena potencia (el 100 % del tiempo).<\/li>\n<li>Simplemente con\u00e9ctelo al puerto OBD-II de su veh\u00edculo - el dispositivo comienza inmediatamente a desactivar el sistema AFM\/DFM.<\/li>\n<li>Tambi\u00e9n desactiva la funci\u00f3n de arranque y parada autom\u00e1ticos.<\/li>\n<li>El desactivador AFM\/DFM de Range no reprograma la unidad de control de f\u00e1brica (ECU).<\/li>\n<li>No deja rastro: basta con desenchufarlo para restablecer la configuraci\u00f3n de f\u00e1brica.<\/li>\n<li>Apto para la mayor\u00eda de veh\u00edculos General Motors (GM) con gesti\u00f3n activa o din\u00e1mica de cilindros (V6 y V8), incluidos turismos, camiones y todoterrenos.<\/li>\n<li>Este dispositivo no es compatible con los modelos 2022 Refresh de camiones o SUV.<\/li>\n<\/ul>\n<p><strong>Se recomienda desenchufar el dispositivo si el veh\u00edculo no se conduce a diario o no se utiliza durante varios d\u00edas. En algunos casos, esto puede provocar un bajo consumo de la bater\u00eda.<\/strong><\/p>\n<p>Con el desactivador AFM\/DFM de Range Technology, puede tomar el control total del rendimiento de su veh\u00edculo manteniendo la integridad de la programaci\u00f3n de la ECU de f\u00e1brica. Experimente un rendimiento constante del motor sin las interrupciones causadas por el sistema de desactivaci\u00f3n de cilindros.<\/p>\n<p><strong>Volumen de suministro:<\/strong><\/p>\n<ul>\n<li>Range Technology RA003R para la conexi\u00f3n OBD<\/li>\n<\/ul>\n<p>&nbsp;<\/p>\n<p><iframe loading=\"lazy\" title=\"Tecnolog\u00eda de gama RA003R Desactivaci\u00f3n de la desactivaci\u00f3n de cilindros (AFM DFM Disabler Module)\" src=\"https:\/\/www.youtube.com\/embed\/y4ur_QAaUb4\" width=\"882\" height=\"496\" frameborder=\"0\" allowfullscreen=\"allowfullscreen\"><\/iframe><\/p>","protected":false},"excerpt":{"rendered":"<p>para veh\u00edculos GM<\/p>","protected":false},"featured_media":68316427,"comment_status":"open","ping_status":"closed","template":"","meta":{"_acf_changed":false},"product_brand":[],"product_cat":[10262,1410,3651,1524,3985,5233,1535,1537,3081,3083,3121,3124,3132,3135,3144,3982,3691,3708,3987,3698,3991,3714],"product_tag":[7867,10764,1203,1156,10552,1205,4869,278,191,1214,189,190,515,536,1206,1204,2038,119,1221,1318,1201,1222,1223,301,302,2934,300,1207,428,36,328,1208,438,1202,517,10762,10553,10554,1209,1210,7101,7105,291,1212,298,293,289,1213,918,233,198,194,1217,607,329],"class_list":{"0":"post-68316402","1":"product","2":"type-product","3":"status-publish","4":"has-post-thumbnail","6":"product_cat-alle-produkte","7":"product_cat-cadillac","8":"product_cat-escalade-zubehoer","9":"product_cat-avalanche","10":"product_cat-avalanche-motor","11":"product_cat-camaro-36-2016-2024","12":"product_cat-camaro-62-2010-2015-motor","13":"product_cat-camaro-62-2010-2015-zubehoer","14":"product_cat-camaro-62-2016-motor","15":"product_cat-camaro-62-2016-zubehoer","16":"product_cat-corvette-c6-motor","17":"product_cat-corvette-c6-zubehoer","18":"product_cat-corvette-c7-motor","19":"product_cat-corvette-c7-zubehoer","20":"product_cat-corvette-c8-zubehoer","21":"product_cat-silverado-motor","22":"product_cat-silverado-zubehoer","23":"product_cat-suburban-zubehoer","24":"product_cat-tahoe-motor","25":"product_cat-tahoe-zubehoer","26":"product_cat-trailblazer-motor","27":"product_cat-trailblazer-zubehoer","28":"product_tag-68143877ab","29":"product_tag-afm","30":"product_tag-ats","31":"product_tag-aufhebung","32":"product_tag-avalance","33":"product_tag-avalanche","34":"product_tag-buick","35":"product_tag-cadillac","36":"product_tag-camaro","37":"product_tag-canyon","38":"product_tag-chevrolet","39":"product_tag-chevy","40":"product_tag-chiptuning","41":"product_tag-chrysler-300c","42":"product_tag-colorado","43":"product_tag-cts","44":"product_tag-encore","45":"product_tag-entfernen","46":"product_tag-g8","47":"product_tag-gm","48":"product_tag-gmc","49":"product_tag-grand-prix","50":"product_tag-gto","51":"product_tag-h2","52":"product_tag-h3","53":"product_tag-harder","54":"product_tag-hummer","55":"product_tag-impala","56":"product_tag-intune","57":"product_tag-kraftwerk","58":"product_tag-mds","59":"product_tag-monte-carlo","60":"product_tag-obd","61":"product_tag-pontiac","62":"product_tag-programmiergeraet","63":"product_tag-ra003r","64":"product_tag-silverado-1500","65":"product_tag-silverado-2500","66":"product_tag-silveraldo","67":"product_tag-sonic","68":"product_tag-sp143877aa","69":"product_tag-sp143877ab","70":"product_tag-ss","71":"product_tag-ssr","72":"product_tag-suburban","73":"product_tag-tahoe","74":"product_tag-trailblazer","75":"product_tag-trax","76":"product_tag-tuner","77":"product_tag-tuning","78":"product_tag-v6","79":"product_tag-v8","80":"product_tag-yukon","81":"product_tag-zylinder","82":"product_tag-zylinderabschaltung","84":"first","85":"outofstock","86":"taxable","87":"shipping-taxable","88":"purchasable","89":"product-type-simple"},"bundled_by":[],"bundle_stock_status":"outofstock","bundle_stock_quantity":0,"bundle_virtual":false,"bundle_layout":"","bundle_add_to_cart_form_location":"","bundle_editable_in_cart":false,"bundle_sold_individually_context":"","bundle_item_grouping":"","bundle_min_size":"","bundle_max_size":"","bundle_price":[],"bundled_items":[],"bundle_sell_ids":[],"exclude_global_add_ons":[],"addons":[],"acf":[],"_links":{"self":[{"href":"https:\/\/kraftwerk-shop.cc\/es\/wp-json\/wp\/v2\/product\/68316402","targetHints":{"allow":["GET"]}}],"collection":[{"href":"https:\/\/kraftwerk-shop.cc\/es\/wp-json\/wp\/v2\/product"}],"about":[{"href":"https:\/\/kraftwerk-shop.cc\/es\/wp-json\/wp\/v2\/types\/product"}],"replies":[{"embeddable":true,"href":"https:\/\/kraftwerk-shop.cc\/es\/wp-json\/wp\/v2\/comments?post=68316402"}],"version-history":[{"count":0,"href":"https:\/\/kraftwerk-shop.cc\/es\/wp-json\/wp\/v2\/product\/68316402\/revisions"}],"wp:featuredmedia":[{"embeddable":true,"href":"https:\/\/kraftwerk-shop.cc\/es\/wp-json\/wp\/v2\/media\/68316427"}],"wp:attachment":[{"href":"https:\/\/kraftwerk-shop.cc\/es\/wp-json\/wp\/v2\/media?parent=68316402"}],"wp:term":[{"taxonomy":"product_brand","embeddable":true,"href":"https:\/\/kraftwerk-shop.cc\/es\/wp-json\/wp\/v2\/product_brand?post=68316402"},{"taxonomy":"product_cat","embeddable":true,"href":"https:\/\/kraftwerk-shop.cc\/es\/wp-json\/wp\/v2\/product_cat?post=68316402"},{"taxonomy":"product_tag","embeddable":true,"href":"https:\/\/kraftwerk-shop.cc\/es\/wp-json\/wp\/v2\/product_tag?post=68316402"}],"curies":[{"name":"wp","href":"https:\/\/api.w.org\/{rel}","templated":true}]}}