{"id":68316939,"date":"2025-03-14T15:07:52","date_gmt":"2025-03-14T14:07:52","guid":{"rendered":"https:\/\/kraftwerk-shop.cc\/?post_type=product&#038;p=68316939"},"modified":"2026-02-15T01:19:10","modified_gmt":"2026-02-15T00:19:10","slug":"mbrp-s55253cf-escape-deportivo-jeep-srt","status":"publish","type":"product","link":"https:\/\/kraftwerk-shop.cc\/es\/produkt\/mbrp-s55253cf-sportauspuff-jeep-srt\/","title":{"rendered":"MBRP Doble Cat-Back Street Perfil Jeep Grand Cherokee SRT"},"content":{"rendered":"<h1>MBRP S55253CF Sistema de escape doble Cat-Back Street Profile para Jeep Grand Cherokee SRT<\/h1>\n<p data-start=\"0\" data-end=\"226\">\n<p data-start=\"0\" data-end=\"226\">El sistema de escape MBRP cat-back de 3 pulgadas ha sido especialmente desarrollado para el Jeep Grand Cherokee SRT con motor V8 de 6,4 litros de los a\u00f1os modelo 2012 a 2021.<\/p>\n<div class=\"relative inline-flex items-center\"><\/div>\n<p data-start=\"228\" data-end=\"284\">Este sistema se caracteriza por los siguientes rasgos:<\/p>\n<ul>\n<li data-start=\"288\" data-end=\"515\">Fabricado en acero inoxidable T304 de alta calidad, ofrece una excelente resistencia al \u00f3xido y la corrosi\u00f3n, ideal para condiciones extremas como la nieve, la sal y el uso todoterreno.<\/li>\n<li data-start=\"519\" data-end=\"783\">Dise\u00f1o: El sistema tiene un di\u00e1metro de 3 pulgadas con doble salida trasera (tubos de escape dobles en la parte trasera) y una sintonizaci\u00f3n Street Profile que proporciona un sonido agresivo sin distraer en los viajes largos.<\/li>\n<li data-start=\"787\" data-end=\"972\">Tubos de escape: Equipados con tubos de escape de 5 pulgadas fabricados en fibra de carbono y acero inoxidable T304, muy atractivos visualmente.<\/li>\n<li data-start=\"976\" data-end=\"1149\">Aumento del rendimiento: Al mejorar el flujo de gases de escape en 24 %, este sistema puede aumentar el rendimiento del motor.<\/li>\n<li data-start=\"1153\" data-end=\"1346\">Instalaci\u00f3n: La instalaci\u00f3n es un sistema atornillado, lo que significa que no se requieren modificaciones adicionales ni trabajos de soldadura.<\/li>\n<\/ul>\n<p data-start=\"1519\" data-end=\"1728\">\n<p data-start=\"1519\" data-end=\"1728\">Tenga en cuenta que este sistema se ha desarrollado espec\u00edficamente para los motores HEMI SRT8 de 6,4 litros del Jeep Grand Cherokee y no es compatible con otros modelos.<\/p>\n<p>&nbsp;<\/p>\n<p>&nbsp;<\/p>\n<p>El sistema de escape MBRP S55253CF Street Profile 3\u2033 cat-back se adapta a los siguientes modelos:<\/p>\n<table width=\"449\">\n<tbody>\n<tr>\n<td width=\"115\"><strong>Marca<\/strong><\/td>\n<td width=\"145\"><strong>Modelo<\/strong><\/td>\n<td width=\"106\"><strong>Motor<\/strong><\/td>\n<td width=\"83\"><strong>A\u00f1o de construcci\u00f3n<\/strong><\/td>\n<\/tr>\n<tr>\n<td>Jeep<\/td>\n<td>Grand Cherokee SRT<\/td>\n<td>6.4<\/td>\n<td>2012-2021<\/td>\n<\/tr>\n<\/tbody>\n<\/table>\n<p>&nbsp;<\/p>\n<p><iframe loading=\"lazy\" title=\"MBRP S5525AL &amp; S55253CF Street Profile escape deportivo Jeep Grand Cherokee SRT 6.4\" src=\"https:\/\/www.youtube.com\/embed\/IKxCaHiY5BY\" width=\"882\" height=\"496\" frameborder=\"0\" allowfullscreen=\"allowfullscreen\"><\/iframe><\/p>","protected":false},"excerpt":{"rendered":"<p>Acero inoxidable T304<\/p>\n<p>2012-2021<\/p>","protected":false},"featured_media":68316942,"comment_status":"open","ping_status":"closed","template":"","meta":{"_acf_changed":false},"product_brand":[17169],"product_cat":[3024,10262,6589],"product_tag":[177,165,248,249,250,251,252,419,420,2066,4024,4023,93,1035,1036,546,1037,1047,2210,1039,2786,56,2934,50,4817,12855,12856,12857,12858,12860,12859,12861,12863,12862,12848,12849,12851,12873,12865,12871,12853,12878,12852,12864,12876,12877,12867,12870,12868,12875,12879,12888,12882,12886,12883,12884,12891,12892,12885,12890,12887,12889,12881,12880,12866,12872,12874,12869,12854,12850,532,20273,2211,2931,10773,547,1034,1038,96,164,2215,233],"class_list":{"0":"post-68316939","1":"product","2":"type-product","3":"status-publish","4":"has-post-thumbnail","6":"product_brand-mbrp","7":"product_cat-nicht-nach-eu","8":"product_cat-alle-produkte","9":"product_cat-grand-cherokee-64-abgasanlage-catback","10":"product_tag-177","11":"product_tag-165","12":"product_tag-248","13":"product_tag-249","14":"product_tag-250","15":"product_tag-251","16":"product_tag-252","17":"product_tag-419","18":"product_tag-420","19":"product_tag-2066","20":"product_tag-3zoll","21":"product_tag-4023","22":"product_tag-6-4","23":"product_tag-abgasanlage","24":"product_tag-abgassystem","25":"product_tag-auspuff","26":"product_tag-auspuffsystem","27":"product_tag-cat-back","28":"product_tag-catback","29":"product_tag-endschalldaempfer","30":"product_tag-exhaust","31":"product_tag-grand-cherokee","32":"product_tag-harder","33":"product_tag-jeep","34":"product_tag-jeep-grand-cherokee-srt","35":"product_tag-jeep-grand-cherokee-srt-6-4-hemi","36":"product_tag-jeep-grand-cherokee-srt-6-4-hemi-auspuff","37":"product_tag-jeep-grand-cherokee-srt-6-4-hemi-auspuffanlage","38":"product_tag-jeep-grand-cherokee-srt-6-4-hemi-schalldaempfer","39":"product_tag-jeep-grand-cherokee-srt-6-4-hemi-schalldaempfer-bypass","40":"product_tag-jeep-grand-cherokee-srt-6-4-hemi-schalldaempfer-ersatz","41":"product_tag-jeep-grand-cherokee-srt-6-4-hemi-schalldaempfer-upgrade","42":"product_tag-jeep-grand-cherokee-srt-6-4-hemi-sportauspuff","43":"product_tag-jeep-grand-cherokee-srt-6-4-hemi-tuning","44":"product_tag-jeep-grand-cherokee-srt-auspuff","45":"product_tag-jeep-grand-cherokee-srt-auspuffanlage","46":"product_tag-jeep-grand-cherokee-srt-schalldaempfer","47":"product_tag-jeep-grand-cherokee-srt-schalldaempfer-angebot","48":"product_tag-jeep-grand-cherokee-srt-schalldaempfer-austausch","49":"product_tag-jeep-grand-cherokee-srt-schalldaempfer-bestellen","50":"product_tag-jeep-grand-cherokee-srt-schalldaempfer-bypass","51":"product_tag-jeep-grand-cherokee-srt-schalldaempfer-carbonfaser","52":"product_tag-jeep-grand-cherokee-srt-schalldaempfer-ersatz","53":"product_tag-jeep-grand-cherokee-srt-schalldaempfer-ersatzteil","54":"product_tag-jeep-grand-cherokee-srt-schalldaempfer-guenstig","55":"product_tag-jeep-grand-cherokee-srt-schalldaempfer-hochwertig","56":"product_tag-jeep-grand-cherokee-srt-schalldaempfer-installation","57":"product_tag-jeep-grand-cherokee-srt-schalldaempfer-kaufen","58":"product_tag-jeep-grand-cherokee-srt-schalldaempfer-kit","59":"product_tag-jeep-grand-cherokee-srt-schalldaempfer-kosten","60":"product_tag-jeep-grand-cherokee-srt-schalldaempfer-mbrp","61":"product_tag-jeep-grand-cherokee-srt-schalldaempfer-mbrp-angebot","62":"product_tag-jeep-grand-cherokee-srt-schalldaempfer-mbrp-armor-plus","63":"product_tag-jeep-grand-cherokee-srt-schalldaempfer-mbrp-bestellen","64":"product_tag-jeep-grand-cherokee-srt-schalldaempfer-mbrp-carbonfaser","65":"product_tag-jeep-grand-cherokee-srt-schalldaempfer-mbrp-carbonfaser-endrohre","66":"product_tag-jeep-grand-cherokee-srt-schalldaempfer-mbrp-guenstig","67":"product_tag-jeep-grand-cherokee-srt-schalldaempfer-mbrp-hochwertig","68":"product_tag-jeep-grand-cherokee-srt-schalldaempfer-mbrp-kaufen","69":"product_tag-jeep-grand-cherokee-srt-schalldaempfer-mbrp-kosten","70":"product_tag-jeep-grand-cherokee-srt-schalldaempfer-mbrp-online","71":"product_tag-jeep-grand-cherokee-srt-schalldaempfer-mbrp-preis","72":"product_tag-jeep-grand-cherokee-srt-schalldaempfer-mbrp-race-profile","73":"product_tag-jeep-grand-cherokee-srt-schalldaempfer-mbrp-s55253cf","74":"product_tag-jeep-grand-cherokee-srt-schalldaempfer-montage","75":"product_tag-jeep-grand-cherokee-srt-schalldaempfer-online","76":"product_tag-jeep-grand-cherokee-srt-schalldaempfer-preis","77":"product_tag-jeep-grand-cherokee-srt-schalldaempfer-set","78":"product_tag-jeep-grand-cherokee-srt-schalldaempfer-upgrade","79":"product_tag-jeep-grand-cherokee-srt-sportauspuff","80":"product_tag-kat","81":"product_tag-keintuev","82":"product_tag-klang","83":"product_tag-mbrp","84":"product_tag-s55253cf","85":"product_tag-sportauspuff","86":"product_tag-sportauspuffanlage","87":"product_tag-sportendschalldaempfer","88":"product_tag-srt","89":"product_tag-srt8","90":"product_tag-street","91":"product_tag-tuning","92":"product_shipping_class-spedition-1","94":"first","95":"onbackorder","96":"taxable","97":"shipping-taxable","98":"purchasable","99":"product-type-simple"},"bundled_by":[],"bundle_stock_status":"onbackorder","bundle_stock_quantity":0,"bundle_virtual":false,"bundle_layout":"","bundle_add_to_cart_form_location":"","bundle_editable_in_cart":false,"bundle_sold_individually_context":"","bundle_item_grouping":"","bundle_min_size":"","bundle_max_size":"","bundle_price":[],"bundled_items":[],"bundle_sell_ids":[],"exclude_global_add_ons":[],"addons":[],"acf":[],"_links":{"self":[{"href":"https:\/\/kraftwerk-shop.cc\/es\/wp-json\/wp\/v2\/product\/68316939","targetHints":{"allow":["GET"]}}],"collection":[{"href":"https:\/\/kraftwerk-shop.cc\/es\/wp-json\/wp\/v2\/product"}],"about":[{"href":"https:\/\/kraftwerk-shop.cc\/es\/wp-json\/wp\/v2\/types\/product"}],"replies":[{"embeddable":true,"href":"https:\/\/kraftwerk-shop.cc\/es\/wp-json\/wp\/v2\/comments?post=68316939"}],"version-history":[{"count":0,"href":"https:\/\/kraftwerk-shop.cc\/es\/wp-json\/wp\/v2\/product\/68316939\/revisions"}],"wp:featuredmedia":[{"embeddable":true,"href":"https:\/\/kraftwerk-shop.cc\/es\/wp-json\/wp\/v2\/media\/68316942"}],"wp:attachment":[{"href":"https:\/\/kraftwerk-shop.cc\/es\/wp-json\/wp\/v2\/media?parent=68316939"}],"wp:term":[{"taxonomy":"product_brand","embeddable":true,"href":"https:\/\/kraftwerk-shop.cc\/es\/wp-json\/wp\/v2\/product_brand?post=68316939"},{"taxonomy":"product_cat","embeddable":true,"href":"https:\/\/kraftwerk-shop.cc\/es\/wp-json\/wp\/v2\/product_cat?post=68316939"},{"taxonomy":"product_tag","embeddable":true,"href":"https:\/\/kraftwerk-shop.cc\/es\/wp-json\/wp\/v2\/product_tag?post=68316939"}],"curies":[{"name":"wp","href":"https:\/\/api.w.org\/{rel}","templated":true}]}}