{"id":68316972,"date":"2025-03-15T14:30:18","date_gmt":"2025-03-15T13:30:18","guid":{"rendered":"https:\/\/kraftwerk-shop.cc\/?post_type=product&#038;p=68316972"},"modified":"2026-04-06T22:31:28","modified_gmt":"2026-04-06T20:31:28","slug":"mopar-shaker-herramienta-68290613aa","status":"publish","type":"product","link":"https:\/\/kraftwerk-shop.cc\/es\/produkt\/mopar-shaker-werkzeug-68290613aa\/","title":{"rendered":"Herramienta de Shaker Mopar (68290613AA)"},"content":{"rendered":"<h1>Herramienta de Shaker original Mopar (68290613AA)<\/h1>\n<p>&nbsp;<\/p>\n<p><span lang=\"DE\"><strong>N\u00famero de pieza Mopar:<\/strong> 68290613AA<br \/>\n<strong>Reemplazado: <\/strong><span class=\"list-value\">\u2014<\/span><\/span><\/p>\n<p>&nbsp;<\/p>\n<p>Esta herramienta puede utilizarse para retirar con seguridad las tuercas de la tapa del Shaker.<br \/>\nAlgunas de las tuercas son dif\u00edciles de alcanzar y pueden caer en el compartimento del motor cuando se retiran.<br \/>\nLas tuercas no son magn\u00e9ticas. Con esta herramienta, se sujetan mec\u00e1nicamente en la herramienta durante la extracci\u00f3n, lo que evita que se caigan.<\/p>\n<p>&nbsp;<\/p>\n<p>&nbsp;<\/p>\n<h4>\u00bfPor qu\u00e9 elegir recambios originales Mopar?<\/h4>\n<p><strong>Ajuste perfecto y calidad superior:<\/strong> Los recambios originales Mopar se fabrican siguiendo las estrictas especificaciones del fabricante, lo que significa que encajan perfectamente en su veh\u00edculo. Esto no solo garantiza una instalaci\u00f3n sencilla, sino tambi\u00e9n un funcionamiento y una seguridad \u00f3ptimos.<\/p>\n<p><strong>Fiabilidad y durabilidad:<\/strong> Mediante el uso de materiales de alta calidad y estrictos controles de calidad, los recambios Mopar garantizan que su veh\u00edculo funcione de forma fiable incluso en condiciones extremas. Est\u00e1n dise\u00f1ados para durar y maximizar el rendimiento de su veh\u00edculo.<\/p>\n<p>&nbsp;<\/p>\n<p>&nbsp;<\/p>","protected":false},"excerpt":{"rendered":"<p>Pieza original Mopar<\/p>","protected":false},"featured_media":68316974,"comment_status":"open","ping_status":"closed","template":"","meta":{"_acf_changed":false},"product_brand":[16270],"product_cat":[10262,1680,1704],"product_tag":[12651,10785,54,49,31,8813,9424,16271,16273,12652,12672,12660,12668,12654,12678,12682,12680,12677,12657,12662,12674,12670,12659,12653,12669,12664,12667,12681,12665,12655,12666,12656,12675,12673,12663,12671,12676,12679,12661,12658,16275,16272,16274,7221,10786,10787,733],"class_list":{"0":"post-68316972","1":"product","2":"type-product","3":"status-publish","4":"has-post-thumbnail","6":"product_brand-mopar","7":"product_cat-alle-produkte","8":"product_cat-challenger-57-zubehoer","9":"product_cat-challenger-64-zubehoer","10":"product_tag-068290613aa","11":"product_tag-68290613aa","12":"product_tag-challenger","13":"product_tag-dodge","14":"product_tag-mopar","15":"product_tag-mopar-autoteile","16":"product_tag-mopar-ersatzteile","17":"product_tag-mopar-ersatzteile-kaufen","18":"product_tag-mopar-performance-teile","19":"product_tag-mopar-shaker-werkzeug","20":"product_tag-mopar-shaker-werkzeug-angebot","21":"product_tag-mopar-shaker-werkzeug-anleitung","22":"product_tag-mopar-shaker-werkzeug-anwendung","23":"product_tag-mopar-shaker-werkzeug-bestellen","24":"product_tag-mopar-shaker-werkzeug-bewertungen","25":"product_tag-mopar-shaker-werkzeug-demontage","26":"product_tag-mopar-shaker-werkzeug-empfehlung","27":"product_tag-mopar-shaker-werkzeug-erfahrungen","28":"product_tag-mopar-shaker-werkzeug-ersatzteil","29":"product_tag-mopar-shaker-werkzeug-funktion","30":"product_tag-mopar-shaker-werkzeug-guenstig","31":"product_tag-mopar-shaker-werkzeug-haendler","32":"product_tag-mopar-shaker-werkzeug-installation","33":"product_tag-mopar-shaker-werkzeug-kaufen","34":"product_tag-mopar-shaker-werkzeug-kaufen-deutschland","35":"product_tag-mopar-shaker-werkzeug-kit","36":"product_tag-mopar-shaker-werkzeug-kompatibel","37":"product_tag-mopar-shaker-werkzeug-montage","38":"product_tag-mopar-shaker-werkzeug-oem","39":"product_tag-mopar-shaker-werkzeug-online","40":"product_tag-mopar-shaker-werkzeug-original","41":"product_tag-mopar-shaker-werkzeug-preis","42":"product_tag-mopar-shaker-werkzeug-qualitaet","43":"product_tag-mopar-shaker-werkzeug-rabatt","44":"product_tag-mopar-shaker-werkzeug-set","45":"product_tag-mopar-shaker-werkzeug-shop","46":"product_tag-mopar-shaker-werkzeug-test","47":"product_tag-mopar-shaker-werkzeug-vergleich","48":"product_tag-mopar-shaker-werkzeug-verwendung","49":"product_tag-mopar-shaker-werkzeug-zubehoer","50":"product_tag-mopar-teile-katalog","51":"product_tag-mopar-teile-online","52":"product_tag-mopar-tuningteile","53":"product_tag-mopar10","54":"product_tag-shaker","55":"product_tag-shaker-hood","56":"product_tag-werkzeug","57":"product_shipping_class-deutschlandohne","59":"first","60":"instock","61":"taxable","62":"shipping-taxable","63":"purchasable","64":"product-type-simple"},"bundled_by":[],"bundle_stock_status":"instock","bundle_stock_quantity":1,"bundle_virtual":false,"bundle_layout":"","bundle_add_to_cart_form_location":"","bundle_editable_in_cart":false,"bundle_sold_individually_context":"","bundle_item_grouping":"","bundle_min_size":"","bundle_max_size":"","bundle_price":[],"bundled_items":[],"bundle_sell_ids":[],"exclude_global_add_ons":[],"addons":[],"acf":[],"_links":{"self":[{"href":"https:\/\/kraftwerk-shop.cc\/es\/wp-json\/wp\/v2\/product\/68316972","targetHints":{"allow":["GET"]}}],"collection":[{"href":"https:\/\/kraftwerk-shop.cc\/es\/wp-json\/wp\/v2\/product"}],"about":[{"href":"https:\/\/kraftwerk-shop.cc\/es\/wp-json\/wp\/v2\/types\/product"}],"replies":[{"embeddable":true,"href":"https:\/\/kraftwerk-shop.cc\/es\/wp-json\/wp\/v2\/comments?post=68316972"}],"version-history":[{"count":0,"href":"https:\/\/kraftwerk-shop.cc\/es\/wp-json\/wp\/v2\/product\/68316972\/revisions"}],"wp:featuredmedia":[{"embeddable":true,"href":"https:\/\/kraftwerk-shop.cc\/es\/wp-json\/wp\/v2\/media\/68316974"}],"wp:attachment":[{"href":"https:\/\/kraftwerk-shop.cc\/es\/wp-json\/wp\/v2\/media?parent=68316972"}],"wp:term":[{"taxonomy":"product_brand","embeddable":true,"href":"https:\/\/kraftwerk-shop.cc\/es\/wp-json\/wp\/v2\/product_brand?post=68316972"},{"taxonomy":"product_cat","embeddable":true,"href":"https:\/\/kraftwerk-shop.cc\/es\/wp-json\/wp\/v2\/product_cat?post=68316972"},{"taxonomy":"product_tag","embeddable":true,"href":"https:\/\/kraftwerk-shop.cc\/es\/wp-json\/wp\/v2\/product_tag?post=68316972"}],"curies":[{"name":"wp","href":"https:\/\/api.w.org\/{rel}","templated":true}]}}