{"id":68317159,"date":"2025-03-21T13:35:23","date_gmt":"2025-03-21T12:35:23","guid":{"rendered":"https:\/\/kraftwerk-shop.cc\/?post_type=product&#038;p=68317159"},"modified":"2026-04-10T16:21:47","modified_gmt":"2026-04-10T14:21:47","slug":"range-technology-ra007-dfm-disabler-gm","status":"publish","type":"product","link":"https:\/\/kraftwerk-shop.cc\/es\/produkt\/range-technology-ra007-dfm-disabler-gm\/","title":{"rendered":"Range Technology RA007 DFM Disabler Module GM SUV \/ GM 1500 Truck"},"content":{"rendered":"<h1>Range Technology M\u00f3dulo DFM Disabler para GM SUV \/ GM 1500 Truck<\/h1>\n<p>&nbsp;<\/p>\n<p data-start=\"43\" data-end=\"557\">El m\u00f3dulo DFM (Dynamic Fuel Management) ha sido especialmente desarrollado para los nuevos camiones y SUV GM Refresh. Este innovador dispositivo es el primero en el mercado en proporcionar una soluci\u00f3n para desactivar el sistema de gesti\u00f3n din\u00e1mica de combustible en estos veh\u00edculos. Al instalar el m\u00f3dulo DFM, los usuarios pueden evitar el sistema de gesti\u00f3n de cilindros de f\u00e1brica, permitiendo que el motor funcione con todos los cilindros en todo momento. Esto garantiza una mejor experiencia de conducci\u00f3n y una mayor fiabilidad del motor a largo plazo.<\/p>\n<p data-start=\"559\" data-end=\"1243\">Los motores V8 de 5.3L y 6.2L que se encuentran en muchos camiones GM 1500 como el Silverado y Sierra, as\u00ed como en los SUV GM m\u00e1s populares como el Tahoe, Suburban, Yukon y Escalade, ofrecen un rendimiento y una eficiencia de combustible excepcionales. Sin embargo, durante a\u00f1os se vieron perjudicados por los efectos secundarios negativos del sistema DFM de f\u00e1brica: consumo excesivo de aceite, buj\u00edas con holl\u00edn, elevadores de v\u00e1lvulas y componentes del tren de v\u00e1lvulas defectuosos, e incluso fallos completos del motor. No deje que su nuevo GM V8 le deje tirado o le ocasione costosas reparaciones. Lib\u00e9rese de esta preocupaci\u00f3n e instale el nuevo m\u00f3dulo DFM hoy mismo.<\/p>\n<p data-start=\"1245\" data-end=\"1871\">Este dispositivo es una verdadera soluci\u00f3n dual, ya que desactiva dos de las funciones m\u00e1s frustrantes de su nuevo cami\u00f3n o SUV: DFM y la funci\u00f3n autom\u00e1tica de arranque y parada del motor. Simplemente conectando este dispositivo a la unidad de control del motor, ambos sistemas quedan permanentemente desactivados, manteniendo su motor funcionando sin problemas ni interrupciones. Simplemente s\u00fabase y conduzca, sin preocuparse de que los cilindros se apaguen y pierdan potencia o de que el motor se cale en cada sem\u00e1foro, retrase el arranque o afecte a sus funciones interiores, como el aire acondicionado y los sistemas de entretenimiento.<\/p>\n<p data-start=\"1873\" data-end=\"2726\"><em data-start=\"1873\" data-end=\"2724\">En algunos veh\u00edculos, el modo 0 cilindros puede permanecer activado al rodar, incluso si este producto est\u00e1 instalado. Durante pruebas exhaustivas, se descubri\u00f3 que desactivar completamente esta funci\u00f3n provoca caracter\u00edsticas de conducci\u00f3n no deseadas y problemas de seguridad. La desactivaci\u00f3n del modo 0 cilindros durante el rodaje provoc\u00f3 una notable disminuci\u00f3n de la eficiencia del combustible, ya que el motor sigue inyectando combustible y los inyectores permanecen activos. Esto tambi\u00e9n puede causar una sensaci\u00f3n de conducci\u00f3n desagradable al desacelerar, ya que se siente como si el veh\u00edculo estuviera acelerando ligeramente a pesar de que no hay entrada del acelerador. Esto requiere un frenado m\u00e1s brusco, especialmente al remolcar o viajar cuesta abajo durante largos periodos, lo que puede provocar situaciones de conducci\u00f3n no deseadas.<\/em><\/p>\n<h3 data-start=\"2728\" data-end=\"2745\"><\/h3>\n<p>&nbsp;<\/p>\n<h3 data-start=\"2728\" data-end=\"2745\">Funciones:<\/h3>\n<ul data-start=\"2746\" data-end=\"4118\">\n<li data-start=\"2746\" data-end=\"2843\">Desactiva la gesti\u00f3n din\u00e1mica del combustible (DFM) y la funci\u00f3n autom\u00e1tica de arranque y parada del motor.<\/li>\n<li data-start=\"2844\" data-end=\"2915\">La tecnolog\u00eda inteligente en l\u00ednea se integra a la perfecci\u00f3n con el ECM<\/li>\n<li data-start=\"2916\" data-end=\"3021\">Permite un aut\u00e9ntico \"estado de f\u00e1brica\" al desmontarlo: sin huellas para no tener que preocuparse de las visitas al taller.<\/li>\n<li data-start=\"3022\" data-end=\"3222\">El modo V8 permanente garantiza un mejor rendimiento bajo demanda, una conducci\u00f3n m\u00e1s suave, un menor desgaste del motor y del tren de v\u00e1lvulas y una mayor fiabilidad del motor a largo plazo.<\/li>\n<li data-start=\"3223\" data-end=\"3352\">Disfruta de todo el sonido V8 y evita los desagradables gases de escape y rugidos gracias al modo de desactivaci\u00f3n de cilindros.<\/li>\n<li data-start=\"3353\" data-end=\"3402\">Instalaci\u00f3n Plug and Play en unos minutos<\/li>\n<li data-start=\"3552\" data-end=\"3693\">Para comprobar la compatibilidad de su cami\u00f3n 2022 con este dispositivo, compruebe su n\u00famero de bastidor: el duod\u00e9cimo d\u00edgito debe ser un \"5\" o superior.<\/li>\n<li data-start=\"3694\" data-end=\"3791\">Compatible con todos los modelos de camiones 2023-2025 y SUV 2021-2024 con motor 5.3L y 6.2L<\/li>\n<li data-start=\"3792\" data-end=\"3919\">En algunas aplicaciones, el modo 0 cilindros puede seguir activo al rodar si el ECM reconoce una posici\u00f3n del acelerador 0%.<\/li>\n<li data-start=\"3920\" data-end=\"4091\">El dispositivo no controla el interruptor de arranque y parada autom\u00e1ticos del salpicadero: la luz seguir\u00e1 ilumin\u00e1ndose normalmente aunque el sistema est\u00e9 permanentemente desactivado.<\/li>\n<\/ul>\n<p>&nbsp;<\/p>\n<p><strong>Adecuado para:<\/strong><\/p>\n<table width=\"482\">\n<tbody>\n<tr>\n<td>GM<\/td>\n<td>SUV<\/td>\n<td>5.3, 6.2<\/td>\n<td width=\"115\">2021 - 2024<\/td>\n<\/tr>\n<tr>\n<td>Cadillac<\/td>\n<td>Cami\u00f3n 1500<\/td>\n<td>5.3, 6.2<\/td>\n<td width=\"115\">2023 - 2025<\/td>\n<\/tr>\n<\/tbody>\n<\/table>\n<p>&nbsp;<\/p>\n<p><strong>Volumen de suministro:<\/strong><\/p>\n<ul>\n<li>Tecnolog\u00eda de la gama RA007<\/li>\n<\/ul>\n<p>&nbsp;<\/p>\n<p><iframe loading=\"lazy\" title=\"Range Technology DFM Disabler Module (desactivaci\u00f3n de la desactivaci\u00f3n de cilindros) para GM SUV \/ 1500 Truck\" src=\"https:\/\/www.youtube.com\/embed\/v4lnxxhYXgA\" width=\"882\" height=\"496\" frameborder=\"0\" allowfullscreen=\"allowfullscreen\"><\/iframe><\/p>\n<p>&nbsp;<\/p>","protected":false},"excerpt":{"rendered":"<p>para GM SUV \/ GM 1500 Truck<\/p>","protected":false},"featured_media":68317162,"comment_status":"open","ping_status":"closed","template":"","meta":{"_acf_changed":false},"product_brand":[],"product_cat":[10262,1410,3651,1524,3985,3982,3691,3708,3987,3698,3991,3714],"product_tag":[2066,2373,4526,6297,10814,12436,12437,10764,1203,1156,12433,10552,1205,4869,278,12446,12447,12448,1214,189,190,1206,281,1204,1052,10765,12419,12421,12426,12425,12416,12420,12417,12462,12460,12430,12418,12428,12427,12429,12461,427,12422,2038,119,12449,1221,1318,12453,12434,12435,12454,12451,12450,12456,12455,1201,1222,2934,36,328,1208,438,12452,1202,517,10801,12424,12415,12423,12442,12445,12444,12443,12438,12439,12440,12441,12413,10763,12459,12414,1216,299,10553,1209,1210,12432,12431,298,293,289,1213,918,198,194,12457,12458,1217,607,329],"class_list":{"0":"post-68317159","1":"product","2":"type-product","3":"status-publish","4":"has-post-thumbnail","6":"product_cat-alle-produkte","7":"product_cat-cadillac","8":"product_cat-escalade-zubehoer","9":"product_cat-avalanche","10":"product_cat-avalanche-motor","11":"product_cat-silverado-motor","12":"product_cat-silverado-zubehoer","13":"product_cat-suburban-zubehoer","14":"product_cat-tahoe-motor","15":"product_cat-tahoe-zubehoer","16":"product_cat-trailblazer-motor","17":"product_cat-trailblazer-zubehoer","18":"product_tag-2066","19":"product_tag-2373","20":"product_tag-4526","21":"product_tag-6297","22":"product_tag-10814","23":"product_tag-5-3-v8-dfm-off","24":"product_tag-6-2-v8-dfm-off","25":"product_tag-afm","26":"product_tag-ats","27":"product_tag-aufhebung","28":"product_tag-auto-start-stop-off-gm","29":"product_tag-avalance","30":"product_tag-avalanche","31":"product_tag-buick","32":"product_tag-cadillac","33":"product_tag-cadillac-1500-dfm-off","34":"product_tag-cadillac-1500-disabler","35":"product_tag-cadillac-dfm-abschalten","36":"product_tag-canyon","37":"product_tag-chevrolet","38":"product_tag-chevy","39":"product_tag-colorado","40":"product_tag-corvette","41":"product_tag-cts","42":"product_tag-delete","43":"product_tag-dfm","44":"product_tag-dfm-abschalten-gm","45":"product_tag-dfm-abschaltmodul-gm","46":"product_tag-dfm-abschaltung-sierra","47":"product_tag-dfm-abschaltung-silverado","48":"product_tag-dfm-deaktivator-gm","49":"product_tag-dfm-deaktivierer-gm","50":"product_tag-dfm-disabler-gm","51":"product_tag-dfm-dongle-gm","52":"product_tag-dfm-modul-fuer-gm","53":"product_tag-dfm-off-escalade","54":"product_tag-dfm-off-gm","55":"product_tag-dfm-off-suburban","56":"product_tag-dfm-off-tahoe","57":"product_tag-dfm-off-yukon","58":"product_tag-dfm-stecker-gm","59":"product_tag-diablosport","60":"product_tag-dynamic-fuel-management-deaktivieren-gm","61":"product_tag-encore","62":"product_tag-entfernen","63":"product_tag-escalade-dfm-deaktivieren","64":"product_tag-g8","65":"product_tag-gm","66":"product_tag-gm-dfm-abschalten-ohne-programmierung","67":"product_tag-gm-dfm-disabler-5-3","68":"product_tag-gm-dfm-disabler-6-2","69":"product_tag-gm-dfm-loesung","70":"product_tag-gm-suv-dfm-deaktivieren","71":"product_tag-gm-truck-dfm-deaktivieren","72":"product_tag-gm-v8-aktivieren","73":"product_tag-gm-v8-dauerhaft","74":"product_tag-gmc","75":"product_tag-grand-prix","76":"product_tag-harder","77":"product_tag-kraftwerk","78":"product_tag-mds","79":"product_tag-monte-carlo","80":"product_tag-obd","81":"product_tag-plug-play-dfm-off-gm","82":"product_tag-pontiac","83":"product_tag-programmiergeraet","84":"product_tag-ra007","85":"product_tag-range-dfm-abschalter","86":"product_tag-range-dfm-disabler","87":"product_tag-range-dfm-modul","88":"product_tag-range-disabler-escalade","89":"product_tag-range-disabler-gm-suv","90":"product_tag-range-disabler-gm-truck","91":"product_tag-range-disabler-sierra","92":"product_tag-range-disabler-silverado","93":"product_tag-range-disabler-suburban","94":"product_tag-range-disabler-tahoe","95":"product_tag-range-disabler-yukon","96":"product_tag-range-ra007","97":"product_tag-range-technology","98":"product_tag-range-technology-modul-kaufen","99":"product_tag-range-technology-ra007","100":"product_tag-sierra","101":"product_tag-silverado","102":"product_tag-silverado-1500","103":"product_tag-silveraldo","104":"product_tag-sonic","105":"product_tag-start-stop-abschalten-gm","106":"product_tag-start-stop-deaktivierung-gm","107":"product_tag-suburban","108":"product_tag-tahoe","109":"product_tag-trailblazer","110":"product_tag-trax","111":"product_tag-tuner","112":"product_tag-v6","113":"product_tag-v8","114":"product_tag-v8-always-on-gm","115":"product_tag-v8-immer-aktiv-gm","116":"product_tag-yukon","117":"product_tag-zylinder","118":"product_tag-zylinderabschaltung","120":"first","121":"instock","122":"taxable","123":"shipping-taxable","124":"purchasable","125":"product-type-simple"},"bundled_by":[],"bundle_stock_status":"instock","bundle_stock_quantity":4,"bundle_virtual":false,"bundle_layout":"","bundle_add_to_cart_form_location":"","bundle_editable_in_cart":false,"bundle_sold_individually_context":"","bundle_item_grouping":"","bundle_min_size":"","bundle_max_size":"","bundle_price":[],"bundled_items":[],"bundle_sell_ids":[],"exclude_global_add_ons":[],"addons":[],"acf":[],"_links":{"self":[{"href":"https:\/\/kraftwerk-shop.cc\/es\/wp-json\/wp\/v2\/product\/68317159","targetHints":{"allow":["GET"]}}],"collection":[{"href":"https:\/\/kraftwerk-shop.cc\/es\/wp-json\/wp\/v2\/product"}],"about":[{"href":"https:\/\/kraftwerk-shop.cc\/es\/wp-json\/wp\/v2\/types\/product"}],"replies":[{"embeddable":true,"href":"https:\/\/kraftwerk-shop.cc\/es\/wp-json\/wp\/v2\/comments?post=68317159"}],"version-history":[{"count":0,"href":"https:\/\/kraftwerk-shop.cc\/es\/wp-json\/wp\/v2\/product\/68317159\/revisions"}],"wp:featuredmedia":[{"embeddable":true,"href":"https:\/\/kraftwerk-shop.cc\/es\/wp-json\/wp\/v2\/media\/68317162"}],"wp:attachment":[{"href":"https:\/\/kraftwerk-shop.cc\/es\/wp-json\/wp\/v2\/media?parent=68317159"}],"wp:term":[{"taxonomy":"product_brand","embeddable":true,"href":"https:\/\/kraftwerk-shop.cc\/es\/wp-json\/wp\/v2\/product_brand?post=68317159"},{"taxonomy":"product_cat","embeddable":true,"href":"https:\/\/kraftwerk-shop.cc\/es\/wp-json\/wp\/v2\/product_cat?post=68317159"},{"taxonomy":"product_tag","embeddable":true,"href":"https:\/\/kraftwerk-shop.cc\/es\/wp-json\/wp\/v2\/product_tag?post=68317159"}],"curies":[{"name":"wp","href":"https:\/\/api.w.org\/{rel}","templated":true}]}}